{"id":972,"date":"2020-04-12T22:46:08","date_gmt":"2020-04-12T20:46:08","guid":{"rendered":"http:\/\/cosmos-culture-ecologie.com\/?page_id=972"},"modified":"2021-03-05T17:44:45","modified_gmt":"2021-03-05T16:44:45","slug":"pour-les-scolaires","status":"publish","type":"page","link":"https:\/\/cosmos-culture-ecologie.com\/?page_id=972","title":{"rendered":"Pour le public scolaire et \u00e9tudiant"},"content":{"rendered":"\n<p>Cosmos &#8211; culture et \u00e9cologie a \u00e0 coeur d&rsquo;aller \u00e0 la rencontre de tous les publics, et notamment les \u00e9l\u00e8ves de tous \u00e2ges et les \u00e9tudiants. <\/p>\n\n\n\n<p>En janvier 2020, lors du premier Rendez-vous Cosmos, <strong>l&rsquo;oc\u00e9anographe Fran\u00e7ois Sarano a rencontr\u00e9 onze classes de CM1-CM2 de Rillieux-la-Pape<\/strong>, au Cin\u00e9 Rillieux.  <\/p>\n\n\n\n<p>En avril 2020, ce sont la d\u00e9put\u00e9e europ\u00e9enne <strong>Marie Toussaint, cofondatrice de Notre Affaire \u00e0 tous, et le glaciologue Jean-Baptiste Toussaint, <\/strong>qui devaient rencontrer les \u00e9tudiants de l&rsquo;<strong>Universit\u00e9 Lumi\u00e8re Lyon 2<\/strong>, projet suspendu \u00e0 cause de l&rsquo;\u00e9pid\u00e9mie.<\/p>\n\n\n\n<p> Vous souhaitez organiser quelque chose avec nous ? <a href=\"https:\/\/cosmos-culture-ecologie.com\/?page_id=74\">Vous pouvez nous contacter pour que nous \u00e9changions \u00e0 ce sujet<\/a>. <\/p>\n\n\n\n<p><\/p>\n\n\n\n<p><\/p>\n\n\n\n<div class=\"wp-block-image\"><figure class=\"aligncenter size-large is-resized\"><img loading=\"lazy\" decoding=\"async\" src=\"https:\/\/cosmos-culture-ecologie.com\/wp-content\/uploads\/2020\/02\/Cosmos-36-1024x683.jpg\" alt=\"\" class=\"wp-image-192\" width=\"427\" height=\"285\" srcset=\"https:\/\/cosmos-culture-ecologie.com\/wp-content\/uploads\/2020\/02\/Cosmos-36-1024x683.jpg 1024w, https:\/\/cosmos-culture-ecologie.com\/wp-content\/uploads\/2020\/02\/Cosmos-36-300x200.jpg 300w, https:\/\/cosmos-culture-ecologie.com\/wp-content\/uploads\/2020\/02\/Cosmos-36-768x513.jpg 768w, https:\/\/cosmos-culture-ecologie.com\/wp-content\/uploads\/2020\/02\/Cosmos-36-1536x1025.jpg 1536w, https:\/\/cosmos-culture-ecologie.com\/wp-content\/uploads\/2020\/02\/Cosmos-36-2048x1367.jpg 2048w, https:\/\/cosmos-culture-ecologie.com\/wp-content\/uploads\/2020\/02\/Cosmos-36-1200x801.jpg 1200w\" sizes=\"auto, (max-width: 427px) 85vw, 427px\" \/><figcaption>Fran\u00e7ois Sarano \u00e0 la rencontre des enfants de Rilieux-la-Pape. \u00a9 Coralie Castillo<br><\/figcaption><\/figure><\/div>\n","protected":false},"excerpt":{"rendered":"<p>Cosmos &#8211; culture et \u00e9cologie a \u00e0 coeur d&rsquo;aller \u00e0 la rencontre de tous les publics, et notamment les \u00e9l\u00e8ves de tous \u00e2ges et les \u00e9tudiants. En janvier 2020, lors du premier Rendez-vous Cosmos, l&rsquo;oc\u00e9anographe Fran\u00e7ois Sarano a rencontr\u00e9 onze classes de CM1-CM2 de Rillieux-la-Pape, au Cin\u00e9 Rillieux. En avril 2020, ce sont la d\u00e9put\u00e9e &hellip; <a href=\"https:\/\/cosmos-culture-ecologie.com\/?page_id=972\" class=\"more-link\">Continuer la lecture<span class=\"screen-reader-text\"> de &laquo;&nbsp;Pour le public scolaire et \u00e9tudiant&nbsp;&raquo;<\/span><\/a><\/p>\n","protected":false},"author":1,"featured_media":0,"parent":0,"menu_order":0,"comment_status":"closed","ping_status":"closed","template":"","meta":{"footnotes":""},"class_list":["post-972","page","type-page","status-publish","hentry"],"_links":{"self":[{"href":"https:\/\/cosmos-culture-ecologie.com\/index.php?rest_route=\/wp\/v2\/pages\/972","targetHints":{"allow":["GET"]}}],"collection":[{"href":"https:\/\/cosmos-culture-ecologie.com\/index.php?rest_route=\/wp\/v2\/pages"}],"about":[{"href":"https:\/\/cosmos-culture-ecologie.com\/index.php?rest_route=\/wp\/v2\/types\/page"}],"author":[{"embeddable":true,"href":"https:\/\/cosmos-culture-ecologie.com\/index.php?rest_route=\/wp\/v2\/users\/1"}],"replies":[{"embeddable":true,"href":"https:\/\/cosmos-culture-ecologie.com\/index.php?rest_route=%2Fwp%2Fv2%2Fcomments&post=972"}],"version-history":[{"count":5,"href":"https:\/\/cosmos-culture-ecologie.com\/index.php?rest_route=\/wp\/v2\/pages\/972\/revisions"}],"predecessor-version":[{"id":1405,"href":"https:\/\/cosmos-culture-ecologie.com\/index.php?rest_route=\/wp\/v2\/pages\/972\/revisions\/1405"}],"wp:attachment":[{"href":"https:\/\/cosmos-culture-ecologie.com\/index.php?rest_route=%2Fwp%2Fv2%2Fmedia&parent=972"}],"curies":[{"name":"wp","href":"https:\/\/api.w.org\/{rel}","templated":true}]}}