{"id":75,"date":"2020-02-25T23:28:03","date_gmt":"2020-02-25T22:28:03","guid":{"rendered":"http:\/\/cosmos-culture-ecologie.com\/?page_id=75"},"modified":"2025-03-18T10:28:59","modified_gmt":"2025-03-18T09:28:59","slug":"agenda-la-programmation","status":"publish","type":"page","link":"https:\/\/cosmos-culture-ecologie.com\/?page_id=75","title":{"rendered":"Agenda &#038; Programmation"},"content":{"rendered":"\n<p>Retrouvez en une du site l&rsquo;ensemble de la programmation et des \u00e9v\u00e9nements \u00e0 venir !<\/p>\n\n\n\n<p>Pour \u00eatre inform\u00e9s de nos activit\u00e9s et de notre programmation, vous pouvez vous inscrire \u00e0 la newsletter <a href=\"https:\/\/d5d1d202.sibforms.com\/serve\/MUIEANRagwtyoz6q92FovNCWMixRZDM06DIEBXiuQtOGDzg0003QhyqPzeHaP2lM5Yrcz-3HrhCX3i5JXB9yQR6cu63Y3Ru1IYTD-P7FyJkjesuMV-uLgtnBnQ2ZyfJOg3_sotaJfjLk5XO-KRefQ_eWF2h8sCUNksPFBTiSl9ihDVL1SFM9m-cF0k8m713InSmaFNtEiORCSJ8E\">ici<\/a>. <\/p>\n\n\n\n<p><\/p>\n\n\n\n<p><\/p>\n","protected":false},"excerpt":{"rendered":"<p>Retrouvez en une du site l&rsquo;ensemble de la programmation et des \u00e9v\u00e9nements \u00e0 venir ! Pour \u00eatre inform\u00e9s de nos activit\u00e9s et de notre programmation, vous pouvez vous inscrire \u00e0 la newsletter ici.<\/p>\n","protected":false},"author":1,"featured_media":0,"parent":0,"menu_order":0,"comment_status":"closed","ping_status":"closed","template":"","meta":{"footnotes":""},"class_list":["post-75","page","type-page","status-publish","hentry"],"_links":{"self":[{"href":"https:\/\/cosmos-culture-ecologie.com\/index.php?rest_route=\/wp\/v2\/pages\/75","targetHints":{"allow":["GET"]}}],"collection":[{"href":"https:\/\/cosmos-culture-ecologie.com\/index.php?rest_route=\/wp\/v2\/pages"}],"about":[{"href":"https:\/\/cosmos-culture-ecologie.com\/index.php?rest_route=\/wp\/v2\/types\/page"}],"author":[{"embeddable":true,"href":"https:\/\/cosmos-culture-ecologie.com\/index.php?rest_route=\/wp\/v2\/users\/1"}],"replies":[{"embeddable":true,"href":"https:\/\/cosmos-culture-ecologie.com\/index.php?rest_route=%2Fwp%2Fv2%2Fcomments&post=75"}],"version-history":[{"count":12,"href":"https:\/\/cosmos-culture-ecologie.com\/index.php?rest_route=\/wp\/v2\/pages\/75\/revisions"}],"predecessor-version":[{"id":3200,"href":"https:\/\/cosmos-culture-ecologie.com\/index.php?rest_route=\/wp\/v2\/pages\/75\/revisions\/3200"}],"wp:attachment":[{"href":"https:\/\/cosmos-culture-ecologie.com\/index.php?rest_route=%2Fwp%2Fv2%2Fmedia&parent=75"}],"curies":[{"name":"wp","href":"https:\/\/api.w.org\/{rel}","templated":true}]}}