{"id":74,"date":"2020-02-25T23:28:03","date_gmt":"2020-02-25T22:28:03","guid":{"rendered":"http:\/\/cosmos-culture-ecologie.com\/?page_id=74"},"modified":"2025-10-28T12:28:10","modified_gmt":"2025-10-28T11:28:10","slug":"contact-et-reseaux","status":"publish","type":"page","link":"https:\/\/cosmos-culture-ecologie.com\/?page_id=74","title":{"rendered":"Contact, r\u00e9seaux, newsletter"},"content":{"rendered":"\n<p class=\"has-text-align-center p1\" style=\"font-size:18px\"><strong><span class=\"s1\">Contact : Pauline De Boever &#8211; <a href=\"contact@cosmos-culture-ecologie.com\">contact(at)cosmos-culture-ecologie.com\u00a0<\/a><\/span><\/strong><\/p>\n\n\n\n<p><\/p>\n\n\n\n<p class=\"has-text-align-left p1\" style=\"font-size:18px\"><span class=\"s1\"><b>Pour recevoir les derni\u00e8res nouvelles du Cosmos, \u00eatre inform\u00e9.e de l\u2019actualit\u00e9 et des prochains \u00e9v\u00e9nements, vous pouvez :&nbsp;<\/b><\/span><\/p>\n\n\n\n<p class=\"has-text-align-left p1\"><span class=\"s1\">&gt; Vous inscrire \u00e0 la <strong>newsletter<\/strong><\/span> <a href=\"https:\/\/d5d1d202.sibforms.com\/serve\/MUIEANRagwtyoz6q92FovNCWMixRZDM06DIEBXiuQtOGDzg0003QhyqPzeHaP2lM5Yrcz-3HrhCX3i5JXB9yQR6cu63Y3Ru1IYTD-P7FyJkjesuMV-uLgtnBnQ2ZyfJOg3_sotaJfjLk5XO-KRefQ_eWF2h8sCUNksPFBTiSl9ihDVL1SFM9m-cF0k8m713InSmaFNtEiORCSJ8E\" target=\"_blank\" rel=\"noreferrer noopener\">ici<\/a><\/p>\n\n\n\n<p>&gt; Vous pouvez <a rel=\"noreferrer noopener\" href=\"https:\/\/www.helloasso.com\/associations\/cosmos-culture-et-ecologie\/adhesions\/adhesion-2025-a-cosmos-culture-et-ecologie\" target=\"_blank\">adh\u00e9rer<\/a> (\u00e0 prix libre d\u00e8s 1\u20ac) pour recevoir toutes nos informations, avec parfois des invitations et des communications privil\u00e9gi\u00e9es. Votre adh\u00e9sion est en soi un soutien pr\u00e9cieux pour nous !<\/p>\n\n\n\n<p class=\"has-text-align-left p2\"><span class=\"s3\">&gt; Nous suivre sur <a rel=\"noreferrer noopener\" href=\"https:\/\/mastodon.social\/@Cosmos_culture_ecologie\" target=\"_blank\">notre page Mastodon<\/a>, sur notre&nbsp;<span class=\"s4\"><a rel=\"noreferrer noopener\" href=\"https:\/\/www.facebook.com\/CosmosCultureEcologie\" target=\"_blank\">page Facebook @CosmosCultureEcologie<\/a> et sur<a rel=\"noreferrer noopener\" href=\"https:\/\/www.instagram.com\/cosmos.culture.ecologie\/?hl=fr\" target=\"_blank\"> Instagram Cosmos.culture.ecologie<\/a><\/span><\/span><\/p>\n\n\n\n<p class=\"has-text-align-left p1\"><span class=\"s1\">&gt; Vous abonner \u00e0 la&nbsp;<strong><a href=\"https:\/\/www.youtube.com\/channel\/UCYywry7KPQJXdeT93H9DLAA\" target=\"_blank\" rel=\"noreferrer noopener\"><span class=\"s5\">cha\u00eene Yo<\/span><\/a><span class=\"s5\"><a href=\"https:\/\/www.youtube.com\/channel\/UCYywry7KPQJXdeT93H9DLAA\" target=\"_blank\" rel=\"noreferrer noopener\">u<\/a><\/span><a href=\"https:\/\/www.youtube.com\/channel\/UCYywry7KPQJXdeT93H9DLAA\"><span class=\"s5\">Tube<\/span><\/a><\/strong><\/span><\/p>\n\n\n\n<p><\/p>\n\n\n\n<p class=\"has-text-align-left p1\" style=\"font-size:12px\"><\/p>\n","protected":false},"excerpt":{"rendered":"<p>Contact : Pauline De Boever &#8211; contact(at)cosmos-culture-ecologie.com\u00a0 Pour recevoir les derni\u00e8res nouvelles du Cosmos, \u00eatre inform\u00e9.e de l\u2019actualit\u00e9 et des prochains \u00e9v\u00e9nements, vous pouvez :&nbsp; &gt; Vous inscrire \u00e0 la newsletter ici &gt; Vous pouvez adh\u00e9rer (\u00e0 prix libre d\u00e8s 1\u20ac) pour recevoir toutes nos informations, avec parfois des invitations et des communications privil\u00e9gi\u00e9es. Votre &hellip; <a href=\"https:\/\/cosmos-culture-ecologie.com\/?page_id=74\" class=\"more-link\">Continuer la lecture<span class=\"screen-reader-text\"> de &laquo;&nbsp;Contact, r\u00e9seaux, newsletter&nbsp;&raquo;<\/span><\/a><\/p>\n","protected":false},"author":1,"featured_media":0,"parent":0,"menu_order":0,"comment_status":"closed","ping_status":"closed","template":"","meta":{"footnotes":""},"class_list":["post-74","page","type-page","status-publish","hentry"],"_links":{"self":[{"href":"https:\/\/cosmos-culture-ecologie.com\/index.php?rest_route=\/wp\/v2\/pages\/74","targetHints":{"allow":["GET"]}}],"collection":[{"href":"https:\/\/cosmos-culture-ecologie.com\/index.php?rest_route=\/wp\/v2\/pages"}],"about":[{"href":"https:\/\/cosmos-culture-ecologie.com\/index.php?rest_route=\/wp\/v2\/types\/page"}],"author":[{"embeddable":true,"href":"https:\/\/cosmos-culture-ecologie.com\/index.php?rest_route=\/wp\/v2\/users\/1"}],"replies":[{"embeddable":true,"href":"https:\/\/cosmos-culture-ecologie.com\/index.php?rest_route=%2Fwp%2Fv2%2Fcomments&post=74"}],"version-history":[{"count":34,"href":"https:\/\/cosmos-culture-ecologie.com\/index.php?rest_route=\/wp\/v2\/pages\/74\/revisions"}],"predecessor-version":[{"id":3588,"href":"https:\/\/cosmos-culture-ecologie.com\/index.php?rest_route=\/wp\/v2\/pages\/74\/revisions\/3588"}],"wp:attachment":[{"href":"https:\/\/cosmos-culture-ecologie.com\/index.php?rest_route=%2Fwp%2Fv2%2Fmedia&parent=74"}],"curies":[{"name":"wp","href":"https:\/\/api.w.org\/{rel}","templated":true}]}}