{"id":46,"date":"2020-02-13T23:59:56","date_gmt":"2020-02-13T22:59:56","guid":{"rendered":"http:\/\/cosmos-culture-ecologie.com\/?page_id=46"},"modified":"2020-02-26T11:20:47","modified_gmt":"2020-02-26T10:20:47","slug":"cosmos-culture-et-ecologie","status":"publish","type":"page","link":"https:\/\/cosmos-culture-ecologie.com\/?page_id=46","title":{"rendered":"Cosmos &#8211; culture et \u00e9cologie"},"content":{"rendered":"\n<p>Cosmos &#8211; culture et \u00e9cologie propose une programmation culturelle et cin\u00e9matographique autour de l\u2019\u00e9cologie, en lien avec le vivant, dans un r\u00e9seau de lieux culturels et d&rsquo;apprentissage, \u00e0 destination de tous les publics &#8211; adultes, enfants et familles, scolaires et \u00e9tudiants.<\/p>\n\n\n\n<p>Pour en savoir plus sur notre d\u00e9marche et notre philosophie, rendez-vous dans la page \u00ab\u00a0Pr\u00e9sentation\u00a0\u00bb ! <\/p>\n\n\n\n<p><\/p>\n\n\n\n<div class=\"wp-block-image\"><figure class=\"aligncenter size-large is-resized\"><img loading=\"lazy\" decoding=\"async\" src=\"https:\/\/cosmos-culture-ecologie.com\/wp-content\/uploads\/2020\/02\/cosmos-web-avec-logo-pastille-MAILCHIMP-2-1024x724.jpeg\" alt=\"\" class=\"wp-image-214\" width=\"390\" height=\"275\" srcset=\"https:\/\/cosmos-culture-ecologie.com\/wp-content\/uploads\/2020\/02\/cosmos-web-avec-logo-pastille-MAILCHIMP-2-1024x724.jpeg 1024w, https:\/\/cosmos-culture-ecologie.com\/wp-content\/uploads\/2020\/02\/cosmos-web-avec-logo-pastille-MAILCHIMP-2-300x212.jpeg 300w, https:\/\/cosmos-culture-ecologie.com\/wp-content\/uploads\/2020\/02\/cosmos-web-avec-logo-pastille-MAILCHIMP-2-768x543.jpeg 768w, https:\/\/cosmos-culture-ecologie.com\/wp-content\/uploads\/2020\/02\/cosmos-web-avec-logo-pastille-MAILCHIMP-2-1536x1085.jpeg 1536w, https:\/\/cosmos-culture-ecologie.com\/wp-content\/uploads\/2020\/02\/cosmos-web-avec-logo-pastille-MAILCHIMP-2-1200x848.jpeg 1200w, https:\/\/cosmos-culture-ecologie.com\/wp-content\/uploads\/2020\/02\/cosmos-web-avec-logo-pastille-MAILCHIMP-2.jpeg 1772w\" sizes=\"auto, (max-width: 390px) 85vw, 390px\" \/><figcaption>Logo et illustration sign\u00e9s <a href=\"https:\/\/phileasdogcorporation.com\/\">Phileas Dog<\/a><\/figcaption><\/figure><\/div>\n","protected":false},"excerpt":{"rendered":"<p>Cosmos &#8211; culture et \u00e9cologie propose une programmation culturelle et cin\u00e9matographique autour de l\u2019\u00e9cologie, en lien avec le vivant, dans un r\u00e9seau de lieux culturels et d&rsquo;apprentissage, \u00e0 destination de tous les publics &#8211; adultes, enfants et familles, scolaires et \u00e9tudiants. Pour en savoir plus sur notre d\u00e9marche et notre philosophie, rendez-vous dans la page &hellip; <a href=\"https:\/\/cosmos-culture-ecologie.com\/?page_id=46\" class=\"more-link\">Continuer la lecture<span class=\"screen-reader-text\"> de &laquo;&nbsp;Cosmos &#8211; culture et \u00e9cologie&nbsp;&raquo;<\/span><\/a><\/p>\n","protected":false},"author":1,"featured_media":0,"parent":0,"menu_order":0,"comment_status":"closed","ping_status":"closed","template":"","meta":{"footnotes":""},"class_list":["post-46","page","type-page","status-publish","hentry"],"_links":{"self":[{"href":"https:\/\/cosmos-culture-ecologie.com\/index.php?rest_route=\/wp\/v2\/pages\/46","targetHints":{"allow":["GET"]}}],"collection":[{"href":"https:\/\/cosmos-culture-ecologie.com\/index.php?rest_route=\/wp\/v2\/pages"}],"about":[{"href":"https:\/\/cosmos-culture-ecologie.com\/index.php?rest_route=\/wp\/v2\/types\/page"}],"author":[{"embeddable":true,"href":"https:\/\/cosmos-culture-ecologie.com\/index.php?rest_route=\/wp\/v2\/users\/1"}],"replies":[{"embeddable":true,"href":"https:\/\/cosmos-culture-ecologie.com\/index.php?rest_route=%2Fwp%2Fv2%2Fcomments&post=46"}],"version-history":[{"count":5,"href":"https:\/\/cosmos-culture-ecologie.com\/index.php?rest_route=\/wp\/v2\/pages\/46\/revisions"}],"predecessor-version":[{"id":377,"href":"https:\/\/cosmos-culture-ecologie.com\/index.php?rest_route=\/wp\/v2\/pages\/46\/revisions\/377"}],"wp:attachment":[{"href":"https:\/\/cosmos-culture-ecologie.com\/index.php?rest_route=%2Fwp%2Fv2%2Fmedia&parent=46"}],"curies":[{"name":"wp","href":"https:\/\/api.w.org\/{rel}","templated":true}]}}