{"id":3955,"date":"2026-05-12T15:46:10","date_gmt":"2026-05-12T13:46:10","guid":{"rendered":"https:\/\/cosmos-culture-ecologie.com\/?page_id=3955"},"modified":"2026-05-12T16:01:18","modified_gmt":"2026-05-12T14:01:18","slug":"spectacle-concert-cosmologies-et-algam","status":"publish","type":"page","link":"https:\/\/cosmos-culture-ecologie.com\/?page_id=3955","title":{"rendered":"Spectacle-concert : \u00ab\u00a0Cosmologies\u00a0\u00bb et Algam"},"content":{"rendered":"\n<p><\/p>\n\n\n\n<p><strong>Concert-spectacle<\/strong> : <strong><em>Cosmologies<\/em> et Algam en co-plateau<\/strong><\/p>\n\n\n\n<p style=\"font-size:15px\"><strong>Samedi 6 juin \u00e0 20h \u00e0 L\u2019Alternatibar (Lyon 1)<\/strong><br><br><strong>Cosmologies \u2013 chanson et po\u00e9sie autour du vivant par Pauline De Boever<\/strong><\/p>\n\n\n\n<p class=\"has-small-font-size\">Une cr\u00e9ation musicale et po\u00e9tique, \u00e0 la crois\u00e9e de la chanson, de la po\u00e9sie et du th\u00e9\u00e2tre,&nbsp;port\u00e9e par Cosmos \u2013 culture et \u00e9cologie. <\/p>\n\n\n\n<p class=\"has-small-font-size\">Dans ses chansons et ses textes, Pauline distille son attention \u00e0 la vie et son \u00e9merveillement pour le vivant, interroge en filigrane notre place dans le cosmos, notre lien d\u2019animal aux autres animaux, sonde le myst\u00e8re de nos existences terrestres et de l\u2019aventure terrienne. Des chansons de peau, de po\u00e9sie, et de cosmos, tram\u00e9es de sourires et de larmes, qui tissent un lien sensible au vivant et au monde. On y retrouve aussi l\u2019\u00e9cho des voix de la po\u00e9tesse iranienne Forough Farrokhz\u00e2d, de l\u2019oc\u00e9anographe Fran\u00e7ois Sarano, et de l\u2019\u00e9crivaine Claudie Hunzinger.&nbsp;<\/p>\n\n\n\n<p>En co-plateau avec <\/p>\n\n\n\n<p><strong>Algam<\/strong><\/p>\n\n\n\n<p class=\"has-small-font-size\">Deux voix se m\u00ealent au son de deux guitares. Debout sur sc\u00e8ne, le duo chanson-folk Algam tisse \u00e0 coup de chansons des histoires v\u00e9cues comme emprunt\u00e9es. Port\u00e9es par la po\u00e9sie et la polyphonie, elles se situent entre la chanson de Pomme, le folk de Sufjan Stevens et les chants de sir\u00e8nes. Apr\u00e8s plusieurs passages sur des sc\u00e8nes lyonnaises et une formation \u00e0 l\u2019ENM de Villeurbanne, elles sortent leur premier single \u00ab Verre Vide \u00bb en mars 2026, avec un EP pr\u00e9vu cette ann\u00e9e.&nbsp;<\/p>\n\n\n\n<p class=\"has-small-font-size\">Un duo chanson folk f\u00e9minin lyonnais aux racines bretonnes, solaire et magn\u00e9tique, oc\u00e9anique et po\u00e9tique. Un coup de coeur !<\/p>\n\n\n\n<p class=\"has-small-font-size\">Ecouter leur chanson <em><a href=\"https:\/\/www.youtube.com\/watch?v=5qAMNk0y-1o\">Verre vide <\/a><\/em>et <a href=\"https:\/\/www.instagram.com\/algamalgame\/\">suivre<\/a> leurs projets.<\/p>\n\n\n\n<p><\/p>\n\n\n\n<p style=\"font-size:15px\"><strong>Informations pratiques : <\/strong><\/p>\n\n\n\n<p class=\"has-small-font-size\">Entr\u00e9e libre, avec chapeau.<\/p>\n\n\n\n<p class=\"has-small-font-size\"><a href=\"https:\/\/www.actionjusticeclimatlyon.fr\/alternatibar\">L&rsquo;Alternatibar<\/a>, 126 Mont\u00e9e de la Grande-C\u00f4t\u00e9, Lyon 1. M\u00e9tro H\u00f4tel de Ville. Un bar alternatif, militant et festif, lieu de travail du Collectif <a href=\"https:\/\/www.actionjusticeclimatlyon.fr\/\">Action Justice Climat Lyon<\/a>. <\/p>\n\n\n<div class=\"wp-block-image\">\n<figure class=\"aligncenter size-large is-resized\"><img loading=\"lazy\" decoding=\"async\" width=\"567\" height=\"426\" src=\"https:\/\/cosmos-culture-ecologie.com\/wp-content\/uploads\/2026\/05\/IMG_2167-1.jpg\" alt=\"\" class=\"wp-image-3937\" style=\"width:398px;height:auto\" srcset=\"https:\/\/cosmos-culture-ecologie.com\/wp-content\/uploads\/2026\/05\/IMG_2167-1.jpg 567w, https:\/\/cosmos-culture-ecologie.com\/wp-content\/uploads\/2026\/05\/IMG_2167-1-300x225.jpg 300w\" sizes=\"auto, (max-width: 567px) 85vw, 567px\" \/><\/figure><\/div>\n\n\n<p><\/p>\n\n\n<div class=\"wp-block-image\">\n<figure class=\"aligncenter size-large is-resized\"><img loading=\"lazy\" decoding=\"async\" width=\"683\" height=\"1024\" src=\"https:\/\/cosmos-culture-ecologie.com\/wp-content\/uploads\/2025\/10\/202507-PaulineDeBoever-web\u00a9FannyVandecandelaere-1-683x1024.jpg\" alt=\"\" class=\"wp-image-3566\" style=\"width:234px;height:auto\" srcset=\"https:\/\/cosmos-culture-ecologie.com\/wp-content\/uploads\/2025\/10\/202507-PaulineDeBoever-web\u00a9FannyVandecandelaere-1-683x1024.jpg 683w, https:\/\/cosmos-culture-ecologie.com\/wp-content\/uploads\/2025\/10\/202507-PaulineDeBoever-web\u00a9FannyVandecandelaere-1-200x300.jpg 200w, https:\/\/cosmos-culture-ecologie.com\/wp-content\/uploads\/2025\/10\/202507-PaulineDeBoever-web\u00a9FannyVandecandelaere-1-768x1152.jpg 768w, https:\/\/cosmos-culture-ecologie.com\/wp-content\/uploads\/2025\/10\/202507-PaulineDeBoever-web\u00a9FannyVandecandelaere-1.jpg 800w\" sizes=\"auto, (max-width: 683px) 85vw, 683px\" \/><figcaption class=\"wp-element-caption\">@ Fanny Vandecandelaere<\/figcaption><\/figure><\/div>\n\n\n<p><\/p>\n","protected":false},"excerpt":{"rendered":"<p>Concert-spectacle : Cosmologies et Algam en co-plateau Samedi 6 juin \u00e0 20h \u00e0 L\u2019Alternatibar (Lyon 1) Cosmologies \u2013 chanson et po\u00e9sie autour du vivant par Pauline De Boever Une cr\u00e9ation musicale et po\u00e9tique, \u00e0 la crois\u00e9e de la chanson, de la po\u00e9sie et du th\u00e9\u00e2tre,&nbsp;port\u00e9e par Cosmos \u2013 culture et \u00e9cologie. Dans ses chansons et &hellip; <a href=\"https:\/\/cosmos-culture-ecologie.com\/?page_id=3955\" class=\"more-link\">Continuer la lecture<span class=\"screen-reader-text\"> de &laquo;&nbsp;Spectacle-concert : \u00ab\u00a0Cosmologies\u00a0\u00bb et Algam&nbsp;&raquo;<\/span><\/a><\/p>\n","protected":false},"author":1,"featured_media":0,"parent":0,"menu_order":0,"comment_status":"closed","ping_status":"closed","template":"","meta":{"footnotes":""},"class_list":["post-3955","page","type-page","status-publish","hentry"],"_links":{"self":[{"href":"https:\/\/cosmos-culture-ecologie.com\/index.php?rest_route=\/wp\/v2\/pages\/3955","targetHints":{"allow":["GET"]}}],"collection":[{"href":"https:\/\/cosmos-culture-ecologie.com\/index.php?rest_route=\/wp\/v2\/pages"}],"about":[{"href":"https:\/\/cosmos-culture-ecologie.com\/index.php?rest_route=\/wp\/v2\/types\/page"}],"author":[{"embeddable":true,"href":"https:\/\/cosmos-culture-ecologie.com\/index.php?rest_route=\/wp\/v2\/users\/1"}],"replies":[{"embeddable":true,"href":"https:\/\/cosmos-culture-ecologie.com\/index.php?rest_route=%2Fwp%2Fv2%2Fcomments&post=3955"}],"version-history":[{"count":5,"href":"https:\/\/cosmos-culture-ecologie.com\/index.php?rest_route=\/wp\/v2\/pages\/3955\/revisions"}],"predecessor-version":[{"id":3965,"href":"https:\/\/cosmos-culture-ecologie.com\/index.php?rest_route=\/wp\/v2\/pages\/3955\/revisions\/3965"}],"wp:attachment":[{"href":"https:\/\/cosmos-culture-ecologie.com\/index.php?rest_route=%2Fwp%2Fv2%2Fmedia&parent=3955"}],"curies":[{"name":"wp","href":"https:\/\/api.w.org\/{rel}","templated":true}]}}