{"id":3904,"date":"2026-05-10T12:25:13","date_gmt":"2026-05-10T10:25:13","guid":{"rendered":"https:\/\/cosmos-culture-ecologie.com\/?page_id=3904"},"modified":"2026-05-10T12:44:38","modified_gmt":"2026-05-10T10:44:38","slug":"festival-entre-rhone-et-saone-2026-bonjour-le-monde","status":"publish","type":"page","link":"https:\/\/cosmos-culture-ecologie.com\/?page_id=3904","title":{"rendered":"Festival Entre Rh\u00f4ne et Sa\u00f4ne 2026 : Bonjour le monde !"},"content":{"rendered":"\n<p><\/p>\n\n\n\n<p style=\"font-size:15px\">Le Festival Entre Rh\u00f4ne et Sa\u00f4ne, organis\u00e9 par la Ville de Lyon, aura lieu cette ann\u00e9e les vendredi 26, samedi 27 et dimanche 28 juin 2026. Nous vous proposons cette ann\u00e9e une s\u00e9ance sp\u00e9ciale pour les enfants, que les adultes pourront aussi pleinement appr\u00e9cier, autour d&rsquo;un merveilleux film d&rsquo;animation d\u00e9di\u00e9 \u00e0 la rivi\u00e8re et \u00e0 ses habitants : <em>Bonjour le monde !  <\/em><\/p>\n\n\n\n<p><\/p>\n\n\n\n<div class=\"wp-block-media-text is-stacked-on-mobile\" style=\"grid-template-columns:39% auto\"><figure class=\"wp-block-media-text__media\"><img loading=\"lazy\" decoding=\"async\" width=\"369\" height=\"483\" src=\"https:\/\/cosmos-culture-ecologie.com\/wp-content\/uploads\/2026\/05\/2026-Bonjour-le-monde-Affiche-DR-copie-1.jpg\" alt=\"\" class=\"wp-image-3918 size-full\" srcset=\"https:\/\/cosmos-culture-ecologie.com\/wp-content\/uploads\/2026\/05\/2026-Bonjour-le-monde-Affiche-DR-copie-1.jpg 369w, https:\/\/cosmos-culture-ecologie.com\/wp-content\/uploads\/2026\/05\/2026-Bonjour-le-monde-Affiche-DR-copie-1-229x300.jpg 229w\" sizes=\"auto, (max-width: 369px) 85vw, 369px\" \/><\/figure><div class=\"wp-block-media-text__content\">\n<p style=\"font-size:15px\"><strong>Bonjour le monde ! <\/strong>d\u2019Anne-Lise Koehler et Eric Serre (Animation, Fr, 2019, 1h01, coul)<\/p>\n\n\n\n<p class=\"has-small-font-size\"><strong>Samedi 27 juin \u00e0 16h au Palais de la mutualit\u00e9 &#8211; Salle Edouard Herriot (Lyon 3)<\/strong><\/p>\n\n\n\n<p class=\"has-small-font-size\">Des animaux naissent, vivent et s\u2019apprivoisent les uns les autres le long d\u2019une rivi\u00e8re. Parmi eux : le hibou moyen-duc, le martin-p\u00eacheur, la tortue cistude, la noctule de Leisler, le castor d\u2019Europe, la salamandre tachet\u00e9e, le brochet&#8230;<\/p>\n\n\n\n<p class=\"has-small-font-size\">Une merveille du cin\u00e9ma d\u2019animation, cr\u00e9\u00e9e \u00e0 partir de sculptures et de marionnettes anim\u00e9es, fabriqu\u00e9es en papier m\u00e2ch\u00e9. Une plong\u00e9e pleine d\u2019\u00e9merveillement \u00e0 la rencontre de la beaut\u00e9 de la nature, de la faune et de la flore des rivi\u00e8res.<\/p>\n\n\n\n<p class=\"has-small-font-size\">Le film sera suivi d\u2019un \u00e9change avec l&rsquo;association naturaliste <a href=\"https:\/\/desespecesparmilyon.fr\/\">Des Esp\u00e8ces Parmi&rsquo;Lyon<\/a>, anim\u00e9 par Cosmos.<\/p>\n<\/div><\/div>\n\n\n\n<p class=\"has-small-font-size\"><\/p>\n\n\n\n<p class=\"has-small-font-size\"><strong>Informations pratiques : <\/strong><\/p>\n\n\n\n<p class=\"has-small-font-size\"><strong>S\u00e9ance propos\u00e9e \u00e0 tous les publics, \u00e0 partir de 4-5 ans. <\/strong>(Les adultes tomberont aussi sous le charme de cette animation magnifique et pleine d&rsquo;apprentissages !)<\/p>\n\n\n\n<p class=\"has-small-font-size\"><strong>Entr\u00e9e libre, <a href=\"https:\/\/www.helloasso.com\/associations\/cosmos-culture-et-ecologie\/evenements\/bonjour-le-monde-film-et-rencontre-au-festival-entre-rhone-et-saone\">inscription recommand\u00e9e<\/a><\/strong><\/p>\n\n\n\n<p class=\"has-small-font-size\"><strong>Adresse et acc\u00e8s<\/strong> : 1 place Antonin Jutard, 69003 Lyon (tout \u00e0 c\u00f4t\u00e9 du man\u00e8ge de la Guilloti\u00e8re, pr\u00e8s des berges du Rh\u00f4ne)<\/p>\n\n\n\n<p class=\"has-small-font-size\"><\/p>\n\n\n\n<p class=\"has-small-font-size\"><strong>En savoir plus sur le film : <\/strong><\/p>\n\n\n\n<p class=\"has-small-font-size\">\u00ab&nbsp;<em>Bonjour le monde !<\/em>&nbsp;enchante notre regard gr\u00e2ce aux superbes cr\u00e9ations color\u00e9es de la r\u00e9alisatrice et sculptrice Anne-Lise Koehler. Alors que la Nature est fabriqu\u00e9e de toutes pi\u00e8ces (marionnettes en papier m\u00e2ch\u00e9 et anim\u00e9es en stop-motion), la faune et la flore n&rsquo;ont jamais sembl\u00e9 si r\u00e9alistes. Le spectateur est instantan\u00e9ment transport\u00e9 en bord de rivi\u00e8re, invit\u00e9 \u00e0 observer les gr\u00e8bes et les libellules. Ces animaux ont bon nombre de secrets \u00e0 r\u00e9v\u00e9ler aux petits comme aux grands. Avec un message en filigrane : c&rsquo;est en apprenant \u00e0 conna\u00eetre et \u00e0 comprendre la nature que l&rsquo;on prend conscience de son importance.&nbsp;\u00bb<br>Extrait de <em>Benshi<\/em>, site de r\u00e9f\u00e9rence pour le cin\u00e9ma pour enfants<\/p>\n\n\n\n<p class=\"has-small-font-size\"><a href=\"https:\/\/www.youtube.com\/watch?v=zem1Wt2esxA\">Visionner la bande annonce<\/a><\/p>\n\n\n\n<p><\/p>\n\n\n\n<p class=\"has-small-font-size\">Tous nos remerciements \u00e0 la Ville de Lyon et \u00e0 l&rsquo;\u00e9quipe organisatrice du Festival et Gebeka Films. <\/p>\n\n\n\n<p><\/p>\n\n\n\n<figure class=\"wp-block-gallery has-nested-images columns-default is-cropped wp-block-gallery-1 is-layout-flex wp-block-gallery-is-layout-flex\">\n<figure class=\"wp-block-image size-large\"><img loading=\"lazy\" decoding=\"async\" width=\"539\" height=\"303\" data-id=\"3912\" src=\"https:\/\/cosmos-culture-ecologie.com\/wp-content\/uploads\/2026\/05\/2026-Bonjour-le-monde-DR-12.jpg\" alt=\"\" class=\"wp-image-3912\" srcset=\"https:\/\/cosmos-culture-ecologie.com\/wp-content\/uploads\/2026\/05\/2026-Bonjour-le-monde-DR-12.jpg 539w, https:\/\/cosmos-culture-ecologie.com\/wp-content\/uploads\/2026\/05\/2026-Bonjour-le-monde-DR-12-300x169.jpg 300w\" sizes=\"auto, (max-width: 539px) 85vw, 539px\" \/><\/figure>\n\n\n\n<figure class=\"wp-block-image size-large\"><img loading=\"lazy\" decoding=\"async\" width=\"1024\" height=\"576\" data-id=\"3913\" src=\"https:\/\/cosmos-culture-ecologie.com\/wp-content\/uploads\/2026\/05\/2026-Bonjour-le-monde-DR-10-1024x576.jpg\" alt=\"\" class=\"wp-image-3913\" srcset=\"https:\/\/cosmos-culture-ecologie.com\/wp-content\/uploads\/2026\/05\/2026-Bonjour-le-monde-DR-10-1024x576.jpg 1024w, https:\/\/cosmos-culture-ecologie.com\/wp-content\/uploads\/2026\/05\/2026-Bonjour-le-monde-DR-10-300x169.jpg 300w, https:\/\/cosmos-culture-ecologie.com\/wp-content\/uploads\/2026\/05\/2026-Bonjour-le-monde-DR-10-768x432.jpg 768w, https:\/\/cosmos-culture-ecologie.com\/wp-content\/uploads\/2026\/05\/2026-Bonjour-le-monde-DR-10-1536x864.jpg 1536w, https:\/\/cosmos-culture-ecologie.com\/wp-content\/uploads\/2026\/05\/2026-Bonjour-le-monde-DR-10-1200x675.jpg 1200w, https:\/\/cosmos-culture-ecologie.com\/wp-content\/uploads\/2026\/05\/2026-Bonjour-le-monde-DR-10.jpg 1920w\" sizes=\"auto, (max-width: 709px) 85vw, (max-width: 909px) 67vw, (max-width: 1362px) 62vw, 840px\" \/><\/figure>\n<\/figure>\n\n\n\n<p><\/p>\n\n\n\n<figure class=\"wp-block-gallery has-nested-images columns-default is-cropped wp-block-gallery-2 is-layout-flex wp-block-gallery-is-layout-flex\">\n<figure class=\"wp-block-image size-large\"><img loading=\"lazy\" decoding=\"async\" width=\"1024\" height=\"576\" data-id=\"3916\" src=\"https:\/\/cosmos-culture-ecologie.com\/wp-content\/uploads\/2026\/05\/2026-Bonjour-le-monde-DR-08-1024x576.jpg\" alt=\"\" class=\"wp-image-3916\" srcset=\"https:\/\/cosmos-culture-ecologie.com\/wp-content\/uploads\/2026\/05\/2026-Bonjour-le-monde-DR-08-1024x576.jpg 1024w, https:\/\/cosmos-culture-ecologie.com\/wp-content\/uploads\/2026\/05\/2026-Bonjour-le-monde-DR-08-300x169.jpg 300w, https:\/\/cosmos-culture-ecologie.com\/wp-content\/uploads\/2026\/05\/2026-Bonjour-le-monde-DR-08-768x432.jpg 768w, https:\/\/cosmos-culture-ecologie.com\/wp-content\/uploads\/2026\/05\/2026-Bonjour-le-monde-DR-08-1536x864.jpg 1536w, https:\/\/cosmos-culture-ecologie.com\/wp-content\/uploads\/2026\/05\/2026-Bonjour-le-monde-DR-08-1200x675.jpg 1200w, https:\/\/cosmos-culture-ecologie.com\/wp-content\/uploads\/2026\/05\/2026-Bonjour-le-monde-DR-08.jpg 1920w\" sizes=\"auto, (max-width: 709px) 85vw, (max-width: 909px) 67vw, (max-width: 1362px) 62vw, 840px\" \/><\/figure>\n\n\n\n<figure class=\"wp-block-image size-large\"><img loading=\"lazy\" decoding=\"async\" width=\"1024\" height=\"576\" data-id=\"3917\" src=\"https:\/\/cosmos-culture-ecologie.com\/wp-content\/uploads\/2026\/05\/2026-Bonjour-le-monde-DR-09-2-1024x576.jpg\" alt=\"\" class=\"wp-image-3917\" srcset=\"https:\/\/cosmos-culture-ecologie.com\/wp-content\/uploads\/2026\/05\/2026-Bonjour-le-monde-DR-09-2-1024x576.jpg 1024w, https:\/\/cosmos-culture-ecologie.com\/wp-content\/uploads\/2026\/05\/2026-Bonjour-le-monde-DR-09-2-300x169.jpg 300w, https:\/\/cosmos-culture-ecologie.com\/wp-content\/uploads\/2026\/05\/2026-Bonjour-le-monde-DR-09-2-768x432.jpg 768w, https:\/\/cosmos-culture-ecologie.com\/wp-content\/uploads\/2026\/05\/2026-Bonjour-le-monde-DR-09-2-1536x864.jpg 1536w, https:\/\/cosmos-culture-ecologie.com\/wp-content\/uploads\/2026\/05\/2026-Bonjour-le-monde-DR-09-2-1200x675.jpg 1200w, https:\/\/cosmos-culture-ecologie.com\/wp-content\/uploads\/2026\/05\/2026-Bonjour-le-monde-DR-09-2.jpg 1920w\" sizes=\"auto, (max-width: 709px) 85vw, (max-width: 909px) 67vw, (max-width: 1362px) 62vw, 840px\" \/><\/figure>\n<\/figure>\n\n\n\n<p><\/p>\n","protected":false},"excerpt":{"rendered":"<p>Le Festival Entre Rh\u00f4ne et Sa\u00f4ne, organis\u00e9 par la Ville de Lyon, aura lieu cette ann\u00e9e les vendredi 26, samedi 27 et dimanche 28 juin 2026. Nous vous proposons cette ann\u00e9e une s\u00e9ance sp\u00e9ciale pour les enfants, que les adultes pourront aussi pleinement appr\u00e9cier, autour d&rsquo;un merveilleux film d&rsquo;animation d\u00e9di\u00e9 \u00e0 la rivi\u00e8re et \u00e0 &hellip; <a href=\"https:\/\/cosmos-culture-ecologie.com\/?page_id=3904\" class=\"more-link\">Continuer la lecture<span class=\"screen-reader-text\"> de &laquo;&nbsp;Festival Entre Rh\u00f4ne et Sa\u00f4ne 2026 : Bonjour le monde !&nbsp;&raquo;<\/span><\/a><\/p>\n","protected":false},"author":1,"featured_media":0,"parent":0,"menu_order":0,"comment_status":"closed","ping_status":"closed","template":"","meta":{"footnotes":""},"class_list":["post-3904","page","type-page","status-publish","hentry"],"_links":{"self":[{"href":"https:\/\/cosmos-culture-ecologie.com\/index.php?rest_route=\/wp\/v2\/pages\/3904","targetHints":{"allow":["GET"]}}],"collection":[{"href":"https:\/\/cosmos-culture-ecologie.com\/index.php?rest_route=\/wp\/v2\/pages"}],"about":[{"href":"https:\/\/cosmos-culture-ecologie.com\/index.php?rest_route=\/wp\/v2\/types\/page"}],"author":[{"embeddable":true,"href":"https:\/\/cosmos-culture-ecologie.com\/index.php?rest_route=\/wp\/v2\/users\/1"}],"replies":[{"embeddable":true,"href":"https:\/\/cosmos-culture-ecologie.com\/index.php?rest_route=%2Fwp%2Fv2%2Fcomments&post=3904"}],"version-history":[{"count":4,"href":"https:\/\/cosmos-culture-ecologie.com\/index.php?rest_route=\/wp\/v2\/pages\/3904\/revisions"}],"predecessor-version":[{"id":3921,"href":"https:\/\/cosmos-culture-ecologie.com\/index.php?rest_route=\/wp\/v2\/pages\/3904\/revisions\/3921"}],"wp:attachment":[{"href":"https:\/\/cosmos-culture-ecologie.com\/index.php?rest_route=%2Fwp%2Fv2%2Fmedia&parent=3904"}],"curies":[{"name":"wp","href":"https:\/\/api.w.org\/{rel}","templated":true}]}}