{"id":3861,"date":"2026-03-30T15:10:19","date_gmt":"2026-03-30T13:10:19","guid":{"rendered":"https:\/\/cosmos-culture-ecologie.com\/?page_id=3861"},"modified":"2026-03-31T14:49:12","modified_gmt":"2026-03-31T12:49:12","slug":"debat-rage-sorties-de-residence","status":"publish","type":"page","link":"https:\/\/cosmos-culture-ecologie.com\/?page_id=3861","title":{"rendered":"Sorties de r\u00e9sidence : D\u00e9bat-Rage, cr\u00e9ation en cours"},"content":{"rendered":"\n<p><\/p>\n\n\n\n<h1 class=\"wp-block-heading has-medium-font-size\"><strong>Sortie de r\u00e9sidence du spectacle&nbsp;<\/strong><em><strong>D\u00e9bat Rage<\/strong>&nbsp;<strong>(titre provisoire)<\/strong><\/em><\/h1>\n\n\n\n<p style=\"font-size:14px\">Une cr\u00e9ation de la Compagnie La Virevolte, accompagn\u00e9e par Cosmos \u2013 culture et \u00e9cologie.<\/p>\n\n\n\n<p><strong>Mardi 28 avril \u00e0 19h30 \u00e0 la Maison de l\u2019environnement<\/strong>&nbsp;(Lyon 7)<\/p>\n\n\n\n<p><a href=\"https:\/\/www.helloasso.com\/associations\/cosmos-culture-et-ecologie\/evenements\/sortie-de-residence-debat-rage\"><strong>Inscription \u00e0 la sortie de r\u00e9sidence<\/strong><\/a><\/p>\n\n\n\n<p class=\"has-small-font-size\"><\/p>\n\n\n\n<p class=\"has-small-font-size\">1980. A Joitray un imposant barrage hydro\u00e9lectrique a \u00e9t\u00e9 construit dans la vall\u00e9e de la Verlette.<\/p>\n\n\n\n<p class=\"has-small-font-size\">Quarante ans plus tard. Carole exulte. Elle est promue responsable d\u2019un projet de taille : la r\u00e9novation du barrage, un rehaussement de dix m\u00e8tres, qui permettra de faire face aux crues de plus en plus intenses, et d\u2019augmenter la production d\u2019\u00e9nergie\u2026 Un projet qui suscite les r\u00e9actions de l\u2019entourage de Carole : Bruno, son cousin agriculteur, son fils Pierre et sa camarade Agathe qui se lancent dans un m\u00e9moire d\u00e9di\u00e9 au barrage. La r\u00e9novation a tout pour plaire \u00e0 la mairie et aux&nbsp;habitant.es. Pourtant c\u2019est bien connu, d\u00e8s qu\u2019il y a un projet d\u2019am\u00e9nagement,&nbsp;<em>y en a qui r\u00e2lent<\/em>\u2026&nbsp;<\/p>\n\n\n\n<p class=\"has-small-font-size\">Nous pr\u00e9senterons lors de cette sortie de r\u00e9sidence une \u00e9tape de travail de notre cr\u00e9ation, le premier acte de la pi\u00e8ce en construction. Nous proposerons ensuite un temps d\u2019\u00e9change avec le public.<\/p>\n\n\n\n<p class=\"has-small-font-size\">Ecriture, mise en sc\u00e8ne et jeu : Pauline De Boever, Benoit Decorse, Ad\u00e8le Lefevre et J\u00e9r\u00f4me Vilfayeau<\/p>\n\n\n\n<p class=\"has-small-font-size\"><strong>Nous proposerons \u00e9galement une nouvelle \u00e9tape de travail &nbsp;mardi 30 juin \u00e0 18h30 au jardin Gilibert de la MJC Confluence (Lyon 2).<\/strong><\/p>\n\n\n\n<p class=\"has-dark-gray-color has-text-color has-link-color has-small-font-size wp-elements-924b5c9abb5757a1d305c09d615cdb67\"><strong><a href=\"https:\/\/cosmos-culture-ecologie.com\/wp-content\/uploads\/2026\/02\/Dossier-Artistique-Debat-Rage-fevrier-2026.pdf\">T\u00e9l\u00e9charger le dossier artistique<\/a><\/strong><\/p>\n\n\n\n<p class=\"has-dark-gray-color has-text-color has-link-color has-small-font-size wp-elements-6870c2ecc0026ba36b7daa2836e566bc\">Pour en savoir plus sur cette cr\u00e9ation en cours, rendez-vous <a href=\"https:\/\/cosmos-culture-ecologie.com\/?page_id=3782\">ici<\/a>.<\/p>\n\n\n\n<figure class=\"wp-block-image size-large\"><img loading=\"lazy\" decoding=\"async\" width=\"1024\" height=\"682\" src=\"https:\/\/cosmos-culture-ecologie.com\/wp-content\/uploads\/2026\/03\/IMG_5911-1024x682.jpg\" alt=\"\" class=\"wp-image-3869\" srcset=\"https:\/\/cosmos-culture-ecologie.com\/wp-content\/uploads\/2026\/03\/IMG_5911-1024x682.jpg 1024w, https:\/\/cosmos-culture-ecologie.com\/wp-content\/uploads\/2026\/03\/IMG_5911-300x200.jpg 300w, https:\/\/cosmos-culture-ecologie.com\/wp-content\/uploads\/2026\/03\/IMG_5911-768x512.jpg 768w, https:\/\/cosmos-culture-ecologie.com\/wp-content\/uploads\/2026\/03\/IMG_5911-1536x1023.jpg 1536w, https:\/\/cosmos-culture-ecologie.com\/wp-content\/uploads\/2026\/03\/IMG_5911-2048x1365.jpg 2048w, https:\/\/cosmos-culture-ecologie.com\/wp-content\/uploads\/2026\/03\/IMG_5911-1200x800.jpg 1200w\" sizes=\"auto, (max-width: 709px) 85vw, (max-width: 909px) 67vw, (max-width: 1362px) 62vw, 840px\" \/><figcaption class=\"wp-element-caption\">\u00a9 J\u00e9r\u00f4me Vilfayeau<\/figcaption><\/figure>\n\n\n\n<p><\/p>\n\n\n\n<figure class=\"wp-block-image size-large is-resized\"><img loading=\"lazy\" decoding=\"async\" width=\"1024\" height=\"651\" src=\"https:\/\/cosmos-culture-ecologie.com\/wp-content\/uploads\/2026\/03\/LOGO-LA-VIREVOLTE-1024x651.png\" alt=\"\" class=\"wp-image-3879\" style=\"width:128px;height:auto\" srcset=\"https:\/\/cosmos-culture-ecologie.com\/wp-content\/uploads\/2026\/03\/LOGO-LA-VIREVOLTE-1024x651.png 1024w, https:\/\/cosmos-culture-ecologie.com\/wp-content\/uploads\/2026\/03\/LOGO-LA-VIREVOLTE-300x191.png 300w, https:\/\/cosmos-culture-ecologie.com\/wp-content\/uploads\/2026\/03\/LOGO-LA-VIREVOLTE-768x488.png 768w, https:\/\/cosmos-culture-ecologie.com\/wp-content\/uploads\/2026\/03\/LOGO-LA-VIREVOLTE-1536x976.png 1536w, https:\/\/cosmos-culture-ecologie.com\/wp-content\/uploads\/2026\/03\/LOGO-LA-VIREVOLTE-2048x1301.png 2048w, https:\/\/cosmos-culture-ecologie.com\/wp-content\/uploads\/2026\/03\/LOGO-LA-VIREVOLTE-1200x762.png 1200w\" sizes=\"auto, (max-width: 709px) 85vw, (max-width: 909px) 67vw, (max-width: 1362px) 62vw, 840px\" \/><\/figure>\n\n\n\n<p style=\"font-size:12px\">Une cr\u00e9ation de la Compagnie La Virevolte, accompagn\u00e9e par Cosmos &#8211; culture et \u00e9cologie<\/p>\n\n\n\n<p><\/p>\n","protected":false},"excerpt":{"rendered":"<p>Sortie de r\u00e9sidence du spectacle&nbsp;D\u00e9bat Rage&nbsp;(titre provisoire) Une cr\u00e9ation de la Compagnie La Virevolte, accompagn\u00e9e par Cosmos \u2013 culture et \u00e9cologie. Mardi 28 avril \u00e0 19h30 \u00e0 la Maison de l\u2019environnement&nbsp;(Lyon 7) Inscription \u00e0 la sortie de r\u00e9sidence 1980. A Joitray un imposant barrage hydro\u00e9lectrique a \u00e9t\u00e9 construit dans la vall\u00e9e de la Verlette. Quarante &hellip; <a href=\"https:\/\/cosmos-culture-ecologie.com\/?page_id=3861\" class=\"more-link\">Continuer la lecture<span class=\"screen-reader-text\"> de &laquo;&nbsp;Sorties de r\u00e9sidence : D\u00e9bat-Rage, cr\u00e9ation en cours&nbsp;&raquo;<\/span><\/a><\/p>\n","protected":false},"author":1,"featured_media":0,"parent":0,"menu_order":0,"comment_status":"closed","ping_status":"closed","template":"","meta":{"footnotes":""},"class_list":["post-3861","page","type-page","status-publish","hentry"],"_links":{"self":[{"href":"https:\/\/cosmos-culture-ecologie.com\/index.php?rest_route=\/wp\/v2\/pages\/3861","targetHints":{"allow":["GET"]}}],"collection":[{"href":"https:\/\/cosmos-culture-ecologie.com\/index.php?rest_route=\/wp\/v2\/pages"}],"about":[{"href":"https:\/\/cosmos-culture-ecologie.com\/index.php?rest_route=\/wp\/v2\/types\/page"}],"author":[{"embeddable":true,"href":"https:\/\/cosmos-culture-ecologie.com\/index.php?rest_route=\/wp\/v2\/users\/1"}],"replies":[{"embeddable":true,"href":"https:\/\/cosmos-culture-ecologie.com\/index.php?rest_route=%2Fwp%2Fv2%2Fcomments&post=3861"}],"version-history":[{"count":4,"href":"https:\/\/cosmos-culture-ecologie.com\/index.php?rest_route=\/wp\/v2\/pages\/3861\/revisions"}],"predecessor-version":[{"id":3881,"href":"https:\/\/cosmos-culture-ecologie.com\/index.php?rest_route=\/wp\/v2\/pages\/3861\/revisions\/3881"}],"wp:attachment":[{"href":"https:\/\/cosmos-culture-ecologie.com\/index.php?rest_route=%2Fwp%2Fv2%2Fmedia&parent=3861"}],"curies":[{"name":"wp","href":"https:\/\/api.w.org\/{rel}","templated":true}]}}