{"id":3782,"date":"2026-02-23T14:34:53","date_gmt":"2026-02-23T13:34:53","guid":{"rendered":"https:\/\/cosmos-culture-ecologie.com\/?page_id=3782"},"modified":"2026-03-31T14:47:47","modified_gmt":"2026-03-31T12:47:47","slug":"debat-rage","status":"publish","type":"page","link":"https:\/\/cosmos-culture-ecologie.com\/?page_id=3782","title":{"rendered":"D\u00e9bat Rage (titre provisoire)"},"content":{"rendered":"\n<p><\/p>\n\n\n\n<p class=\"has-small-font-size\">Une cr\u00e9ation de la Compagnie La Virevolte, accompagn\u00e9e par Cosmos &#8211; culture et \u00e9cologie. <\/p>\n\n\n\n<p><strong>Sortie de r\u00e9sidence du spectacle <\/strong><em><strong>D\u00e9bat Rage<\/strong> (titre provisoire)<\/em><\/p>\n\n\n\n<p><strong>Mardi 28 avril \u00e0 19h30 \u00e0 la Maison de l\u2019environnement<\/strong>&nbsp;(Lyon 7)<\/p>\n\n\n\n<p class=\"has-text-align-center has-small-font-size\"><a href=\"https:\/\/www.helloasso.com\/associations\/cosmos-culture-et-ecologie\/evenements\/sortie-de-residence-debat-rage\"><strong>Inscription \u00e0 la sortie de r\u00e9sidence<\/strong><\/a><\/p>\n\n\n\n<p class=\"has-small-font-size\"><strong>Synopsis&nbsp;<\/strong><\/p>\n\n\n\n<p class=\"has-small-font-size\">1980. A Joitray un imposant barrage hydro\u00e9lectrique a \u00e9t\u00e9 construit dans la vall\u00e9e de la Verlette.<\/p>\n\n\n\n<p class=\"has-small-font-size\">Quarante ans plus tard. Carole exulte. Elle est promue responsable d\u2019un projet de taille : la r\u00e9novation du barrage, un rehaussement de dix m\u00e8tres, qui permettra de faire face aux crues de plus en plus intenses, et d\u2019augmenter la production d\u2019\u00e9nergie&#8230; Un projet qui suscite les r\u00e9actions de l\u2019entourage de Carole : Bruno, son cousin agriculteur, son fils Pierre et sa camarade Agathe qui se lancent dans un m\u00e9moire d\u00e9di\u00e9 au barrage. La r\u00e9novation a tout pour plaire \u00e0 la mairie et aux&nbsp;habitant.es. Pourtant c\u2019est bien connu, d\u00e8s qu\u2019il y a un projet d\u2019am\u00e9nagement,&nbsp;<em>y en a qui r\u00e2lent<\/em>&#8230;&nbsp;<\/p>\n\n\n\n<p class=\"has-small-font-size\">Nous pr\u00e9senterons lors de cette sortie de r\u00e9sidence une \u00e9tape de travail de notre cr\u00e9ation, le premier acte de la pi\u00e8ce en construction. Nous proposerons ensuite un temps d&rsquo;\u00e9change avec le public.<\/p>\n\n\n\n<p class=\"has-small-font-size\">Ecriture, mise en sc\u00e8ne et jeu : Pauline De Boever, Benoit Decorse, Ad\u00e8le Lefevre et J\u00e9r\u00f4me Vilfayeau<\/p>\n\n\n\n<p class=\"has-text-align-center has-small-font-size\"><strong><a href=\"https:\/\/cosmos-culture-ecologie.com\/wp-content\/uploads\/2026\/02\/Dossier-Artistique-Debat-Rage-fevrier-2026.pdf\">T\u00e9l\u00e9charger le dossier artistique<\/a><\/strong><\/p>\n\n\n\n<p class=\"has-text-align-center has-small-font-size\"><strong>A noter : nous proposerons \u00e9galement une nouvelle \u00e9tape de travail &nbsp;mardi 30 juin \u00e0 19h30 au jardin Gilibert de la MJC Confluence (Lyon 2).<\/strong><\/p>\n\n\n\n<p><\/p>\n\n\n\n<p class=\"has-small-font-size\"><strong>Note d&rsquo;intention :&nbsp;<\/strong><\/p>\n\n\n\n<p class=\"has-small-font-size\">Partout le territoire est maill\u00e9 de projets dits d\u2019am\u00e9nagement du territoire : de la coupe d\u2019une all\u00e9e d\u2019arbres \u00e0 l\u2019installation d\u2019une plateforme logistique, de la fermeture de jardins partag\u00e9s \u00e0 la destruction de 300 hectares pour un tron\u00e7on d\u2019autoroute.<\/p>\n\n\n\n<p class=\"has-small-font-size\">Des projets face auxquels le mot d\u00e9mocratie vacille.<\/p>\n\n\n\n<p class=\"has-small-font-size\">Un r\u00e9cit pour t\u00e9moigner de ces luttes et de ces clivages. Un spectacle pour se questionner ensemble.<br>Un temps pour imaginer d\u2019autres chemins de d\u00e9mocratie.&nbsp;<\/p>\n\n\n\n<p class=\"has-small-font-size\">Comment concilier des besoins \u00e9nerg\u00e9tiques toujours croissants avec la pr\u00e9servation des milieux naturels dont nous d\u00e9pendons ?<\/p>\n\n\n\n<p class=\"has-small-font-size\">Quels effets un projet d\u2019am\u00e9nagement produit-il sur un territoire et ses habitants ?<\/p>\n\n\n\n<p class=\"has-small-font-size\">Comment les populations s\u2019organisent-elles pour faire entendre leur voix et d\u00e9fendre leurs droits face \u00e0 des projets d\u2019am\u00e9nagement impos\u00e9s ?<\/p>\n\n\n\n<p class=\"has-small-font-size\"><strong>Trois questions qui structurent notre propos.<\/strong><\/p>\n\n\n\n<p class=\"has-small-font-size\">Trois questions pour interroger la d\u00e9mocratie, les choix politiques et leurs r\u00e9percussions, pour t\u00e9moigner des cons\u00e9quences du d\u00e9r\u00e8glement climatique \u00e0 hauteur d\u2019humain.<br>Trois questions que nous souhaitons incarner dans un r\u00e9cit au pr\u00e9sent, dans un quotidien familier, comme si cela se jouait ici, maintenant. Chez nous.<\/p>\n\n\n\n<p class=\"has-small-font-size\">Faut-il faire confiance au syst\u00e8me d\u00e9mocratique actuel ? Ou choisir la voie de la lutte ?<\/p>\n\n\n\n<p class=\"has-small-font-size\">Nous avons choisi de centrer notre r\u00e9cit autour d\u2019un projet de rehaussement de barrage hydro\u00e9lectrique. Ces installations, largement d\u00e9ploy\u00e9es en France, b\u00e9n\u00e9ficient d\u2019une opinion publique positive, pour la fiabilit\u00e9 et le caract\u00e8re renouvelable de son \u00e9nergie. Mais elles suscitent aussi de vifs d\u00e9bats du fait de leur impact sur le territoire (modifications des paysages, ressources en eau, biodiversit\u00e9, artificialisation des sols&#8230;). De plus, ces infrastructures sont vieillissantes et auront besoin de nouveaux am\u00e9nagements dans les ann\u00e9es \u00e0 venir, impliquant des travaux lourds.<\/p>\n\n\n\n<figure class=\"wp-block-image size-large is-resized\"><img loading=\"lazy\" decoding=\"async\" width=\"1024\" height=\"651\" src=\"https:\/\/cosmos-culture-ecologie.com\/wp-content\/uploads\/2026\/03\/LOGO-LA-VIREVOLTE-1024x651.png\" alt=\"\" class=\"wp-image-3879\" style=\"width:128px;height:auto\" srcset=\"https:\/\/cosmos-culture-ecologie.com\/wp-content\/uploads\/2026\/03\/LOGO-LA-VIREVOLTE-1024x651.png 1024w, https:\/\/cosmos-culture-ecologie.com\/wp-content\/uploads\/2026\/03\/LOGO-LA-VIREVOLTE-300x191.png 300w, https:\/\/cosmos-culture-ecologie.com\/wp-content\/uploads\/2026\/03\/LOGO-LA-VIREVOLTE-768x488.png 768w, https:\/\/cosmos-culture-ecologie.com\/wp-content\/uploads\/2026\/03\/LOGO-LA-VIREVOLTE-1536x976.png 1536w, https:\/\/cosmos-culture-ecologie.com\/wp-content\/uploads\/2026\/03\/LOGO-LA-VIREVOLTE-2048x1301.png 2048w, https:\/\/cosmos-culture-ecologie.com\/wp-content\/uploads\/2026\/03\/LOGO-LA-VIREVOLTE-1200x762.png 1200w\" sizes=\"auto, (max-width: 709px) 85vw, (max-width: 909px) 67vw, (max-width: 1362px) 62vw, 840px\" \/><\/figure>\n\n\n\n<p style=\"font-size:12px\">Une cr\u00e9ation de la Compagnie La Virevolte, accompagn\u00e9e par Cosmos &#8211; culture et \u00e9cologie<\/p>\n\n\n\n<figure class=\"wp-block-image size-full is-resized\"><img loading=\"lazy\" decoding=\"async\" width=\"2560\" height=\"1706\" src=\"https:\/\/cosmos-culture-ecologie.com\/wp-content\/uploads\/2026\/03\/IMG_5911-scaled.jpg\" alt=\"\" class=\"wp-image-3869\" style=\"width:518px;height:auto\" srcset=\"https:\/\/cosmos-culture-ecologie.com\/wp-content\/uploads\/2026\/03\/IMG_5911-scaled.jpg 2560w, https:\/\/cosmos-culture-ecologie.com\/wp-content\/uploads\/2026\/03\/IMG_5911-300x200.jpg 300w, https:\/\/cosmos-culture-ecologie.com\/wp-content\/uploads\/2026\/03\/IMG_5911-1024x682.jpg 1024w, https:\/\/cosmos-culture-ecologie.com\/wp-content\/uploads\/2026\/03\/IMG_5911-768x512.jpg 768w, https:\/\/cosmos-culture-ecologie.com\/wp-content\/uploads\/2026\/03\/IMG_5911-1536x1023.jpg 1536w, https:\/\/cosmos-culture-ecologie.com\/wp-content\/uploads\/2026\/03\/IMG_5911-2048x1365.jpg 2048w, https:\/\/cosmos-culture-ecologie.com\/wp-content\/uploads\/2026\/03\/IMG_5911-1200x800.jpg 1200w\" sizes=\"auto, (max-width: 709px) 85vw, (max-width: 909px) 67vw, (max-width: 1362px) 62vw, 840px\" \/><figcaption class=\"wp-element-caption\">\u00a9 J\u00e9r\u00f4me Vilfayeau<\/figcaption><\/figure>\n\n\n\n<p><\/p>\n","protected":false},"excerpt":{"rendered":"<p>Une cr\u00e9ation de la Compagnie La Virevolte, accompagn\u00e9e par Cosmos &#8211; culture et \u00e9cologie. Sortie de r\u00e9sidence du spectacle D\u00e9bat Rage (titre provisoire) Mardi 28 avril \u00e0 19h30 \u00e0 la Maison de l\u2019environnement&nbsp;(Lyon 7) Inscription \u00e0 la sortie de r\u00e9sidence Synopsis&nbsp; 1980. A Joitray un imposant barrage hydro\u00e9lectrique a \u00e9t\u00e9 construit dans la vall\u00e9e de &hellip; <a href=\"https:\/\/cosmos-culture-ecologie.com\/?page_id=3782\" class=\"more-link\">Continuer la lecture<span class=\"screen-reader-text\"> de &laquo;&nbsp;D\u00e9bat Rage (titre provisoire)&nbsp;&raquo;<\/span><\/a><\/p>\n","protected":false},"author":1,"featured_media":0,"parent":0,"menu_order":0,"comment_status":"closed","ping_status":"closed","template":"","meta":{"footnotes":""},"class_list":["post-3782","page","type-page","status-publish","hentry"],"_links":{"self":[{"href":"https:\/\/cosmos-culture-ecologie.com\/index.php?rest_route=\/wp\/v2\/pages\/3782","targetHints":{"allow":["GET"]}}],"collection":[{"href":"https:\/\/cosmos-culture-ecologie.com\/index.php?rest_route=\/wp\/v2\/pages"}],"about":[{"href":"https:\/\/cosmos-culture-ecologie.com\/index.php?rest_route=\/wp\/v2\/types\/page"}],"author":[{"embeddable":true,"href":"https:\/\/cosmos-culture-ecologie.com\/index.php?rest_route=\/wp\/v2\/users\/1"}],"replies":[{"embeddable":true,"href":"https:\/\/cosmos-culture-ecologie.com\/index.php?rest_route=%2Fwp%2Fv2%2Fcomments&post=3782"}],"version-history":[{"count":14,"href":"https:\/\/cosmos-culture-ecologie.com\/index.php?rest_route=\/wp\/v2\/pages\/3782\/revisions"}],"predecessor-version":[{"id":3880,"href":"https:\/\/cosmos-culture-ecologie.com\/index.php?rest_route=\/wp\/v2\/pages\/3782\/revisions\/3880"}],"wp:attachment":[{"href":"https:\/\/cosmos-culture-ecologie.com\/index.php?rest_route=%2Fwp%2Fv2%2Fmedia&parent=3782"}],"curies":[{"name":"wp","href":"https:\/\/api.w.org\/{rel}","templated":true}]}}