{"id":3733,"date":"2026-02-04T11:00:20","date_gmt":"2026-02-04T10:00:20","guid":{"rendered":"https:\/\/cosmos-culture-ecologie.com\/?page_id=3733"},"modified":"2026-02-13T17:59:42","modified_gmt":"2026-02-13T16:59:42","slug":"autour-danita-conti-pionniere-de-loceanographie-2","status":"publish","type":"page","link":"https:\/\/cosmos-culture-ecologie.com\/?page_id=3733","title":{"rendered":"Anita Conti, la Dame de la mer"},"content":{"rendered":"\n<p><\/p>\n\n\n\n<p style=\"font-size:15px\">Premi\u00e8re femme oc\u00e9anographe, aventuri\u00e8re, \u00e9crivaine, po\u00e9tesse, photographe, r\u00e9alisatrice, journaliste, pionni\u00e8re de l\u2019\u00e9cologie, lanceuse d\u2019alerte sur l\u2019exploitation des oc\u00e9ans et la surp\u00eache\u2026 Partons \u00e0 la rencontre d\u2019Anita Conti (1899-1997), une femme marquante du XX\u00e8me si\u00e8cle, au destin extraordinaire, et pourtant encore m\u00e9connue ! <\/p>\n\n\n\n<p style=\"font-size:15px\"><strong>Vendredi 6 mars 2026 \u00e0 17h au Centre socioculturel du Point du jour (Lyon 5)<\/strong><\/p>\n\n\n\n<p style=\"font-size:15px\"><strong>Projection et rencontre<\/strong>. En entr\u00e9e libre. <\/p>\n\n\n\n<p style=\"font-size:15px\"><strong>Anita Conti, l\u2019appel du large<\/strong>&nbsp;de Fr\u00e9d\u00e9ric Brunnquell (Doc., Fr, 2024, 52min, CPB Films)<\/p>\n\n\n\n<p class=\"has-small-font-size\">Anita Conti est une aventuri\u00e8re, photographe et \u00e9crivaine du XXe&nbsp;si\u00e8cle. Elle s\u2019est \u00e9mancip\u00e9e d\u00e8s l\u2019avant-guerre de sa famille bourgeoise pour vivre l\u2019existence extr\u00eame et dangereuse des marins p\u00eacheurs. Elle embarque la premi\u00e8re fois en 1939 p\u00eacher le cabillaud au-del\u00e0 du cercle polaire. Pendant la Seconde Guerre mondiale, elle participe activement \u00e0 la lutte contre les mines allemandes puis organise la p\u00eache dans les colonies de l\u2019Afrique de l\u2019Ouest. Ses livres sont devenus des best-sellers toujours \u00e9dit\u00e9s, ses photos racontent les mille aventures d\u2019une femme libre. Elle laisse aussi une oeuvre extraordinaire de photographies et de films.<\/p>\n\n\n\n<p class=\"has-small-font-size\">Un documentaire beau et prenant, compos\u00e9 d\u2019images d\u2019archives, dont beaucoup de films et de photographies sign\u00e9es Anita Conti. Le film retrace le parcours hors du commun de cette femme hors normes. Le documentaire offre aussi un regard tr\u00e8s marquant sur la p\u00eache et son histoire, et permet de questionner notre rapport aux animaux marins et \u00e0 la p\u00eache.&nbsp;<\/p>\n\n\n\n<p class=\"has-small-font-size\">Une production CPB Films, avec la participation de France T\u00e9l\u00e9visions, T\u00e9b\u00e9o &amp; T\u00e9b\u00e9sud et TVR.<\/p>\n\n\n\n<p class=\"has-small-font-size\"><strong>La projection sera suivie d\u2019une rencontre anim\u00e9e par Pauline De Boever (Cosmos \u2013 culture et \u00e9cologie).&nbsp;<\/strong><\/p>\n\n\n\n<p class=\"has-small-font-size\"><strong>Entr\u00e9e libre et gratuite<\/strong>, sans inscription n\u00e9cessaire au pr\u00e9alable.<\/p>\n\n\n\n<p class=\"has-small-font-size\"><strong>Centre socioculturel Point du Jour,&nbsp;<\/strong><a href=\"https:\/\/www.google.com\/maps\/place\/\/data=!4m2!3m1!1s0x47f4eb8feb078493:0xfcc5a3dc99522b4a?sa=X&amp;ved=1t:8290&amp;ictx=111\" target=\"_blank\" rel=\"noreferrer noopener\">10 Impasse Secret, 69005 Lyon<\/a> Tel : 04.78.25.55.89. Acc\u00e8s en TCL : Bus C21 \u2013 45 \u2013 90<\/p>\n\n\n\n<p><\/p>\n\n\n\n<p style=\"font-size:13px\"><strong>EN SAVOIR PLUS SUR ANITA CONTI<\/strong><\/p>\n\n\n\n<p style=\"font-size:12px\">Anita Conti, l\u2019aventure en haute mer (<em>Le Cours de l\u2019histoire<\/em>, France Culture) :&nbsp;<a href=\"https:\/\/www.radiofrance.fr\/franceculture\/podcasts\/le-cours-de-l-histoire\/anita-conti-l-aventure-en-haute-mer-7593018\">https:\/\/www.radiofrance.fr\/franceculture\/podcasts\/le-cours-de-l-histoire\/anita-conti-l-aventure-en-haute-mer-7593018<\/a><\/p>\n\n\n\n<p style=\"font-size:12px\">Anita Conti en 5min, sur France Culture :&nbsp;<a href=\"https:\/\/www.radiofrance.fr\/franceculture\/anita-conti-pionniere-de-l-oceanographie-9884569\">https:\/\/www.radiofrance.fr\/franceculture\/anita-conti-pionniere-de-l-oceanographie-9884569<\/a><\/p>\n\n\n\n<p style=\"font-size:12px\"><strong><em>Anita Conti<\/em><\/strong>, bande dessin\u00e9e de Catel &amp; Bocquet (2024, Casterman)<\/p>\n\n\n\n<p style=\"font-size:12px\"><strong>Les livres d\u2019Anita Conti :&nbsp;<\/strong><\/p>\n\n\n\n<p style=\"font-size:12px\"><em>Racleurs d\u2019oc\u00e9ans<\/em>, Paris, 1953 (\u00e9d. Andr\u00e9 Bonne), 1993&nbsp;; \u00e9d. Payot &amp; Rivages, 1998&nbsp;<\/p>\n\n\n\n<p style=\"font-size:12px\"><em>G\u00e9ants des mers chaudes<\/em>, Paris, 1957 (\u00e9d. Andr\u00e9 Bonne)&nbsp;; \u00e9d. Payot &amp; Rivages, 1997<\/p>\n\n\n\n<p style=\"font-size:12px\"><em>L\u2019Oc\u00e9an, les B\u00eates et l\u2019Homme ou l\u2019ivresse du risque<\/em>, 1971 (\u00e9d. Andr\u00e9 Bonne)&nbsp;; \u00e9d. Payot &amp; Rivages, Paris, 1999<\/p>\n\n\n\n<p style=\"font-size:12px\"><em>La route est si longue avant la nuit<\/em>&nbsp;(anthologie in\u00e9dite de l\u2019\u0153uvre po\u00e9tique d\u2019Anita Conti), F\u00e9camp, Coll\u00e8ge Jules Ferry, 1996<\/p>\n\n\n\n<p style=\"font-size:12px\"><em>Les Terre-neuvas<\/em>, \u00e9d. du Ch\u00eane, Paris, 2004&nbsp;<\/p>\n\n\n\n<p style=\"font-size:12px\"><em>Le Carnet viking \u2013 70 jours en mer de Barents (juin-septembre 1939<\/em>), pr\u00e9face de Catherine Poulain, introduction de Laurent Girault-Conti, \u00e9d. Payot, Paris, 2018&nbsp;<\/p>\n\n\n\n<p style=\"font-size:12px\"><em>Les Vaisseaux du Hasard<\/em>&nbsp;(po\u00e9sie), \u00e9ditions limit\u00e9e, 2020.<\/p>\n\n\n\n<figure class=\"wp-block-image\"><img loading=\"lazy\" decoding=\"async\" width=\"691\" height=\"700\" src=\"https:\/\/cosmos-culture-ecologie.com\/wp-content\/uploads\/2025\/05\/Photo-2-panneau-bio-ducontenia-691x700-2.jpg\" alt=\"\" class=\"wp-image-3286\" srcset=\"https:\/\/cosmos-culture-ecologie.com\/wp-content\/uploads\/2025\/05\/Photo-2-panneau-bio-ducontenia-691x700-2.jpg 691w, https:\/\/cosmos-culture-ecologie.com\/wp-content\/uploads\/2025\/05\/Photo-2-panneau-bio-ducontenia-691x700-2-296x300.jpg 296w\" sizes=\"auto, (max-width: 691px) 85vw, 691px\" \/><\/figure>\n","protected":false},"excerpt":{"rendered":"<p>Premi\u00e8re femme oc\u00e9anographe, aventuri\u00e8re, \u00e9crivaine, po\u00e9tesse, photographe, r\u00e9alisatrice, journaliste, pionni\u00e8re de l\u2019\u00e9cologie, lanceuse d\u2019alerte sur l\u2019exploitation des oc\u00e9ans et la surp\u00eache\u2026 Partons \u00e0 la rencontre d\u2019Anita Conti (1899-1997), une femme marquante du XX\u00e8me si\u00e8cle, au destin extraordinaire, et pourtant encore m\u00e9connue ! Vendredi 6 mars 2026 \u00e0 17h au Centre socioculturel du Point du jour &hellip; <a href=\"https:\/\/cosmos-culture-ecologie.com\/?page_id=3733\" class=\"more-link\">Continuer la lecture<span class=\"screen-reader-text\"> de &laquo;&nbsp;Anita Conti, la Dame de la mer&nbsp;&raquo;<\/span><\/a><\/p>\n","protected":false},"author":1,"featured_media":0,"parent":0,"menu_order":0,"comment_status":"closed","ping_status":"closed","template":"","meta":{"footnotes":""},"class_list":["post-3733","page","type-page","status-publish","hentry"],"_links":{"self":[{"href":"https:\/\/cosmos-culture-ecologie.com\/index.php?rest_route=\/wp\/v2\/pages\/3733","targetHints":{"allow":["GET"]}}],"collection":[{"href":"https:\/\/cosmos-culture-ecologie.com\/index.php?rest_route=\/wp\/v2\/pages"}],"about":[{"href":"https:\/\/cosmos-culture-ecologie.com\/index.php?rest_route=\/wp\/v2\/types\/page"}],"author":[{"embeddable":true,"href":"https:\/\/cosmos-culture-ecologie.com\/index.php?rest_route=\/wp\/v2\/users\/1"}],"replies":[{"embeddable":true,"href":"https:\/\/cosmos-culture-ecologie.com\/index.php?rest_route=%2Fwp%2Fv2%2Fcomments&post=3733"}],"version-history":[{"count":3,"href":"https:\/\/cosmos-culture-ecologie.com\/index.php?rest_route=\/wp\/v2\/pages\/3733\/revisions"}],"predecessor-version":[{"id":3771,"href":"https:\/\/cosmos-culture-ecologie.com\/index.php?rest_route=\/wp\/v2\/pages\/3733\/revisions\/3771"}],"wp:attachment":[{"href":"https:\/\/cosmos-culture-ecologie.com\/index.php?rest_route=%2Fwp%2Fv2%2Fmedia&parent=3733"}],"curies":[{"name":"wp","href":"https:\/\/api.w.org\/{rel}","templated":true}]}}