{"id":3701,"date":"2026-01-15T19:11:50","date_gmt":"2026-01-15T18:11:50","guid":{"rendered":"https:\/\/cosmos-culture-ecologie.com\/?page_id=3701"},"modified":"2026-03-02T15:20:21","modified_gmt":"2026-03-02T14:20:21","slug":"cosmologies-chanson-et-poesie-autour-du-vivant","status":"publish","type":"page","link":"https:\/\/cosmos-culture-ecologie.com\/?page_id=3701","title":{"rendered":"Magnifique Printemps : Cosmologies &#8211; chanson et po\u00e9sie autour du vivant"},"content":{"rendered":"\n<p><\/p>\n\n\n\n<div class=\"wp-block-media-text is-stacked-on-mobile\" style=\"grid-template-columns:40% auto\"><figure class=\"wp-block-media-text__media\"><img loading=\"lazy\" decoding=\"async\" width=\"724\" height=\"1024\" src=\"https:\/\/cosmos-culture-ecologie.com\/wp-content\/uploads\/2026\/02\/MP_2026_AFFICHE_A3-724x1024.jpg\" alt=\"\" class=\"wp-image-3759 size-full\" srcset=\"https:\/\/cosmos-culture-ecologie.com\/wp-content\/uploads\/2026\/02\/MP_2026_AFFICHE_A3-724x1024.jpg 724w, https:\/\/cosmos-culture-ecologie.com\/wp-content\/uploads\/2026\/02\/MP_2026_AFFICHE_A3-212x300.jpg 212w, https:\/\/cosmos-culture-ecologie.com\/wp-content\/uploads\/2026\/02\/MP_2026_AFFICHE_A3-768x1086.jpg 768w, https:\/\/cosmos-culture-ecologie.com\/wp-content\/uploads\/2026\/02\/MP_2026_AFFICHE_A3.jpg 842w\" sizes=\"auto, (max-width: 724px) 85vw, 724px\" \/><\/figure><div class=\"wp-block-media-text__content\">\n<p class=\"has-small-font-size\">Nous aurons la joie de proposer deux repr\u00e9sentations de <em>Cosmologies<\/em> dans le cadre du Magnifique Printemps, organis\u00e9 par l&rsquo;Espace Pandora. La 10\u00e8me \u00e9dition de Magnifique printemps aura lieu du 7 au 29 mars 2026. Vous pouvez retrouver tout le programme, riche et passionnant, ici : <a href=\"https:\/\/www.magnifiqueprintemps.fr\/\">https:\/\/www.magnifiqueprintemps.fr\/<\/a>.<\/p>\n\n\n\n<p class=\"has-small-font-size\">Les deux repr\u00e9sentations auront lieu :<\/p>\n\n\n\n<p class=\"has-small-font-size\"> &gt; <strong>jeudi 19 mars \u00e0 18h<\/strong>&nbsp;\u00e0 la&nbsp;<strong><a href=\"https:\/\/bm-venissieux.fr\/\" target=\"_blank\" rel=\"noreferrer noopener\">M\u00e9diath\u00e8que Lucie Aubrac de V\u00e9nissieux<\/a><\/strong> en entr\u00e9e libre <\/p>\n\n\n\n<p class=\"has-small-font-size\">&gt;&nbsp;<strong>vendredi 20 mars \u00e0 20h au&nbsp;<a href=\"http:\/\/www.rita-plage.com\/concerts--spectacles.html\" target=\"_blank\" rel=\"noreferrer noopener\">Rita Plage<\/a><\/strong> \u00e0 prix libre. Une restauration \u00e0 prix libre sera propos\u00e9e sur place. <\/p>\n<\/div><\/div>\n\n\n\n<p style=\"font-size:12px\"><strong>Acc\u00e8s<\/strong> : <strong><a href=\"https:\/\/bm-venissieux.fr\/\" target=\"_blank\" rel=\"noreferrer noopener\">M\u00e9diath\u00e8que Lucie Aubrac de V\u00e9nissieux<\/a><\/strong>&nbsp;(2\/4 avenue Marcel Hou\u00ebl, M\u00e9tro Gare de V\u00e9nissieux puis tram T4 arr\u00eat M. Hou\u00ebl H\u00f4tel de Ville) ; <strong><a href=\"http:\/\/www.rita-plage.com\/concerts--spectacles.html\" target=\"_blank\" rel=\"noreferrer noopener\">Rita Plage<\/a><\/strong> (68 cours Tolsto\u00ef, Villeurbanne, M\u00e9tro R\u00e9publique ou Bus&nbsp;<strong>C3<\/strong>&nbsp;arr\u00eat&nbsp;\u00ab&nbsp;Institut d\u2019Art Contemporain&nbsp;\u00bb).<\/p>\n\n\n\n<p class=\"has-small-font-size\"><\/p>\n\n\n\n<p class=\"has-text-align-center has-medium-font-size\"><strong>Cosmologies<\/strong><\/p>\n\n\n\n<p class=\"has-text-align-center\" style=\"font-size:18px\"><strong>Chanson et po\u00e9sie autour du vivant<\/strong><\/p>\n\n\n\n<p class=\"has-text-align-center\" style=\"font-size:14px\">par Pauline De Boever,<\/p>\n\n\n\n<p class=\"has-text-align-center\" style=\"font-size:14px\">accompagn\u00e9e par Olivier Longre<\/p>\n\n\n\n<p class=\"has-text-align-center\" style=\"font-size:14px\">Une cr\u00e9ation musicale et po\u00e9tique, m\u00ealant chansons originales et lectures de po\u00e8mes et de textes,&nbsp;port\u00e9e par Cosmos \u2013 culture et \u00e9cologie&nbsp;<\/p>\n\n\n\n<p class=\"has-small-font-size\"><em>Cosmologies<\/em>&nbsp;propose un ensemble de chansons originales et de textes, arrang\u00e9s et accompagn\u00e9s par le musicien multi-instrumentiste lyonnais Olivier Longre. On y retrouve aussi, ici et l\u00e0, l\u2019\u00e9cho des voix de la po\u00e9tesse iranienne Forough Farrokhz\u00e2d, de l\u2019oc\u00e9anographe Fran\u00e7ois Sarano, et de l\u2019\u00e9crivaine Claudie Hunzinger.&nbsp;<\/p>\n\n\n\n<p class=\"has-small-font-size\">Dans ses chansons et ses textes, Pauline distille son attention \u00e0 la vie et son \u00e9merveillement pour le vivant, interroge en filigrane notre place dans le cosmos, notre lien d\u2019animal aux autres animaux, sonde le myst\u00e8re de nos existences terrestres et de l\u2019aventure terrienne. Des chansons de peau, de po\u00e9sie, et de cosmos, tram\u00e9es de sourires et de larmes, qui tissent un lien sensible au vivant et au monde.<\/p>\n\n\n\n<p class=\"has-small-font-size\">Le musicien Olivier Longre y apporte sa grande sensibilit\u00e9, sa po\u00e9sie musicale, dans une cr\u00e9ation musicale originale, profonde et ent\u00eatante. Il propose un instrumentarium compos\u00e9 d\u2019un clavier, de guitare \u00e9lectrique, de percussions l\u00e9g\u00e8res et il aime aussi y apporter des instruments inattendus et m\u00e9connus.&nbsp;&nbsp;<\/p>\n\n\n\n<p><\/p>\n\n\n\n<div class=\"wp-block-media-text is-stacked-on-mobile\" style=\"grid-template-columns:18% auto\"><figure class=\"wp-block-media-text__media\"><img loading=\"lazy\" decoding=\"async\" width=\"683\" height=\"1024\" src=\"https:\/\/cosmos-culture-ecologie.com\/wp-content\/uploads\/2025\/10\/202507-PaulineDeBoever-web\u00a9FannyVandecandelaere-1-683x1024.jpg\" alt=\"\" class=\"wp-image-3566 size-full\" srcset=\"https:\/\/cosmos-culture-ecologie.com\/wp-content\/uploads\/2025\/10\/202507-PaulineDeBoever-web\u00a9FannyVandecandelaere-1-683x1024.jpg 683w, https:\/\/cosmos-culture-ecologie.com\/wp-content\/uploads\/2025\/10\/202507-PaulineDeBoever-web\u00a9FannyVandecandelaere-1-200x300.jpg 200w, https:\/\/cosmos-culture-ecologie.com\/wp-content\/uploads\/2025\/10\/202507-PaulineDeBoever-web\u00a9FannyVandecandelaere-1-768x1152.jpg 768w, https:\/\/cosmos-culture-ecologie.com\/wp-content\/uploads\/2025\/10\/202507-PaulineDeBoever-web\u00a9FannyVandecandelaere-1.jpg 800w\" sizes=\"auto, (max-width: 683px) 85vw, 683px\" \/><\/figure><div class=\"wp-block-media-text__content\">\n<p><strong>Pauline De Boever &nbsp;<\/strong><\/p>\n\n\n\n<p style=\"font-size:12px\">Homo sapiens du XXIe si\u00e8cle, autrice, compositrice et interpr\u00e8te, cofondatrice en 2019 de Cosmos &#8211; culture et \u00e9cologie, Pauline\u00a0r\u00eave la vie en vert. De beaux verts, vert sapin et vert \u00e9meraude. Egalement programmatrice culturelle et com\u00e9dienne, elle tente d\u2019\u00e9crire de beaux vers, tandis que d\u2019autres beaux vers inlassablement malaxent, des parcelles de terre \u2013 que jamais ils ne tr\u00e9passent. De beaux vers pour de beaux lendemains (qui chantent).  <\/p>\n\n\n\n<p style=\"font-size:8px\">\u00a9 Fanny Vandecandelaere<\/p>\n<\/div><\/div>\n\n\n\n<p style=\"font-size:12px\"><\/p>\n\n\n\n<div class=\"wp-block-media-text is-stacked-on-mobile\" style=\"grid-template-columns:17% auto\"><figure class=\"wp-block-media-text__media\"><img loading=\"lazy\" decoding=\"async\" width=\"135\" height=\"180\" src=\"https:\/\/cosmos-culture-ecologie.com\/wp-content\/uploads\/2025\/10\/image.png\" alt=\"\" class=\"wp-image-3567 size-full\"\/><\/figure><div class=\"wp-block-media-text__content\">\n<p><strong>Olivier Longre&nbsp;<\/strong><\/p>\n\n\n\n<p style=\"font-size:12px\">Auteur-compositeur, r\u00e9alisateur et musicien multi-instrumentiste, influenc\u00e9 par les musiques noires am\u00e9ricaines, folk et contemporaines, Olivier Longre explore au fil du temps toutes sortes de textures et d\u2019assemblages sonores, cultivant une approche singuli\u00e8re et visuelle de la musique.&nbsp;<\/p>\n\n\n\n<p style=\"font-size:12px\">En 2007, il r\u00e9alise pour&nbsp;<strong>Am\u00e9lie-Les-Crayons<\/strong>&nbsp;<em>Le Porte-Plume<\/em>, Grand Prix de l\u2019Acad\u00e9mie Charles Cros. Cette collaboration perdure sur trois albums et donne lieu \u00e0 pr\u00e8s de 400 concerts.<\/p>\n<\/div><\/div>\n\n\n\n<p style=\"font-size:12px\">Apr\u00e8s deux albums,&nbsp;<em>Antique Melodies&nbsp;<\/em>en 2013 et<em>&nbsp;Lettre \u00e0 Jeanne&nbsp;<\/em>en 2016, il compose en 2020&nbsp;<em>Amore Disamore<\/em>, inspir\u00e9 par&nbsp;<em>Les<\/em> <em>Villes Invisibles<\/em>&nbsp;d\u2019Italo Calvino. \u00ab&nbsp;Musique pour les yeux peut-\u00eatre. Mais pour les autres sens aussi. Tapisserie dont on se r\u00e9jouira de d\u00e9celer un nouveau d\u00e9tail \u00e0 la douzi\u00e8me \u00e9coute.&nbsp;\u00bb&nbsp;&nbsp;Fran\u00e7ois Gorin \u2013&nbsp;<em>T\u00e9l\u00e9rama<\/em><\/p>\n\n\n\n<p style=\"font-size:12px\">Depuis 2016, il met en musique pour Radio France, lectures, th\u00e9\u00e2tre et fictions radiophoniques en collaboration avec le r\u00e9alisateur&nbsp;Baptiste Guiton. Il a \u00e9galement collabor\u00e9 avec&nbsp;Victoria Chaplin, pour&nbsp;<em>Bells and Spells,&nbsp;<\/em>en 2018. Il m\u00e8ne \u00e9galement des projets d\u2019actions culturelles avec des publics scolaires et adultes. Enfin, il fait partie de plusieurs cr\u00e9ations port\u00e9es par l\u2019Op\u00e9ra Underground \u2013 Op\u00e9ra de Lyon. Pour en savoir plus :&nbsp;<a href=\"https:\/\/olivierlongre.com\/\" target=\"_blank\" rel=\"noreferrer noopener\">https:\/\/olivierlongre.com\/<\/a><\/p>\n\n\n\n<p><\/p>\n\n\n\n<p class=\"has-text-align-center has-small-font-size\"><strong>Tous nos remerciements \u00e0 l&rsquo;Espace Pandora, au Magnifique Printemps, \u00e0 la M\u00e9diath\u00e8que de V\u00e9nissieux, au Rita Plage, \u00e0 la Ville de Lyon, \u00e0 la M\u00e9tropole de Lyon et au PATR.<\/strong><\/p>\n\n\n\n<figure class=\"wp-block-image size-large is-resized\"><img loading=\"lazy\" decoding=\"async\" width=\"1024\" height=\"598\" src=\"https:\/\/cosmos-culture-ecologie.com\/wp-content\/uploads\/2026\/02\/0.-Logo-ESPACE_PANDORA-web-1024x598.jpg\" alt=\"\" class=\"wp-image-3763\" style=\"width:162px;height:auto\" srcset=\"https:\/\/cosmos-culture-ecologie.com\/wp-content\/uploads\/2026\/02\/0.-Logo-ESPACE_PANDORA-web-1024x598.jpg 1024w, https:\/\/cosmos-culture-ecologie.com\/wp-content\/uploads\/2026\/02\/0.-Logo-ESPACE_PANDORA-web-300x175.jpg 300w, https:\/\/cosmos-culture-ecologie.com\/wp-content\/uploads\/2026\/02\/0.-Logo-ESPACE_PANDORA-web-768x448.jpg 768w, https:\/\/cosmos-culture-ecologie.com\/wp-content\/uploads\/2026\/02\/0.-Logo-ESPACE_PANDORA-web-1536x896.jpg 1536w, https:\/\/cosmos-culture-ecologie.com\/wp-content\/uploads\/2026\/02\/0.-Logo-ESPACE_PANDORA-web-1200x700.jpg 1200w, https:\/\/cosmos-culture-ecologie.com\/wp-content\/uploads\/2026\/02\/0.-Logo-ESPACE_PANDORA-web.jpg 1772w\" sizes=\"auto, (max-width: 709px) 85vw, (max-width: 909px) 67vw, (max-width: 1362px) 62vw, 840px\" \/><\/figure>\n\n\n\n<figure class=\"wp-block-image size-large is-resized\"><img loading=\"lazy\" decoding=\"async\" width=\"1024\" height=\"275\" src=\"https:\/\/cosmos-culture-ecologie.com\/wp-content\/uploads\/2026\/02\/logo-Magnifique-Printemps-n_b-vect.jpg-1024x275.jpg\" alt=\"\" class=\"wp-image-3760\" style=\"width:183px;height:auto\" srcset=\"https:\/\/cosmos-culture-ecologie.com\/wp-content\/uploads\/2026\/02\/logo-Magnifique-Printemps-n_b-vect.jpg-1024x275.jpg 1024w, https:\/\/cosmos-culture-ecologie.com\/wp-content\/uploads\/2026\/02\/logo-Magnifique-Printemps-n_b-vect.jpg-300x80.jpg 300w, https:\/\/cosmos-culture-ecologie.com\/wp-content\/uploads\/2026\/02\/logo-Magnifique-Printemps-n_b-vect.jpg-768x206.jpg 768w, https:\/\/cosmos-culture-ecologie.com\/wp-content\/uploads\/2026\/02\/logo-Magnifique-Printemps-n_b-vect.jpg-1536x412.jpg 1536w, https:\/\/cosmos-culture-ecologie.com\/wp-content\/uploads\/2026\/02\/logo-Magnifique-Printemps-n_b-vect.jpg-2048x549.jpg 2048w, https:\/\/cosmos-culture-ecologie.com\/wp-content\/uploads\/2026\/02\/logo-Magnifique-Printemps-n_b-vect.jpg-1200x322.jpg 1200w\" sizes=\"auto, (max-width: 709px) 85vw, (max-width: 909px) 67vw, (max-width: 1362px) 62vw, 840px\" \/><\/figure>\n\n\n\n<figure class=\"wp-block-image size-full is-resized\"><img loading=\"lazy\" decoding=\"async\" width=\"509\" height=\"286\" src=\"https:\/\/cosmos-culture-ecologie.com\/wp-content\/uploads\/2026\/02\/Logo-Ville-de-Lyon-from-internet.png\" alt=\"\" class=\"wp-image-3765\" style=\"width:159px;height:auto\" srcset=\"https:\/\/cosmos-culture-ecologie.com\/wp-content\/uploads\/2026\/02\/Logo-Ville-de-Lyon-from-internet.png 509w, https:\/\/cosmos-culture-ecologie.com\/wp-content\/uploads\/2026\/02\/Logo-Ville-de-Lyon-from-internet-300x169.png 300w\" sizes=\"auto, (max-width: 509px) 85vw, 509px\" \/><\/figure>\n\n\n\n<figure class=\"wp-block-image size-large is-resized\"><img loading=\"lazy\" decoding=\"async\" width=\"860\" height=\"338\" src=\"https:\/\/cosmos-culture-ecologie.com\/wp-content\/uploads\/2025\/03\/Metropole-de-Lyon_Logo-2022_ROUGEBLANC-100.jpg\" alt=\"\" class=\"wp-image-3221\" style=\"width:139px;height:auto\" srcset=\"https:\/\/cosmos-culture-ecologie.com\/wp-content\/uploads\/2025\/03\/Metropole-de-Lyon_Logo-2022_ROUGEBLANC-100.jpg 860w, https:\/\/cosmos-culture-ecologie.com\/wp-content\/uploads\/2025\/03\/Metropole-de-Lyon_Logo-2022_ROUGEBLANC-100-300x118.jpg 300w, https:\/\/cosmos-culture-ecologie.com\/wp-content\/uploads\/2025\/03\/Metropole-de-Lyon_Logo-2022_ROUGEBLANC-100-768x302.jpg 768w\" sizes=\"auto, (max-width: 709px) 85vw, (max-width: 909px) 67vw, (max-width: 1362px) 62vw, 840px\" \/><\/figure>\n\n\n\n<p><\/p>\n\n\n\n<p><\/p>\n","protected":false},"excerpt":{"rendered":"<p>Nous aurons la joie de proposer deux repr\u00e9sentations de Cosmologies dans le cadre du Magnifique Printemps, organis\u00e9 par l&rsquo;Espace Pandora. La 10\u00e8me \u00e9dition de Magnifique printemps aura lieu du 7 au 29 mars 2026. Vous pouvez retrouver tout le programme, riche et passionnant, ici : https:\/\/www.magnifiqueprintemps.fr\/. Les deux repr\u00e9sentations auront lieu : &gt; jeudi 19 &hellip; <a href=\"https:\/\/cosmos-culture-ecologie.com\/?page_id=3701\" class=\"more-link\">Continuer la lecture<span class=\"screen-reader-text\"> de &laquo;&nbsp;Magnifique Printemps : Cosmologies &#8211; chanson et po\u00e9sie autour du vivant&nbsp;&raquo;<\/span><\/a><\/p>\n","protected":false},"author":1,"featured_media":0,"parent":0,"menu_order":0,"comment_status":"closed","ping_status":"closed","template":"","meta":{"footnotes":""},"class_list":["post-3701","page","type-page","status-publish","hentry"],"_links":{"self":[{"href":"https:\/\/cosmos-culture-ecologie.com\/index.php?rest_route=\/wp\/v2\/pages\/3701","targetHints":{"allow":["GET"]}}],"collection":[{"href":"https:\/\/cosmos-culture-ecologie.com\/index.php?rest_route=\/wp\/v2\/pages"}],"about":[{"href":"https:\/\/cosmos-culture-ecologie.com\/index.php?rest_route=\/wp\/v2\/types\/page"}],"author":[{"embeddable":true,"href":"https:\/\/cosmos-culture-ecologie.com\/index.php?rest_route=\/wp\/v2\/users\/1"}],"replies":[{"embeddable":true,"href":"https:\/\/cosmos-culture-ecologie.com\/index.php?rest_route=%2Fwp%2Fv2%2Fcomments&post=3701"}],"version-history":[{"count":6,"href":"https:\/\/cosmos-culture-ecologie.com\/index.php?rest_route=\/wp\/v2\/pages\/3701\/revisions"}],"predecessor-version":[{"id":3825,"href":"https:\/\/cosmos-culture-ecologie.com\/index.php?rest_route=\/wp\/v2\/pages\/3701\/revisions\/3825"}],"wp:attachment":[{"href":"https:\/\/cosmos-culture-ecologie.com\/index.php?rest_route=%2Fwp%2Fv2%2Fmedia&parent=3701"}],"curies":[{"name":"wp","href":"https:\/\/api.w.org\/{rel}","templated":true}]}}