{"id":3696,"date":"2026-01-15T19:10:19","date_gmt":"2026-01-15T18:10:19","guid":{"rendered":"https:\/\/cosmos-culture-ecologie.com\/?page_id=3696"},"modified":"2026-02-07T12:22:08","modified_gmt":"2026-02-07T11:22:08","slug":"autour-de-lhomme-qui-plantait-des-arbres","status":"publish","type":"page","link":"https:\/\/cosmos-culture-ecologie.com\/?page_id=3696","title":{"rendered":"L&rsquo;Homme qui plantait des arbres"},"content":{"rendered":"\n<p><\/p>\n\n\n\n<p style=\"font-size:16px\"><strong>Projection pr\u00e9sent\u00e9e et suivie d\u2019une rencontre autour des arbres<\/strong><\/p>\n\n\n\n<p style=\"font-size:16px\"><strong>Jeudi 12 mars 2026 \u00e0 19h30 \u00e0 la MJC Saint-Just (Lyon 5)<\/strong><\/p>\n\n\n\n<p style=\"font-size:16px\"><strong><em>L\u2019Homme qui plantait des arbres<\/em>&nbsp;<\/strong>de Fr\u00e9d\u00e9ric Back, d\u2019apr\u00e8s Jean Giono&nbsp;<\/p>\n\n\n\n<p class=\"has-small-font-size\">(Animation, Canada, 1987, 30min, coul, avec la voix de Philippe Noiret)<\/p>\n\n\n\n<p class=\"has-small-font-size\">Alors qu\u2019il marche dans les collines du sud de la France, un jeune homme rencontre un berger solitaire. Cet homme, Elz\u00e9ard Bouffier, s\u2019est donn\u00e9 pour mission de redonner vie \u00e0 cette contr\u00e9e aride, et, pour cela, sans rel\u00e2che, de planter des arbres\u2026&nbsp;<\/p>\n\n\n\n<p class=\"has-small-font-size\">Fr\u00e9d\u00e9ric Back (1924-2013) signe un chef-d\u2019\u0153uvre du cin\u00e9ma d\u2019animation avec cette adaptation extraordinaire du texte fondateur de Jean Giono (1895-1970), dit par Philippe Noiret. L\u2019occasion de rendre hommage \u00e0 ces deux artistes, amoureux de la nature, pionniers de l\u2019\u00e9cologie, d\u00e9fenseurs de la paix et du vivant \u00e0 travers leurs oeuvres, qui ont inspir\u00e9 et continuent d\u2019inspirer partout dans le monde. L\u2019occasion aussi d\u2019\u00e9changer sur le r\u00f4le des arbres et des for\u00eats, notre rapport \u00e0 eux.&nbsp;Le film a re\u00e7u une quarantaine de prix, dont un Oscar.&nbsp;<\/p>\n\n\n\n<p class=\"has-small-font-size\">Film accessible \u00e0 partir de 7 ans.&nbsp;Dur\u00e9e de la s\u00e9ance et rencontre : environ 1h15.<\/p>\n\n\n\n<p class=\"has-text-align-center\" style=\"font-size:15px\"><strong>Le film sera pr\u00e9sent\u00e9 et suivi d\u2019un \u00e9change autour des arbres anim\u00e9 par Pauline De Boever, cofondatrice de Cosmos \u2013 culture et \u00e9cologie<\/strong>. Ce temps m\u00ealera une approche scientifique, po\u00e9tique, sensible et personnelle des arbres. <\/p>\n\n\n\n<p class=\"has-small-font-size\"><strong>Entr\u00e9e libre et gratuite<\/strong>, sans inscription n\u00e9cessaire au pr\u00e9alable.<\/p>\n\n\n\n<p class=\"has-small-font-size\">Adress et acc\u00e8s : <strong>MJC St Just<\/strong> &#8211; 6 rue des Foss\u00e9s de Trion &#8211; Lyon 5 &#8211; T\u00e9l: 04 72 32 16 33 &#8211; <a href=\"javascript:;\">Mail: mjc@mjcstjust.org<\/a>. <strong>Acc\u00e8s<\/strong> : Funiculaire Saint-Just \u2013 Arr\u00eat \u00ab\u00a0St Just\u00a0\u00bb &#8211; BUS arr\u00eat \u00ab\u00a0Trion\u00a0\u00bb n\u00b0 C20 \u2013 C21 \u2013 55 \u2013 66 \u2013 90<\/p>\n\n\n\n<p><\/p>\n\n\n\n<figure class=\"wp-block-video\"><video controls src=\"https:\/\/cosmos-culture-ecologie.com\/wp-content\/uploads\/2024\/07\/Extrait-LHomme-qui-plantait-des-arbres-1080.mov\"><\/video><\/figure>\n\n\n\n<p>Extrait de&nbsp;<em>L\u2019Homme qui plantait des arbres<\/em>&nbsp;de Fr\u00e9d\u00e9ric Back<\/p>\n","protected":false},"excerpt":{"rendered":"<p>Projection pr\u00e9sent\u00e9e et suivie d\u2019une rencontre autour des arbres Jeudi 12 mars 2026 \u00e0 19h30 \u00e0 la MJC Saint-Just (Lyon 5) L\u2019Homme qui plantait des arbres&nbsp;de Fr\u00e9d\u00e9ric Back, d\u2019apr\u00e8s Jean Giono&nbsp; (Animation, Canada, 1987, 30min, coul, avec la voix de Philippe Noiret) Alors qu\u2019il marche dans les collines du sud de la France, un jeune &hellip; <a href=\"https:\/\/cosmos-culture-ecologie.com\/?page_id=3696\" class=\"more-link\">Continuer la lecture<span class=\"screen-reader-text\"> de &laquo;&nbsp;L&rsquo;Homme qui plantait des arbres&nbsp;&raquo;<\/span><\/a><\/p>\n","protected":false},"author":1,"featured_media":0,"parent":0,"menu_order":0,"comment_status":"closed","ping_status":"closed","template":"","meta":{"footnotes":""},"class_list":["post-3696","page","type-page","status-publish","hentry"],"_links":{"self":[{"href":"https:\/\/cosmos-culture-ecologie.com\/index.php?rest_route=\/wp\/v2\/pages\/3696","targetHints":{"allow":["GET"]}}],"collection":[{"href":"https:\/\/cosmos-culture-ecologie.com\/index.php?rest_route=\/wp\/v2\/pages"}],"about":[{"href":"https:\/\/cosmos-culture-ecologie.com\/index.php?rest_route=\/wp\/v2\/types\/page"}],"author":[{"embeddable":true,"href":"https:\/\/cosmos-culture-ecologie.com\/index.php?rest_route=\/wp\/v2\/users\/1"}],"replies":[{"embeddable":true,"href":"https:\/\/cosmos-culture-ecologie.com\/index.php?rest_route=%2Fwp%2Fv2%2Fcomments&post=3696"}],"version-history":[{"count":5,"href":"https:\/\/cosmos-culture-ecologie.com\/index.php?rest_route=\/wp\/v2\/pages\/3696\/revisions"}],"predecessor-version":[{"id":3750,"href":"https:\/\/cosmos-culture-ecologie.com\/index.php?rest_route=\/wp\/v2\/pages\/3696\/revisions\/3750"}],"wp:attachment":[{"href":"https:\/\/cosmos-culture-ecologie.com\/index.php?rest_route=%2Fwp%2Fv2%2Fmedia&parent=3696"}],"curies":[{"name":"wp","href":"https:\/\/api.w.org\/{rel}","templated":true}]}}