{"id":3692,"date":"2026-01-15T19:04:25","date_gmt":"2026-01-15T18:04:25","guid":{"rendered":"https:\/\/cosmos-culture-ecologie.com\/?page_id=3692"},"modified":"2026-04-18T11:34:36","modified_gmt":"2026-04-18T09:34:36","slug":"au-printemps-les-oiseaux-2","status":"publish","type":"page","link":"https:\/\/cosmos-culture-ecologie.com\/?page_id=3692","title":{"rendered":"Au printemps les oiseaux !"},"content":{"rendered":"\n<p><\/p>\n\n\n\n<p class=\"has-small-font-size\">Notre programmation annuelle \u00ab&nbsp;Au printemps les oiseaux !&nbsp;\u00bb revient en 2026. <\/p>\n\n\n\n<p class=\"has-small-font-size\">Au programme : un \u00ab\u00a0Rendez-vous Microcosmos &#8211; Film &amp; Rencontre\u00a0\u00bb, une conf\u00e9rence-spectacle et une balade-observation, en partenariat avec la LPO AuRA et avec le soutien de la M\u00e9tropole de Lyon dans le cadre du PATR (Plan d&rsquo;accompagnement \u00e0 la Transition et \u00e0 la R\u00e9silience).<\/p>\n\n\n\n<p style=\"font-size:15px\"><\/p>\n\n\n\n<p style=\"font-size:15px\"><br><strong>FILM &amp; RENCONTRE <\/strong><\/p>\n\n\n\n<p style=\"font-size:15px\"><strong><em>Le Peuple migrateur&nbsp;<\/em><\/strong>de Jacques Perrin&nbsp;(doc., Fr, 2001, 1h38, coul)<\/p>\n\n\n\n<p style=\"font-size:15px\">Mercredi 22 avril \u00e0 14h15 au Cin\u00e9 Rillieux&nbsp;<\/p>\n\n\n\n<p class=\"has-small-font-size\">C\u2019est l\u2019histoire d\u2019une promesse\u2026 La promesse d\u2019un retour. Le r\u00e9alisateur Jacques Perrin et son \u00e9quipe ont parcouru la plan\u00e8te pour suivre les trajets d\u2019une trentaine d\u2019oiseaux migrateurs, et d\u00e9couvrir leurs escales saisonni\u00e8res. Le film a \u00e9t\u00e9 restaur\u00e9 et offre un spectacle rare : ses images prodigieuses, exceptionnelles, touchent au coeur, \u00e9merveillent, et donnent envie de conna\u00eetre et de prot\u00e9ger les oiseaux.<\/p>\n\n\n\n<p class=\"has-small-font-size\">La projection sera suivie d\u2019un \u00e9change avec Leslie Favre, coordinatrice du p\u00f4le Education et \u00c9ducatrice \u00e0 l&rsquo;environnement&nbsp;\u00e0 LPO Auvergne-Rh\u00f4ne-Alpes.&nbsp;<\/p>\n\n\n\n<p class=\"has-small-font-size\">Pour tous les publics d\u00e8s 8 ans.&nbsp;&nbsp;<\/p>\n\n\n\n<p class=\"has-small-font-size\"><strong>Cin\u00e9 Rillieux<\/strong>, 81 bis Avenue de l\u2019Europe, 69140 Rillieux-la-Pape \u2013 Acc\u00e8s :&nbsp;<a href=\"https:\/\/www.tcl.fr\/itineraires\">Bus C5\/C2<\/a>&nbsp;: arr\u00eat L\u2019\u00e9chapp\u00e9e<\/p>\n\n\n\n<p class=\"has-text-align-center has-small-font-size\"><a href=\"https:\/\/www.cine-rillieux.fr\/#showsession?id=emsx014500043707\"><strong>Billetterie<\/strong><\/a><br><\/p>\n\n\n\n<figure class=\"wp-block-image size-large is-resized\"><img loading=\"lazy\" decoding=\"async\" width=\"1024\" height=\"551\" src=\"https:\/\/cosmos-culture-ecologie.com\/wp-content\/uploads\/2026\/01\/Peuple-mi-Cap008-1-scaled-1-1024x551.jpg\" alt=\"\" class=\"wp-image-3682\" style=\"width:373px\" srcset=\"https:\/\/cosmos-culture-ecologie.com\/wp-content\/uploads\/2026\/01\/Peuple-mi-Cap008-1-scaled-1-1024x551.jpg 1024w, https:\/\/cosmos-culture-ecologie.com\/wp-content\/uploads\/2026\/01\/Peuple-mi-Cap008-1-scaled-1-300x161.jpg 300w, https:\/\/cosmos-culture-ecologie.com\/wp-content\/uploads\/2026\/01\/Peuple-mi-Cap008-1-scaled-1-768x413.jpg 768w, https:\/\/cosmos-culture-ecologie.com\/wp-content\/uploads\/2026\/01\/Peuple-mi-Cap008-1-scaled-1-1536x826.jpg 1536w, https:\/\/cosmos-culture-ecologie.com\/wp-content\/uploads\/2026\/01\/Peuple-mi-Cap008-1-scaled-1-2048x1102.jpg 2048w, https:\/\/cosmos-culture-ecologie.com\/wp-content\/uploads\/2026\/01\/Peuple-mi-Cap008-1-scaled-1-1200x645.jpg 1200w\" sizes=\"auto, (max-width: 709px) 85vw, (max-width: 909px) 67vw, (max-width: 1362px) 62vw, 840px\" \/><\/figure>\n\n\n\n<p><\/p>\n\n\n\n<p style=\"font-size:15px\"><strong><em>Les Martinets !<\/em><\/strong>\u00a0<strong><em>Conf\u00e9rence-spectacle presque pas anthropocentr\u00e9e<\/em><\/strong>\u00a0de Lucile Paysant et Kathleen Dol, Collectif X (1h25, pour tous les publics d\u00e8s 7 ans)<\/p>\n\n\n\n<p style=\"font-size:15px\"><strong>Mercredi 20 mai \u00e0 19h \u00e0 la Ferme urbaine des Semailles \u00e0 Rillieux-la-Pape<\/strong> dans le cadre de la F\u00eate de la Nature <\/p>\n\n\n\n<p class=\"has-small-font-size\">&nbsp;A la crois\u00e9e de la fausse conf\u00e9rence scientifique, de la mauvaise com\u00e9die musicale et des vraies explications ludiques accessibles \u00e0 tous.tes, deux n\u00e9o-martinophiles humaines, Martine et Martine, vont vous raconter ce qu\u2019elles ont d\u00e9couvert sur le mode de vie des martinets, leurs \u00e9tats d\u2019\u00e2mes et leurs surprenantes particularit\u00e9s.<\/p>\n\n\n\n<p class=\"has-small-font-size\">Suite \u00e0 des O.T.T (Observations Tout Terrain) scrupuleuses, des entretiens avec des sp\u00e9cialistes, avec des passionn\u00e9.e.s obsessionnel.le.s, et gr\u00e2ce \u00e0 des t\u00e9moignages r\u00e9colt\u00e9s aupr\u00e8s de martinets volubiles, elles vous permettront d\u2019approcher d\u2019un peu plus pr\u00e8s ces bolides du ciel qui fr\u00f4lent vos toitures \u00e0 toute berzingue, et de, peut-\u00eatre, percer les secrets de ces oiseaux myst\u00e9rieux !<\/p>\n\n\n\n<p class=\"has-small-font-size\">Une pi\u00e8ce de th\u00e9\u00e2tre pour tous.tes, \u00e0 la d\u00e9couverte des martinets, lors d\u2019un moment chaleureux, scientifique et d\u00e9cal\u00e9.<\/p>\n\n\n\n<p class=\"has-small-font-size\">En entr\u00e9e libre.<\/p>\n\n\n\n<p class=\"has-small-font-size\"><strong>Acc\u00e8s<\/strong>\u00a0: Ferme urbaine des Semailles \u00e0 Rillieux-la-Pape, 1 rue du Luxembourg 69140 Rillieux-la-Pape.\u00a0<a href=\"https:\/\/www.tcl.fr\/se-deplacer\/plan-interactif\">TCL<\/a> : Bus\u00a059 arr\u00eat Rillieux Nations ;  Bus C2 ou C5 arr\u00eat Rillieux Semailles.<\/p>\n\n\n\n<figure class=\"wp-block-image size-large is-resized\"><img loading=\"lazy\" decoding=\"async\" width=\"1024\" height=\"576\" src=\"https:\/\/cosmos-culture-ecologie.com\/wp-content\/uploads\/2025\/03\/lesmartinets-1-1024x576.jpg\" alt=\"\" class=\"wp-image-3218\" style=\"width:366px;height:auto\" srcset=\"https:\/\/cosmos-culture-ecologie.com\/wp-content\/uploads\/2025\/03\/lesmartinets-1-1024x576.jpg 1024w, https:\/\/cosmos-culture-ecologie.com\/wp-content\/uploads\/2025\/03\/lesmartinets-1-300x169.jpg 300w, https:\/\/cosmos-culture-ecologie.com\/wp-content\/uploads\/2025\/03\/lesmartinets-1-768x432.jpg 768w, https:\/\/cosmos-culture-ecologie.com\/wp-content\/uploads\/2025\/03\/lesmartinets-1-1536x864.jpg 1536w, https:\/\/cosmos-culture-ecologie.com\/wp-content\/uploads\/2025\/03\/lesmartinets-1-1200x675.jpg 1200w, https:\/\/cosmos-culture-ecologie.com\/wp-content\/uploads\/2025\/03\/lesmartinets-1.jpg 1920w\" sizes=\"auto, (max-width: 709px) 85vw, (max-width: 909px) 67vw, (max-width: 1362px) 62vw, 840px\" \/><\/figure>\n\n\n\n<p><\/p>\n\n\n\n<p style=\"font-size:15px\"><strong>Balade-observation des oiseaux migrateurs<\/strong><\/p>\n\n\n\n<p style=\"font-size:15px\">Mardi 16 juin \u00e0 18h au Bois de Sermenaz&nbsp;<\/p>\n\n\n\n<p class=\"has-small-font-size\">Anim\u00e9e par Leslie Favre, coordinatrice du p\u00f4le Education et \u00c9ducatrice \u00e0 l&rsquo;environnement&nbsp;\u00e0 LPO Auvergne-Rh\u00f4ne-Alpes&nbsp;<\/p>\n\n\n\n<p class=\"has-small-font-size\">Dur\u00e9e : 2h. Pour tous les publics d\u00e8s 8 ans.&nbsp;<\/p>\n\n\n\n<p class=\"has-small-font-size\">Balade-atelier&nbsp;\u00e0 prix libre, sur inscriptions. Lieu de rendez-vous transmis au moment de l\u2019inscription, accessible en transports en commun (Bus TCL).&nbsp;<\/p>\n\n\n\n<p class=\"has-text-align-center has-small-font-size\"><strong><a href=\"https:\/\/www.helloasso.com\/associations\/cosmos-culture-et-ecologie\/evenements\/balade-observation-autour-des-oiseaux-migrateurs-avec-la-lpo-aura\">Inscriptions \u00e0 la balade-observation (\u00e0 prix libre)<\/a><\/strong><\/p>\n\n\n\n<p><\/p>\n\n\n\n<p style=\"font-size:15px\"><strong><br>\u00c9v\u00e9nement partenaire&nbsp;<\/strong><\/p>\n\n\n\n<p class=\"has-small-font-size\"><strong>Les Martinets ! Conf\u00e9rence-spectacle presque pas anthropocentr\u00e9e\u00a0<\/strong>de Lucile Paysant et Kathleen Dol (Collectif X,\u00a01h25, d\u00e8s 7 ans), <strong>jeudi 25 juin \u00e0 19h<\/strong> \u00e0 la Maison Ravier (Lyon 7), dans le cadre de Festiv&rsquo;ailes, festival citoyen sur les oiseaux en ville, organis\u00e9 par le\u00a0<a href=\"https:\/\/mairie7.lyon.fr\/participation-citoyenne\/conseils-de-quartier\/conseil-de-quartier-gerland\" target=\"_blank\" rel=\"noreferrer noopener\">Conseil de quartier Gerland 7e<\/a>.\u00a0<\/p>\n\n\n\n<p><\/p>\n\n\n\n<figure class=\"wp-block-image size-large is-resized\"><img loading=\"lazy\" decoding=\"async\" width=\"1024\" height=\"551\" src=\"https:\/\/cosmos-culture-ecologie.com\/wp-content\/uploads\/2026\/03\/Peuple-mi-Cap005-1-scaled-1-1024x551.jpg\" alt=\"\" class=\"wp-image-3815\" style=\"width:373px;height:auto\" srcset=\"https:\/\/cosmos-culture-ecologie.com\/wp-content\/uploads\/2026\/03\/Peuple-mi-Cap005-1-scaled-1-1024x551.jpg 1024w, https:\/\/cosmos-culture-ecologie.com\/wp-content\/uploads\/2026\/03\/Peuple-mi-Cap005-1-scaled-1-300x161.jpg 300w, https:\/\/cosmos-culture-ecologie.com\/wp-content\/uploads\/2026\/03\/Peuple-mi-Cap005-1-scaled-1-768x413.jpg 768w, https:\/\/cosmos-culture-ecologie.com\/wp-content\/uploads\/2026\/03\/Peuple-mi-Cap005-1-scaled-1-1536x826.jpg 1536w, https:\/\/cosmos-culture-ecologie.com\/wp-content\/uploads\/2026\/03\/Peuple-mi-Cap005-1-scaled-1-2048x1102.jpg 2048w, https:\/\/cosmos-culture-ecologie.com\/wp-content\/uploads\/2026\/03\/Peuple-mi-Cap005-1-scaled-1-1200x645.jpg 1200w\" sizes=\"auto, (max-width: 709px) 85vw, (max-width: 909px) 67vw, (max-width: 1362px) 62vw, 840px\" \/><\/figure>\n\n\n\n<p><\/p>\n\n\n\n<p><\/p>\n\n\n\n<p class=\"has-small-font-size\"><strong>Avec le soutien de la M\u00e9tropole de Lyon, dans le cadre du PATR (Plan d&rsquo;accompagnement \u00e0 la Transition et \u00e0 la r\u00e9silience), et en partenariat avec la LPO AuRA et le Cin\u00e9 Rillieux. Un grand merci \u00e0 elles et eux. <\/strong><\/p>\n\n\n\n<p><\/p>\n","protected":false},"excerpt":{"rendered":"<p>Notre programmation annuelle \u00ab&nbsp;Au printemps les oiseaux !&nbsp;\u00bb revient en 2026. Au programme : un \u00ab\u00a0Rendez-vous Microcosmos &#8211; Film &amp; Rencontre\u00a0\u00bb, une conf\u00e9rence-spectacle et une balade-observation, en partenariat avec la LPO AuRA et avec le soutien de la M\u00e9tropole de Lyon dans le cadre du PATR (Plan d&rsquo;accompagnement \u00e0 la Transition et \u00e0 la R\u00e9silience). &hellip; <a href=\"https:\/\/cosmos-culture-ecologie.com\/?page_id=3692\" class=\"more-link\">Continuer la lecture<span class=\"screen-reader-text\"> de &laquo;&nbsp;Au printemps les oiseaux !&nbsp;&raquo;<\/span><\/a><\/p>\n","protected":false},"author":1,"featured_media":0,"parent":0,"menu_order":0,"comment_status":"closed","ping_status":"closed","template":"","meta":{"footnotes":""},"class_list":["post-3692","page","type-page","status-publish","hentry"],"_links":{"self":[{"href":"https:\/\/cosmos-culture-ecologie.com\/index.php?rest_route=\/wp\/v2\/pages\/3692","targetHints":{"allow":["GET"]}}],"collection":[{"href":"https:\/\/cosmos-culture-ecologie.com\/index.php?rest_route=\/wp\/v2\/pages"}],"about":[{"href":"https:\/\/cosmos-culture-ecologie.com\/index.php?rest_route=\/wp\/v2\/types\/page"}],"author":[{"embeddable":true,"href":"https:\/\/cosmos-culture-ecologie.com\/index.php?rest_route=\/wp\/v2\/users\/1"}],"replies":[{"embeddable":true,"href":"https:\/\/cosmos-culture-ecologie.com\/index.php?rest_route=%2Fwp%2Fv2%2Fcomments&post=3692"}],"version-history":[{"count":12,"href":"https:\/\/cosmos-culture-ecologie.com\/index.php?rest_route=\/wp\/v2\/pages\/3692\/revisions"}],"predecessor-version":[{"id":3891,"href":"https:\/\/cosmos-culture-ecologie.com\/index.php?rest_route=\/wp\/v2\/pages\/3692\/revisions\/3891"}],"wp:attachment":[{"href":"https:\/\/cosmos-culture-ecologie.com\/index.php?rest_route=%2Fwp%2Fv2%2Fmedia&parent=3692"}],"curies":[{"name":"wp","href":"https:\/\/api.w.org\/{rel}","templated":true}]}}