{"id":3607,"date":"2025-11-10T16:24:26","date_gmt":"2025-11-10T15:24:26","guid":{"rendered":"https:\/\/cosmos-culture-ecologie.com\/?page_id=3607"},"modified":"2026-03-31T11:50:28","modified_gmt":"2026-03-31T09:50:28","slug":"cosmologies-chanson-et-poesie","status":"publish","type":"page","link":"https:\/\/cosmos-culture-ecologie.com\/?page_id=3607","title":{"rendered":"Cosmologies, chanson et po\u00e9sie"},"content":{"rendered":"\n<p><\/p>\n\n\n\n<p class=\"has-text-align-center has-medium-font-size\"><strong>Cosmologies<\/strong><\/p>\n\n\n\n<p class=\"has-text-align-center\"><strong>Chanson et po\u00e9sie autour du vivant<\/strong><\/p>\n\n\n\n<p class=\"has-text-align-center\">par Pauline De Boever, <\/p>\n\n\n\n<p class=\"has-text-align-center\">accompagn\u00e9e par Olivier Longre<\/p>\n\n\n\n<p class=\"has-text-align-center\">Une cr\u00e9ation musicale et po\u00e9tique, m\u00ealant chansons originales et lectures de po\u00e8mes et de textes,&nbsp;port\u00e9e par Cosmos &#8211; culture et \u00e9cologie&nbsp;<\/p>\n\n\n\n<p class=\"has-small-font-size\"><em>Cosmologies<\/em>&nbsp;propose un ensemble de chansons originales et de textes, arrang\u00e9s et accompagn\u00e9s par le musicien multi-instrumentiste lyonnais Olivier Longre. On y retrouve aussi, ici et l\u00e0, l\u2019\u00e9cho des voix de la po\u00e9tesse iranienne Forough Farrokhz\u00e2d, de l\u2019oc\u00e9anographe Fran\u00e7ois Sarano, et de l\u2019\u00e9crivaine Claudie Hunzinger.&nbsp;<\/p>\n\n\n\n<p class=\"has-small-font-size\">Dans ses chansons et ses textes, Pauline distille son attention \u00e0 la vie et son \u00e9merveillement pour le vivant, interroge en filigrane notre place dans le cosmos, notre lien d\u2019animal aux autres animaux, sonde le myst\u00e8re de nos existences terrestres et de l\u2019aventure terrienne. Des chansons de peau, de po\u00e9sie, et de cosmos, tram\u00e9es de sourires et de larmes, qui tissent un lien sensible au vivant et au monde.<\/p>\n\n\n\n<p class=\"has-small-font-size\">Le musicien Olivier Longre y apporte sa grande sensibilit\u00e9, sa po\u00e9sie musicale, dans une cr\u00e9ation musicale originale, profonde et ent\u00eatante. Il propose un instrumentarium compos\u00e9 d\u2019un clavier, de guitare \u00e9lectrique, de percussions l\u00e9g\u00e8res et il aime aussi y apporter des instruments inattendus et m\u00e9connus.&nbsp;&nbsp;<\/p>\n\n\n\n<p class=\"has-dark-gray-color has-text-color has-link-color has-small-font-size wp-elements-3ccf869f878f2d845bd3c80b6a564462\"><strong>Ecouter des<\/strong> <strong>extraits live de <em>Cosmologies<\/em> :<\/strong> <a href=\"https:\/\/youtu.be\/uHkWJ3CBE3w\" target=\"_blank\" rel=\"noreferrer noopener\">Brise-larmes<\/a> et <a href=\"https:\/\/youtu.be\/q5dVarH8Pz8\" target=\"_blank\" rel=\"noreferrer noopener\">L\u2019Etincelle<\/a> et l&rsquo;enregistrement du po\u00e8me&nbsp;<a href=\"https:\/\/soundcloud.com\/paulinedeboever\/la-baignade-poeme-de-forough-farrokhzad\/s-DLEJVpjY7WY?si=f460df50a5c946bda207668214142ea6&amp;utm_source=clipboard&amp;utm_medium=text&amp;utm_campaign=social_sharing\"><em>La Baignade<\/em><\/a> de la po\u00e9tesse iranienne Forough&nbsp;Farrokhz\u00e2d.&nbsp;<\/p>\n\n\n\n<p class=\"has-text-align-center has-dark-gray-color has-text-color has-link-color has-small-font-size wp-elements-c4dcd806ae8352701ecf4a9854596c3f\"><strong><span style=\"text-decoration: underline;\"><a href=\"https:\/\/cosmos-culture-ecologie.com\/wp-content\/uploads\/2026\/03\/Dossier-de-presentation-Cosmologies-Pauline-De-Boever-Olivier-Longre-pour-site.pdf\" target=\"_blank\" rel=\"noreferrer noopener\">T\u00e9l\u00e9charger le dossier de pr\u00e9sentation de <em>Cosmologies<\/em><\/a><\/span><\/strong><\/p>\n\n\n\n<p class=\"has-text-align-left has-dark-gray-color has-text-color has-link-color has-small-font-size wp-elements-33598a9164c342ffb38dcbdf0939201e\"><strong>Dates : <\/strong><\/p>\n\n\n\n<p class=\"has-text-align-left has-dark-gray-color has-text-color has-link-color has-small-font-size wp-elements-5791daf54afb6ad121da220c574ac915\"><strong>Dans le cadre du <a href=\"https:\/\/www.magnifiqueprintemps.fr\/\">Magnifique Printemps<\/a>, organis\u00e9 par l&rsquo;<a href=\"https:\/\/espacepandora.org\/\" target=\"_blank\" rel=\"noreferrer noopener\">Espace Pandora<\/a><\/strong>, deux repr\u00e9sentations :<\/p>\n\n\n\n<p class=\"has-text-align-left has-dark-gray-color has-text-color has-link-color has-small-font-size wp-elements-79f9b81ea1d900fd6bfd430c8a54cfe2\"><strong>Jeudi 19 mars \u00e0 18h<\/strong> \u00e0 la <strong><a href=\"https:\/\/bm-venissieux.fr\/\" target=\"_blank\" rel=\"noreferrer noopener\">M\u00e9diath\u00e8que Lucie Aubrac de V\u00e9nissieux<\/a><\/strong> (2\/4 avenue Marcel Hou\u00ebl, M\u00e9tro Gare de V\u00e9nissieux puis tram T4 arr\u00eat M. Hou\u00ebl H\u00f4tel de Ville)<\/p>\n\n\n\n<p class=\"has-text-align-left has-dark-gray-color has-text-color has-link-color has-small-font-size wp-elements-001b715c3154403b8651092b3c76ad7c\">et <strong>vendredi 20 mars \u00e0 20h au <a href=\"http:\/\/www.rita-plage.com\/concerts--spectacles.html\" target=\"_blank\" rel=\"noreferrer noopener\">Rita Plage<\/a><\/strong> (68 cours Tolsto\u00ef, Villeurbanne, M\u00e9tro R\u00e9publique ou Bus&nbsp;<strong>C3<\/strong>&nbsp;arr\u00eat&nbsp;\u00ab\u00a0Institut d&rsquo;Art Contemporain\u00a0\u00bb)<\/p>\n\n\n\n<p class=\"has-dark-gray-color has-text-color has-link-color has-small-font-size wp-elements-e0c1db368e3e96a141cbaf4dfe5eb5a9\"><strong>Mardi 13 janvier \u00e0 19h30 \u00e0 <a href=\"https:\/\/agendarts.wordpress.com\/scene-decouverte\/\">Agend&rsquo;Arts<\/a> <\/strong>(4 rue de Belfort, Lyon 4, M\u00e9tro Croix-Rousse)<\/p>\n\n\n\n<p class=\"has-dark-gray-color has-text-color has-link-color has-small-font-size wp-elements-e2a9228b1dcfb843ab6885c38f37a393\"><strong>Mercredi 3 d\u00e9cembre \u00e0 20h<\/strong> en appartement (Lyon 7, M\u00e9tro Saxe-Gambetta). <\/p>\n\n\n\n<p class=\"has-text-align-center has-dark-gray-color has-text-color has-link-color has-small-font-size wp-elements-3347580cb429f3abe5212b6589aedcda\">Si vous souhaitez en savoir plus sur ce projet ou le programmer, vous pouvez nous contacter \u00e0 : contact (a) cosmos-culture-ecologie.com ou 06.85.83.02.33<\/p>\n\n\n\n<p class=\"has-text-align-center has-dark-gray-color has-text-color has-link-color has-small-font-size wp-elements-d41eb62e634651fe08cd6331214f0af3\">Vous pouvez \u00e9galement vous inscrire \u00e0 notre newsletter <a href=\"https:\/\/d5d1d202.sibforms.com\/serve\/MUIEANRagwtyoz6q92FovNCWMixRZDM06DIEBXiuQtOGDzg0003QhyqPzeHaP2lM5Yrcz-3HrhCX3i5JXB9yQR6cu63Y3Ru1IYTD-P7FyJkjesuMV-uLgtnBnQ2ZyfJOg3_sotaJfjLk5XO-KRefQ_eWF2h8sCUNksPFBTiSl9ihDVL1SFM9m-cF0k8m713InSmaFNtEiORCSJ8E\" target=\"_blank\" rel=\"noreferrer noopener\">ici<\/a> pour \u00eatre inform\u00e9 des prochaines dates.<\/p>\n\n\n\n<p><\/p>\n\n\n\n<p style=\"font-size:14px\"><strong>Autour de <em>Cosmologies<\/em> :<\/strong> <\/p>\n\n\n\n<p class=\"has-small-font-size\">En \u00e9cho \u00e0 cette cr\u00e9ation, nous proposons des ateliers \u00ab\u00a0Po\u00e9sie et cr\u00e9ation sonore\u00a0\u00bb pour tous les publics, ainsi qu&rsquo;une exposition de s\u00e9rigraphies d&rsquo;art sign\u00e9es Phileas Dog. Voir plus d&rsquo;informations <a href=\"https:\/\/cosmos-culture-ecologie.com\/?page_id=3596\" target=\"_blank\" rel=\"noreferrer noopener\">ici<\/a>. Nous proposerons aussi <em>Cosmologies <\/em>version solo, en piano-voix, par Pauline De Boever.<\/p>\n\n\n\n<p><\/p>\n\n\n\n<div class=\"wp-block-media-text is-stacked-on-mobile\" style=\"grid-template-columns:20% auto\"><figure class=\"wp-block-media-text__media\"><img loading=\"lazy\" decoding=\"async\" width=\"683\" height=\"1024\" src=\"https:\/\/cosmos-culture-ecologie.com\/wp-content\/uploads\/2025\/10\/202507-PaulineDeBoever-web\u00a9FannyVandecandelaere-1-683x1024.jpg\" alt=\"\" class=\"wp-image-3566 size-full\" srcset=\"https:\/\/cosmos-culture-ecologie.com\/wp-content\/uploads\/2025\/10\/202507-PaulineDeBoever-web\u00a9FannyVandecandelaere-1-683x1024.jpg 683w, https:\/\/cosmos-culture-ecologie.com\/wp-content\/uploads\/2025\/10\/202507-PaulineDeBoever-web\u00a9FannyVandecandelaere-1-200x300.jpg 200w, https:\/\/cosmos-culture-ecologie.com\/wp-content\/uploads\/2025\/10\/202507-PaulineDeBoever-web\u00a9FannyVandecandelaere-1-768x1152.jpg 768w, https:\/\/cosmos-culture-ecologie.com\/wp-content\/uploads\/2025\/10\/202507-PaulineDeBoever-web\u00a9FannyVandecandelaere-1.jpg 800w\" sizes=\"auto, (max-width: 683px) 85vw, 683px\" \/><\/figure><div class=\"wp-block-media-text__content\">\n<p style=\"font-size:14px\"><strong>Pauline De Boever &nbsp;<\/strong><\/p>\n\n\n\n<p style=\"font-size:12px\">Homo sapiens du XXIe si\u00e8cle, autrice, compositrice et interpr\u00e8te, cofondatrice en 2019 de Cosmos &#8211; culture et \u00e9cologie, Pauline&nbsp;r\u00eave la vie en vert. De beaux verts, vert sapin et vert \u00e9meraude. Elle est programmatrice culturelle, et com\u00e9dienne \u00e0 ses heures gagn\u00e9es. Tente d\u2019\u00e9crire de beaux vers, tandis que d\u2019autres beaux vers inlassablement malaxent, des parcelles de terre \u2013 que jamais ils ne tr\u00e9passent. De beaux vers pour de beaux lendemains (qui chantent).<\/p>\n\n\n\n<p style=\"font-size:10px\">\u00a9 Fanny Vandecandelaere<\/p>\n<\/div><\/div>\n\n\n\n<p><\/p>\n\n\n\n<div class=\"wp-block-media-text is-stacked-on-mobile\" style=\"grid-template-columns:20% auto\"><figure class=\"wp-block-media-text__media\"><img loading=\"lazy\" decoding=\"async\" width=\"135\" height=\"180\" src=\"https:\/\/cosmos-culture-ecologie.com\/wp-content\/uploads\/2025\/10\/image.png\" alt=\"\" class=\"wp-image-3567 size-full\"\/><\/figure><div class=\"wp-block-media-text__content\">\n<p class=\"has-small-font-size\"><strong>Olivier Longre&nbsp;<\/strong><\/p>\n\n\n\n<p style=\"font-size:12px\">Auteur-compositeur, r\u00e9alisateur et musicien multi-instrumentiste, influenc\u00e9 par les musiques noires am\u00e9ricaines, folk et contemporaines, Olivier Longre explore au fil du temps toutes sortes de textures et d\u2019assemblages sonores, cultivant une approche singuli\u00e8re et visuelle de la musique.&nbsp;<\/p>\n\n\n\n<p style=\"font-size:12px\">En 2007, il r\u00e9alise pour la chanteuse&nbsp;<strong>Am\u00e9lie-Les-Crayons<\/strong>&nbsp;l\u2019album&nbsp;<em>Le Porte-Plume<\/em>, Grand Prix de l\u2019Acad\u00e9mie Charles Cros. Cette collaboration perdure sur trois albums et donne lieu \u00e0 pr\u00e8s de 400 concerts.<\/p>\n<\/div><\/div>\n\n\n\n<p style=\"font-size:12px\">Apr\u00e8s deux albums, <em>Antique Melodies <\/em>en 2013 et<em> Lettre \u00e0 Jeanne <\/em>en 2016, il compose en 2020 l&rsquo;album <em>Amore Disamore<\/em>, inspir\u00e9 par la lecture des&nbsp;<em>Villes Invisibles<\/em>&nbsp;d\u2019Italo Calvino. Il m\u00eale \u00e0 son piano, percussions, instruments \u00e0 vents, sons modulaires<strong>.<\/strong> \u00ab&nbsp;Musique pour les yeux peut-\u00eatre. Mais pour les autres sens aussi. Tapisserie dont on se r\u00e9jouira de d\u00e9celer un nouveau d\u00e9tail \u00e0 la douzi\u00e8me \u00e9coute.&nbsp;\u00bb&nbsp;&nbsp;Fran\u00e7ois Gorin &#8211;&nbsp;<em>T\u00e9l\u00e9rama<\/em><\/p>\n\n\n\n<p style=\"font-size:12px\">Depuis 2016, il met en musique pour Radio France, lectures, th\u00e9\u00e2tre et fictions radiophoniques en collaboration avec le r\u00e9alisateur&nbsp;Baptiste Guiton. Il a \u00e9galement collabor\u00e9 avec&nbsp;Victoria Chaplin, pour sa pi\u00e8ce&nbsp;<em>Bells and Spells, <\/em>en 2018. Il m\u00e8ne \u00e9galement des projets d\u2019actions culturelles avec des publics scolaires et adultes. Enfin, il fait partie du projet <em>Soyez sympas imaginez<\/em>, programm\u00e9 deux fois \u00e0 l\u2019Op\u00e9ra Underground &#8211; Op\u00e9ra de Lyon en 2025. Il jouera d\u00e9but 2026 \u00e0 deux reprises \u00e0 l&rsquo;Opera Underground dans deux cr\u00e9ations. &nbsp;<\/p>\n\n\n\n<p style=\"font-size:12px\">Pour en savoir plus : <a href=\"https:\/\/olivierlongre.com\/\" target=\"_blank\" rel=\"noreferrer noopener\">https:\/\/olivierlongre.com\/<\/a><\/p>\n","protected":false},"excerpt":{"rendered":"<p>Cosmologies Chanson et po\u00e9sie autour du vivant par Pauline De Boever, accompagn\u00e9e par Olivier Longre Une cr\u00e9ation musicale et po\u00e9tique, m\u00ealant chansons originales et lectures de po\u00e8mes et de textes,&nbsp;port\u00e9e par Cosmos &#8211; culture et \u00e9cologie&nbsp; Cosmologies&nbsp;propose un ensemble de chansons originales et de textes, arrang\u00e9s et accompagn\u00e9s par le musicien multi-instrumentiste lyonnais Olivier Longre. &hellip; <a href=\"https:\/\/cosmos-culture-ecologie.com\/?page_id=3607\" class=\"more-link\">Continuer la lecture<span class=\"screen-reader-text\"> de &laquo;&nbsp;Cosmologies, chanson et po\u00e9sie&nbsp;&raquo;<\/span><\/a><\/p>\n","protected":false},"author":1,"featured_media":0,"parent":0,"menu_order":0,"comment_status":"closed","ping_status":"closed","template":"","meta":{"footnotes":""},"class_list":["post-3607","page","type-page","status-publish","hentry"],"_links":{"self":[{"href":"https:\/\/cosmos-culture-ecologie.com\/index.php?rest_route=\/wp\/v2\/pages\/3607","targetHints":{"allow":["GET"]}}],"collection":[{"href":"https:\/\/cosmos-culture-ecologie.com\/index.php?rest_route=\/wp\/v2\/pages"}],"about":[{"href":"https:\/\/cosmos-culture-ecologie.com\/index.php?rest_route=\/wp\/v2\/types\/page"}],"author":[{"embeddable":true,"href":"https:\/\/cosmos-culture-ecologie.com\/index.php?rest_route=\/wp\/v2\/users\/1"}],"replies":[{"embeddable":true,"href":"https:\/\/cosmos-culture-ecologie.com\/index.php?rest_route=%2Fwp%2Fv2%2Fcomments&post=3607"}],"version-history":[{"count":21,"href":"https:\/\/cosmos-culture-ecologie.com\/index.php?rest_route=\/wp\/v2\/pages\/3607\/revisions"}],"predecessor-version":[{"id":3877,"href":"https:\/\/cosmos-culture-ecologie.com\/index.php?rest_route=\/wp\/v2\/pages\/3607\/revisions\/3877"}],"wp:attachment":[{"href":"https:\/\/cosmos-culture-ecologie.com\/index.php?rest_route=%2Fwp%2Fv2%2Fmedia&parent=3607"}],"curies":[{"name":"wp","href":"https:\/\/api.w.org\/{rel}","templated":true}]}}