{"id":3418,"date":"2025-07-03T15:12:28","date_gmt":"2025-07-03T13:12:28","guid":{"rendered":"https:\/\/cosmos-culture-ecologie.com\/?page_id=3418"},"modified":"2025-10-27T11:06:00","modified_gmt":"2025-10-27T10:06:00","slug":"les-castors-la-riviere-et-nous","status":"publish","type":"page","link":"https:\/\/cosmos-culture-ecologie.com\/?page_id=3418","title":{"rendered":"Les Castors, la rivi\u00e8re et nous"},"content":{"rendered":"\n<p><\/p>\n\n\n\n<p class=\"has-small-font-size\">Alors que les milieux humides qui assuraient le dialogue riche entre terres et rivi\u00e8res sont sans cesse r\u00e9duits et boulevers\u00e9s par les activit\u00e9s humaines, alors que les rivi\u00e8res sont b\u00e9tonn\u00e9es, leurs m\u00e9andres bris\u00e9s, comment rendre l&rsquo;eau \u00e0 la terre, comment ramener l&rsquo;eau \u00e0 la vie ? Et si le castor, qui entretient des liens \u00e9troits aux rivi\u00e8res depuis des millions d&rsquo;ann\u00e9es, pouvait nous y aider ? Comment s&rsquo;inspirer du castor pour r\u00e9g\u00e9n\u00e9rer l&rsquo;eau des rivi\u00e8res et des terres ? Une programmation inspir\u00e9e par le livre de Suzanne Husky et Baptiste Morizot, <em>Rendre l&rsquo;eau \u00e0 la terre &#8211; Alliances dans les rivi\u00e8res face au chaos climatique <\/em>(Actes Sud, 2024), avec la projection de deux courts m\u00e9trages de Suzanne Husky et une balade-observation au bord du Rh\u00f4ne. En partenariat avec FNE Rh\u00f4ne et le SMIRIL.<\/p>\n\n\n\n<p><\/p>\n\n\n\n<p><strong>Mardi 18 novembre \u00e0 20h au Cin\u00e9 Mourguet \u00e0 Ste Foy-l\u00e8s-lyon<\/strong><\/p>\n\n\n\n<p>En pr\u00e9sence de Martin Jouve, charg\u00e9 de mission Eau et milieux aquatiques (FNE Rh\u00f4ne)<\/p>\n\n\n\n<p><strong>Le Son d\u2019un nouvelle cascade <\/strong>de Suzanne Husky (Doc, 2022, 32min, coul)<\/p>\n\n\n\n<p class=\"has-small-font-size\">En premi\u00e8re page du <em>Brattleboro Reformer<\/em>, le journal local : \u00ab Eager Beavers. Pumpkin et Pye fondent une famille \u00bb, un article de Patti Smith, et sur l\u2019image, deux castors sur une berge. Une ville qui s&rsquo;int\u00e9resse \u00e0 la vie d\u2019un couple de castors, c\u2019est l&rsquo;\u0153uvre de Patti Smith, naturaliste singuli\u00e8re d\u2019une douceur extraordinaire.<\/p>\n\n\n\n<p class=\"has-small-font-size\">Dans ce petit portrait film\u00e9, on entre un peu dans l\u2019univers de Patti : elle partage comment elle a modifi\u00e9 ses comportements pour se mettre \u00e0 la hauteur des nombreux animaux qu\u2019elle rencontre. Elle nous pr\u00e9sente Pumpkin et Pye et nous partage sa fascination pour les castors. Patti Smith est une naturaliste au Bonnyvale Environmental Education Center, autrice et r\u00e9habilitatrice certifi\u00e9e d&rsquo;animaux sauvages. Elle a \u00e9crit <em>The Beavers of Popples\u2019s Pond<\/em>.<\/p>\n\n\n\n<p style=\"font-size:11px\">Film r\u00e9alis\u00e9 avec le soutien du Palais de Tokyo, la fondation des artistes, le CAP st Fons, la Biennale Lyon Veduta.<\/p>\n\n\n\n<p style=\"font-size:12px\"><strong>Collection IAC, Villeurbanne\/Rh\u00f4ne-Alpes&nbsp;<\/strong>: un grand merci \u00e0 l&rsquo;IAC Institut d&rsquo;Art Contemporain pour le pr\u00eat du film. <\/p>\n\n\n\n<p><\/p>\n\n\n\n<p><strong>Barrages <\/strong>de Suzanne Husky et Christina Valverde (Doc, 2022, 21min, coul)<\/p>\n\n\n\n<p class=\"has-small-font-size\">Suzanne Husky et Cristina Valverde suivent des \u00e9quipes qui construisent des barrages castor mim\u00e9tiques dans le pacifique nord ouest des Etats-Unis. Le film rencontre trois groupes et sites diff\u00e9rents : dans le premier, on imite le castor pour aider un salmonid\u00e9, dans le second, on ralentit l&rsquo;incision d&rsquo;une tourbi\u00e8re, dans le troisi\u00e8me, ce sont les t\u00eatards d&rsquo;une grenouille que des micro-barrages aident.<\/p>\n\n\n\n<p style=\"font-size:10px\">Film r\u00e9alis\u00e9 avec le soutien du Prix Choi, Palais de Tokyo, Biennale de Lyon Veduta.<\/p>\n\n\n\n<p class=\"has-small-font-size\">La projection des deux films sera suivie d&rsquo;une rencontre avec Martin Jouve, anim\u00e9e par Pauline De Boever, cofondatrice de Cosmos &#8211; culture et \u00e9cologie. <\/p>\n\n\n\n<p style=\"font-size:12px\"><strong>Cin\u00e9 Mourguet<\/strong>, 15 rue Deshay, Sainte Foy-l\u00e8s-lyon.&nbsp;<strong>Acc\u00e8s<\/strong>&nbsp;: \u00e0 17min de Perrache en bus TCL. Bus C19 \u2013 Arr\u00eat Ste Foy Mairie ou Bus 49 \u2013 Arr\u00eat Ste Foy Ch\u00e2telain. Et en voiture et covoiturage : parking du M\u00e9ridien.<\/p>\n\n\n\n<p class=\"has-text-align-center\" style=\"font-size:14px\"><strong><a href=\"https:\/\/www.ticketingcine.com\/?EMS1051#showmovie?id=N2H2B\">Billetterie en ligne du Cin\u00e9 Mourguet<\/a> <\/strong><\/p>\n\n\n\n<p><\/p>\n\n\n\n<p><strong>Mercredi 26 novembre \u00e0 14h30 \u00e0 l&rsquo;\u00cele de la Table ronde <\/strong><\/p>\n\n\n\n<p><strong>Balade-observation en nature : sur les traces des castors <\/strong><\/p>\n\n\n\n<p><strong>coanim\u00e9e par Sabine Brogi, \u00e9ducatrice nature \u00e0 FNE Rh\u00f4ne et Cl\u00e9ment Cognet, charg\u00e9 de mission Patrimoine naturel au SMIRIL<\/strong><\/p>\n\n\n\n<p class=\"has-small-font-size\">Une balade en nature sur les traces du castor. Un moment d\u2019observation et d\u2019apprentissage o\u00f9 l\u2019on d\u00e9couvrira l\u2019habitat des castors, leur mode de vie d\u2019alimentation, leur r\u00f4le fascinant dans les \u00e9cosyst\u00e8mes et dans la vie des rivi\u00e8res. Nous d\u00e9couvrirons en quoi ils sont les gardes-forestiers des for\u00eats ripisylves. Nous en profiterons pour d\u00e9construire quelques id\u00e9es re\u00e7ues. Nous apprendrons enfin comment nous pouvons d\u2019une part les imiter pour redynamiser et redistribuer l\u2019eau et les rivi\u00e8res, d\u2019autre part comment nous pouvons favoriser leur pr\u00e9sence et aider \u00e0 les pr\u00e9server.<\/p>\n\n\n\n<p class=\"has-small-font-size\">D\u00e9part de la balade : rdv d\u00e8s 14h15 au parking de l&rsquo;\u00cele de la Table ronde, au niveau de la \u00ab\u00a0pile de traille\u00a0\u00bb (vous ne pourrez pas la manquer!)<\/p>\n\n\n\n<p class=\"has-small-font-size\">Acc\u00e8s : En venant de Vernaison, prendre la D36, traverser le pont qui enjambe le Rh\u00f4ne naturel, puis prendre la premi\u00e8re route \u00e0 droite apr\u00e8s le pont, longer le stade jusqu\u2019au parking. Stationnement&nbsp;: Un grand parking est disponible \u00e0 c\u00f4t\u00e9 de la pile de traille. Acc\u00e8s par les transports en commun&nbsp;: Acc\u00e8s \u00e0 pied possible (attention, les trottoirs du pont sont \u00e9troits, soyez vigilants) depuis l\u2019<a href=\"https:\/\/tcl.fr\/\" target=\"_blank\" rel=\"noreferrer noopener\">arr\u00eat de bus Vernaison Place<\/a>&nbsp;et la&nbsp;<a href=\"https:\/\/www.ter.sncf.com\/auvergne-rhone-alpes\" target=\"_blank\" rel=\"noreferrer noopener\">gare TER de Vernaison<\/a>.<\/p>\n\n\n\n<p class=\"has-text-align-center\" style=\"font-size:14px\"><strong><a href=\"https:\/\/www.helloasso.com\/associations\/cosmos-culture-et-ecologie\/evenements\/les-castors-la-riviere-et-nous\">Inscriptions \u00e0 prix libre<\/a><\/strong><\/p>\n\n\n\n<p><strong>Ressources :<\/strong><\/p>\n\n\n\n<p class=\"has-small-font-size\">Suzanne Husky et Baptiste Morizot, <em>Alliances dans les rivi\u00e8res face au chaos climatique <\/em>(Actes Sud, 2024)<\/p>\n\n\n\n<p class=\"has-small-font-size\">\u00ab\u00a0Rendre l&rsquo;eau \u00e0 la terre\u00a0\u00bb par Baptiste Morizot et Suzanne Husky \u00e0 l&rsquo;Acad\u00e9mie du Climat : <a href=\"https:\/\/www.youtube.com\/watch?v=gDQKMQ-LxuI\">https:\/\/www.youtube.com\/watch?v=gDQKMQ-LxuI<\/a> (et pr\u00e9sentation courte par B. Morizot : <a href=\"https:\/\/www.youtube.com\/watch?v=xbhL0B7uFp8\">https:\/\/www.youtube.com\/watch?v=xbhL0B7uFp8<\/a>)<\/p>\n\n\n\n<p class=\"has-small-font-size\"><strong>Retrouvez et soutenez les actions contribuant au Mouvement d&rsquo;alliance avec le Peuple Castor sur <a href=\"https:\/\/mapca.eu\/\">https:\/\/mapca.eu\/<\/a><\/strong><\/p>\n\n\n\n<figure class=\"wp-block-image size-full\"><img loading=\"lazy\" decoding=\"async\" width=\"759\" height=\"290\" src=\"https:\/\/cosmos-culture-ecologie.com\/wp-content\/uploads\/2025\/07\/IMG_1385-copy_JPG.webp\" alt=\"\" class=\"wp-image-3425\" srcset=\"https:\/\/cosmos-culture-ecologie.com\/wp-content\/uploads\/2025\/07\/IMG_1385-copy_JPG.webp 759w, https:\/\/cosmos-culture-ecologie.com\/wp-content\/uploads\/2025\/07\/IMG_1385-copy_JPG-300x115.webp 300w\" sizes=\"auto, (max-width: 759px) 85vw, 759px\" \/><\/figure>\n\n\n\n<p class=\"has-small-font-size\">Programmation en partenariat avec <a href=\"https:\/\/www.fne-aura.org\/rhone\/\">FNE Rh\u00f4ne<\/a>, le <a href=\"https:\/\/www.smiril.fr\/\">SMIRIL<\/a> (Syndicat Mixte du Rh\u00f4ne des Iles et des L\u00f4nes) et avec le soutien de la M\u00e9tropole de Lyon.<\/p>\n\n\n\n<figure class=\"wp-block-image size-full is-resized\"><img loading=\"lazy\" decoding=\"async\" width=\"860\" height=\"338\" src=\"https:\/\/cosmos-culture-ecologie.com\/wp-content\/uploads\/2025\/03\/Metropole-de-Lyon_Logo-2022_ROUGEBLANC-100.jpg\" alt=\"\" class=\"wp-image-3221\" style=\"width:164px;height:auto\" srcset=\"https:\/\/cosmos-culture-ecologie.com\/wp-content\/uploads\/2025\/03\/Metropole-de-Lyon_Logo-2022_ROUGEBLANC-100.jpg 860w, https:\/\/cosmos-culture-ecologie.com\/wp-content\/uploads\/2025\/03\/Metropole-de-Lyon_Logo-2022_ROUGEBLANC-100-300x118.jpg 300w, https:\/\/cosmos-culture-ecologie.com\/wp-content\/uploads\/2025\/03\/Metropole-de-Lyon_Logo-2022_ROUGEBLANC-100-768x302.jpg 768w\" sizes=\"auto, (max-width: 709px) 85vw, (max-width: 909px) 67vw, (max-width: 1362px) 62vw, 840px\" \/><\/figure>\n\n\n\n<p style=\"font-size:12px\"><br><\/p>\n","protected":false},"excerpt":{"rendered":"<p>Alors que les milieux humides qui assuraient le dialogue riche entre terres et rivi\u00e8res sont sans cesse r\u00e9duits et boulevers\u00e9s par les activit\u00e9s humaines, alors que les rivi\u00e8res sont b\u00e9tonn\u00e9es, leurs m\u00e9andres bris\u00e9s, comment rendre l&rsquo;eau \u00e0 la terre, comment ramener l&rsquo;eau \u00e0 la vie ? Et si le castor, qui entretient des liens \u00e9troits &hellip; <a href=\"https:\/\/cosmos-culture-ecologie.com\/?page_id=3418\" class=\"more-link\">Continuer la lecture<span class=\"screen-reader-text\"> de &laquo;&nbsp;Les Castors, la rivi\u00e8re et nous&nbsp;&raquo;<\/span><\/a><\/p>\n","protected":false},"author":1,"featured_media":0,"parent":0,"menu_order":0,"comment_status":"closed","ping_status":"closed","template":"","meta":{"footnotes":""},"class_list":["post-3418","page","type-page","status-publish","hentry"],"_links":{"self":[{"href":"https:\/\/cosmos-culture-ecologie.com\/index.php?rest_route=\/wp\/v2\/pages\/3418","targetHints":{"allow":["GET"]}}],"collection":[{"href":"https:\/\/cosmos-culture-ecologie.com\/index.php?rest_route=\/wp\/v2\/pages"}],"about":[{"href":"https:\/\/cosmos-culture-ecologie.com\/index.php?rest_route=\/wp\/v2\/types\/page"}],"author":[{"embeddable":true,"href":"https:\/\/cosmos-culture-ecologie.com\/index.php?rest_route=\/wp\/v2\/users\/1"}],"replies":[{"embeddable":true,"href":"https:\/\/cosmos-culture-ecologie.com\/index.php?rest_route=%2Fwp%2Fv2%2Fcomments&post=3418"}],"version-history":[{"count":15,"href":"https:\/\/cosmos-culture-ecologie.com\/index.php?rest_route=\/wp\/v2\/pages\/3418\/revisions"}],"predecessor-version":[{"id":3580,"href":"https:\/\/cosmos-culture-ecologie.com\/index.php?rest_route=\/wp\/v2\/pages\/3418\/revisions\/3580"}],"wp:attachment":[{"href":"https:\/\/cosmos-culture-ecologie.com\/index.php?rest_route=%2Fwp%2Fv2%2Fmedia&parent=3418"}],"curies":[{"name":"wp","href":"https:\/\/api.w.org\/{rel}","templated":true}]}}