{"id":3397,"date":"2025-07-02T14:14:00","date_gmt":"2025-07-02T12:14:00","guid":{"rendered":"https:\/\/cosmos-culture-ecologie.com\/?page_id=3397"},"modified":"2025-12-05T17:07:04","modified_gmt":"2025-12-05T16:07:04","slug":"cocagne-theatre","status":"publish","type":"page","link":"https:\/\/cosmos-culture-ecologie.com\/?page_id=3397","title":{"rendered":"Cocagne &#8211; Th\u00e9\u00e2tre"},"content":{"rendered":"\n<p><\/p>\n\n\n\n<p><strong><em>Cocagne<\/em> un spectacle de G\u00e9raldine Favre (Compagnie Le Saut de la baleine)<\/strong><\/p>\n\n\n\n<p><strong>Dans le cadre du MIAM Festival<\/strong><\/p>\n\n\n\n<p><strong>Samedi 18 octobre \u00e0 16h \u00e0 la Maison de l&rsquo;environnement <\/strong><\/p>\n\n\n\n<p class=\"has-text-align-center\"><a href=\"https:\/\/www.helloasso.com\/associations\/cosmos-culture-et-ecologie\/evenements\/cocagne\"><strong>Inscriptions \u00e0 prix libre d\u00e8s 0\u20ac<\/strong><\/a><\/p>\n\n\n\n<p class=\"has-small-font-size\">Les jardins de Lucie, \u00e0 Communay, f\u00eatent leurs 20 ans. Vous \u00eates convi\u00e9s \u00e0 l\u2019anniversaire&nbsp;! Il y aura le g\u00e2teau, les bougies, les sp\u00e9ciales d\u00e9dicaces et LA RETROSPECTIVE&nbsp;: de la caravane \u00e0 la construction du premier b\u00e2timent, du premier b\u00e2timent \u00e0 la conserverie, de la bande de potes \u00e0 l\u2019\u00e9quipe de professionnels, des obstacles et des r\u00e9ussites\u2026<\/p>\n\n\n\n<p class=\"has-small-font-size\">A propos de la pi\u00e8ce :&nbsp;<\/p>\n\n\n\n<p class=\"has-small-font-size\"><em>Cocagne<\/em>&nbsp;est un spectacle document\u00e9 entra\u00eenant le public dans l\u2019aventure locale d\u2019une association r\u00e9elle, appartenant au R\u00e9seau Cocagne (des jardins alliant mara\u00eechage et insertion sociale), celle des&nbsp;Jardins de Luci<em>e<\/em>&nbsp;\u00e0 Communay, au Sud de Lyon. En une petite heure,&nbsp;<em>Cocagne<\/em>&nbsp;parcourt ses 20 ans d\u2019existence et ravive les grandes \u00e9tapes de son d\u00e9veloppement. Le public plonge au c\u0153ur des \u00e9pisodes charni\u00e8re, au c\u0153ur des d\u00e9bats, des contradictions, des enthousiasmes et des d\u00e9couragements, des anecdotes croustillantes qui font la vie des associations militantes.<\/p>\n\n\n\n<p class=\"has-small-font-size\">Dans&nbsp;<em>Cocagne<\/em>, il est question d\u2019agriculture biologique, d\u2019insertion, d\u2019engagement associatif, de super-b\u00e9n\u00e9voles, de d\u00e9brouillardise, de comit\u00e9s de pilotage, de politique, de blettes, de solidarit\u00e9, de travailleurs sociaux, de caravanes et de tractopelles, de sous, de conserves, de houmous \u00e0 la betterave, de strat\u00e9gie, de conflits douloureux, d\u2019utopie\u2026 Avec une poign\u00e9e de terreau et quelques l\u00e9gumes bio,&nbsp;<em>Cocagne<\/em>&nbsp;d\u00e9ploie un r\u00e9cit \u00e9pique faisant la part belle \u00e0 l\u2019action collective.&nbsp;<strong><em>Cocagne<\/em><\/strong>&nbsp;se donne pour d\u00e9fi d\u2019alimenter les esp\u00e9rances \u00e0 travers le r\u00e9cit enthousiasmant d\u2019une exp\u00e9rience associative \u00e0 l\u2019\u00e9chelle locale.<\/p>\n\n\n\n<p class=\"has-small-font-size\">Texte et mise en sc\u00e8ne : G\u00e9raldine Favre, avec la complicit\u00e9 d&rsquo;Alice Robert. Jeu : Alice Robert, Ingrid Levin, Guillaume Motte. Compagnie Le Saut de la baleine.<\/p>\n\n\n\n<p class=\"has-small-font-size\">Dur\u00e9e&nbsp;: 50min.&nbsp;Tous public \u00e0 partir de 8 ans.<\/p>\n\n\n\n<p class=\"has-small-font-size\">Lieu et acc\u00e8s : Maison de l\u2019Environnement : 14 Av. Tony Garnier, 69007 Lyon. Tram T1 Halle Tony Garnier.<br><\/p>\n\n\n<div class=\"wp-block-image\">\n<figure class=\"aligncenter size-full is-resized\"><img loading=\"lazy\" decoding=\"async\" width=\"945\" height=\"629\" src=\"https:\/\/cosmos-culture-ecologie.com\/wp-content\/uploads\/2025\/07\/Cocagne-2023-10-13_Z7B5072-FullHD-copie.jpg\" alt=\"\" class=\"wp-image-3410\" style=\"width:423px;height:auto\" srcset=\"https:\/\/cosmos-culture-ecologie.com\/wp-content\/uploads\/2025\/07\/Cocagne-2023-10-13_Z7B5072-FullHD-copie.jpg 945w, https:\/\/cosmos-culture-ecologie.com\/wp-content\/uploads\/2025\/07\/Cocagne-2023-10-13_Z7B5072-FullHD-copie-300x200.jpg 300w, https:\/\/cosmos-culture-ecologie.com\/wp-content\/uploads\/2025\/07\/Cocagne-2023-10-13_Z7B5072-FullHD-copie-768x511.jpg 768w\" sizes=\"auto, (max-width: 709px) 85vw, (max-width: 909px) 67vw, (max-width: 1362px) 62vw, 840px\" \/><\/figure><\/div>","protected":false},"excerpt":{"rendered":"<p>Cocagne un spectacle de G\u00e9raldine Favre (Compagnie Le Saut de la baleine) Dans le cadre du MIAM Festival Samedi 18 octobre \u00e0 16h \u00e0 la Maison de l&rsquo;environnement Inscriptions \u00e0 prix libre d\u00e8s 0\u20ac Les jardins de Lucie, \u00e0 Communay, f\u00eatent leurs 20 ans. Vous \u00eates convi\u00e9s \u00e0 l\u2019anniversaire&nbsp;! Il y aura le g\u00e2teau, les &hellip; <a href=\"https:\/\/cosmos-culture-ecologie.com\/?page_id=3397\" class=\"more-link\">Continuer la lecture<span class=\"screen-reader-text\"> de &laquo;&nbsp;Cocagne &#8211; Th\u00e9\u00e2tre&nbsp;&raquo;<\/span><\/a><\/p>\n","protected":false},"author":1,"featured_media":0,"parent":0,"menu_order":0,"comment_status":"closed","ping_status":"closed","template":"","meta":{"footnotes":""},"class_list":["post-3397","page","type-page","status-publish","hentry"],"_links":{"self":[{"href":"https:\/\/cosmos-culture-ecologie.com\/index.php?rest_route=\/wp\/v2\/pages\/3397","targetHints":{"allow":["GET"]}}],"collection":[{"href":"https:\/\/cosmos-culture-ecologie.com\/index.php?rest_route=\/wp\/v2\/pages"}],"about":[{"href":"https:\/\/cosmos-culture-ecologie.com\/index.php?rest_route=\/wp\/v2\/types\/page"}],"author":[{"embeddable":true,"href":"https:\/\/cosmos-culture-ecologie.com\/index.php?rest_route=\/wp\/v2\/users\/1"}],"replies":[{"embeddable":true,"href":"https:\/\/cosmos-culture-ecologie.com\/index.php?rest_route=%2Fwp%2Fv2%2Fcomments&post=3397"}],"version-history":[{"count":7,"href":"https:\/\/cosmos-culture-ecologie.com\/index.php?rest_route=\/wp\/v2\/pages\/3397\/revisions"}],"predecessor-version":[{"id":3640,"href":"https:\/\/cosmos-culture-ecologie.com\/index.php?rest_route=\/wp\/v2\/pages\/3397\/revisions\/3640"}],"wp:attachment":[{"href":"https:\/\/cosmos-culture-ecologie.com\/index.php?rest_route=%2Fwp%2Fv2%2Fmedia&parent=3397"}],"curies":[{"name":"wp","href":"https:\/\/api.w.org\/{rel}","templated":true}]}}