{"id":3395,"date":"2025-07-02T14:14:00","date_gmt":"2025-07-02T12:14:00","guid":{"rendered":"https:\/\/cosmos-culture-ecologie.com\/?page_id=3395"},"modified":"2025-09-22T11:08:52","modified_gmt":"2025-09-22T09:08:52","slug":"jardiner-dans-les-ruines","status":"publish","type":"page","link":"https:\/\/cosmos-culture-ecologie.com\/?page_id=3395","title":{"rendered":"Jardiner dans les ruines : rencontre et balade-enqu\u00eate"},"content":{"rendered":"\n<p><\/p>\n\n\n\n<p class=\"has-small-font-size\">Invitation \u00e0 Bertille Darragon, autrice de <em>Jardiner dans les ruines &#8211; Quels potagers dans un monde toxique&nbsp;? <\/em>(Editions Ecosoci\u00e9t\u00e9, 2024), autour d\u2019une conf\u00e9rence-rencontre vendredi 3 octobre \u00e0 18 \u00e0 la M\u00e9mo et d\u2019une balade-enqu\u00eate aux jardins partag\u00e9s de Montmein \u00e0 Oullins samedi 4 octobre \u00e0 10h.&nbsp;<\/p>\n\n\n\n<p style=\"font-size:12px\">Une programmation en partenariat avec La M\u00e9mo et Le Passe-jardins, avec le soutien de la M\u00e9tropole de Lyon. Merci \u00e0 eux !<\/p>\n\n\n\n<p><\/p>\n\n\n\n<p><strong>Vendredi 3 octobre \u00e0 18h \u00e0 la M\u00e9diath\u00e8que La M\u00e9mo d\u2019Oullins&nbsp;<\/strong><\/p>\n\n\n\n<p><strong>Dans le cadre de la F\u00eate de la Science 2025<\/strong><\/p>\n\n\n\n<p><strong>Jardiner dans les ruines : Conf\u00e9rence et rencontre avec Bertille Darragon,&nbsp;autrice de <em>Jardiner dans les ruines <\/em>(Editions Ecosoci\u00e9t\u00e9, 2024)<\/strong><\/p>\n\n\n\n<p class=\"has-small-font-size\">Cultiver son coin de potager offre un espace d\u2019autonomie et un refuge, bien pr\u00e9caire face aux pollutions qu\u2019il subit. Comment composer avec les assauts toxiques du monde industriel sur nos bouts de jardin, pour mettre les mains dans la terre en connaissance de cause ?<\/p>\n\n\n\n<p class=\"has-small-font-size\">Les plantes &#8211; leurs facult\u00e9s d&rsquo;adaptation, leur mode de vie &#8211; peuvent-elles nous apporter des pistes de r\u00e9ponses ? Avec cet essai sur les principaux contaminants de nos jardins, qui est aussi un manuel pour composer avec cet h\u00e9ritage toxique, Bertille Darragon fournit une mine d&rsquo;informations, invitant \u00e0 l&rsquo;action collective et politique.<\/p>\n\n\n\n<p class=\"has-small-font-size\">Conf\u00e9rence suivie d\u2019une rencontre anim\u00e9e par Cosmos &#8211; culture et \u00e9cologie. <\/p>\n\n\n\n<p class=\"has-small-font-size\">Dur\u00e9e : 2h. Gratuit, sans inscription.<\/p>\n\n\n\n<p class=\"has-small-font-size\">Adresse et acc\u00e8s : 8 rue de la R\u00e9publique, 69600 Oullins &#8211; M\u00e9tro B arr\u00eat Gare d\u2019Oullins &#8211; Bus C7 &#8211; C10 &#8211; 17 et 63 (arr\u00eat Orsel) &#8211; Bus 11 &#8211; 12 &#8211; 14 &#8211; 15 &#8211; 18 &#8211; 78 et 88 (arr\u00eat Gare d\u2019Oullins)<\/p>\n\n\n\n<p><\/p>\n\n\n\n<p><strong>Samedi 4 octobre \u00e0 10h aux Jardins partag\u00e9s \u00ab&nbsp;La Montmein verte&nbsp;\u00bb \u00e0 Oullins<\/strong><\/p>\n\n\n\n<p><strong>Balade-enqu\u00eate au jardin partag\u00e9 \u00ab&nbsp;La Montmein verte&nbsp;\u00bb \u00e0 Oullins, men\u00e9e par Bertille Darragon, autrice de <em>Jardiner dans les ruines<\/em>, <\/strong><\/p>\n\n\n\n<p class=\"has-small-font-size\">Balade-enqu\u00eate autour de diff\u00e9rents aspects: les plantes bio-indicatrices en pr\u00e9sence, les pistes d\u2019action pour \u00ab&nbsp;faire avec&nbsp;\u00bb et \u00ab&nbsp;lutter contre&nbsp;\u00bb les PFAS et autres pollutions subies par nos terres nourrici\u00e8res.<\/p>\n\n\n\n<p class=\"has-small-font-size\">Point de d\u00e9part : rendez-vous d\u00e8s 9h45 au 2 boulevard de l\u2019Europe \u00e0 Oullins. Nous irons ensuite ensemble aux jardins, \u00e0 quelques pas de l\u00e0.&nbsp;<\/p>\n\n\n\n<p class=\"has-small-font-size\">Dur\u00e9e : 2h environ. <\/p>\n\n\n\n<p class=\"has-small-font-size\">Gratuit, sur inscriptions aupr\u00e8s de la M\u00e9diath\u00e8que La M\u00e9mo : lamemo@oullinspierrebenite.fr ou au 04 26 04 11 71<\/p>\n\n\n\n<p class=\"has-small-font-size\">Adresse : rendez-vous pour le d\u00e9part au 2 boulevard de l\u2019Europe &#8211; 69600&nbsp;Oullins. M\u00e9tro B Oullins Centre (\u00e0 9 min \u00e0 pied) ou Bus 88 Arr\u00eat Montmein Nord ou arr\u00eat Montmein Centre<\/p>\n\n\n\n<p><\/p>\n\n\n\n<p><strong>Bertille Darragon<\/strong>&nbsp;<\/p>\n\n\n\n<p class=\"has-small-font-size\">Elle pratique le jardinage et le mara\u00eechage en moyenne montagne (Tri\u00e8ves, en Is\u00e8re). Animatrice en botanique, elle est impliqu\u00e9e dans son quotidien et sa communaut\u00e9 contre les politiques et les pratiques qui acc\u00e9l\u00e8rent la catastrophe climatique. <em>Jardiner dans les ruines<\/em> est son premier essai.<\/p>\n\n\n\n<p><\/p>\n\n\n\n<p class=\"has-small-font-size\"><strong><strong>Une programmation en partenariat avec la M\u00e9diath\u00e8que La M\u00e9mo et Le Passe-Jardins, dans le cadre de la F\u00eate de la science, avec le soutien de la M\u00e9tropole de Lyon dans le cadre du PATR (Plan d\u2019accompagnement \u00e0 la Transition et \u00e0 la R\u00e9silience)<\/strong>.<\/strong><\/p>\n\n\n\n<figure class=\"wp-block-image size-full is-resized\"><img loading=\"lazy\" decoding=\"async\" width=\"803\" height=\"282\" src=\"https:\/\/cosmos-culture-ecologie.com\/wp-content\/uploads\/2023\/12\/Metropole-de-Lyon_Logo-2022_DEFONCE_ROUGE.png\" alt=\"\" class=\"wp-image-2741\" style=\"width:127px;height:auto\" srcset=\"https:\/\/cosmos-culture-ecologie.com\/wp-content\/uploads\/2023\/12\/Metropole-de-Lyon_Logo-2022_DEFONCE_ROUGE.png 803w, https:\/\/cosmos-culture-ecologie.com\/wp-content\/uploads\/2023\/12\/Metropole-de-Lyon_Logo-2022_DEFONCE_ROUGE-300x105.png 300w, https:\/\/cosmos-culture-ecologie.com\/wp-content\/uploads\/2023\/12\/Metropole-de-Lyon_Logo-2022_DEFONCE_ROUGE-768x270.png 768w\" sizes=\"auto, (max-width: 803px) 85vw, 803px\" \/><\/figure>\n\n\n\n<p><\/p>\n","protected":false},"excerpt":{"rendered":"<p>Invitation \u00e0 Bertille Darragon, autrice de Jardiner dans les ruines &#8211; Quels potagers dans un monde toxique&nbsp;? (Editions Ecosoci\u00e9t\u00e9, 2024), autour d\u2019une conf\u00e9rence-rencontre vendredi 3 octobre \u00e0 18 \u00e0 la M\u00e9mo et d\u2019une balade-enqu\u00eate aux jardins partag\u00e9s de Montmein \u00e0 Oullins samedi 4 octobre \u00e0 10h.&nbsp; Une programmation en partenariat avec La M\u00e9mo et Le &hellip; <a href=\"https:\/\/cosmos-culture-ecologie.com\/?page_id=3395\" class=\"more-link\">Continuer la lecture<span class=\"screen-reader-text\"> de &laquo;&nbsp;Jardiner dans les ruines : rencontre et balade-enqu\u00eate&nbsp;&raquo;<\/span><\/a><\/p>\n","protected":false},"author":1,"featured_media":0,"parent":0,"menu_order":0,"comment_status":"closed","ping_status":"closed","template":"","meta":{"footnotes":""},"class_list":["post-3395","page","type-page","status-publish","hentry"],"_links":{"self":[{"href":"https:\/\/cosmos-culture-ecologie.com\/index.php?rest_route=\/wp\/v2\/pages\/3395","targetHints":{"allow":["GET"]}}],"collection":[{"href":"https:\/\/cosmos-culture-ecologie.com\/index.php?rest_route=\/wp\/v2\/pages"}],"about":[{"href":"https:\/\/cosmos-culture-ecologie.com\/index.php?rest_route=\/wp\/v2\/types\/page"}],"author":[{"embeddable":true,"href":"https:\/\/cosmos-culture-ecologie.com\/index.php?rest_route=\/wp\/v2\/users\/1"}],"replies":[{"embeddable":true,"href":"https:\/\/cosmos-culture-ecologie.com\/index.php?rest_route=%2Fwp%2Fv2%2Fcomments&post=3395"}],"version-history":[{"count":10,"href":"https:\/\/cosmos-culture-ecologie.com\/index.php?rest_route=\/wp\/v2\/pages\/3395\/revisions"}],"predecessor-version":[{"id":3533,"href":"https:\/\/cosmos-culture-ecologie.com\/index.php?rest_route=\/wp\/v2\/pages\/3395\/revisions\/3533"}],"wp:attachment":[{"href":"https:\/\/cosmos-culture-ecologie.com\/index.php?rest_route=%2Fwp%2Fv2%2Fmedia&parent=3395"}],"curies":[{"name":"wp","href":"https:\/\/api.w.org\/{rel}","templated":true}]}}