{"id":3377,"date":"2025-06-16T16:31:24","date_gmt":"2025-06-16T14:31:24","guid":{"rendered":"https:\/\/cosmos-culture-ecologie.com\/?page_id=3377"},"modified":"2025-06-16T16:42:28","modified_gmt":"2025-06-16T14:42:28","slug":"save-our-souls-journee-internationale-des-refugie-es","status":"publish","type":"page","link":"https:\/\/cosmos-culture-ecologie.com\/?page_id=3377","title":{"rendered":"Save Our Souls &#8211; Journ\u00e9e internationale des R\u00e9fugi\u00e9.es"},"content":{"rendered":"\n<p><\/p>\n\n\n\n<p>Nous sommes partenaires de cet \u00e9v\u00e9nement national, propos\u00e9 \u00e0 l&rsquo;occasion de la Journ\u00e9e mondiale des r\u00e9fugi\u00e9.es. Parce que l&rsquo;\u00e9cologie n&rsquo;a de sens qu&rsquo;en allant de pair avec l&rsquo;humanit\u00e9, nous tenions \u00e0 soutenir cette initiative.  <\/p>\n\n\n\n<p><\/p>\n\n\n\n<p>Vendredi 20 juin 2025 \u00e0 19h45 au Cin\u00e9 Mourguet \u00e0 Ste Foy-l\u00e8s-Lyon<\/p>\n\n\n\n<p><strong>JOURN\u00c9E MONDIALE DES R\u00c9FUGI\u00c9.E.S<\/strong>&nbsp;<strong>PROJECTIONS D\u00c9BATS<\/strong><\/p>\n\n\n\n<h1 class=\"wp-block-heading has-medium-font-size\"><strong>Save Our Souls<\/strong> de Jean-Baptiste Bonnet (2024, 1h31, coul)<\/h1>\n\n\n\n<p class=\"has-small-font-size\">Apr\u00e8s un sauvetage \u00e0 hauts risques au large de la Libye, naufrag\u00e9s et sauveteurs vivent ensemble sur le bateau de l\u2019ONG SOS M\u00e9diterran\u00e9e, dans l\u2019attente d\u2019un port d\u2019accueil. Ce temps \u00e0 bord est le premier refuge des rescap\u00e9s. Avec les sauveteurs, se tisse une relation faite d\u2019\u00e9coute, de soin et de pr\u00e9sence.<br>Une relation comme un gilet de sauvetage.<\/p>\n\n\n\n<p><a href=\"https:\/\/cinemourguet.com\/programme\/films\/1443\">Billetterie<\/a> <\/p>\n\n\n\n<p class=\"has-small-font-size\">Projections exceptionnelles du documentaire\u00a0<strong>SAVE OUR SOULS<\/strong>\u00a0de Jean-Baptiste Bonnet : le film sera diffus\u00e9 en simultan\u00e9 dans de nombreuses salles de cin\u00e9ma en\u00a0<strong>France<\/strong>, en\u00a0<strong>Belgique<\/strong>\u00a0et en\u00a0<strong>Suisse<\/strong>. Les s\u00e9ances seront suivies d\u2019un unique d\u00e9bat retransmis en direct dans chacune des salles participantes. Le d\u00e9bat r\u00e9unira le\u00a0<strong>r\u00e9alisateur<\/strong>, le pr\u00e9sident de\u00a0<a href=\"https:\/\/sosmediterranee.fr\/\" target=\"_blank\" rel=\"noreferrer noopener\">SOS M\u00e9diterran\u00e9e<\/a>, Diane Folgelman d\u2019<a href=\"https:\/\/www.amnesty.fr\/\" target=\"_blank\" rel=\"noreferrer noopener\">Amnesty International<\/a>, et sera mod\u00e9r\u00e9 par et Nejma Brahim,\u00a0<strong>journaliste<\/strong>\u00a0de\u00a0<a href=\"https:\/\/www.mediapart.fr\/\" target=\"_blank\" rel=\"noreferrer noopener\">Mediapart<\/a><\/p>\n\n\n\n<p class=\"has-small-font-size\">Informations sur le film et sur l&rsquo;ensemble des s\u00e9ances sur : <a href=\"https:\/\/www.saveoursouls-lefilm.fr\/\">https:\/\/www.saveoursouls-lefilm.fr\/<\/a><\/p>\n\n\n\n<p class=\"has-small-font-size\">Soutien \u00e0 cet \u00e9v\u00e9nement national sur : <a href=\"https:\/\/fr.ulule.com\/save-our-souls-film\/\">https:\/\/fr.ulule.com\/save-our-souls-film\/<\/a><\/p>\n\n\n\n<figure class=\"wp-block-image size-full is-resized\"><img loading=\"lazy\" decoding=\"async\" width=\"283\" height=\"401\" src=\"https:\/\/cosmos-culture-ecologie.com\/wp-content\/uploads\/2025\/05\/AFFICHE_SOS_20JUIN-WEB.png\" alt=\"\" class=\"wp-image-3313\" style=\"width:161px;height:auto\" srcset=\"https:\/\/cosmos-culture-ecologie.com\/wp-content\/uploads\/2025\/05\/AFFICHE_SOS_20JUIN-WEB.png 283w, https:\/\/cosmos-culture-ecologie.com\/wp-content\/uploads\/2025\/05\/AFFICHE_SOS_20JUIN-WEB-212x300.png 212w\" sizes=\"auto, (max-width: 283px) 85vw, 283px\" \/><\/figure>\n\n\n\n<p><\/p>\n","protected":false},"excerpt":{"rendered":"<p>Nous sommes partenaires de cet \u00e9v\u00e9nement national, propos\u00e9 \u00e0 l&rsquo;occasion de la Journ\u00e9e mondiale des r\u00e9fugi\u00e9.es. Parce que l&rsquo;\u00e9cologie n&rsquo;a de sens qu&rsquo;en allant de pair avec l&rsquo;humanit\u00e9, nous tenions \u00e0 soutenir cette initiative. Vendredi 20 juin 2025 \u00e0 19h45 au Cin\u00e9 Mourguet \u00e0 Ste Foy-l\u00e8s-Lyon JOURN\u00c9E MONDIALE DES R\u00c9FUGI\u00c9.E.S&nbsp;PROJECTIONS D\u00c9BATS Save Our Souls de &hellip; <a href=\"https:\/\/cosmos-culture-ecologie.com\/?page_id=3377\" class=\"more-link\">Continuer la lecture<span class=\"screen-reader-text\"> de &laquo;&nbsp;Save Our Souls &#8211; Journ\u00e9e internationale des R\u00e9fugi\u00e9.es&nbsp;&raquo;<\/span><\/a><\/p>\n","protected":false},"author":1,"featured_media":0,"parent":0,"menu_order":0,"comment_status":"closed","ping_status":"closed","template":"","meta":{"footnotes":""},"class_list":["post-3377","page","type-page","status-publish","hentry"],"_links":{"self":[{"href":"https:\/\/cosmos-culture-ecologie.com\/index.php?rest_route=\/wp\/v2\/pages\/3377","targetHints":{"allow":["GET"]}}],"collection":[{"href":"https:\/\/cosmos-culture-ecologie.com\/index.php?rest_route=\/wp\/v2\/pages"}],"about":[{"href":"https:\/\/cosmos-culture-ecologie.com\/index.php?rest_route=\/wp\/v2\/types\/page"}],"author":[{"embeddable":true,"href":"https:\/\/cosmos-culture-ecologie.com\/index.php?rest_route=\/wp\/v2\/users\/1"}],"replies":[{"embeddable":true,"href":"https:\/\/cosmos-culture-ecologie.com\/index.php?rest_route=%2Fwp%2Fv2%2Fcomments&post=3377"}],"version-history":[{"count":4,"href":"https:\/\/cosmos-culture-ecologie.com\/index.php?rest_route=\/wp\/v2\/pages\/3377\/revisions"}],"predecessor-version":[{"id":3386,"href":"https:\/\/cosmos-culture-ecologie.com\/index.php?rest_route=\/wp\/v2\/pages\/3377\/revisions\/3386"}],"wp:attachment":[{"href":"https:\/\/cosmos-culture-ecologie.com\/index.php?rest_route=%2Fwp%2Fv2%2Fmedia&parent=3377"}],"curies":[{"name":"wp","href":"https:\/\/api.w.org\/{rel}","templated":true}]}}