{"id":3273,"date":"2025-05-09T14:16:44","date_gmt":"2025-05-09T12:16:44","guid":{"rendered":"https:\/\/cosmos-culture-ecologie.com\/?page_id=3273"},"modified":"2025-06-10T18:32:56","modified_gmt":"2025-06-10T16:32:56","slug":"ponyo-sur-la-falaise-de-hayao-miyazaki","status":"publish","type":"page","link":"https:\/\/cosmos-culture-ecologie.com\/?page_id=3273","title":{"rendered":"Ponyo sur la falaise de Hayao Miyazaki"},"content":{"rendered":"\n<p style=\"font-size:15px\">Dans le cadre du Festival Entre Rh\u00f4ne et Sa\u00f4ne <\/p>\n\n\n\n<p style=\"font-size:15px\">Vendredi 27 juin \u00e0 20h \u00e0 l\u2019UGC Confluence (en VOSTF) et samedi 28 juin \u00e0 11h \u00e0 l\u2019UGC Cin\u00e9 Cit\u00e9 Internationale (en VF, pour les plus jeunes)<\/p>\n\n\n\n<p style=\"font-size:15px\"><strong>Miyazaki, le cin\u00e9ma, le vivant et l\u2019oc\u00e9an<\/strong><\/p>\n\n\n\n<p style=\"font-size:15px\"><strong><em>Ponyo sur la falaise <\/em><\/strong><strong>de Hayao Miyazaki <\/strong>(Animation, Japon, 2009, 1h41, coul)<\/p>\n\n\n\n<p class=\"has-small-font-size\">Sur la plage, le petit Sosuke sauve une petite fille-poisson rouge nomm\u00e9e Ponyo, pi\u00e9g\u00e9e dans un pot. Mais le p\u00e8re de Ponyo, un sorcier autrefois humain qui vit au fond des mers, la force \u00e0 revenir dans les profondeurs&#8230;<br>Une ode au monde marin au charme renversant, sur les traces d\u2019Andersen et de sa <em>Petite sir\u00e8ne. <\/em>La magie, la beaut\u00e9, l\u2019humour et la po\u00e9sie de Miyazaki op\u00e8rent pleinement dans ce film, qui \u00e9voque aussi les menaces qui p\u00e8sent sur les oc\u00e9ans. Film-doudou, film-bonbon, un vrai et grand plaisir de cin\u00e9ma.<\/p>\n\n\n\n<p class=\"has-small-font-size\"><strong>S\u00e9ances pr\u00e9sent\u00e9es par Cosmos &#8211; culture et \u00e9cologie<\/strong>, qui \u00e9voquera aussi l\u2019engagement de Miyazaki \u00e0 l\u2019\u00e9gard du vivant et de l\u2019\u00e9cologie.<\/p>\n\n\n\n<p style=\"font-size:12px\"><strong>UGC Confluence \u2013 112 cours Charlemagne \u2013 69002 Lyon<\/strong><br>Tram Station H\u00f4tel de R\u00e9gion \u2013 ligne T1 et T2 ; Bus Station H\u00f4tel de R\u00e9gion \u2013 lignes S1 et 63 ; Pi\u00e9tons : Acc\u00e8s Entr\u00e9e Centre Commercial 112 Cours Charlemagne ; V\u00e9lov : Station H\u00f4tel de R\u00e9gion ; Voiture \/ Covoiturage : Parking Centre Commercial.<\/p>\n\n\n\n<p style=\"font-size:12px\"><strong>UGC Cin\u00e9 Cit\u00e9 Internationale &#8211; Cit\u00e9 Internationale &#8211; 80, quai Charles de Gaulle 69006 Lyon<br>Pi\u00e9ton : <\/strong>Acc\u00e8s par le parc de la T\u00eate d&rsquo;Or\u2028<strong>V\u00e9lo : <\/strong>Station V\u00c9LO&rsquo;V 6043 et 6036 <strong>Bus : <\/strong>Arr\u00eat Mus\u00e9e d&rsquo;Art Contemporain, ligne C1 C4 C5 <strong>Voiture <\/strong>\/ <strong>Covoiturage <\/strong>: quai Charles de Gaulle, P1 : 1H de stationnement offerte, P0 et P2 : 5\u20ac les 4H de stationnement. Validation des tickets de parking aux caisses du cin\u00e9ma.\u2028<\/p>\n\n\n\n<p style=\"font-size:12px\"><a href=\"https:\/\/www.ugc.fr\/film_7707.html?cinemaId=36\">Billetterie UGC sur place ou sur internet.<\/a><\/p>\n\n\n\n<p><\/p>\n\n\n<div class=\"wp-block-image\">\n<figure class=\"aligncenter size-full is-resized\"><img loading=\"lazy\" decoding=\"async\" width=\"794\" height=\"429\" src=\"https:\/\/cosmos-culture-ecologie.com\/wp-content\/uploads\/2025\/05\/2025-PONYO-SUR-LA-FALAISE-\u00a9-2008-Studio-Ghibli-1-1.jpg\" alt=\"\" class=\"wp-image-3292\" style=\"width:539px;height:auto\" srcset=\"https:\/\/cosmos-culture-ecologie.com\/wp-content\/uploads\/2025\/05\/2025-PONYO-SUR-LA-FALAISE-\u00a9-2008-Studio-Ghibli-1-1.jpg 794w, https:\/\/cosmos-culture-ecologie.com\/wp-content\/uploads\/2025\/05\/2025-PONYO-SUR-LA-FALAISE-\u00a9-2008-Studio-Ghibli-1-1-300x162.jpg 300w, https:\/\/cosmos-culture-ecologie.com\/wp-content\/uploads\/2025\/05\/2025-PONYO-SUR-LA-FALAISE-\u00a9-2008-Studio-Ghibli-1-1-768x415.jpg 768w\" sizes=\"auto, (max-width: 794px) 85vw, 794px\" \/><\/figure><\/div>\n\n\n<p class=\"has-small-font-size\">Une programmation propos\u00e9e dans le cadre du Festival Entre Rh\u00f4ne et Sa\u00f4ne, organis\u00e9 par la Ville de Lyon.<\/p>\n\n\n\n<figure class=\"wp-block-image size-large is-resized\"><img loading=\"lazy\" decoding=\"async\" width=\"1024\" height=\"1024\" src=\"https:\/\/cosmos-culture-ecologie.com\/wp-content\/uploads\/2025\/05\/BLOCMARQUE_FondFonce-1024x1024.jpg\" alt=\"\" class=\"wp-image-3343\" style=\"width:135px;height:auto\" srcset=\"https:\/\/cosmos-culture-ecologie.com\/wp-content\/uploads\/2025\/05\/BLOCMARQUE_FondFonce-1024x1024.jpg 1024w, https:\/\/cosmos-culture-ecologie.com\/wp-content\/uploads\/2025\/05\/BLOCMARQUE_FondFonce-300x300.jpg 300w, https:\/\/cosmos-culture-ecologie.com\/wp-content\/uploads\/2025\/05\/BLOCMARQUE_FondFonce-150x150.jpg 150w, https:\/\/cosmos-culture-ecologie.com\/wp-content\/uploads\/2025\/05\/BLOCMARQUE_FondFonce-768x768.jpg 768w, https:\/\/cosmos-culture-ecologie.com\/wp-content\/uploads\/2025\/05\/BLOCMARQUE_FondFonce.jpg 1135w\" sizes=\"auto, (max-width: 709px) 85vw, (max-width: 909px) 67vw, (max-width: 1362px) 62vw, 840px\" \/><\/figure>\n","protected":false},"excerpt":{"rendered":"<p>Dans le cadre du Festival Entre Rh\u00f4ne et Sa\u00f4ne Vendredi 27 juin \u00e0 20h \u00e0 l\u2019UGC Confluence (en VOSTF) et samedi 28 juin \u00e0 11h \u00e0 l\u2019UGC Cin\u00e9 Cit\u00e9 Internationale (en VF, pour les plus jeunes) Miyazaki, le cin\u00e9ma, le vivant et l\u2019oc\u00e9an Ponyo sur la falaise de Hayao Miyazaki (Animation, Japon, 2009, 1h41, coul) &hellip; <a href=\"https:\/\/cosmos-culture-ecologie.com\/?page_id=3273\" class=\"more-link\">Continuer la lecture<span class=\"screen-reader-text\"> de &laquo;&nbsp;Ponyo sur la falaise de Hayao Miyazaki&nbsp;&raquo;<\/span><\/a><\/p>\n","protected":false},"author":1,"featured_media":0,"parent":0,"menu_order":0,"comment_status":"closed","ping_status":"closed","template":"","meta":{"footnotes":""},"class_list":["post-3273","page","type-page","status-publish","hentry"],"_links":{"self":[{"href":"https:\/\/cosmos-culture-ecologie.com\/index.php?rest_route=\/wp\/v2\/pages\/3273","targetHints":{"allow":["GET"]}}],"collection":[{"href":"https:\/\/cosmos-culture-ecologie.com\/index.php?rest_route=\/wp\/v2\/pages"}],"about":[{"href":"https:\/\/cosmos-culture-ecologie.com\/index.php?rest_route=\/wp\/v2\/types\/page"}],"author":[{"embeddable":true,"href":"https:\/\/cosmos-culture-ecologie.com\/index.php?rest_route=\/wp\/v2\/users\/1"}],"replies":[{"embeddable":true,"href":"https:\/\/cosmos-culture-ecologie.com\/index.php?rest_route=%2Fwp%2Fv2%2Fcomments&post=3273"}],"version-history":[{"count":7,"href":"https:\/\/cosmos-culture-ecologie.com\/index.php?rest_route=\/wp\/v2\/pages\/3273\/revisions"}],"predecessor-version":[{"id":3373,"href":"https:\/\/cosmos-culture-ecologie.com\/index.php?rest_route=\/wp\/v2\/pages\/3273\/revisions\/3373"}],"wp:attachment":[{"href":"https:\/\/cosmos-culture-ecologie.com\/index.php?rest_route=%2Fwp%2Fv2%2Fmedia&parent=3273"}],"curies":[{"name":"wp","href":"https:\/\/api.w.org\/{rel}","templated":true}]}}