{"id":3208,"date":"2025-03-18T16:25:56","date_gmt":"2025-03-18T15:25:56","guid":{"rendered":"https:\/\/cosmos-culture-ecologie.com\/?page_id=3208"},"modified":"2025-05-26T17:37:03","modified_gmt":"2025-05-26T15:37:03","slug":"theatre-les-martinets","status":"publish","type":"page","link":"https:\/\/cosmos-culture-ecologie.com\/?page_id=3208","title":{"rendered":"Les Martinets ! Spectacle et balade-observation"},"content":{"rendered":"\n<p class=\"has-small-font-size\">L&rsquo;ann\u00e9e derni\u00e8re, nous ouvrions un cycle autour des oiseaux, \u00ab\u00a0Au printemps les oiseaux !\u00a0\u00bb en voici le 2\u00e8me chapitre, d\u00e9di\u00e9 aux oiseaux migrateurs les martinets ! Ils accompagnent nos printemps et nos \u00e9t\u00e9s, virevoltent sous nos fen\u00eatres, nichent sous nos toits : partons \u00e0 leur rencontre, avec une conf\u00e9rence-spectacle du Collectif X, compagnie th\u00e9\u00e2trale qui sait allier humour, intelligence, engagement, en s&rsquo;adressant \u00e0 un large public. Nous vous proposerons \u00e9galement une balade-observation, avec la LPO AuRA.<\/p>\n\n\n<div class=\"wp-block-image\">\n<figure class=\"aligncenter size-large is-resized\"><img loading=\"lazy\" decoding=\"async\" width=\"1024\" height=\"576\" src=\"https:\/\/cosmos-culture-ecologie.com\/wp-content\/uploads\/2025\/03\/lesmartinets-1-1024x576.jpg\" alt=\"\" class=\"wp-image-3218\" style=\"width:393px;height:auto\" srcset=\"https:\/\/cosmos-culture-ecologie.com\/wp-content\/uploads\/2025\/03\/lesmartinets-1-1024x576.jpg 1024w, https:\/\/cosmos-culture-ecologie.com\/wp-content\/uploads\/2025\/03\/lesmartinets-1-300x169.jpg 300w, https:\/\/cosmos-culture-ecologie.com\/wp-content\/uploads\/2025\/03\/lesmartinets-1-768x432.jpg 768w, https:\/\/cosmos-culture-ecologie.com\/wp-content\/uploads\/2025\/03\/lesmartinets-1-1536x864.jpg 1536w, https:\/\/cosmos-culture-ecologie.com\/wp-content\/uploads\/2025\/03\/lesmartinets-1-1200x675.jpg 1200w, https:\/\/cosmos-culture-ecologie.com\/wp-content\/uploads\/2025\/03\/lesmartinets-1.jpg 1920w\" sizes=\"auto, (max-width: 709px) 85vw, (max-width: 909px) 67vw, (max-width: 1362px) 62vw, 840px\" \/><\/figure><\/div>\n\n\n<p><strong>Mardi 27 mai \u00e0 19h30 au P\u00f4le 9 MJC Centre social Saint Rambert (Lyon 9)<\/strong><\/p>\n\n\n\n<p><strong><em>LES MARTINETS !<\/em><\/strong> <strong><em>Conf\u00e9rence-spectacle presque pas anthropocentr\u00e9e<\/em><\/strong> de Lucile Paysant et Kathleen Dol, Collectif X<\/p>\n\n\n\n<p style=\"font-size:11px\">(1h25, pour tous les publics d\u00e8s 7 ans)<\/p>\n\n\n\n<p class=\"has-small-font-size\">&nbsp;A la crois\u00e9e de la fausse conf\u00e9rence scientifique, de la mauvaise com\u00e9die musicale et des vraies explications ludiques accessibles \u00e0 tous.tes, deux n\u00e9o-martinophiles humaines, Martine et Martine, vont vous raconter ce qu&rsquo;elles ont d\u00e9couvert sur le mode de vie des martinets, leurs \u00e9tats d&rsquo;\u00e2mes et leurs surprenantes particularit\u00e9s.<\/p>\n\n\n\n<p class=\"has-small-font-size\">Suite \u00e0 des O.T.T (Observations Tout Terrain) scrupuleuses, des entretiens avec des sp\u00e9cialistes, avec des passionn\u00e9.e.s obsessionnel.le.s, et gr\u00e2ce \u00e0 des t\u00e9moignages r\u00e9colt\u00e9s aupr\u00e8s de martinets volubiles, elles vous permettront d&rsquo;approcher d&rsquo;un peu plus pr\u00e8s ces bolides du ciel qui fr\u00f4lent vos toitures \u00e0 toute berzingue, et de, peut-\u00eatre, percer les secrets de ces oiseaux myst\u00e9rieux !<\/p>\n\n\n\n<p class=\"has-small-font-size\">Une pi\u00e8ce de th\u00e9\u00e2tre pour tous.tes, \u00e0 la d\u00e9couverte des martinets, lors d\u2019un moment chaleureux, scientifique et d\u00e9cal\u00e9.<br><strong>Le spectacle sera suivi d\u2019une rencontre avec Martine et Martine.<\/strong><\/p>\n\n\n\n<p style=\"font-size:11px\"><strong>Acc\u00e8s<\/strong> : P\u00f4le 9 &#8211; MJC Centre social Saint Rambert, 4 rue Sylvain Simondan, 69009 Lyon. Bus <a href=\"https:\/\/www.tcl.fr\/se-deplacer\/plan-interactif\">TCL<\/a> 31 arr\u00eat Cit\u00e9 Edouard Herriot ; Bus 2 arr\u00eat Plateau de Saint Rambert ; Bus 43 arr\u00eat Velten ; Bus S10 arr\u00eat Simondan ; Bus 40 arr\u00eat Ile Barbe (en traversant la Sa\u00f4ne). <\/p>\n\n\n\n<p style=\"font-size:13px\"><strong>Billetterie<\/strong> <strong>avec<\/strong> <strong>tarif<\/strong> <strong>au<\/strong> <strong>choix<\/strong> : \u00e0 prix libre d\u00e8s 1\u20ac ; \u00e0 10\u20ac ou \u00e0 13\u20ac<\/p>\n\n\n\n<p class=\"has-text-align-center\" style=\"font-size:16px\"><strong><a href=\"https:\/\/www.helloasso.com\/associations\/cosmos-culture-et-ecologie\/evenements\/les-martinets-conference-spectacle-presque-pas-anthropocentre\" data-type=\"link\" data-id=\"https:\/\/www.helloasso.com\/associations\/cosmos-culture-et-ecologie\/evenements\/les-martinets-conference-spectacle-presque-pas-anthropocentre\">Inscriptions<\/a><\/strong><\/p>\n\n\n\n<p style=\"font-size:12px\"><strong>A propos de Kathleen Dol et Lucile Paysant (Collectif x) : <\/strong>Martine&nbsp;(Kathleen Dol)&nbsp;et Martine (Lucile Paysant)&nbsp;sont st\u00e9phanoises, com\u00e9diennes et metteuses en sc\u00e8ne. Elles&nbsp;se rencontrent \u00e0 L\u2019\u00c9cole de la Com\u00e9die de Saint-\u00c9tienne, et, en 2013, participent \u00e0 la cr\u00e9ation du Collectif X, dont elles sont aujourd&rsquo;hui co-directrices artistiques avec les autres membres. Depuis plus de dix ans, elles jouent dans de nombreux projets au sein du Collectif X&nbsp;<em>(Ville#, Maja, Seul le chien, Mama M\u00e9d\u00e9a, Permis de Construire<\/em>\u2026). Martine m\u00e8ne souvent des ateliers&nbsp;\u00e0 destination d\u2019un public large&nbsp;autour du th\u00e9\u00e2tre et des outils du th\u00e9\u00e2tre de l&rsquo;opprim\u00e9.e,&nbsp;\u00e0 travers diverses associations. Elle aime aussi faire de la musique (batterie, chant, percussions galiciennes, karaok\u00e9 ) ainsi que de la danse (tango, salsa, forro). Martine, quant \u00e0 elle, sait mouiller le maillot pour les causes qui lui sont ch\u00e8res, comme Abba, et aussi quand&nbsp;elle met en sc\u00e8ne <em>Le Soulier de Satin<\/em>, ou quand elle collabore avec l\u2019Agence Nationale de Psychanalyse Urbaine (ANPU) et la NASA.<\/p>\n\n\n\n<p><\/p>\n\n\n\n<p><strong>Ap\u00e9ros SOS Martinets au P\u00f4le 9<br>Mardi 27 mai \u00e0 partir de 18h30<\/strong><\/p>\n\n\n\n<p style=\"font-size:12px\">De nombreuses familles d\u2019oiseaux nichent \u00e0 St Rambert. Au printemps les envol\u00e9es du nid des oisillons restent parfois compliqu\u00e9es. Vous pouvez aider, veiller \u00e0 ce que ce moment crucial se passe bien pour les nouvelles g\u00e9n\u00e9rations d\u2019oiseaux qui prennent leur envol. On vous explique comment autour d\u2019un ap\u00e9ro. <strong>Gratuit<\/strong>. <strong>Si vous ne pouvez pas venir, mais souhaitez int\u00e9grer le groupe whatsapp&nbsp;<\/strong><a href=\"https:\/\/4dfd9.r.bh.d.sendibt3.com\/mk\/cl\/f\/sh\/1t6Af4Oj9PgrH6iHIfaTLgCpwOFpvG\/c0Iy_A5pez5h\" target=\"_blank\" rel=\"noreferrer noopener\"><strong>cliquez-ici.<\/strong><\/a><\/p>\n\n\n\n<p><br><strong>Mardi 24 juin 2025&nbsp;\u00e0 18h, au d\u00e9part du P\u00f4le 9 &#8211; MJC Centre social Saint Rambert <\/strong><\/p>\n\n\n\n<p><strong>Balade-observation \u00e0 la rencontre des Martinets avec la LPO &nbsp; <\/strong><\/p>\n\n\n\n<p class=\"has-small-font-size\">Cette sortie permettra&nbsp; aux familles de d\u00e9couvrir ces esp\u00e8ces qui survolent le ciel d\u00e8s le mois d\u2019avril.&nbsp;Le martinet est un oiseau migrateur, annonciateur du retour du printemps&#8230; Pourquoi les prot\u00e9ger ? Les martinets sont de v\u00e9ritables alli\u00e9s des riverains : ils se nourrissent d\u2019insectes. Un couple peut ramener plusieurs milliers de moustiques par jour \u00e0 sa couv\u00e9e ! Apr\u00e8s une pr\u00e9sentation des esp\u00e8ces, nous observerons les va-et-vient des oiseaux et nous&nbsp;rechercherons des colonies de martinets pr\u00e9sentes dans St Rambert. Jumelles conseill\u00e9es !<\/p>\n\n\n\n<p class=\"has-small-font-size\">Balade anim\u00e9e par<strong> Leslie Favre, <strong>cheffe de projet&nbsp; \u00c9ducation&nbsp;\u00e0 l&rsquo;environnement<\/strong><\/strong> <strong>\u00e0 LPO Auvergne-Rh\u00f4ne-Alpes. <\/strong><\/p>\n\n\n\n<p class=\"has-small-font-size\">Dur\u00e9e : environ 2h. Accessible aux enfants \u00e0 partir de 8 ans.<\/p>\n\n\n\n<p class=\"has-text-align-center\"><strong><a href=\"https:\/\/www.helloasso.com\/associations\/cosmos-culture-et-ecologie\/evenements\/balade-observation-autour-des-martinets-avec-la-lpo-aura\">Inscriptions \u00e0 prix libre ici. <\/a><\/strong><\/p>\n\n\n<div class=\"wp-block-image\">\n<figure class=\"aligncenter size-full is-resized\"><img loading=\"lazy\" decoding=\"async\" width=\"800\" height=\"534\" src=\"https:\/\/cosmos-culture-ecologie.com\/wp-content\/uploads\/2025\/03\/Martinets-LPO.jpg\" alt=\"\" class=\"wp-image-3220\" style=\"width:393px\" srcset=\"https:\/\/cosmos-culture-ecologie.com\/wp-content\/uploads\/2025\/03\/Martinets-LPO.jpg 800w, https:\/\/cosmos-culture-ecologie.com\/wp-content\/uploads\/2025\/03\/Martinets-LPO-300x200.jpg 300w, https:\/\/cosmos-culture-ecologie.com\/wp-content\/uploads\/2025\/03\/Martinets-LPO-768x513.jpg 768w\" sizes=\"auto, (max-width: 800px) 85vw, 800px\" \/><\/figure><\/div>\n\n\n<p class=\"has-small-font-size\">Une programmation en partenariat avec la LPO AuRA et le P\u00f4le 9 MJC Centre social Saint Rambert. <strong>Cette double programmation est soutenue par la M\u00e9tropole de Lyon.&nbsp;Un grand merci pour ce soutien. <\/strong><\/p>\n\n\n\n<figure class=\"wp-block-image size-full is-resized\"><img loading=\"lazy\" decoding=\"async\" width=\"860\" height=\"338\" src=\"https:\/\/cosmos-culture-ecologie.com\/wp-content\/uploads\/2025\/03\/Metropole-de-Lyon_Logo-2022_ROUGEBLANC-100.jpg\" alt=\"\" class=\"wp-image-3221\" style=\"width:173px;height:auto\" srcset=\"https:\/\/cosmos-culture-ecologie.com\/wp-content\/uploads\/2025\/03\/Metropole-de-Lyon_Logo-2022_ROUGEBLANC-100.jpg 860w, https:\/\/cosmos-culture-ecologie.com\/wp-content\/uploads\/2025\/03\/Metropole-de-Lyon_Logo-2022_ROUGEBLANC-100-300x118.jpg 300w, https:\/\/cosmos-culture-ecologie.com\/wp-content\/uploads\/2025\/03\/Metropole-de-Lyon_Logo-2022_ROUGEBLANC-100-768x302.jpg 768w\" sizes=\"auto, (max-width: 709px) 85vw, (max-width: 909px) 67vw, (max-width: 1362px) 62vw, 840px\" \/><\/figure>\n\n\n\n<p><\/p>\n","protected":false},"excerpt":{"rendered":"<p>L&rsquo;ann\u00e9e derni\u00e8re, nous ouvrions un cycle autour des oiseaux, \u00ab\u00a0Au printemps les oiseaux !\u00a0\u00bb en voici le 2\u00e8me chapitre, d\u00e9di\u00e9 aux oiseaux migrateurs les martinets ! Ils accompagnent nos printemps et nos \u00e9t\u00e9s, virevoltent sous nos fen\u00eatres, nichent sous nos toits : partons \u00e0 leur rencontre, avec une conf\u00e9rence-spectacle du Collectif X, compagnie th\u00e9\u00e2trale qui &hellip; <a href=\"https:\/\/cosmos-culture-ecologie.com\/?page_id=3208\" class=\"more-link\">Continuer la lecture<span class=\"screen-reader-text\"> de &laquo;&nbsp;Les Martinets ! Spectacle et balade-observation&nbsp;&raquo;<\/span><\/a><\/p>\n","protected":false},"author":1,"featured_media":0,"parent":0,"menu_order":0,"comment_status":"closed","ping_status":"closed","template":"","meta":{"footnotes":""},"class_list":["post-3208","page","type-page","status-publish","hentry"],"_links":{"self":[{"href":"https:\/\/cosmos-culture-ecologie.com\/index.php?rest_route=\/wp\/v2\/pages\/3208","targetHints":{"allow":["GET"]}}],"collection":[{"href":"https:\/\/cosmos-culture-ecologie.com\/index.php?rest_route=\/wp\/v2\/pages"}],"about":[{"href":"https:\/\/cosmos-culture-ecologie.com\/index.php?rest_route=\/wp\/v2\/types\/page"}],"author":[{"embeddable":true,"href":"https:\/\/cosmos-culture-ecologie.com\/index.php?rest_route=\/wp\/v2\/users\/1"}],"replies":[{"embeddable":true,"href":"https:\/\/cosmos-culture-ecologie.com\/index.php?rest_route=%2Fwp%2Fv2%2Fcomments&post=3208"}],"version-history":[{"count":16,"href":"https:\/\/cosmos-culture-ecologie.com\/index.php?rest_route=\/wp\/v2\/pages\/3208\/revisions"}],"predecessor-version":[{"id":3357,"href":"https:\/\/cosmos-culture-ecologie.com\/index.php?rest_route=\/wp\/v2\/pages\/3208\/revisions\/3357"}],"wp:attachment":[{"href":"https:\/\/cosmos-culture-ecologie.com\/index.php?rest_route=%2Fwp%2Fv2%2Fmedia&parent=3208"}],"curies":[{"name":"wp","href":"https:\/\/api.w.org\/{rel}","templated":true}]}}