{"id":3195,"date":"2025-03-18T10:25:41","date_gmt":"2025-03-18T09:25:41","guid":{"rendered":"https:\/\/cosmos-culture-ecologie.com\/?page_id=3195"},"modified":"2025-03-18T10:38:03","modified_gmt":"2025-03-18T09:38:03","slug":"journee-amnesie-environnementale","status":"publish","type":"page","link":"https:\/\/cosmos-culture-ecologie.com\/?page_id=3195","title":{"rendered":"Journ\u00e9e Amn\u00e9sie environnementale"},"content":{"rendered":"\n<p style=\"font-size:17px\"><strong>\u00ab&nbsp;D&rsquo;une g\u00e9n\u00e9ration \u00e0 l&rsquo;autre, comment raviver nos m\u00e9moires de nature ? \u00bb<\/strong><\/p>\n\n\n\n<p style=\"font-size:15px\"><strong> Jeudi 17 avril 2025 de 9h \u00e0 16h30 \u00e0 la Maison de l\u2019Environnement <\/strong><\/p>\n\n\n\n<p style=\"font-size:14px\">Organis\u00e9e par <a href=\"https:\/\/www.nature-sens.org\/\" data-type=\"link\" data-id=\"https:\/\/www.nature-sens.org\/\">Nature et Sens<\/a>, avec le soutien de la M\u00e9tropole de Lyon<\/p>\n\n\n\n<p class=\"has-text-align-center has-small-font-size\"><strong>Nous aurons la joie de proposer une projection-rencontre \u00e0 14h15, autour du film <em>L&rsquo;Homme qui plantait des arbres<\/em>, et de nos liens aux arbres, des souvenirs qui nous lient \u00e0 eux, et de ce qu&rsquo;ils forgent en nous. Notre intervention sera coupl\u00e9e \u00e0 celle de Fabien Oliva d&rsquo;Abers Lab.<\/strong><\/p>\n\n\n\n<p class=\"has-small-font-size\">L\u2019amn\u00e9sie environnementale et la diminution des exp\u00e9riences de nature peuvent expliquer en partie notre difficult\u00e9 \u00e0 nous mobiliser face aux enjeux de biodiversit\u00e9. Cette journ\u00e9e a pour objectif de mettre en lumi\u00e8re des solutions op\u00e9rationnelles face \u00e0 une perte de m\u00e9moire \u00e0 la fois individuelle et collective au fil des g\u00e9n\u00e9rations. <\/p>\n\n\n\n<p><strong>Programme<\/strong><\/p>\n\n\n\n<p class=\"has-small-font-size\">9h <strong>Accueil<\/strong>&nbsp;<\/p>\n\n\n\n<p class=\"has-small-font-size\">9h15 Mot d&rsquo;accueil par Cl\u00e9mence Bruggeman, directrice de la&nbsp;<a href=\"https:\/\/www.maison-environnement.fr\/\">Maison de l&rsquo;Environnement<\/a> et Charl\u00e8ne Gruet, coordinatrice de l&rsquo;association&nbsp;<a href=\"https:\/\/www.nature-sens.org\/\">Nature et Sens<\/a><\/p>\n\n\n\n<p style=\"font-size:15px\"><strong>9h30-11h Table-ronde&nbsp;: Amn\u00e9sie environnementale, quels leviers interg\u00e9n\u00e9rationnels&nbsp;?<\/strong><\/p>\n\n\n\n<p class=\"has-small-font-size\">Intervenants : Pierre Athanaze, vice-pr\u00e9sident \u00e0 la biodiversit\u00e9 de la <a href=\"https:\/\/www.grandlyon.com\/\">M\u00e9tropole de Lyon<\/a>, Laura Juillard, anthropologue charg\u00e9e de formation au <a href=\"https:\/\/www.mnhn.fr\/fr\">Museum National d\u2019Histoire Naturelle<\/a>, Associations locales&nbsp;: Emmeline Eteneau de <a href=\"https:\/\/grainesurbaines.fr\/larbre-temoin-notre-projet-intergenerationnel\/\">Graines Urbaines<\/a>, Lucas Handelberg de <a href=\"https:\/\/pontem-asso.com\/les-actions\/\">Pontem<\/a>, Sim\u00e9on Baldit de Barral d\u2019<a href=\"https:\/\/onthegreenroad.com\/\">On the Green Road<\/a><\/p>\n\n\n\n<p class=\"has-small-font-size\">Anim\u00e9e par Camille Tedesco de Nature et Sens<\/p>\n\n\n\n<p class=\"has-small-font-size\"><em>Pause avec invitation \u00e0<\/em><a href=\"https:\/\/podcast.ausha.co\/en-un-battement-d-aile\/playlist\/au-creux-de-mon-arbre-l-echo-du-vivant\"><em> \u00ab&nbsp;Au creux de mon arbre, l\u2019\u00e9cho du vivant&nbsp;\u00bb<\/em><\/a><em> en lien avec le podcast En un battement d&rsquo;aile<\/em><\/p>\n\n\n\n<p style=\"font-size:15px\"><strong>11h15-12h30 Balades au choix<\/strong><\/p>\n\n\n\n<ol class=\"wp-block-list\">\n<li class=\"has-small-font-size\">Balade sensorielle &nbsp;\u00ab Vivre la nature en ville \u00bb avec Charl\u00e8ne Gruet (Nature et Sens) : Avec l&rsquo;urbanisation v\u00e9cue par ces derni\u00e8res g\u00e9n\u00e9rations, comment continuer \u00e0 porter attention au vivant en habitant en ville ? Quelles exp\u00e9riences de nature restent possibles, et qu&rsquo;est-ce qui peut encore \u00eatre transmis entre g\u00e9n\u00e9rations dans ces milieux aux changements rapides ?<\/li>\n\n\n\n<li class=\"has-small-font-size\">Balade po\u00e9tique \u00ab&nbsp;Les chants du vivant \u00bb&nbsp;avec Hugo Benin et Delphine Rabin (Nature et Sens)<\/li>\n\n\n\n<li class=\"has-small-font-size\">Balade naturaliste avec Marion Duvignacq (<a href=\"https:\/\/www.arthropologia.org\/\">Arthropologia<\/a>)<\/li>\n<\/ol>\n\n\n\n<p class=\"has-small-font-size\"><em>Pause d\u00e9jeuner avec le traiteur <\/em><a href=\"https:\/\/www.fenotte.coop\/\"><em>Fenotte<\/em><\/a><em>* et invitation \u00e0 l\u2019arbre cabane<\/em><\/p>\n\n\n\n<p style=\"font-size:15px\"><strong>13h45 Mise en \u00e9coute musicale<\/strong><\/p>\n\n\n\n<p class=\"has-small-font-size\">Avec des artistes locaux sur le sujet de l\u2019amn\u00e9sie environnementale (<a href=\"https:\/\/lesgrandssauvages.com\/mediations\/\">Les Grands sauvages<\/a>)<\/p>\n\n\n\n<p><strong>14h15-15h45 Ateliers au choix<\/strong><\/p>\n\n\n\n<p class=\"has-small-font-size\">Partage de pratiques autour d\u2019actions inspirantes et exp\u00e9rimentation<\/p>\n\n\n\n<ol class=\"wp-block-list\">\n<li class=\"has-small-font-size\">Atelier \u00ab&nbsp;Du lien au jardin \u00bb : Visite du patio exemplaire avec Matthieu Pradels de la MEML, retours sur exp\u00e9riences de jardinage interg\u00e9n\u00e9rationnel avec Christine Butin de la <a href=\"https:\/\/f-f-jardins-nature-sante.org\/\">F\u00e9d\u00e9ration Fran\u00e7aise Jardins Nature et Sant\u00e9<\/a> et le coll\u00e8ge D\u00e9clic<\/li>\n\n\n\n<li class=\"has-small-font-size\"><strong>Atelier \u00ab&nbsp;Cin\u00e9ma et transmission&nbsp;\u00bb : projection et \u00e9change autour de l&rsquo;<em>Homme qui plantait des arbres <\/em>de Fr\u00e9d\u00e9ric Back (animation, 1987, 30min), d\u2019apr\u00e8s Jean Giono, avec Pauline De Boever de <a href=\"https:\/\/cosmos-culture-ecologie.com\/\">Cosmos &#8211; culture et \u00e9cologie<\/a> suivi d&rsquo;un retour sur exp\u00e9rience du projet m\u00e9morimages par Fabien Oliva d&rsquo;<a href=\"https:\/\/www.aberslab.org\/spip.php?article3\">Abers lab<\/a><\/strong>. Plus d&rsquo;informations sur le film ci-dessous. <\/li>\n\n\n\n<li class=\"has-small-font-size\">Atelier philo-art \u00ab&nbsp;Transmettre des souvenirs de nature&nbsp;\u00bb avec Delphine Rabin et Hugo Benin de Nature et Sens : A partir de souvenirs de nature, transmis au cours de notre vie, nous proposons un temps de cr\u00e9ation libre (geste plastique, \u00e9criture, r\u00e9cit oral&#8230;). Un temps artistique entrem\u00eal\u00e9 d&rsquo;\u00e9changes&nbsp;: Comment se transmet la m\u00e9moire&nbsp;? Comment la faire exister ? Peut-on se r\u00e9approprier des souvenirs&nbsp;?<\/li>\n<\/ol>\n\n\n\n<p class=\"has-small-font-size\"><em>Pause avec invitation \u00e0 l\u2019arbre cabane<\/em><\/p>\n\n\n\n<p style=\"font-size:15px\"><strong>16h-16h30 Cl\u00f4ture de la journ\u00e9<\/strong>e, et choix de prochains pas<\/p>\n\n\n\n<p class=\"has-text-align-center has-small-font-size\"><strong>Journ\u00e9e ouverte \u00e0 toute personne int\u00e9ress\u00e9e, engag\u00e9e ou qui souhaite agir sur cette th\u00e9matique<\/strong><\/p>\n\n\n\n<p class=\"has-text-align-center\"><a href=\"https:\/\/www.helloasso.com\/associations\/nature-sens\/evenements\/journee-amnesie-environnementale-17-avril-2025\"><strong>Sur inscription, \u00e0 ce lien. <\/strong><\/a><\/p>\n\n\n\n<p style=\"font-size:11px\">Plus d\u2019informations :&nbsp;contact@nature-sens.org et contact@cosmos-culture-ecologie.com pour notre s\u00e9ance de 14h15<\/p>\n\n\n\n<p style=\"font-size:11px\">Maison de l\u2019Environnement : 14 Av. Tony Garnier, 69007 Lyon. Tram T1 Halle Tony Garnier. <\/p>\n\n\n\n<p style=\"font-size:11px\">*Participation \u00e0 prix libre aux frais de repas \u00e0 l&rsquo;inscription<\/p>\n\n\n\n<p><\/p>\n\n\n\n<p class=\"has-small-font-size\"><strong>Plus d&rsquo;information sur le film :<\/strong><\/p>\n\n\n\n<p><strong><em>L\u2019Homme qui plantait des arbres<\/em>&nbsp;<\/strong>de Fr\u00e9d\u00e9ric Back, d\u2019apr\u00e8s Jean Giono&nbsp;<\/p>\n\n\n\n<p style=\"font-size:11px\">(Animation, Canada, 1987, 30min, coul, avec la voix de Philippe Noiret)<\/p>\n\n\n\n<p class=\"has-small-font-size\">Alors qu\u2019il marche dans les collines du sud de la France, un jeune homme rencontre un berger solitaire. Cet homme, Elz\u00e9ard Bouffier, s\u2019est donn\u00e9 pour mission de redonner vie \u00e0 cette contr\u00e9e aride, et, pour cela, sans rel\u00e2che, de planter des arbres\u2026&nbsp;<\/p>\n\n\n\n<p class=\"has-small-font-size\">Fr\u00e9d\u00e9ric Back (1924-2013) signe un chef-d\u2019\u0153uvre du cin\u00e9ma d\u2019animation avec cette adaptation extraordinaire du texte fondateur de Jean Giono (1895-1970), dit par Philippe Noiret. L\u2019occasion de rendre hommage \u00e0 ces deux artistes, amoureux de la nature, pionniers de l\u2019\u00e9cologie, d\u00e9fenseurs de la paix et du vivant \u00e0 travers leurs oeuvres, qui ont inspir\u00e9 et continuent d\u2019inspirer partout dans le monde. L\u2019occasion aussi d\u2019\u00e9changer sur le r\u00f4le des arbres et des for\u00eats, notre rapport \u00e0 eux.&nbsp;Le film a re\u00e7u une quarantaine de prix, dont un Oscar.&nbsp;<\/p>\n\n\n\n<p style=\"font-size:11px\">Film accessible \u00e0 partir de 7 ans.&nbsp;Dur\u00e9e de la s\u00e9ance et rencontre : environ 1h.<\/p>\n\n\n\n<p class=\"has-text-align-center has-small-font-size\"><strong>Extrait du film<\/strong> : <a href=\"https:\/\/www.youtube.com\/watch?v=o_8zDIgZeBE\">https:\/\/www.youtube.com\/watch?v=o_8zDIgZeBE<\/a><\/p>\n\n\n\n<p><\/p>\n","protected":false},"excerpt":{"rendered":"<p>\u00ab&nbsp;D&rsquo;une g\u00e9n\u00e9ration \u00e0 l&rsquo;autre, comment raviver nos m\u00e9moires de nature ? \u00bb Jeudi 17 avril 2025 de 9h \u00e0 16h30 \u00e0 la Maison de l\u2019Environnement Organis\u00e9e par Nature et Sens, avec le soutien de la M\u00e9tropole de Lyon Nous aurons la joie de proposer une projection-rencontre \u00e0 14h15, autour du film L&rsquo;Homme qui plantait des &hellip; <a href=\"https:\/\/cosmos-culture-ecologie.com\/?page_id=3195\" class=\"more-link\">Continuer la lecture<span class=\"screen-reader-text\"> de &laquo;&nbsp;Journ\u00e9e Amn\u00e9sie environnementale&nbsp;&raquo;<\/span><\/a><\/p>\n","protected":false},"author":1,"featured_media":0,"parent":0,"menu_order":0,"comment_status":"closed","ping_status":"closed","template":"","meta":{"footnotes":""},"class_list":["post-3195","page","type-page","status-publish","hentry"],"_links":{"self":[{"href":"https:\/\/cosmos-culture-ecologie.com\/index.php?rest_route=\/wp\/v2\/pages\/3195","targetHints":{"allow":["GET"]}}],"collection":[{"href":"https:\/\/cosmos-culture-ecologie.com\/index.php?rest_route=\/wp\/v2\/pages"}],"about":[{"href":"https:\/\/cosmos-culture-ecologie.com\/index.php?rest_route=\/wp\/v2\/types\/page"}],"author":[{"embeddable":true,"href":"https:\/\/cosmos-culture-ecologie.com\/index.php?rest_route=\/wp\/v2\/users\/1"}],"replies":[{"embeddable":true,"href":"https:\/\/cosmos-culture-ecologie.com\/index.php?rest_route=%2Fwp%2Fv2%2Fcomments&post=3195"}],"version-history":[{"count":4,"href":"https:\/\/cosmos-culture-ecologie.com\/index.php?rest_route=\/wp\/v2\/pages\/3195\/revisions"}],"predecessor-version":[{"id":3206,"href":"https:\/\/cosmos-culture-ecologie.com\/index.php?rest_route=\/wp\/v2\/pages\/3195\/revisions\/3206"}],"wp:attachment":[{"href":"https:\/\/cosmos-culture-ecologie.com\/index.php?rest_route=%2Fwp%2Fv2%2Fmedia&parent=3195"}],"curies":[{"name":"wp","href":"https:\/\/api.w.org\/{rel}","templated":true}]}}