{"id":3115,"date":"2024-10-17T17:57:30","date_gmt":"2024-10-17T15:57:30","guid":{"rendered":"https:\/\/cosmos-culture-ecologie.com\/?page_id=3115"},"modified":"2024-10-17T18:18:23","modified_gmt":"2024-10-17T16:18:23","slug":"festival-projection-transition","status":"publish","type":"page","link":"https:\/\/cosmos-culture-ecologie.com\/?page_id=3115","title":{"rendered":"Festival Projection Transition"},"content":{"rendered":"\n<p><strong>Du vendredi 15 au dimanche 17 novembre, dans toute la France, et \u00e0 Lyon au Path\u00e9 Bellecour. Un festival organis\u00e9 par l&rsquo;association The Shifters, dont nous avons la joie d&rsquo;\u00eatre partenaire, et parrain\u00e9 par l&rsquo;humoriste Karim Duval. <\/strong><\/p>\n\n\n\n<p class=\"has-small-font-size\">Avec cette ann\u00e9e la th\u00e9matique suivante : \u00ab\u202f(R)\u00e9volutions\u202f: r\u00eaver, innover, \u00e9voluer\u202f\u00bb : Adaptation et transformation de nos soci\u00e9t\u00e9s, nouvelles fa\u00e7ons de repenser collectivement nos modes de vie.<\/p>\n\n\n\n<div class=\"wp-block-media-text alignwide is-stacked-on-mobile\" style=\"grid-template-columns:20% auto\"><figure class=\"wp-block-media-text__media\"><img loading=\"lazy\" decoding=\"async\" width=\"540\" height=\"720\" src=\"https:\/\/cosmos-culture-ecologie.com\/wp-content\/uploads\/2024\/10\/18455762-1.jpg-r_1280_720-f_jpg-q_x-xxyxx-1.jpg\" alt=\"\" class=\"wp-image-3119 size-full\" srcset=\"https:\/\/cosmos-culture-ecologie.com\/wp-content\/uploads\/2024\/10\/18455762-1.jpg-r_1280_720-f_jpg-q_x-xxyxx-1.jpg 540w, https:\/\/cosmos-culture-ecologie.com\/wp-content\/uploads\/2024\/10\/18455762-1.jpg-r_1280_720-f_jpg-q_x-xxyxx-1-225x300.jpg 225w\" sizes=\"auto, (max-width: 540px) 85vw, 540px\" \/><\/figure><div class=\"wp-block-media-text__content\">\n<p class=\"has-small-font-size\"><strong>Samedi 16 novembre \u00e0 18h<\/strong>, Pauline De Boever, cofondatrice de Cosmos, interviendra \u00e0 l\u2019issue de la s\u00e9ance de&nbsp;<strong><em>La Belle verte<\/em><\/strong> de Coline Serreau, aux c\u00f4t\u00e9s de l\u2019humoriste&nbsp;<strong>Karim Duval<\/strong>, d\u2019<strong>El\u00e9onore Gueit&nbsp;<\/strong>(Observatoire des imaginaires), lors d\u2019une rencontre anim\u00e9e par&nbsp;<strong>Juliette Quef&nbsp;<\/strong>(<strong>Vert le m\u00e9dia<\/strong>). <\/p>\n<\/div><\/div>\n\n\n\n<p style=\"font-size:15px\"><strong>Tout le programme du festival Projection Transition :<\/strong><\/p>\n\n\n\n<p class=\"has-small-font-size\">PREMIER CONTACT&nbsp;vendredi 15 novembre \u00e0 19H30&nbsp;&#8211; PATHE Bellecour &#8211; \u00ab\u00a0Conversation avec l&rsquo;inconnu\u00a0\u00bb<\/p>\n\n\n\n<p class=\"has-small-font-size\">LES BETES DU SUD SAUVAGE&nbsp;samedi 16 novembre&nbsp;\u00e0&nbsp;10H30- Cin\u00e9 Lumi\u00e8re Terreaux &#8211; \u00ab\u00a0D\u00e9r\u00e8glement climatique : douloureux exil ou adaptation heureuse ?\u00a0\u00bb<\/p>\n\n\n\n<p class=\"has-small-font-size\">NAUSICAA DE LA VALLEE DU VENT&nbsp;samedi 16 novembre \u00e0 14H00&nbsp;&#8211; PATHE Bellecour &#8211; \u00ab\u00a0En qu\u00eate d&rsquo;\u00e9quilibre : comment cohabiter avec la nature ?\u00a0\u00bb<\/p>\n\n\n\n<p class=\"has-small-font-size\">LA BELLE VERTE&nbsp;samedi 16 novembre \u00e0 18h&nbsp;&#8211; PATHE Bellecour &#8211; \u00ab\u00a0Comment porter les nouveaux r\u00e9cits de la transition \u00e9cologique ? \u00ab\u00a0<\/p>\n\n\n\n<p class=\"has-small-font-size\">AU NOM DE LA TERRE&nbsp;dimanche 17 novembre \u00e0 14h&nbsp;&#8211; PATHE Bellecour &#8211; \u00ab\u00a0Le carbone est dans le pr\u00e9 : le climat et l&rsquo;agriculture sont-ils r\u00e9conciliables ?\u00a0\u00bb<\/p>\n\n\n\n<p class=\"has-small-font-size\">Suite \u00e0 ces projections, des intervenants interviendront sur ces th\u00e9matiques et r\u00e9pondront aux questions du public.<\/p>\n\n\n\n<p><\/p>\n\n\n\n<div class=\"wp-block-media-text alignwide is-stacked-on-mobile\" style=\"grid-template-columns:21% auto\"><figure class=\"wp-block-media-text__media\"><img loading=\"lazy\" decoding=\"async\" width=\"752\" height=\"1024\" src=\"https:\/\/cosmos-culture-ecologie.com\/wp-content\/uploads\/2024\/10\/Affiche-_VALL-752x1024.jpeg\" alt=\"\" class=\"wp-image-3121 size-full\" srcset=\"https:\/\/cosmos-culture-ecologie.com\/wp-content\/uploads\/2024\/10\/Affiche-_VALL-752x1024.jpeg 752w, https:\/\/cosmos-culture-ecologie.com\/wp-content\/uploads\/2024\/10\/Affiche-_VALL-220x300.jpeg 220w, https:\/\/cosmos-culture-ecologie.com\/wp-content\/uploads\/2024\/10\/Affiche-_VALL-768x1046.jpeg 768w, https:\/\/cosmos-culture-ecologie.com\/wp-content\/uploads\/2024\/10\/Affiche-_VALL-1127x1536.jpeg 1127w, https:\/\/cosmos-culture-ecologie.com\/wp-content\/uploads\/2024\/10\/Affiche-_VALL.jpeg 1181w\" sizes=\"auto, (max-width: 752px) 85vw, 752px\" \/><\/figure><div class=\"wp-block-media-text__content\">\n<p style=\"font-size:14px\"><strong>Notre programmation Cohabiter avec le sauvage : les loups est \u00e9galement en partenariat avec The Shifters <\/strong>!<\/p>\n\n\n\n<p class=\"has-small-font-size\">&gt;&nbsp;<strong>Mardi 12 novembre \u00e0 20h au Cin\u00e9 Mourguet, \u00e0 Ste Foy-l\u00e8s-lyon<\/strong> : <strong><em>Vivre avec les loups<\/em>&nbsp;<\/strong>de Jean-Michel Bertrand (1h29)<\/p>\n\n\n\n<p class=\"has-small-font-size\">&gt;&nbsp;<strong>Mercredi 13 novembre \u00e0 14h15 au Cin\u00e9 Rillieux, \u00e0 Rillieux<\/strong>: <strong><em>Marche avec les loups<\/em>&nbsp;<\/strong>de J.-M. Bertrand (1h28)<\/p>\n\n\n\n<p class=\"has-small-font-size\"><strong>&gt; Mercredi 20 novembre&nbsp;\u00e0 16h Rillieux, Bois de Sermenaz<\/strong> : <strong>Balade-atelier<\/strong>. A prix libre sur inscription&nbsp;<a href=\"https:\/\/www.helloasso.com\/associations\/cosmos-culture-et-ecologie\/evenements\/balade-atelier-en-nature-cohabiter-avec-le-sauvage-le-loup-avec-fne-rhone\">ici<\/a>.<\/p>\n\n\n\n<p class=\"has-small-font-size\">S\u00e9ances et animations en pr\u00e9sence d\u2019<strong>Emma Marinho (FNE Rh\u00f4ne)<\/strong>, charg\u00e9e de mission biodiversit\u00e9. <\/p>\n\n\n\n<p class=\"has-text-align-center has-small-font-size\"><a href=\"https:\/\/cosmos-culture-ecologie.com\/?page_id=3050\"><strong>Toutes les infos ici<\/strong><\/a><\/p>\n\n\n\n<p><\/p>\n<\/div><\/div>\n\n\n\n<p class=\"has-small-font-size\">Les billetteries sont ouvertes ! Plus d&rsquo;infos sur notre site :&nbsp;<a rel=\"noreferrer noopener\" href=\"https:\/\/projectiontransition.fr\/\" target=\"_blank\">https:\/\/projectiontransition.fr\/<\/a>&nbsp; et sur nos r\u00e9seaux sociaux :<\/p>\n\n\n\n<p class=\"has-small-font-size\"><a href=\"https:\/\/www.instagram.com\/lesshifterslyon\/\">https:\/\/www.instagram.com\/lesshifterslyon\/<\/a><\/p>\n\n\n\n<p class=\"has-small-font-size\"><a href=\"https:\/\/www.linkedin.com\/company\/les-shifters-lyon\/\">https:\/\/www.linkedin.com\/company\/les-shifters-lyon\/<\/a><\/p>\n\n\n\n<p class=\"has-small-font-size\"><a href=\"https:\/\/www.facebook.com\/lesshifterslyon\/\">https:\/\/www.facebook.com\/lesshifterslyon\/<\/a><\/p>\n","protected":false},"excerpt":{"rendered":"<p>Du vendredi 15 au dimanche 17 novembre, dans toute la France, et \u00e0 Lyon au Path\u00e9 Bellecour. Un festival organis\u00e9 par l&rsquo;association The Shifters, dont nous avons la joie d&rsquo;\u00eatre partenaire, et parrain\u00e9 par l&rsquo;humoriste Karim Duval. Avec cette ann\u00e9e la th\u00e9matique suivante : \u00ab\u202f(R)\u00e9volutions\u202f: r\u00eaver, innover, \u00e9voluer\u202f\u00bb : Adaptation et transformation de nos soci\u00e9t\u00e9s, &hellip; <a href=\"https:\/\/cosmos-culture-ecologie.com\/?page_id=3115\" class=\"more-link\">Continuer la lecture<span class=\"screen-reader-text\"> de &laquo;&nbsp;Festival Projection Transition&nbsp;&raquo;<\/span><\/a><\/p>\n","protected":false},"author":1,"featured_media":0,"parent":0,"menu_order":0,"comment_status":"closed","ping_status":"closed","template":"","meta":{"footnotes":""},"class_list":["post-3115","page","type-page","status-publish","hentry"],"_links":{"self":[{"href":"https:\/\/cosmos-culture-ecologie.com\/index.php?rest_route=\/wp\/v2\/pages\/3115","targetHints":{"allow":["GET"]}}],"collection":[{"href":"https:\/\/cosmos-culture-ecologie.com\/index.php?rest_route=\/wp\/v2\/pages"}],"about":[{"href":"https:\/\/cosmos-culture-ecologie.com\/index.php?rest_route=\/wp\/v2\/types\/page"}],"author":[{"embeddable":true,"href":"https:\/\/cosmos-culture-ecologie.com\/index.php?rest_route=\/wp\/v2\/users\/1"}],"replies":[{"embeddable":true,"href":"https:\/\/cosmos-culture-ecologie.com\/index.php?rest_route=%2Fwp%2Fv2%2Fcomments&post=3115"}],"version-history":[{"count":7,"href":"https:\/\/cosmos-culture-ecologie.com\/index.php?rest_route=\/wp\/v2\/pages\/3115\/revisions"}],"predecessor-version":[{"id":3129,"href":"https:\/\/cosmos-culture-ecologie.com\/index.php?rest_route=\/wp\/v2\/pages\/3115\/revisions\/3129"}],"wp:attachment":[{"href":"https:\/\/cosmos-culture-ecologie.com\/index.php?rest_route=%2Fwp%2Fv2%2Fmedia&parent=3115"}],"curies":[{"name":"wp","href":"https:\/\/api.w.org\/{rel}","templated":true}]}}