{"id":2974,"date":"2024-07-10T09:04:28","date_gmt":"2024-07-10T07:04:28","guid":{"rendered":"https:\/\/cosmos-culture-ecologie.com\/?page_id=2974"},"modified":"2024-09-05T11:06:21","modified_gmt":"2024-09-05T09:06:21","slug":"jardins-partages-et-ouvrier-miam-festival","status":"publish","type":"page","link":"https:\/\/cosmos-culture-ecologie.com\/?page_id=2974","title":{"rendered":"MIAM Festival &#8211; Jardins nourriciers, jardins \u00e9mancipateurs : visite, film et rencontre"},"content":{"rendered":"\n<p style=\"font-size:16px\"><strong>Dans le cadre du MIAM Festival, propos\u00e9 par la M\u00e9tropole de Lyon, et d\u00e9di\u00e9 \u00e0 l&rsquo;alimentation, du samedi 12 au dimanche 27 octobre.<\/strong><\/p>\n\n\n\n<p style=\"font-size:14px\">Une double programmation d\u00e9di\u00e9e aux jardins urbains &#8211; qu&rsquo;ils soient familiaux, partag\u00e9s et d&rsquo;insertion &#8211; avec une visite des plus anciens jardins ouvriers de Lyon, cr\u00e9\u00e9s en 1916 \u00e0 Gerland, suivie d&rsquo;une projection-rencontre \u00e0 la Maison de l&rsquo;environnement autour du documentaire<em> La Jungle \u00e9troite<\/em>, en pr\u00e9sence de Gautier Chapuis, d\u00e9l\u00e9gu\u00e9 au Maire de Lyon en charge notamment des jardins urbains. <\/p>\n\n\n\n<p><\/p>\n\n\n\n<p style=\"font-size:16px\"><strong>Mercredi 16 octobre<\/strong><\/p>\n\n\n\n<p style=\"font-size:16px\"><strong>A 17h15, Visite des jardins familiaux de Gerland &#8211; section Le Livre<\/strong><\/p>\n\n\n\n<p style=\"font-size:14px\">\u00ab&nbsp;Le livre\u00a0\u00bb est la plus ancienne section (1916) de l\u2019Association des Jardins Ouvriers Communaux de Lyon. Ces jardins ont \u00e9t\u00e9 cr\u00e9\u00e9s \u00e0 l\u2019\u00e9poque par des ouvriers imprimeurs sur un terrain appartenant aujourd\u2019hui \u00e0 la ville de Lyon. Ils jouxtent le parc de Gerland. <strong>Nous proposerons un court historique des lieux et une visite des jardins. <\/strong>La promenade se terminera par un<strong> temps d\u2019\u00e9change avec les participant.es<\/strong> sur l\u2019une des parcelles, autour de ce lieu, des plantes, de pratiques du jardinage\u2026<\/p>\n\n\n\n<p style=\"font-size:12px\">Adresse : Jardins de Gerland, 20 all\u00e9e Pierre de Coubertin, Lyon 7. M\u00e9tro Stade de Gerland (5 minutes \u00e0 pied). Nous pourrons ensuite aller ensemble, pour celles et ceux qui le veulent, \u00e0 la Maison de l&rsquo;environnement pour la projection et rencontre. <\/p>\n\n\n\n<p style=\"font-size:12px\">Acc\u00e8s gratuit sur inscription (avec possibilit\u00e9 de faire un don \u00e0 l&rsquo;association). Dur\u00e9e : environ 1h.  Pour tous publics (enfants d\u00e8s 7 ans, sous la responsabilit\u00e9 de leurs proches)&nbsp;<\/p>\n\n\n\n<p class=\"has-text-align-center\" style=\"font-size:16px\"><a rel=\"noreferrer noopener\" href=\"https:\/\/www.helloasso.com\/associations\/cosmos-culture-et-ecologie\/evenements\/visite-des-jardins-de-gerland-miam-festival\" target=\"_blank\"><strong>I<\/strong><\/a><a rel=\"noreferrer noopener\" href=\"https:\/\/www.helloasso.com\/associations\/cosmos-culture-et-ecologie\/evenements\/visite-des-jardins-de-gerland-miam-festival\" target=\"_blank\"><strong>nscriptions ici<\/strong><\/a><\/p>\n\n\n\n<p style=\"font-size:16px\"><strong>A 19h \u00e0 la Maison de l&rsquo;environnement<\/strong> : <strong>Rendez-vous Cosmos &#8211; Film &amp; rencontre<\/strong><\/p>\n\n\n\n<p style=\"font-size:14px\"><strong>En pr\u00e9sence de Gautier Chapuis, <\/strong>D\u00e9l\u00e9gu\u00e9 au Maire de&nbsp;Lyon&nbsp;en charge de la V\u00e9g\u00e9talisation, la Biodiversit\u00e9, la Condition Animale et l&rsquo;Alimentation. <strong>&nbsp;<\/strong><\/p>\n\n\n\n<p style=\"font-size:16px\"><strong><em>La Jungle \u00e9troite<\/em><\/strong>&nbsp;de Benjamin Hennot (Belgique, 2013, 57min, coul)<\/p>\n\n\n\n<p style=\"font-size:14px\">L\u2019association Fraternit\u00e9s ouvri\u00e8res, \u00e0 Mouscron en Belgique, ce sont des jardins-vergers sauvages, un grainier comptant six mille vari\u00e9t\u00e9s de semences, des cours et des ateliers gratuits. Son passeur, porte-parole et cheville ouvri\u00e8re, c\u2019est Gilbert. Tous les jardiniers curieux de Lille, Bruxelles ou Gand, tous ceux et celles qui veulent lier social et jardinage passent l\u00e0 pour se frotter \u00e0 sa parole et \u00e0 son jardin, roboratifs et luxuriants. <\/p>\n\n\n\n<p style=\"font-size:14px\"><strong>A l\u2019issue de la projection, nous \u00e9changerons avec Gautier Chapuis, D\u00e9l\u00e9gu\u00e9 au Maire de&nbsp;Lyon&nbsp;en charge de la V\u00e9g\u00e9talisation, la Biodiversit\u00e9, la Condition Animale et l&rsquo;Alimentation. &nbsp;<\/strong>Ce sera l\u2019occasion d\u2019\u00e9voquer la pratique du jardinage en ville, \u00e0 travers les jardins ouvriers, familiaux et collectifs et leur histoire, d\u2019explorer leur dimension d\u2019\u00e9ducation populaire, leur potentiel d\u2019\u00e9mancipation, leur dimensions politique et sociale, et leur dimension nourrici\u00e8re, ainsi que l&rsquo;implantation de vergers en milieu urbain.<\/p>\n\n\n\n<p style=\"font-size:12px\">Adresse :  L\u2019entr\u00e9e de la Maison de l\u2019Environnement se trouve entre le 12 et le 14 avenue Tony Garnier (Lyon 7). Acc\u00e8s : M\u00e9tro B (Debourg&nbsp;ou&nbsp;Stade de Gerland) ou tram T1 (Tony Garnier).<\/p>\n\n\n\n<p class=\"has-text-align-center\" style=\"font-size:16px\"><strong><a href=\"https:\/\/www.helloasso.com\/associations\/cosmos-culture-et-ecologie\/evenements\/miam-festival-rendez-vous-cosmos-film-et-rencontre-avec-la-jungle-etroite\" target=\"_blank\" rel=\"noreferrer noopener\">Inscriptions \u00e0 prix libre ici<\/a><\/strong><\/p>\n\n\n\n<p><\/p>\n\n\n\n<p class=\"has-text-align-center has-small-font-size\">Programmation dans le cadre du MIAM Festival, propos\u00e9 la M\u00e9tropole de Lyon, en partenariat avec <a rel=\"noreferrer noopener\" href=\"https:\/\/www.lepassejardins.fr\/\" target=\"_blank\">Le Passe-jardins<\/a>, <a rel=\"noreferrer noopener\" href=\"https:\/\/www.maison-environnement.fr\/\" target=\"_blank\">La Maison de l\u2019environnement<\/a> et <a rel=\"noreferrer noopener\" href=\"https:\/\/www.lepassejardins.fr\/jardins-du-livre\" target=\"_blank\">Les Jardins ouvriers de Gerland &#8211; section le Livre<\/a> <\/p>\n\n\n\n<p class=\"has-small-font-size\">A noter ! <strong>Le Passe-jardins propose samedi 19 octobre \u00ab\u00a0Les Folies jardini\u00e8res\u00a0\u00bb<\/strong>, une apr\u00e8s-midi festive ouverte \u00e0 tous.tes, aux jardins de l&rsquo;<strong>Oasis de Gerland<\/strong>. Le samedi 19 octobre est la journ\u00e9e annuelle des jardins partag\u00e9s de la M\u00e9tropole de Lyon.  <\/p>\n\n\n\n<div class=\"wp-block-group\"><div class=\"wp-block-group__inner-container is-layout-constrained wp-block-group-is-layout-constrained\">\n<div class=\"wp-block-columns is-layout-flex wp-container-core-columns-is-layout-1 wp-block-columns-is-layout-flex\">\n<div class=\"wp-block-column is-layout-flow wp-block-column-is-layout-flow\" style=\"flex-basis:100%\">\n<figure class=\"wp-block-gallery has-nested-images columns-default is-cropped wp-block-gallery-1 is-layout-flex wp-block-gallery-is-layout-flex\">\n<figure class=\"wp-block-image size-large\"><img loading=\"lazy\" decoding=\"async\" width=\"650\" height=\"480\" src=\"https:\/\/cosmos-culture-ecologie.com\/wp-content\/uploads\/2024\/07\/Jungle-etroite-03-1.jpeg\" alt=\"\" class=\"wp-image-3015\" srcset=\"https:\/\/cosmos-culture-ecologie.com\/wp-content\/uploads\/2024\/07\/Jungle-etroite-03-1.jpeg 650w, https:\/\/cosmos-culture-ecologie.com\/wp-content\/uploads\/2024\/07\/Jungle-etroite-03-1-300x222.jpeg 300w\" sizes=\"auto, (max-width: 650px) 85vw, 650px\" \/><\/figure>\n\n\n\n<figure class=\"wp-block-image size-large\"><img loading=\"lazy\" decoding=\"async\" width=\"650\" height=\"415\" src=\"https:\/\/cosmos-culture-ecologie.com\/wp-content\/uploads\/2024\/07\/Jungle-etroite-01-1.jpeg\" alt=\"\" class=\"wp-image-3018\" srcset=\"https:\/\/cosmos-culture-ecologie.com\/wp-content\/uploads\/2024\/07\/Jungle-etroite-01-1.jpeg 650w, https:\/\/cosmos-culture-ecologie.com\/wp-content\/uploads\/2024\/07\/Jungle-etroite-01-1-300x192.jpeg 300w\" sizes=\"auto, (max-width: 650px) 85vw, 650px\" \/><\/figure>\n<\/figure>\n<\/div>\n<\/div>\n<\/div><\/div>\n\n\n\n<p class=\"has-small-font-size\"><strong>En savoir plus au sujet du film : <\/strong><\/p>\n\n\n\n<p style=\"font-size:12px\"><strong>Benjamin Hennot<\/strong>, r\u00e9alisateur de <em>La Jungle \u00e9troite<\/em>&nbsp;(\u00e9galement r\u00e9alisateur de <em>La Bataille de l&rsquo;eau noire<\/em>, programm\u00e9 en 2022 par Cosmos, autour des grands projets inutiles) : \u00ab\u00a0Je fr\u00e9quentais les Fraternit\u00e9s ouvri\u00e8res, qui est un lieu d\u00e9di\u00e9 \u00e0 l\u2019\u00e9ducation populaire. Au d\u00e9but des ann\u00e9es \u201970, ils se sont passionn\u00e9s pour le jardinage bio. Au d\u00e9part, ils voulaient \u00ab couper l\u2019herbe sous le pied du bio petit-bourgeois \u00bb, je cite, c\u2019est comme \u00e7a qu\u2019ils pr\u00e9sentaient les choses. Mais le but \u00e9tait avant tout de se renforcer par le biais du partage. Ils ont fait aussi des achats group\u00e9s, ils ont achet\u00e9 des arbres ensemble. Ils ont ensuite mis sur pied un grainier. Ils achetaient les semences en gros et confectionnaient des petits sachets qui \u00e9taient alors accessibles \u00e0 tr\u00e8s bas prix pour tous les membres. Il fallait que ce soit accessible et populaire. Souvent le bio a une connotation li\u00e9e aux gens cultiv\u00e9s, bourgeois. Tout le monde peut ne pas s\u2019y sentir \u00e0 l\u2019aise. Aux Fraternit\u00e9s ouvri\u00e8res, ils ont toujours su garder une texture populaire, jusque dans les mat\u00e9riaux : les bo\u00eetes qu\u2019ils utilisent sont des fonds de bo\u00eetes de croquettes pour chats. Ils sont dans la vrai r\u00e9cup\u2019. (&#8230;) Aux Fraternit\u00e9s ouvri\u00e8res, ils ne font pas de la production. Ils n\u2019essaient pas de te vendre une production \u00e9thique ou biologique. Ils te disent : \u00ab Vas-y, exp\u00e9rimente \u00bb. C\u2019est une incitation \u00e0 exp\u00e9rimenter l\u2019autonomie.<\/p>\n\n\n\n<p style=\"font-size:12px\">Ils veulent le bonheur pour tous. Donc ils organisent ce qu\u2019ils appellent des r\u00e9unions o\u00f9 on \u00e9change les savoir-faire, les diff\u00e9rentes exp\u00e9riences de jardinage. Les r\u00e9unions ont remport\u00e9 de plus en plus de succ\u00e8s, avec la mont\u00e9e de la permaculture. Et surtout, leur grainier est devenu \u00e9norme, avec 6.000 vari\u00e9t\u00e9s de semences, dont 800 vari\u00e9t\u00e9s de tomates, pour te faire une id\u00e9e. Tous les jardiniers un peu curieux et ouverts se sont ru\u00e9s l\u00e0-bas.<\/p>\n\n\n\n<p style=\"font-size:12px\">Le jardin de Gilbert, c\u2019est une vitrine de l\u2019abondance. Il y a mis un maximum de biodiversit\u00e9 pour qu\u2019on se rende compte que des kiwis ou des kakis, \u00e7a peut pousser en Belgique. Pour nous donner le go\u00fbt de planter des arbres. Surtout pour le milieu ouvrier, qui a \u00e9t\u00e9 tenu longtemps \u00e9loign\u00e9 de l\u2019horticulture. Il dit aux gens : m\u00eame sur un petit terrain, il y a moyen d\u2019avoir des fruits et l\u00e9gumes de luxe, et de fa\u00e7on \u00e9conomique.\u00a0\u00bb<\/p>\n\n\n\n<p><\/p>\n\n\n\n<p style=\"font-size:12px\"><strong>En partenariat avec <\/strong><\/p>\n\n\n\n<figure class=\"wp-block-image size-large is-resized\"><img loading=\"lazy\" decoding=\"async\" src=\"https:\/\/cosmos-culture-ecologie.com\/wp-content\/uploads\/2024\/07\/Bloc-Marque-MIAM-Metropole-1024x307.jpg\" alt=\"\" class=\"wp-image-3020\" width=\"310\" height=\"92\" srcset=\"https:\/\/cosmos-culture-ecologie.com\/wp-content\/uploads\/2024\/07\/Bloc-Marque-MIAM-Metropole-1024x307.jpg 1024w, https:\/\/cosmos-culture-ecologie.com\/wp-content\/uploads\/2024\/07\/Bloc-Marque-MIAM-Metropole-300x90.jpg 300w, https:\/\/cosmos-culture-ecologie.com\/wp-content\/uploads\/2024\/07\/Bloc-Marque-MIAM-Metropole-768x231.jpg 768w, https:\/\/cosmos-culture-ecologie.com\/wp-content\/uploads\/2024\/07\/Bloc-Marque-MIAM-Metropole-1536x461.jpg 1536w, https:\/\/cosmos-culture-ecologie.com\/wp-content\/uploads\/2024\/07\/Bloc-Marque-MIAM-Metropole-2048x615.jpg 2048w, https:\/\/cosmos-culture-ecologie.com\/wp-content\/uploads\/2024\/07\/Bloc-Marque-MIAM-Metropole-1200x360.jpg 1200w\" sizes=\"auto, (max-width: 310px) 85vw, 310px\" \/><\/figure>\n\n\n\n<p><\/p>\n\n\n\n<figure class=\"wp-block-image size-full is-resized\"><img loading=\"lazy\" decoding=\"async\" src=\"https:\/\/cosmos-culture-ecologie.com\/wp-content\/uploads\/2024\/07\/Logo-Passe-jardins.jpg\" alt=\"\" class=\"wp-image-3021\" width=\"121\" height=\"78\" srcset=\"https:\/\/cosmos-culture-ecologie.com\/wp-content\/uploads\/2024\/07\/Logo-Passe-jardins.jpg 304w, https:\/\/cosmos-culture-ecologie.com\/wp-content\/uploads\/2024\/07\/Logo-Passe-jardins-300x194.jpg 300w\" sizes=\"auto, (max-width: 121px) 85vw, 121px\" \/><\/figure>\n\n\n\n<p><\/p>\n\n\n\n<figure class=\"wp-block-image size-full is-resized\"><img loading=\"lazy\" decoding=\"async\" src=\"https:\/\/cosmos-culture-ecologie.com\/wp-content\/uploads\/2024\/07\/logo-maison-environnement-1.png\" alt=\"\" class=\"wp-image-3022\" width=\"166\" height=\"76\" srcset=\"https:\/\/cosmos-culture-ecologie.com\/wp-content\/uploads\/2024\/07\/logo-maison-environnement-1.png 329w, https:\/\/cosmos-culture-ecologie.com\/wp-content\/uploads\/2024\/07\/logo-maison-environnement-1-300x140.png 300w\" sizes=\"auto, (max-width: 166px) 85vw, 166px\" \/><\/figure>\n","protected":false},"excerpt":{"rendered":"<p>Dans le cadre du MIAM Festival, propos\u00e9 par la M\u00e9tropole de Lyon, et d\u00e9di\u00e9 \u00e0 l&rsquo;alimentation, du samedi 12 au dimanche 27 octobre. Une double programmation d\u00e9di\u00e9e aux jardins urbains &#8211; qu&rsquo;ils soient familiaux, partag\u00e9s et d&rsquo;insertion &#8211; avec une visite des plus anciens jardins ouvriers de Lyon, cr\u00e9\u00e9s en 1916 \u00e0 Gerland, suivie d&rsquo;une &hellip; <a href=\"https:\/\/cosmos-culture-ecologie.com\/?page_id=2974\" class=\"more-link\">Continuer la lecture<span class=\"screen-reader-text\"> de &laquo;&nbsp;MIAM Festival &#8211; Jardins nourriciers, jardins \u00e9mancipateurs : visite, film et rencontre&nbsp;&raquo;<\/span><\/a><\/p>\n","protected":false},"author":1,"featured_media":0,"parent":0,"menu_order":0,"comment_status":"closed","ping_status":"closed","template":"","meta":{"footnotes":""},"class_list":["post-2974","page","type-page","status-publish","hentry"],"_links":{"self":[{"href":"https:\/\/cosmos-culture-ecologie.com\/index.php?rest_route=\/wp\/v2\/pages\/2974","targetHints":{"allow":["GET"]}}],"collection":[{"href":"https:\/\/cosmos-culture-ecologie.com\/index.php?rest_route=\/wp\/v2\/pages"}],"about":[{"href":"https:\/\/cosmos-culture-ecologie.com\/index.php?rest_route=\/wp\/v2\/types\/page"}],"author":[{"embeddable":true,"href":"https:\/\/cosmos-culture-ecologie.com\/index.php?rest_route=\/wp\/v2\/users\/1"}],"replies":[{"embeddable":true,"href":"https:\/\/cosmos-culture-ecologie.com\/index.php?rest_route=%2Fwp%2Fv2%2Fcomments&post=2974"}],"version-history":[{"count":17,"href":"https:\/\/cosmos-culture-ecologie.com\/index.php?rest_route=\/wp\/v2\/pages\/2974\/revisions"}],"predecessor-version":[{"id":3095,"href":"https:\/\/cosmos-culture-ecologie.com\/index.php?rest_route=\/wp\/v2\/pages\/2974\/revisions\/3095"}],"wp:attachment":[{"href":"https:\/\/cosmos-culture-ecologie.com\/index.php?rest_route=%2Fwp%2Fv2%2Fmedia&parent=2974"}],"curies":[{"name":"wp","href":"https:\/\/api.w.org\/{rel}","templated":true}]}}