{"id":2972,"date":"2024-07-10T09:04:28","date_gmt":"2024-07-10T07:04:28","guid":{"rendered":"https:\/\/cosmos-culture-ecologie.com\/?page_id=2972"},"modified":"2024-09-05T11:28:42","modified_gmt":"2024-09-05T09:28:42","slug":"arbres-et-forets-lhomme-qui-plantait-des-arbres","status":"publish","type":"page","link":"https:\/\/cosmos-culture-ecologie.com\/?page_id=2972","title":{"rendered":"Arbres et for\u00eats : Autour de \u00ab\u00a0L&rsquo;Homme qui plantait des arbres\u00a0\u00bb"},"content":{"rendered":"\n<p style=\"font-size:18px\"><strong>A la Biblioth\u00e8que de la Part-Dieu, et au Mus\u00e9e des Confluences<\/strong><\/p>\n\n\n\n<p><\/p>\n\n\n\n<p>En \u00e9cho \u00e0 <strong>l&rsquo;exposition L&rsquo;Appel de la for\u00eat, propos\u00e9e \u00e0 la Biblioth\u00e8que de la Part-Dieu du samedi 12 octobre au samedi 1er f\u00e9vrier<\/strong>, nous aurons la joie de pr\u00e9senter le merveilleux film d&rsquo;animation <em>L&rsquo;Homme qui plantait des arbres<\/em> de Fr\u00e9d\u00e9ric Back,<em> <\/em>d&rsquo;apr\u00e8s le texte fondateur de Jean Giono et d&rsquo;animer un \u00e9change autour des arbres et des for\u00eats. <\/p>\n\n\n\n<p style=\"font-size:16px\"><strong>Mercredi 6 novembre \u00e0 18h30 \u00e0 la Biblioth\u00e8que Part-Dieu&nbsp;<\/strong><\/p>\n\n\n\n<p style=\"font-size:16px\"><strong><em>L\u2019Homme qui plantait des arbres<\/em>&nbsp;<\/strong>de Fr\u00e9d\u00e9ric Back, d\u2019apr\u00e8s Jean Giono&nbsp;<\/p>\n\n\n\n<p style=\"font-size:12px\">(Animation, Canada, 1987, 30min, coul, avec la voix de Philippe Noiret)<\/p>\n\n\n\n<p style=\"font-size:14px\">Alors qu\u2019il marche dans les collines du sud de la France, un jeune homme rencontre un berger solitaire. Cet homme, Elz\u00e9ard Bouffier, s\u2019est donn\u00e9 pour mission de redonner vie \u00e0 cette contr\u00e9e aride, et, pour cela, sans rel\u00e2che, de planter des arbres\u2026&nbsp;<\/p>\n\n\n\n<p style=\"font-size:14px\">Fr\u00e9d\u00e9ric Back (1924-2013) signe un chef-d\u2019\u0153uvre du cin\u00e9ma d\u2019animation avec cette adaptation extraordinaire du texte fondateur de Jean Giono (1895-1970), dit par Philippe Noiret. L\u2019occasion de rendre hommage \u00e0 ces deux artistes, amoureux de la nature, pionniers de l\u2019\u00e9cologie, d\u00e9fenseurs de la paix et du vivant \u00e0 travers leurs oeuvres, qui ont inspir\u00e9 et continuent d\u2019inspirer partout dans le monde. L\u2019occasion aussi d\u2019explorer le r\u00f4le des arbres et des for\u00eats, notre rapport \u00e0 eux, et les diff\u00e9rentes fa\u00e7ons de planter des arbres et de prendre soin d\u2019une for\u00eat.&nbsp;Le film a re\u00e7u une quarantaine de prix, dont un Oscar.&nbsp;<\/p>\n\n\n\n<p style=\"font-size:14px\">Film accessible \u00e0 partir de 7 ans.&nbsp;Dur\u00e9e de la s\u00e9ance et rencontre : environ 1h30.<\/p>\n\n\n\n<p style=\"font-size:14px\"><strong>Le film sera pr\u00e9sent\u00e9 et suivi d\u2019un \u00e9change avec Fabiola Laudignon (FNE Rh\u00f4ne), le fonds de dotation For\u00eats en vie. <\/strong><\/p>\n\n\n\n<p class=\"has-text-align-center\"><strong>Entr\u00e9e libre et gratuite<\/strong><\/p>\n\n\n\n<p class=\"has-text-align-center\" style=\"font-size:14px\">&gt; Toutes les informations sur l&rsquo;exposition L&rsquo;Appel de la for\u00eat et sur la programmation autour de cette exposition <a rel=\"noreferrer noopener\" href=\"https:\/\/www.bm-lyon.fr\/les-rendez-vous-des-bibliotheques-municipales-de-lyon\/#\/program\/110\" target=\"_blank\">ici<\/a>, et sur notre s\u00e9ance en particulier <a rel=\"noreferrer noopener\" href=\"https:\/\/www.bm-lyon.fr\/les-rendez-vous-des-bibliotheques-municipales-de-lyon\/#\/animation\/2938\/date\/7211\" target=\"_blank\">ici<\/a>. <\/p>\n\n\n\n<p class=\"has-text-align-center has-small-font-size\"><strong>Une programmation en partenariat avec la Biblioth\u00e8que de la Part-Dieu, <a rel=\"noreferrer noopener\" href=\"https:\/\/www.fne-aura.org\/rhone\/\" target=\"_blank\">FNE Rh\u00f4ne<\/a>, et <a rel=\"noreferrer noopener\" href=\"https:\/\/www.foretsenvie.org\/\" target=\"_blank\">For\u00eats en vie<\/a> (fonds de dotation), et avec le soutien de la <a href=\"https:\/\/www.maison-environnement.fr\/\" target=\"_blank\" rel=\"noreferrer noopener\">Maison de l&rsquo;environnement<\/a>.<\/strong><\/p>\n\n\n\n<figure class=\"wp-block-video\"><video controls src=\"https:\/\/cosmos-culture-ecologie.com\/wp-content\/uploads\/2024\/07\/Extrait-LHomme-qui-plantait-des-arbres-1080.mov\"><\/video><\/figure>\n\n\n\n<p style=\"font-size:10px\">Extrait de <em>L&rsquo;Homme qui plantait des arbres<\/em> de Fr\u00e9d\u00e9ric Back<\/p>\n\n\n\n<p><\/p>\n\n\n\n<p><strong>En partenariat avec le Mus\u00e9e des Confluences,\u00a0<\/strong>et en \u00e9cho \u00e0 l&rsquo;exposition <strong>\u00ab\u00a0En for\u00eat avec Vincent Munier\u00a0\u00bb\u00a0<\/strong><\/p>\n\n\n\n<p style=\"font-size:14px\"><em><strong>L&rsquo;Homme qui plantait des arbres\u00a0<\/strong><\/em>sera \u00e9galement diffus\u00e9 lors de la \u00ab\u00a0Nocturne dans les bois\u00a0\u00bb\u00a0jeudi 3 octobre 2024 de 18h30 \u00e0 22h, au Mus\u00e9e des Confluences<\/p>\n\n\n\n<p style=\"font-size:14px\">Nous aurons aussi la joie d&rsquo;accompagner au Mus\u00e9e des Confluences <strong>deux s\u00e9ances scolaires du film<\/strong>, en lien avec l&rsquo;exposition \u00ab\u00a0En for\u00eat avec Vincent Munier\u00a0\u00bb (\u00e0 voir jusqu&rsquo;au 27 avril 2025).<\/p>\n\n\n\n<figure class=\"wp-block-gallery has-nested-images columns-default is-cropped wp-block-gallery-1 is-layout-flex wp-block-gallery-is-layout-flex\">\n<figure class=\"wp-block-image size-large\"><img loading=\"lazy\" decoding=\"async\" width=\"768\" height=\"1024\" data-id=\"2989\" src=\"https:\/\/cosmos-culture-ecologie.com\/wp-content\/uploads\/2024\/07\/20220426_185706-1-768x1024.jpg\" alt=\"\" class=\"wp-image-2989\" srcset=\"https:\/\/cosmos-culture-ecologie.com\/wp-content\/uploads\/2024\/07\/20220426_185706-1-768x1024.jpg 768w, https:\/\/cosmos-culture-ecologie.com\/wp-content\/uploads\/2024\/07\/20220426_185706-1-225x300.jpg 225w, https:\/\/cosmos-culture-ecologie.com\/wp-content\/uploads\/2024\/07\/20220426_185706-1-1152x1536.jpg 1152w, https:\/\/cosmos-culture-ecologie.com\/wp-content\/uploads\/2024\/07\/20220426_185706-1-1536x2048.jpg 1536w, https:\/\/cosmos-culture-ecologie.com\/wp-content\/uploads\/2024\/07\/20220426_185706-1-1200x1600.jpg 1200w, https:\/\/cosmos-culture-ecologie.com\/wp-content\/uploads\/2024\/07\/20220426_185706-1-scaled.jpg 1920w\" sizes=\"auto, (max-width: 768px) 85vw, 768px\" \/><\/figure>\n\n\n\n<figure class=\"wp-block-image size-large\"><img loading=\"lazy\" decoding=\"async\" width=\"748\" height=\"1024\" data-id=\"2988\" src=\"https:\/\/cosmos-culture-ecologie.com\/wp-content\/uploads\/2024\/07\/AFFICHE-BACK-748x1024.jpg\" alt=\"\" class=\"wp-image-2988\" srcset=\"https:\/\/cosmos-culture-ecologie.com\/wp-content\/uploads\/2024\/07\/AFFICHE-BACK-748x1024.jpg 748w, https:\/\/cosmos-culture-ecologie.com\/wp-content\/uploads\/2024\/07\/AFFICHE-BACK-219x300.jpg 219w, https:\/\/cosmos-culture-ecologie.com\/wp-content\/uploads\/2024\/07\/AFFICHE-BACK-768x1051.jpg 768w, https:\/\/cosmos-culture-ecologie.com\/wp-content\/uploads\/2024\/07\/AFFICHE-BACK-1123x1536.jpg 1123w, https:\/\/cosmos-culture-ecologie.com\/wp-content\/uploads\/2024\/07\/AFFICHE-BACK-1497x2048.jpg 1497w, https:\/\/cosmos-culture-ecologie.com\/wp-content\/uploads\/2024\/07\/AFFICHE-BACK-1200x1642.jpg 1200w, https:\/\/cosmos-culture-ecologie.com\/wp-content\/uploads\/2024\/07\/AFFICHE-BACK.jpg 1613w\" sizes=\"auto, (max-width: 748px) 85vw, 748px\" \/><\/figure>\n\n\n\n<figure class=\"wp-block-image size-large\"><img loading=\"lazy\" decoding=\"async\" width=\"697\" height=\"1024\" data-id=\"2990\" src=\"https:\/\/cosmos-culture-ecologie.com\/wp-content\/uploads\/2024\/07\/homme1-697x1024.jpg\" alt=\"\" class=\"wp-image-2990\" srcset=\"https:\/\/cosmos-culture-ecologie.com\/wp-content\/uploads\/2024\/07\/homme1-697x1024.jpg 697w, https:\/\/cosmos-culture-ecologie.com\/wp-content\/uploads\/2024\/07\/homme1-204x300.jpg 204w, https:\/\/cosmos-culture-ecologie.com\/wp-content\/uploads\/2024\/07\/homme1-768x1129.jpg 768w, https:\/\/cosmos-culture-ecologie.com\/wp-content\/uploads\/2024\/07\/homme1-1045x1536.jpg 1045w, https:\/\/cosmos-culture-ecologie.com\/wp-content\/uploads\/2024\/07\/homme1.jpg 1063w\" sizes=\"auto, (max-width: 697px) 85vw, 697px\" \/><\/figure>\n<\/figure>\n\n\n\n<p><\/p>\n\n\n\n<p class=\"has-small-font-size\">En partenariat avec <\/p>\n\n\n\n<figure class=\"wp-block-image size-full is-resized\"><img loading=\"lazy\" decoding=\"async\" src=\"https:\/\/cosmos-culture-ecologie.com\/wp-content\/uploads\/2024\/07\/LOGO_BML-1.jpg\" alt=\"\" class=\"wp-image-2997\" width=\"100\" height=\"53\" srcset=\"https:\/\/cosmos-culture-ecologie.com\/wp-content\/uploads\/2024\/07\/LOGO_BML-1.jpg 416w, https:\/\/cosmos-culture-ecologie.com\/wp-content\/uploads\/2024\/07\/LOGO_BML-1-300x159.jpg 300w\" sizes=\"auto, (max-width: 100px) 85vw, 100px\" \/><\/figure>\n\n\n\n<p><\/p>\n\n\n\n<figure class=\"wp-block-image size-large is-resized\"><img loading=\"lazy\" decoding=\"async\" src=\"https:\/\/cosmos-culture-ecologie.com\/wp-content\/uploads\/2024\/07\/FNE_Rhone_Logo_Principal_Rouge-2-1024x963.png\" alt=\"\" class=\"wp-image-2998\" width=\"86\" height=\"81\" srcset=\"https:\/\/cosmos-culture-ecologie.com\/wp-content\/uploads\/2024\/07\/FNE_Rhone_Logo_Principal_Rouge-2-1024x963.png 1024w, https:\/\/cosmos-culture-ecologie.com\/wp-content\/uploads\/2024\/07\/FNE_Rhone_Logo_Principal_Rouge-2-300x282.png 300w, https:\/\/cosmos-culture-ecologie.com\/wp-content\/uploads\/2024\/07\/FNE_Rhone_Logo_Principal_Rouge-2-768x722.png 768w, https:\/\/cosmos-culture-ecologie.com\/wp-content\/uploads\/2024\/07\/FNE_Rhone_Logo_Principal_Rouge-2-1536x1444.png 1536w, https:\/\/cosmos-culture-ecologie.com\/wp-content\/uploads\/2024\/07\/FNE_Rhone_Logo_Principal_Rouge-2-2048x1926.png 2048w, https:\/\/cosmos-culture-ecologie.com\/wp-content\/uploads\/2024\/07\/FNE_Rhone_Logo_Principal_Rouge-2-1200x1128.png 1200w\" sizes=\"auto, (max-width: 86px) 85vw, 86px\" \/><\/figure>\n\n\n\n<p><\/p>\n\n\n\n<figure class=\"wp-block-image size-full is-resized\"><img loading=\"lazy\" decoding=\"async\" src=\"https:\/\/cosmos-culture-ecologie.com\/wp-content\/uploads\/2024\/07\/logo-forets-en-vie-LONG.png\" alt=\"\" class=\"wp-image-3002\" width=\"88\" height=\"39\" srcset=\"https:\/\/cosmos-culture-ecologie.com\/wp-content\/uploads\/2024\/07\/logo-forets-en-vie-LONG.png 719w, https:\/\/cosmos-culture-ecologie.com\/wp-content\/uploads\/2024\/07\/logo-forets-en-vie-LONG-300x134.png 300w\" sizes=\"auto, (max-width: 88px) 85vw, 88px\" \/><\/figure>\n\n\n\n<p><\/p>\n\n\n\n<p class=\"has-small-font-size\">Avec le soutien de <\/p>\n\n\n\n<figure class=\"wp-block-image size-full is-resized\"><img loading=\"lazy\" decoding=\"async\" src=\"https:\/\/cosmos-culture-ecologie.com\/wp-content\/uploads\/2024\/07\/logo-maison-environnement.png\" alt=\"\" class=\"wp-image-3012\" width=\"162\" height=\"75\" srcset=\"https:\/\/cosmos-culture-ecologie.com\/wp-content\/uploads\/2024\/07\/logo-maison-environnement.png 329w, https:\/\/cosmos-culture-ecologie.com\/wp-content\/uploads\/2024\/07\/logo-maison-environnement-300x140.png 300w\" sizes=\"auto, (max-width: 162px) 85vw, 162px\" \/><\/figure>\n","protected":false},"excerpt":{"rendered":"<p>A la Biblioth\u00e8que de la Part-Dieu, et au Mus\u00e9e des Confluences En \u00e9cho \u00e0 l&rsquo;exposition L&rsquo;Appel de la for\u00eat, propos\u00e9e \u00e0 la Biblioth\u00e8que de la Part-Dieu du samedi 12 octobre au samedi 1er f\u00e9vrier, nous aurons la joie de pr\u00e9senter le merveilleux film d&rsquo;animation L&rsquo;Homme qui plantait des arbres de Fr\u00e9d\u00e9ric Back, d&rsquo;apr\u00e8s le texte &hellip; <a href=\"https:\/\/cosmos-culture-ecologie.com\/?page_id=2972\" class=\"more-link\">Continuer la lecture<span class=\"screen-reader-text\"> de &laquo;&nbsp;Arbres et for\u00eats : Autour de \u00ab\u00a0L&rsquo;Homme qui plantait des arbres\u00a0\u00bb&nbsp;&raquo;<\/span><\/a><\/p>\n","protected":false},"author":1,"featured_media":0,"parent":0,"menu_order":0,"comment_status":"closed","ping_status":"closed","template":"","meta":{"footnotes":""},"class_list":["post-2972","page","type-page","status-publish","hentry"],"_links":{"self":[{"href":"https:\/\/cosmos-culture-ecologie.com\/index.php?rest_route=\/wp\/v2\/pages\/2972","targetHints":{"allow":["GET"]}}],"collection":[{"href":"https:\/\/cosmos-culture-ecologie.com\/index.php?rest_route=\/wp\/v2\/pages"}],"about":[{"href":"https:\/\/cosmos-culture-ecologie.com\/index.php?rest_route=\/wp\/v2\/types\/page"}],"author":[{"embeddable":true,"href":"https:\/\/cosmos-culture-ecologie.com\/index.php?rest_route=\/wp\/v2\/users\/1"}],"replies":[{"embeddable":true,"href":"https:\/\/cosmos-culture-ecologie.com\/index.php?rest_route=%2Fwp%2Fv2%2Fcomments&post=2972"}],"version-history":[{"count":10,"href":"https:\/\/cosmos-culture-ecologie.com\/index.php?rest_route=\/wp\/v2\/pages\/2972\/revisions"}],"predecessor-version":[{"id":3097,"href":"https:\/\/cosmos-culture-ecologie.com\/index.php?rest_route=\/wp\/v2\/pages\/2972\/revisions\/3097"}],"wp:attachment":[{"href":"https:\/\/cosmos-culture-ecologie.com\/index.php?rest_route=%2Fwp%2Fv2%2Fmedia&parent=2972"}],"curies":[{"name":"wp","href":"https:\/\/api.w.org\/{rel}","templated":true}]}}