{"id":2720,"date":"2023-12-20T18:16:56","date_gmt":"2023-12-20T17:16:56","guid":{"rendered":"https:\/\/cosmos-culture-ecologie.com\/?page_id=2720"},"modified":"2023-12-20T18:53:50","modified_gmt":"2023-12-20T17:53:50","slug":"glaciers-sentinelles-par-fanny-vandecandelaere","status":"publish","type":"page","link":"https:\/\/cosmos-culture-ecologie.com\/?page_id=2720","title":{"rendered":"Glaciers : Sentinelles, par Fanny Vandecandelaere"},"content":{"rendered":"\n<p><\/p>\n\n\n\n<p><strong>\u00ab\u00a0Sentinelles\u00a0\u00bb, installation photographique de Fanny Vandecandelaere au TNP, en \u00e9cho \u00e0 la pi\u00e8ce <em>Mort d&rsquo;une montagne<\/em><\/strong><\/p>\n\n\n\n<p class=\"has-small-font-size\">En 2020, puis en 2021, nous avions programm\u00e9 avec la Maison de l&rsquo;Environnement un \u00e9v\u00e9nement aux multiples facettes autour des glaciers, h\u00e9las annul\u00e9 pour cause de covid. Parmi ces facettes, deux travaux que nous aimons \u00e9norm\u00e9ment : d&rsquo;une part le travail photographique de Fanny Vandecandelaere autour des glaciers et le travail th\u00e9\u00e2tral de J\u00e9r\u00f4me Cochet et de Fran\u00e7ois Hien, avec la compagnie Les Non Align\u00e9s.<\/p>\n\n\n\n<p class=\"has-small-font-size\">C&rsquo;est donc tr\u00e8s chaleureusement que nous vous recommandons de faire un d\u00e9tour par le Tnp \u00e0 Villeurbanne la semaine prochaine, pour d\u00e9couvrir \u00ab\u00a0Sentinelles\u00a0\u00bb, l&rsquo;installation photographique de Fanny Vandecandelaere, avant et apr\u00e8s le spectacle formidable \u00ab\u00a0Mort d\u2019une Montagne\u00a0\u00bb &#8211; autre vrai coup de coeur au sein de Cosmos &#8211; culture et \u00e9cologie !<\/p>\n\n\n\n<p class=\"has-small-font-size\">\u00ab\u00a0Fanny Vandecandelaere, photographe et vid\u00e9aste investit le hall du Petit th\u00e9\u00e2tre du TNP.<br>Elle d\u00e9veloppe depuis des ann\u00e9es un travail autour de la montagne et du paysage alpin comme sujets et motifs de ses photographies avec une approche formelle et po\u00e9tique des notions de mouvement g\u00e9ologiques, d\u2019effondrement et de disparition. Fran\u00e7ois Hien et J\u00e9r\u00f4me Cochet l\u2019invitent \u00e0 exposer une partie de son travail qui fait largement \u00e9cho aux sujets \u00e9voqu\u00e9s dans leur pi\u00e8ce.\u00a0\u00bb<\/p>\n\n\n\n<p class=\"has-small-font-size\">du 13 au 15 d\u00e9cembre<br>entr\u00e9e libre avant apr\u00e8s le spectacle <em>Mort d\u2019une montagne<\/em> (le spectacle est complet, mais vous pouvez tenter votre chance en derni\u00e8re minute !)<\/p>\n\n\n\n<p class=\"has-small-font-size\">Le travail de Fanny Vandecandelaere est \u00e9galement \u00e0 d\u00e9couvrir dans le num\u00e9ro 2 de la Revue <em>Chabe<\/em> qui vient de para\u00eetre.<\/p>\n\n\n\n<p class=\"has-small-font-size\">Et cerise sur le g\u00e2teau, cette talentueuse photographe et vid\u00e9aste nous fait la joie de compter parmi les proches et fid\u00e8les soutiens de Cosmos !<\/p>\n\n\n\n<p><\/p>\n\n\n\n<figure class=\"wp-block-embed is-type-wp-embed is-provider-theatre-national-populaire wp-block-embed-theatre-national-populaire\"><div class=\"wp-block-embed__wrapper\">\n<blockquote class=\"wp-embedded-content\" data-secret=\"gGkW0p5Fu9\"><a href=\"https:\/\/www.tnp-villeurbanne.com\/installation-photographique-de-fanny-vandecandelaere\/\">Sentinelles installation photographique de Fanny Vandecandelaere<\/a><\/blockquote><iframe loading=\"lazy\" class=\"wp-embedded-content\" sandbox=\"allow-scripts\" security=\"restricted\" style=\"position: absolute; clip: rect(1px, 1px, 1px, 1px);\" title=\"\u00ab\u00a0&lt;em&gt;Sentinelles&lt;\/em&gt; installation photographique de Fanny Vandecandelaere\u00a0\u00bb &#8212; Th\u00e9\u00e2tre National Populaire\" src=\"https:\/\/www.tnp-villeurbanne.com\/installation-photographique-de-fanny-vandecandelaere\/embed\/#?secret=gGkW0p5Fu9\" data-secret=\"gGkW0p5Fu9\" width=\"600\" height=\"338\" frameborder=\"0\" marginwidth=\"0\" marginheight=\"0\" scrolling=\"no\"><\/iframe>\n<\/div><\/figure>\n","protected":false},"excerpt":{"rendered":"<p>\u00ab\u00a0Sentinelles\u00a0\u00bb, installation photographique de Fanny Vandecandelaere au TNP, en \u00e9cho \u00e0 la pi\u00e8ce Mort d&rsquo;une montagne En 2020, puis en 2021, nous avions programm\u00e9 avec la Maison de l&rsquo;Environnement un \u00e9v\u00e9nement aux multiples facettes autour des glaciers, h\u00e9las annul\u00e9 pour cause de covid. Parmi ces facettes, deux travaux que nous aimons \u00e9norm\u00e9ment : d&rsquo;une part &hellip; <a href=\"https:\/\/cosmos-culture-ecologie.com\/?page_id=2720\" class=\"more-link\">Continuer la lecture<span class=\"screen-reader-text\"> de &laquo;&nbsp;Glaciers : Sentinelles, par Fanny Vandecandelaere&nbsp;&raquo;<\/span><\/a><\/p>\n","protected":false},"author":1,"featured_media":0,"parent":0,"menu_order":0,"comment_status":"closed","ping_status":"closed","template":"","meta":{"footnotes":""},"class_list":["post-2720","page","type-page","status-publish","hentry"],"_links":{"self":[{"href":"https:\/\/cosmos-culture-ecologie.com\/index.php?rest_route=\/wp\/v2\/pages\/2720","targetHints":{"allow":["GET"]}}],"collection":[{"href":"https:\/\/cosmos-culture-ecologie.com\/index.php?rest_route=\/wp\/v2\/pages"}],"about":[{"href":"https:\/\/cosmos-culture-ecologie.com\/index.php?rest_route=\/wp\/v2\/types\/page"}],"author":[{"embeddable":true,"href":"https:\/\/cosmos-culture-ecologie.com\/index.php?rest_route=\/wp\/v2\/users\/1"}],"replies":[{"embeddable":true,"href":"https:\/\/cosmos-culture-ecologie.com\/index.php?rest_route=%2Fwp%2Fv2%2Fcomments&post=2720"}],"version-history":[{"count":4,"href":"https:\/\/cosmos-culture-ecologie.com\/index.php?rest_route=\/wp\/v2\/pages\/2720\/revisions"}],"predecessor-version":[{"id":2745,"href":"https:\/\/cosmos-culture-ecologie.com\/index.php?rest_route=\/wp\/v2\/pages\/2720\/revisions\/2745"}],"wp:attachment":[{"href":"https:\/\/cosmos-culture-ecologie.com\/index.php?rest_route=%2Fwp%2Fv2%2Fmedia&parent=2720"}],"curies":[{"name":"wp","href":"https:\/\/api.w.org\/{rel}","templated":true}]}}