{"id":2687,"date":"2023-11-17T15:52:12","date_gmt":"2023-11-17T14:52:12","guid":{"rendered":"https:\/\/cosmos-culture-ecologie.com\/?page_id=2687"},"modified":"2024-01-12T15:37:12","modified_gmt":"2024-01-12T14:37:12","slug":"2023-2","status":"publish","type":"page","link":"https:\/\/cosmos-culture-ecologie.com\/?page_id=2687","title":{"rendered":"2023"},"content":{"rendered":"\n<p>Retrouvez dans cette rubrique l&rsquo;ensemble de la programmation propos\u00e9e par Cosmos &#8211; culture et \u00e9cologie durant l&rsquo;ann\u00e9e 2023. <\/p>\n","protected":false},"excerpt":{"rendered":"<p>Retrouvez dans cette rubrique l&rsquo;ensemble de la programmation propos\u00e9e par Cosmos &#8211; culture et \u00e9cologie durant l&rsquo;ann\u00e9e 2023.<\/p>\n","protected":false},"author":1,"featured_media":0,"parent":0,"menu_order":0,"comment_status":"closed","ping_status":"closed","template":"","meta":{"footnotes":""},"class_list":["post-2687","page","type-page","status-publish","hentry"],"_links":{"self":[{"href":"https:\/\/cosmos-culture-ecologie.com\/index.php?rest_route=\/wp\/v2\/pages\/2687","targetHints":{"allow":["GET"]}}],"collection":[{"href":"https:\/\/cosmos-culture-ecologie.com\/index.php?rest_route=\/wp\/v2\/pages"}],"about":[{"href":"https:\/\/cosmos-culture-ecologie.com\/index.php?rest_route=\/wp\/v2\/types\/page"}],"author":[{"embeddable":true,"href":"https:\/\/cosmos-culture-ecologie.com\/index.php?rest_route=\/wp\/v2\/users\/1"}],"replies":[{"embeddable":true,"href":"https:\/\/cosmos-culture-ecologie.com\/index.php?rest_route=%2Fwp%2Fv2%2Fcomments&post=2687"}],"version-history":[{"count":2,"href":"https:\/\/cosmos-culture-ecologie.com\/index.php?rest_route=\/wp\/v2\/pages\/2687\/revisions"}],"predecessor-version":[{"id":2760,"href":"https:\/\/cosmos-culture-ecologie.com\/index.php?rest_route=\/wp\/v2\/pages\/2687\/revisions\/2760"}],"wp:attachment":[{"href":"https:\/\/cosmos-culture-ecologie.com\/index.php?rest_route=%2Fwp%2Fv2%2Fmedia&parent=2687"}],"curies":[{"name":"wp","href":"https:\/\/api.w.org\/{rel}","templated":true}]}}