{"id":2613,"date":"2023-11-13T11:36:32","date_gmt":"2023-11-13T10:36:32","guid":{"rendered":"https:\/\/cosmos-culture-ecologie.com\/?page_id=2613"},"modified":"2023-11-28T09:35:04","modified_gmt":"2023-11-28T08:35:04","slug":"la-goelette-tara-rencontre-avec-wilfried-nsonde","status":"publish","type":"page","link":"https:\/\/cosmos-culture-ecologie.com\/?page_id=2613","title":{"rendered":"Go\u00e9lette Tara : Rencontre avec Wilfried N&rsquo;Sond\u00e9"},"content":{"rendered":"\n<p style=\"font-size:18px\"><strong>Les oc\u00e9ans, les fleuves, la litt\u00e9rature et la photographie <\/strong><\/p>\n\n\n\n<p style=\"font-size:15px\">Ev\u00e9nement ! <strong>La Go\u00e9lette Tara fera escale \u00e0 Lyon du 6 d\u00e9cembre au 21 janvier 2024.<\/strong> A cette occasion, la <strong>Maison de l&rsquo;environnement <\/strong>propose <strong>samedi 13 janvier <\/strong>une journ\u00e9e \u00ab\u00a0Fleuves et oc\u00e9ans\u00a0\u00bb. Cosmos a la joie de proposer cette rencontre avec l&rsquo;auteur Wilfried N&rsquo;Sond\u00e9, qui a pass\u00e9 cinq semaines sur la go\u00e9lette Tara et en a tir\u00e9 un roman beau et prenant, <em>Heliosph\u00e9ra, fille des abysses <\/em>(Actes Sud, Mondes sauvages, 2022). On y parlera oc\u00e9ans, sciences, litt\u00e9rature, fleuves, et photographie avec le travail du photographe Camille Moirenc autour du Rh\u00f4ne.<\/p>\n\n\n\n<p><\/p>\n\n\n\n<p><strong>Samedi 13 janvier \u00e0 16h30 \u00e0 la Maison de l\u2019environnement<\/strong><\/p>\n\n\n\n<p style=\"font-size:18px\"><strong>Rencontre avec Wilfried N\u2019Sond\u00e9<\/strong>, <strong>un \u00e9crivain \u00e0 bord de la go\u00e9lette Tara&nbsp;<\/strong><\/p>\n\n\n\n<div class=\"wp-block-media-text alignwide is-stacked-on-mobile\" style=\"grid-template-columns:21% auto\"><figure class=\"wp-block-media-text__media\"><img loading=\"lazy\" decoding=\"async\" width=\"489\" height=\"923\" src=\"https:\/\/cosmos-culture-ecologie.com\/wp-content\/uploads\/2023\/11\/couv-heliosphera.jpeg\" alt=\"\" class=\"wp-image-2620 size-full\" srcset=\"https:\/\/cosmos-culture-ecologie.com\/wp-content\/uploads\/2023\/11\/couv-heliosphera.jpeg 489w, https:\/\/cosmos-culture-ecologie.com\/wp-content\/uploads\/2023\/11\/couv-heliosphera-159x300.jpeg 159w\" sizes=\"auto, (max-width: 489px) 85vw, 489px\" \/><\/figure><div class=\"wp-block-media-text__content\">\n<p style=\"font-size:14px\">En 2020, durant le confinement, <strong>Wilfried N\u2019Sond\u00e9<\/strong> passe cinq semaines sur la mythique go\u00e9lette Tara. Il en tire le roman <em><strong>H\u00e9liosph\u00e9ra, fille des abysses <\/strong><\/em>(Actes Sud, coll. Mondes sauvages, 2022), o\u00f9 s\u2019entrem\u00ealent les voix de micro-organismes sous-marins, d\u2019une jeune chercheuse \u00e0 bord de la go\u00e9lette, et d\u2019un lambeau de plastique errant dans les eaux. Nous \u00e9changerons avec lui sur cette exp\u00e9rience hors du commun, sur les liens entre art, litt\u00e9rature et sciences, sur les myst\u00e8res du plancton\u2026&nbsp;<\/p>\n<\/div><\/div>\n\n\n\n<p style=\"font-size:14px\">En seconde partie de la rencontre, Wilfried N\u2019Sond\u00e9, qui habite \u00e0 Lyon, commentera des <strong>photographies du Rh\u00f4ne sign\u00e9es Camille Moirenc<\/strong> (<em>Le Rh\u00f4ne, <\/em>Actes Sud, 2019), extraites de son exposition <em><a rel=\"noreferrer noopener\" href=\"https:\/\/www.visagesdurhone.com\/\" data-type=\"URL\" data-id=\"https:\/\/www.visagesdurhone.com\/\" target=\"_blank\">Visages du Rh\u00f4ne<\/a>.<\/em><\/p>\n\n\n\n<p style=\"font-size:14px\">La rencontre sera suivie d&rsquo;un temps de <strong>signature<\/strong> par l&rsquo;auteur de son livre <strong>H\u00e9liosphera, fille des abysses<\/strong>, propos\u00e9 par l&rsquo;\u00e9quipe de la Fondation Tara Oc\u00e9an. <\/p>\n\n\n\n<p style=\"font-size:14px\"><strong>Rencontre en entr\u00e9e libre sur inscription <a href=\"https:\/\/www.helloasso.com\/associations\/maison-de-l-environnement\/evenements\/tara-rencontre-avec-wilfried-n-sonde\" data-type=\"URL\" data-id=\"https:\/\/www.helloasso.com\/associations\/maison-de-l-environnement\/evenements\/tara-rencontre-avec-wilfried-n-sonde\" target=\"_blank\" rel=\"noreferrer noopener\">ici<\/a>. <\/strong><\/p>\n\n\n\n<p style=\"font-size:0px\">&gt; <strong>Maison de l&rsquo;Environnement<\/strong> &#8211; 14 avenue Tony Garnier (Lyon 7) &#8211; 04 72 77 19 80 &#8211; M\u00e9tro B (arr\u00eats <em>Debourg<\/em>&nbsp;ou&nbsp;<em>Stade de Gerland<\/em>) ou tram T1 (arr\u00eat <em>Tony Garnier<\/em>)<\/p>\n\n\n\n<p class=\"has-text-align-center\" style=\"font-size:14px\"><strong>&gt; Le programme complet de la journ\u00e9e du samedi 13 janvier \u00e0 la Maison de l&rsquo;environnement <a rel=\"noreferrer noopener\" href=\"https:\/\/www.maison-environnement.fr\/evenement-samedi-13-janvier-du-fleuve-a-locean-a-la-maison-de-lenvironnement-avec-la-fondation-tara-ocean\/\" data-type=\"URL\" data-id=\"https:\/\/www.maison-environnement.fr\/evenement-samedi-13-janvier-du-fleuve-a-locean-a-la-maison-de-lenvironnement-avec-la-fondation-tara-ocean\/\" target=\"_blank\">ici<\/a>.<\/strong><\/p>\n\n\n\n<p style=\"font-size:16px\"><strong>En savoir plus <\/strong><\/p>\n\n\n\n<p style=\"font-size:15px\">&gt; <strong>WILFRIED N&rsquo;SOND\u00c9<\/strong><\/p>\n\n\n\n<p class=\"has-small-font-size\">N\u00e9 en 1968 \u00e0 Brazzaville,&nbsp;<strong>Wilfried N\u2019Sond\u00e9<\/strong>&nbsp;a grandi en \u00cele-de-France et v\u00e9cu vingt-cinq ans \u00e0 Berlin. Il habite d\u00e9sormais \u00e0 Lyon. Il est l&rsquo;auteur de six romans publi\u00e9s chez Actes Sud, notamment&nbsp;<em>Le C\u0153ur des enfants l\u00e9opards<\/em>&nbsp;(2007, prix des Cinq Continents de la francophonie et prix Senghor de la cr\u00e9ation litt\u00e9raire),&nbsp;<em>Un oc\u00e9an, deux mers, trois continents<\/em>&nbsp;(2018), qui a re\u00e7u une dizaine de prix litt\u00e9raires,&nbsp;<em>Femme du ciel et des temp\u00eates<\/em>&nbsp;(2021), et en 2022, <em>Heliosph\u00e9ra, fille des abysses<\/em>, dans la passionnante collection Mondes sauvages chez Actes Sud.<br>Wilfried N\u2019Sond\u00e9 explore, dans ses r\u00e9cits, des aventures historiques, l\u2019exp\u00e9rience de l\u2019exil et de l\u2019alt\u00e9rit\u00e9 et, plus r\u00e9cemment, notre rapport au monde vivant. Il a notamment sign\u00e9 les textes de l\u2019ouvrage photographique&nbsp;<em>Borders<\/em>&nbsp;de Jean-Michel Andr\u00e9 (Actes Sud, 2020), expos\u00e9 aux Rencontres d\u2019Arles 2021.<\/p>\n\n\n\n<p style=\"font-size:15px\">&gt; <strong>CAMILLE MOIRENC<\/strong> <\/p>\n\n\n\n<p class=\"has-small-font-size\">Nous aurons la chance de vous partager \u00e9galement le travail photographique de Camille Moirenc, qui a notamment sign\u00e9 les photos du beau livre <em>Rh\u00f4ne <\/em>(Actes Sud, 2019), et une riche exposition pr\u00e9sent\u00e9e au S\u00e9nat \u00e0 Paris, ainsi qu&rsquo;\u00e0 Lyon en 2022, <a rel=\"noreferrer noopener\" href=\"https:\/\/www.visagesdurhone.com\/\" data-type=\"URL\" data-id=\"https:\/\/www.visagesdurhone.com\/\" target=\"_blank\">Visages du Rh\u00f4ne<\/a>. Wilfiried N&rsquo;Sond\u00e9 commentera une s\u00e9lection de ces photos en seconde partie de rencontre. <\/p>\n\n\n\n<p style=\"font-size:15px\"><strong>> LA FONDATION TARA OC\u00c9AN <\/strong><\/p>\n\n\n\n<p class=\"has-small-font-size\">Pour en savoir plus sur la Fondation Tara Oc\u00e9an, rendez-vous ici : <a rel=\"noreferrer noopener\" href=\"https:\/\/fondationtaraocean.org\/\" target=\"_blank\">https:\/\/fondationtaraocean.org\/<\/a>  et vous pouvez retrouver toutes les informations sur le programme autour de l&rsquo;escale de la Go\u00e9lette Tara \u00e0 Lyon <a rel=\"noreferrer noopener\" href=\"https:\/\/fondationtaraocean.org\/evenement\/programme-escale-tara-lyon-2023\/\" data-type=\"URL\" data-id=\"https:\/\/fondationtaraocean.org\/evenement\/programme-escale-tara-lyon-2023\/\" target=\"_blank\">ici<\/a>.<\/p>\n\n\n\n<p class=\"has-small-font-size\">En partenariat avec <\/p>\n\n\n\n<figure class=\"wp-block-image size-full is-resized\"><img loading=\"lazy\" decoding=\"async\" src=\"https:\/\/cosmos-culture-ecologie.com\/wp-content\/uploads\/2023\/02\/LOGO-MAISON-ENVIRONNEMENT-LYON.png\" alt=\"\" class=\"wp-image-2274\" width=\"180\" height=\"61\" srcset=\"https:\/\/cosmos-culture-ecologie.com\/wp-content\/uploads\/2023\/02\/LOGO-MAISON-ENVIRONNEMENT-LYON.png 986w, https:\/\/cosmos-culture-ecologie.com\/wp-content\/uploads\/2023\/02\/LOGO-MAISON-ENVIRONNEMENT-LYON-300x100.png 300w, https:\/\/cosmos-culture-ecologie.com\/wp-content\/uploads\/2023\/02\/LOGO-MAISON-ENVIRONNEMENT-LYON-768x257.png 768w\" sizes=\"auto, (max-width: 180px) 85vw, 180px\" \/><\/figure>\n\n\n<div class=\"wp-block-image\">\n<figure class=\"aligncenter size-large is-resized\"><img loading=\"lazy\" decoding=\"async\" src=\"https:\/\/cosmos-culture-ecologie.com\/wp-content\/uploads\/2023\/11\/45_camille_moirenc_visages_rhone-810x535-1.jpeg\" alt=\"\" class=\"wp-image-2635\" width=\"522\" height=\"345\" srcset=\"https:\/\/cosmos-culture-ecologie.com\/wp-content\/uploads\/2023\/11\/45_camille_moirenc_visages_rhone-810x535-1.jpeg 810w, https:\/\/cosmos-culture-ecologie.com\/wp-content\/uploads\/2023\/11\/45_camille_moirenc_visages_rhone-810x535-1-300x198.jpeg 300w, https:\/\/cosmos-culture-ecologie.com\/wp-content\/uploads\/2023\/11\/45_camille_moirenc_visages_rhone-810x535-1-768x507.jpeg 768w\" sizes=\"auto, (max-width: 522px) 85vw, 522px\" \/><\/figure><\/div>\n\n\n<p class=\"has-text-align-center\" style=\"font-size:12px\">\u00a9 Camille Moirenc<\/p>\n","protected":false},"excerpt":{"rendered":"<p>Les oc\u00e9ans, les fleuves, la litt\u00e9rature et la photographie Ev\u00e9nement ! La Go\u00e9lette Tara fera escale \u00e0 Lyon du 6 d\u00e9cembre au 21 janvier 2024. A cette occasion, la Maison de l&rsquo;environnement propose samedi 13 janvier une journ\u00e9e \u00ab\u00a0Fleuves et oc\u00e9ans\u00a0\u00bb. Cosmos a la joie de proposer cette rencontre avec l&rsquo;auteur Wilfried N&rsquo;Sond\u00e9, qui a &hellip; <a href=\"https:\/\/cosmos-culture-ecologie.com\/?page_id=2613\" class=\"more-link\">Continuer la lecture<span class=\"screen-reader-text\"> de &laquo;&nbsp;Go\u00e9lette Tara : Rencontre avec Wilfried N&rsquo;Sond\u00e9&nbsp;&raquo;<\/span><\/a><\/p>\n","protected":false},"author":1,"featured_media":0,"parent":0,"menu_order":0,"comment_status":"closed","ping_status":"closed","template":"","meta":{"footnotes":""},"class_list":["post-2613","page","type-page","status-publish","hentry"],"_links":{"self":[{"href":"https:\/\/cosmos-culture-ecologie.com\/index.php?rest_route=\/wp\/v2\/pages\/2613","targetHints":{"allow":["GET"]}}],"collection":[{"href":"https:\/\/cosmos-culture-ecologie.com\/index.php?rest_route=\/wp\/v2\/pages"}],"about":[{"href":"https:\/\/cosmos-culture-ecologie.com\/index.php?rest_route=\/wp\/v2\/types\/page"}],"author":[{"embeddable":true,"href":"https:\/\/cosmos-culture-ecologie.com\/index.php?rest_route=\/wp\/v2\/users\/1"}],"replies":[{"embeddable":true,"href":"https:\/\/cosmos-culture-ecologie.com\/index.php?rest_route=%2Fwp%2Fv2%2Fcomments&post=2613"}],"version-history":[{"count":15,"href":"https:\/\/cosmos-culture-ecologie.com\/index.php?rest_route=\/wp\/v2\/pages\/2613\/revisions"}],"predecessor-version":[{"id":2699,"href":"https:\/\/cosmos-culture-ecologie.com\/index.php?rest_route=\/wp\/v2\/pages\/2613\/revisions\/2699"}],"wp:attachment":[{"href":"https:\/\/cosmos-culture-ecologie.com\/index.php?rest_route=%2Fwp%2Fv2%2Fmedia&parent=2613"}],"curies":[{"name":"wp","href":"https:\/\/api.w.org\/{rel}","templated":true}]}}