{"id":2502,"date":"2023-07-03T11:04:36","date_gmt":"2023-07-03T09:04:36","guid":{"rendered":"https:\/\/cosmos-culture-ecologie.com\/?page_id=2502"},"modified":"2023-09-11T08:52:29","modified_gmt":"2023-09-11T06:52:29","slug":"la-fabrique-des-pandemies","status":"publish","type":"page","link":"https:\/\/cosmos-culture-ecologie.com\/?page_id=2502","title":{"rendered":"Biodiversit\u00e9, pand\u00e9mies et climat :  La Fabrique des pand\u00e9mies et balade-d\u00e9couverte"},"content":{"rendered":"\n<p><\/p>\n\n\n\n<p>Nous poursuivons notre ann\u00e9e d\u00e9di\u00e9e \u00e0 la biodiversit\u00e9 avec l&rsquo;enqu\u00eate passionnante men\u00e9e par la journaliste Marie-Monique Robin (<em>Le Monde selon Monsanto<\/em>&#8230;) dans son film <em>La Fabrique des pand\u00e9mies<\/em> autour des liens entre pand\u00e9mies, biodiversit\u00e9 et climat. <\/p>\n\n\n\n<p>Autour de cette th\u00e9matique, deux rendez-vous : un <strong>Rendez-vous Cosmos &#8211; Film &amp; Rencontre <\/strong>avec la projection du film et une rencontre avec Yann Faure, sociologue de la sant\u00e9, et un <strong>Atelier-balade en nature avec FNE Rh\u00f4ne<\/strong>, autour des chauves-souris, au Parc de Gerland.  <\/p>\n\n\n\n<p><\/p>\n\n\n\n<div class=\"wp-block-media-text alignwide is-stacked-on-mobile\" style=\"grid-template-columns:26% auto\"><figure class=\"wp-block-media-text__media\"><img loading=\"lazy\" decoding=\"async\" width=\"724\" height=\"1024\" src=\"https:\/\/cosmos-culture-ecologie.com\/wp-content\/uploads\/2023\/07\/Affiche-LFDP-A3-Logos-La-Fabrique-des-pandemies-724x1024.jpeg\" alt=\"\" class=\"wp-image-2521 size-full\" srcset=\"https:\/\/cosmos-culture-ecologie.com\/wp-content\/uploads\/2023\/07\/Affiche-LFDP-A3-Logos-La-Fabrique-des-pandemies-724x1024.jpeg 724w, https:\/\/cosmos-culture-ecologie.com\/wp-content\/uploads\/2023\/07\/Affiche-LFDP-A3-Logos-La-Fabrique-des-pandemies-212x300.jpeg 212w, https:\/\/cosmos-culture-ecologie.com\/wp-content\/uploads\/2023\/07\/Affiche-LFDP-A3-Logos-La-Fabrique-des-pandemies-768x1086.jpeg 768w, https:\/\/cosmos-culture-ecologie.com\/wp-content\/uploads\/2023\/07\/Affiche-LFDP-A3-Logos-La-Fabrique-des-pandemies-scaled.jpeg 1810w\" sizes=\"auto, (max-width: 724px) 85vw, 724px\" \/><\/figure><div class=\"wp-block-media-text__content\">\n<p><strong>&gt; Rendez-vous Cosmos &#8211; Film et rencontre<\/strong><\/p>\n\n\n\n<p><strong>Jeudi 5 octobre <\/strong>\u00e0 20h30 au Cin\u00e9ma Le Zola, \u00e0 Villeurbanne<\/p>\n\n\n\n<p style=\"font-size:18px\"><strong><em>La Fabrique des pand\u00e9mies&nbsp;<\/em>de Marie-Monique Robin&nbsp;<\/strong><\/p>\n\n\n\n<p class=\"has-small-font-size\">(Doc, Fr, 2022, 1h47, avec Juliette Binoche)<\/p>\n\n\n\n<p><strong>En pr\u00e9sence de Yann Faure, <\/strong>sociologue de la sant\u00e9, collaborateur occasionnel pour le magazine <em>Reporterre<\/em> sur les questions de sant\u00e9 animale et humaine&nbsp;<\/p>\n<\/div><\/div>\n\n\n\n<p style=\"font-size:14px\">Dengue, Chikungunya, Covid-19, Sida, Ebola : le nombre de maladies \u00e9mergentes &#8211; jusqu&rsquo;alors inconnues &#8211; a explos\u00e9 ces quarante derni\u00e8res ann\u00e9es. La plupart d&rsquo;entre elles sont des zoonoses, des maladies infectieuses transmises aux hommes par les animaux. Dans ce documentaire-\u00e9v\u00e9nement, aussi passionnant que grandement p\u00e9dagogique, la com\u00e9dienne Juliette Binoche cherche \u00e0 saisir les causes de cette \u00ab\u00a0\u00e9pid\u00e9mie de pand\u00e9mies\u00a0\u00bb. Elle part \u00e0 la rencontre de scientifiques du monde entier pour comprendre quels sont les liens entre la sant\u00e9 humaine et la sant\u00e9 des \u00e9cosyst\u00e8mes.<\/p>\n\n\n\n<p style=\"font-size:14px\"><strong>La projection sera pr\u00e9sent\u00e9e et suivie d&rsquo;un \u00e9change avec Yann Faure. <\/strong><\/p>\n\n\n\n<p class=\"has-text-align-center\" style=\"font-size:15px\"><strong>Billetterie en ligne <a href=\"https:\/\/www.ticketingcine.fr\/index.php?lang=fr&amp;ids=3889&amp;nc=1217\" target=\"_blank\" rel=\"noreferrer noopener\">ici<\/a> !<\/strong><\/p>\n\n\n\n<p><\/p>\n\n\n\n<p><\/p>\n\n\n\n<p><\/p>\n\n\n\n<div class=\"wp-block-media-text alignwide is-stacked-on-mobile\" style=\"grid-template-columns:27% auto\"><figure class=\"wp-block-media-text__media\"><img decoding=\"async\" src=\"https:\/\/cosmos-culture-ecologie.com\/wp-content\/uploads\/2022\/01\/7.jpg\" alt=\"\" class=\"wp-image-1566 size-full\"\/><\/figure><div class=\"wp-block-media-text__content\">\n<p><strong>&gt; Balade-d\u00e9couverte en nature \u00ab&nbsp;A la rencontre des chauves-souris&nbsp;\u00bb, avec FNE Rh\u00f4ne&nbsp;<\/strong><\/p>\n\n\n\n<p><strong>Jeudi 28 septembre \u00e0 18h30, au Parc de Gerland<\/strong> <em>(rdv \u00e0 l&rsquo;arr\u00eat de tram T1 -Halle Tony Garnier)<\/em><\/p>\n<\/div><\/div>\n\n\n\n<p style=\"font-size:14px\">Balade-d\u00e9couverte autour des chauve-souris, cet animal si fascinant et merveilleux quand on apprend \u00e0 le conna\u00eetre, et pourtant si craint et mal-aim\u00e9 ! Accompagn\u00e9 et guid\u00e9 par Sylvain Kraus, animateur de FNE Rh\u00f4ne et amoureux des chauve-souris, nous irons les observer au parc de Gerland o\u00f9 elles nichent en nombre.&nbsp;L&rsquo;occasion de mieux les conna\u00eetre, de les observer, et d&rsquo;\u00e9voquer ensemble leur r\u00e9putation de propagatrices de pand\u00e9mies&#8230;<\/p>\n\n\n\n<p class=\"has-small-font-size\"><strong>Balade anim\u00e9e par Sylvain Kraus (FNE Rh\u00f4ne)<\/strong><\/p>\n\n\n\n<p class=\"has-small-font-size\"><strong>A prix libre<\/strong>. Dur\u00e9e : environ 2h. Accessible \u00e0 tous les publics, d\u00e8s 8 ans. <\/p>\n\n\n\n<p class=\"has-text-align-center\" style=\"font-size:17px\"><a rel=\"noreferrer noopener\" href=\"https:\/\/www.helloasso.com\/associations\/cosmos-culture-et-ecologie\/evenements\/balade-decouverte-en-nature-a-la-rencontre-des-chauves-souris-avec-fne-rhone?_ga=2.200504942.1395695705.1688547653-1257753785.1623597871\" target=\"_blank\"><strong>Inscription \u00e0 prix libre, \u00e0 ce lien<\/strong><\/a><\/p>\n\n\n\n<p><\/p>\n\n\n\n<p class=\"has-small-font-size\"><strong>En partenariat avec FNE Rh\u00f4ne et le Cin\u00e9ma Le Zola <\/strong><\/p>\n\n\n\n<figure class=\"wp-block-image size-large is-resized\"><img loading=\"lazy\" decoding=\"async\" src=\"https:\/\/cosmos-culture-ecologie.com\/wp-content\/uploads\/2022\/02\/FNE_Rhone_Logo_Principal_Rouge-1-1024x963.png\" alt=\"\" class=\"wp-image-1752\" width=\"76\" height=\"72\" srcset=\"https:\/\/cosmos-culture-ecologie.com\/wp-content\/uploads\/2022\/02\/FNE_Rhone_Logo_Principal_Rouge-1-1024x963.png 1024w, https:\/\/cosmos-culture-ecologie.com\/wp-content\/uploads\/2022\/02\/FNE_Rhone_Logo_Principal_Rouge-1-300x282.png 300w, https:\/\/cosmos-culture-ecologie.com\/wp-content\/uploads\/2022\/02\/FNE_Rhone_Logo_Principal_Rouge-1-768x722.png 768w, https:\/\/cosmos-culture-ecologie.com\/wp-content\/uploads\/2022\/02\/FNE_Rhone_Logo_Principal_Rouge-1-1536x1444.png 1536w, https:\/\/cosmos-culture-ecologie.com\/wp-content\/uploads\/2022\/02\/FNE_Rhone_Logo_Principal_Rouge-1-2048x1926.png 2048w, https:\/\/cosmos-culture-ecologie.com\/wp-content\/uploads\/2022\/02\/FNE_Rhone_Logo_Principal_Rouge-1-1200x1128.png 1200w\" sizes=\"auto, (max-width: 76px) 85vw, 76px\" \/><\/figure>\n\n\n\n<p><\/p>\n\n\n\n<p><\/p>\n\n\n\n<p class=\"has-small-font-size\">La programmation de Cosmos &#8211; culture et \u00e9cologie est soutenue par la M\u00e9tropole de Lyon. <\/p>\n\n\n\n<figure class=\"wp-block-image size-full is-resized\"><img loading=\"lazy\" decoding=\"async\" src=\"https:\/\/cosmos-culture-ecologie.com\/wp-content\/uploads\/2023\/03\/Metropole-de-Lyon_Logo-2022_DEFONCE_ROUGE-e1680094192917.png\" alt=\"\" class=\"wp-image-2412\" width=\"101\" height=\"35\"\/><\/figure>\n","protected":false},"excerpt":{"rendered":"<p>Nous poursuivons notre ann\u00e9e d\u00e9di\u00e9e \u00e0 la biodiversit\u00e9 avec l&rsquo;enqu\u00eate passionnante men\u00e9e par la journaliste Marie-Monique Robin (Le Monde selon Monsanto&#8230;) dans son film La Fabrique des pand\u00e9mies autour des liens entre pand\u00e9mies, biodiversit\u00e9 et climat. Autour de cette th\u00e9matique, deux rendez-vous : un Rendez-vous Cosmos &#8211; Film &amp; Rencontre avec la projection du film &hellip; <a href=\"https:\/\/cosmos-culture-ecologie.com\/?page_id=2502\" class=\"more-link\">Continuer la lecture<span class=\"screen-reader-text\"> de &laquo;&nbsp;Biodiversit\u00e9, pand\u00e9mies et climat :  La Fabrique des pand\u00e9mies et balade-d\u00e9couverte&nbsp;&raquo;<\/span><\/a><\/p>\n","protected":false},"author":1,"featured_media":0,"parent":0,"menu_order":0,"comment_status":"closed","ping_status":"closed","template":"","meta":{"footnotes":""},"class_list":["post-2502","page","type-page","status-publish","hentry"],"_links":{"self":[{"href":"https:\/\/cosmos-culture-ecologie.com\/index.php?rest_route=\/wp\/v2\/pages\/2502","targetHints":{"allow":["GET"]}}],"collection":[{"href":"https:\/\/cosmos-culture-ecologie.com\/index.php?rest_route=\/wp\/v2\/pages"}],"about":[{"href":"https:\/\/cosmos-culture-ecologie.com\/index.php?rest_route=\/wp\/v2\/types\/page"}],"author":[{"embeddable":true,"href":"https:\/\/cosmos-culture-ecologie.com\/index.php?rest_route=\/wp\/v2\/users\/1"}],"replies":[{"embeddable":true,"href":"https:\/\/cosmos-culture-ecologie.com\/index.php?rest_route=%2Fwp%2Fv2%2Fcomments&post=2502"}],"version-history":[{"count":17,"href":"https:\/\/cosmos-culture-ecologie.com\/index.php?rest_route=\/wp\/v2\/pages\/2502\/revisions"}],"predecessor-version":[{"id":2573,"href":"https:\/\/cosmos-culture-ecologie.com\/index.php?rest_route=\/wp\/v2\/pages\/2502\/revisions\/2573"}],"wp:attachment":[{"href":"https:\/\/cosmos-culture-ecologie.com\/index.php?rest_route=%2Fwp%2Fv2%2Fmedia&parent=2502"}],"curies":[{"name":"wp","href":"https:\/\/api.w.org\/{rel}","templated":true}]}}