{"id":2500,"date":"2023-07-03T11:04:36","date_gmt":"2023-07-03T09:04:36","guid":{"rendered":"https:\/\/cosmos-culture-ecologie.com\/?page_id=2500"},"modified":"2023-11-06T10:28:15","modified_gmt":"2023-11-06T09:28:15","slug":"evenement-microcosmos","status":"publish","type":"page","link":"https:\/\/cosmos-culture-ecologie.com\/?page_id=2500","title":{"rendered":"Ev\u00e9nement ! \u00ab\u00a0Microcosmos, le peuple de l&rsquo;herbe\u00a0\u00bb"},"content":{"rendered":"\n<p><\/p>\n\n\n\n<p>Nous vous donnons rendez-vous avec ce film exceptionnel que nous sommes tr\u00e8s heureux de vous faire red\u00e9couvrir sur grand \u00e9cran, en partenariat avec l&rsquo;association Arthropologia, d\u00e9di\u00e9e aux insectes et \u00e0 la biodiversit\u00e9.<\/p>\n\n\n\n<p><strong>\u00a0> Rendez-vous Cosmos &#8211; Film &amp; rencontre <\/strong>: <strong>Mardi 14 novembre \u00e0 20h\u00a0<\/strong>au Cin\u00e9 Mourguet, \u00e0 Ste-Foy-l\u00e8s-Lyon\u00a0<\/p>\n\n\n\n<p style=\"font-size:12px\">S\u00e9ance pass\u00e9e : <strong>Rendez-vous Microcosmos (les s\u00e9ances d\u00e9di\u00e9es aux jeunes spectateurs)<\/strong> : <strong>Mercredi 25 octobre \u00e0 14h <\/strong>au Cin\u00e9 Toboggan, \u00e0 D\u00e9cines. <\/p>\n\n\n\n<p style=\"font-size:12px\"><\/p>\n\n\n\n<div class=\"wp-block-media-text alignwide is-stacked-on-mobile\" style=\"grid-template-columns:35% auto\"><figure class=\"wp-block-media-text__media\"><img loading=\"lazy\" decoding=\"async\" width=\"310\" height=\"420\" src=\"https:\/\/cosmos-culture-ecologie.com\/wp-content\/uploads\/2023\/07\/Affiche-microcosmos.jpeg\" alt=\"\" class=\"wp-image-2513 size-full\" srcset=\"https:\/\/cosmos-culture-ecologie.com\/wp-content\/uploads\/2023\/07\/Affiche-microcosmos.jpeg 310w, https:\/\/cosmos-culture-ecologie.com\/wp-content\/uploads\/2023\/07\/Affiche-microcosmos-221x300.jpeg 221w\" sizes=\"auto, (max-width: 310px) 85vw, 310px\" \/><\/figure><div class=\"wp-block-media-text__content\">\n<p class=\"has-medium-font-size\"><strong><em>Microcosmos &#8211; Le Peuple de l\u2019herbe <\/em><\/strong><\/p>\n\n\n\n<p class=\"has-small-font-size\"><strong>de Claude Nurisdany et Marie P\u00e9rennou<\/strong> (Fr, 1996, 1h20, coul)<\/p>\n\n\n\n<p class=\"has-small-font-size\">avec : la Coccinelle \u00e0 sept points, le Papillon Machaon, la Chenille arpenteuse, l\u2019Abeille butinant la fleur de sauge, la Chenille de la Grande Queue Fourchue, les Escargots de Bourgogne&#8230;<\/p>\n\n\n\n<p><strong>En pr\u00e9sence de Marion Duvignacq, \u00e9ducatrice nature au sein d\u2019<a href=\"https:\/\/www.arthropologia.org\/#\">Arthropologia<\/a><\/strong><\/p>\n<\/div><\/div>\n\n\n\n<p>Une plong\u00e9e vertigineuse, dr\u00f4le, \u00e9mouvante et pleine d\u2019\u00e9merveillement, au coeur de la vie \u00e0 l\u2019\u00e9chelle du centim\u00e8tre, au royaume des insectes et des pollinisateurs\u2026 <\/p>\n\n\n\n<p>Produit par le r\u00e9alisateur, acteur et producteur Jacques Perrin (tr\u00e8s engag\u00e9 et visionnaire concernant l&rsquo;\u00e9cologie au cin\u00e9ma, avec des films comme <em>Oc\u00e9ans <\/em>ou<em> Le Peuple migrateur)<\/em>, le documentaire aussi merveilleux qu&rsquo;inou\u00ef repr\u00e9sente \u00e0 sa sortie une prouesse technique sid\u00e9rante. Il rencontrera un immense succ\u00e8s en salles (3 millions de spectateurs !), et remportera de nombreuses r\u00e9compenses. Nous sommes tr\u00e8s heureux de faire d\u00e9couvrir et red\u00e9couvrir ce film sur grand \u00e9cran, tant il est une oeuvre formidable pour \u00e9voquer la biodiversit\u00e9, les insectes et les pollinisateurs. <\/p>\n\n\n\n<p>Le nom de l\u2019association Cosmos &#8211; culture et \u00e9cologie est aussi un hommage \u00e0 ce film marquant, qui donne son nom aux s\u00e9ances d\u00e9di\u00e9es au jeune public (les micro-spectateurs!) : les Rendez-vous Microcosmos. <\/p>\n\n\n\n<p class=\"has-text-align-center\" style=\"font-size:17px\"><strong><span style=\"text-decoration: underline;\">PRENDRE SA PLACE \/ BILLETTERIE<\/span><\/strong> :<\/p>\n\n\n\n<p class=\"has-text-align-center\"><a rel=\"noreferrer noopener\" href=\"https:\/\/www.ticketingcine.fr\/index.php?lang=fr&amp;idMS=emsx1051HC00963355&amp;nc=1051\" target=\"_blank\"><strong>Billetterie &#8211; mardi 14 novembre \u00e0 20h au Cin\u00e9 Mourguet<\/strong><\/a> <\/p>\n\n\n\n<p><\/p>\n\n\n\n<p class=\"has-text-align-left\" style=\"font-size:14px\"><strong>En savoir plus sur l&rsquo;association Arthropologia qui accompagne ces deux s\u00e9ances: <\/strong>ARTHROPOLOGIA mobilise savoir, savoir-faire et savoir-\u00eatre pour faire changer les pratiques et les comportements, en accompagnant les diff\u00e9rents acteurs du territoire dans la r\u00e9alisation d\u2019actions concr\u00e8tes en faveur de la biodiversit\u00e9. Elle a une expertise toute particuli\u00e8re dans le domaine des insectes. Vous pouvez d\u00e9couvrir toutes leurs activit\u00e9s sur leur <a rel=\"noreferrer noopener\" href=\"https:\/\/www.arthropologia.org\/#\" target=\"_blank\">site internet<\/a>.<\/p>\n\n\n\n<p class=\"has-small-font-size\"><strong>En partenariat avec Arthropologia, le Cin\u00e9 Toboggan et le Cin\u00e9 Mourguet . Remerciements \u00e0 Galat\u00e9e Films. <\/strong><\/p>\n\n\n\n<figure class=\"wp-block-image size-full is-resized\"><img loading=\"lazy\" decoding=\"async\" src=\"https:\/\/cosmos-culture-ecologie.com\/wp-content\/uploads\/2023\/07\/logo-Arthropologia.png\" alt=\"\" class=\"wp-image-2514\" width=\"115\" height=\"104\"\/><\/figure>\n\n\n\n<p><\/p>\n\n\n\n<figure class=\"wp-block-image size-full is-resized\"><img loading=\"lazy\" decoding=\"async\" src=\"https:\/\/cosmos-culture-ecologie.com\/wp-content\/uploads\/2023\/09\/Cine-Toboggan-1.jpg\" alt=\"\" class=\"wp-image-2578\" width=\"137\" height=\"23\" srcset=\"https:\/\/cosmos-culture-ecologie.com\/wp-content\/uploads\/2023\/09\/Cine-Toboggan-1.jpg 512w, https:\/\/cosmos-culture-ecologie.com\/wp-content\/uploads\/2023\/09\/Cine-Toboggan-1-300x50.jpg 300w\" sizes=\"auto, (max-width: 137px) 85vw, 137px\" \/><\/figure>\n\n\n\n<p><\/p>\n\n\n\n<figure class=\"wp-block-image size-full is-resized\"><img loading=\"lazy\" decoding=\"async\" src=\"https:\/\/cosmos-culture-ecologie.com\/wp-content\/uploads\/2023\/09\/logo-cine-mourguet.jpeg\" alt=\"\" class=\"wp-image-2579\" width=\"130\" height=\"45\" srcset=\"https:\/\/cosmos-culture-ecologie.com\/wp-content\/uploads\/2023\/09\/logo-cine-mourguet.jpeg 381w, https:\/\/cosmos-culture-ecologie.com\/wp-content\/uploads\/2023\/09\/logo-cine-mourguet-300x104.jpeg 300w\" sizes=\"auto, (max-width: 130px) 85vw, 130px\" \/><\/figure>\n\n\n\n<p><\/p>\n\n\n\n<p style=\"font-size:14px\"><strong>Les Rendez-vous Cosmos et les Rendez-vous Microcosmos sont soutenus par la M\u00e9tropole de Lyon. <\/strong><\/p>\n\n\n\n<figure class=\"wp-block-image size-full is-resized\"><img loading=\"lazy\" decoding=\"async\" src=\"https:\/\/cosmos-culture-ecologie.com\/wp-content\/uploads\/2023\/03\/Metropole-de-Lyon_Logo-2022_DEFONCE_ROUGE-e1680094192917.png\" alt=\"\" class=\"wp-image-2412\" width=\"147\" height=\"52\"\/><\/figure>\n","protected":false},"excerpt":{"rendered":"<p>Nous vous donnons rendez-vous avec ce film exceptionnel que nous sommes tr\u00e8s heureux de vous faire red\u00e9couvrir sur grand \u00e9cran, en partenariat avec l&rsquo;association Arthropologia, d\u00e9di\u00e9e aux insectes et \u00e0 la biodiversit\u00e9. \u00a0> Rendez-vous Cosmos &#8211; Film &amp; rencontre : Mardi 14 novembre \u00e0 20h\u00a0au Cin\u00e9 Mourguet, \u00e0 Ste-Foy-l\u00e8s-Lyon\u00a0 S\u00e9ance pass\u00e9e : Rendez-vous Microcosmos (les &hellip; <a href=\"https:\/\/cosmos-culture-ecologie.com\/?page_id=2500\" class=\"more-link\">Continuer la lecture<span class=\"screen-reader-text\"> de &laquo;&nbsp;Ev\u00e9nement ! \u00ab\u00a0Microcosmos, le peuple de l&rsquo;herbe\u00a0\u00bb&nbsp;&raquo;<\/span><\/a><\/p>\n","protected":false},"author":1,"featured_media":0,"parent":0,"menu_order":0,"comment_status":"closed","ping_status":"closed","template":"","meta":{"footnotes":""},"class_list":["post-2500","page","type-page","status-publish","hentry"],"_links":{"self":[{"href":"https:\/\/cosmos-culture-ecologie.com\/index.php?rest_route=\/wp\/v2\/pages\/2500","targetHints":{"allow":["GET"]}}],"collection":[{"href":"https:\/\/cosmos-culture-ecologie.com\/index.php?rest_route=\/wp\/v2\/pages"}],"about":[{"href":"https:\/\/cosmos-culture-ecologie.com\/index.php?rest_route=\/wp\/v2\/types\/page"}],"author":[{"embeddable":true,"href":"https:\/\/cosmos-culture-ecologie.com\/index.php?rest_route=\/wp\/v2\/users\/1"}],"replies":[{"embeddable":true,"href":"https:\/\/cosmos-culture-ecologie.com\/index.php?rest_route=%2Fwp%2Fv2%2Fcomments&post=2500"}],"version-history":[{"count":13,"href":"https:\/\/cosmos-culture-ecologie.com\/index.php?rest_route=\/wp\/v2\/pages\/2500\/revisions"}],"predecessor-version":[{"id":2609,"href":"https:\/\/cosmos-culture-ecologie.com\/index.php?rest_route=\/wp\/v2\/pages\/2500\/revisions\/2609"}],"wp:attachment":[{"href":"https:\/\/cosmos-culture-ecologie.com\/index.php?rest_route=%2Fwp%2Fv2%2Fmedia&parent=2500"}],"curies":[{"name":"wp","href":"https:\/\/api.w.org\/{rel}","templated":true}]}}