{"id":2437,"date":"2023-04-05T09:55:12","date_gmt":"2023-04-05T07:55:12","guid":{"rendered":"https:\/\/cosmos-culture-ecologie.com\/?page_id=2437"},"modified":"2023-05-02T12:22:43","modified_gmt":"2023-05-02T10:22:43","slug":"ressources-autour-des-semences","status":"publish","type":"page","link":"https:\/\/cosmos-culture-ecologie.com\/?page_id=2437","title":{"rendered":"Ressources autour des semences"},"content":{"rendered":"\n<p>> <strong>Le <a href=\"http:\/\/www.crba.fr\/\" data-type=\"URL\" data-id=\"http:\/\/www.crba.fr\/\" target=\"_blank\" rel=\"noreferrer noopener\">CRBA &#8211; Centre de Ressources de Botanique appliqu\u00e9e, \u00e0 Charly<\/a><\/strong><\/p>\n\n\n\n<p>> <strong>Projet men\u00e9 par l&rsquo;<a href=\"https:\/\/www.agriculturepaysanne.org\/rhone\" data-type=\"URL\" data-id=\"https:\/\/www.agriculturepaysanne.org\/rhone\" target=\"_blank\" rel=\"noreferrer noopener\">ADDEAR du Rh\u00f4ne<\/a> &#8211; R\u00e9seau de l&rsquo;agriculture paysanne, avec un groupe de mara\u00eechers locaux : <\/strong><\/p>\n\n\n\n<p style=\"font-size:11px\">Dans un objectif commun de d\u00e9veloppement de pratiques agro-\u00e9cologiques, d\u2019autonomie dans leurs syst\u00e8mes de production et de mutualisation de leurs connaissances, un groupe de 10 fermes mara\u00eech\u00e8res s\u2019est form\u00e9 dans le Rh\u00f4ne et la Loire en 2021 autour d\u2019un point commun&nbsp;: se r\u00e9approprier le savoir-faire de production de semences potag\u00e8res et&nbsp;<strong>collectivement, atteindre une autonomie semenci\u00e8re.<\/strong><\/p>\n\n\n\n<p style=\"font-size:11px\">Les objectifs du groupe sont multiples&nbsp;: Disposer de semences, m\u00eame en cas de rupture des fili\u00e8res d&rsquo;approvisionnement. ; d\u00e9velopper des comp\u00e9tences techniques et des savoir-faire autour de la production de semences ; participer \u00e0 la r\u00e9silience territoriale locale ; sauvegarder le patrimoine local&nbsp;et la biodiversit\u00e9 cultiv\u00e9e ; collectivement, \u00e9changer, \u00eatre un r\u00e9seau,&nbsp;avancer ensemble pour \u00eatre plus forts ; faire des \u00e9conomies sur les achats de semences<\/p>\n\n\n\n<p style=\"font-size:11px\">&nbsp;Anim\u00e9s par l\u2019ambition de d\u00e9velopper une agriculture durable pour demain, ces mara\u00eecher.e.s sont tous engag\u00e9s dans une d\u00e9marche de qualit\u00e9 (Agriculture Biologique, Nature et Progr\u00e8s, Mara\u00eechage Sol Vivant\u2026) et ont \u00e0 c\u0153ur de diffuser leurs exp\u00e9riences. Soucieux de valoriser l\u2019intelligence collective du groupe, ils sollicitent l\u2019ADDEAR du Rh\u00f4ne pour les accompagner et coordonner formations techniques, rencontres avec les partenaires locaux, d\u00e9finition d\u2019outils de suivi des \u00e9changes de semences, leur permettant de monter en comp\u00e9tences dans ces objectifs.<\/p>\n\n\n\n<h2 class=\"wp-block-heading\" style=\"font-size:18px\">Sources &amp; R\u00e9f\u00e9rences bibliographiques propos\u00e9es par le site <a href=\"https:\/\/www.linflux.com\/lyon-et-region\/de-la-maison-des-champs-a-la-ferme-experimentale\/\" data-type=\"URL\" data-id=\"https:\/\/www.linflux.com\/lyon-et-region\/de-la-maison-des-champs-a-la-ferme-experimentale\/\" target=\"_blank\" rel=\"noreferrer noopener\">L&rsquo;Influx (Biblioth\u00e8que municipale de Lyon)<\/a><\/h2>\n\n\n\n<h3 class=\"wp-block-heading\" style=\"font-size:18px\"><strong>Ouvrages<\/strong><\/h3>\n\n\n\n<ul class=\"wp-block-list\"><li><a href=\"https:\/\/catalogue.bm-lyon.fr\/ark:\/75584\/pf0002868891\">Le changement par le menu : la qualit\u00e9 alimentaire, notre bien commun<\/a>&nbsp;\/ Un ouvrage collectif par l\u2019association Vivre Bio en Roannais, 2021<\/li><li><a href=\"https:\/\/catalogue.bm-lyon.fr\/ark:\/75584\/pf0002845048\">Graines : tous les savoirs, toutes les histoires, tous les pouvoirs, tous les espoirs<\/a>&nbsp;\/ sous la direction de Serge Schall, 2020<\/li><li><a href=\"https:\/\/catalogue.bm-lyon.fr\/ark:\/75584\/pf0002847191\">La graine de mon assiette : de l\u2019origine de l\u2019agriculture \u00e0 une invitation \u00e0 changer le monde<\/a>&nbsp;\/ V\u00e9ronique Chable et Gauthier Chapelle, 2020<\/li><li><a href=\"https:\/\/catalogue.bm-lyon.fr\/ark:\/75584\/pf0002568720\">Les graines du monde : l\u2019Institut Vavilov<\/a>&nbsp;\/ Mario Del Curto, 2017<\/li><li><a href=\"https:\/\/catalogue.bm-lyon.fr\/ark:\/75584\/pf0002530657\">Les semences : un patrimoine vital en voie de disparition<\/a>&nbsp;\/ Pierre Rabhi, Juliette Duquesne, 2017<\/li><li><a href=\"https:\/\/catalogue.bm-lyon.fr\/ark:\/75584\/pf0002380073\">La th\u00e9orie des centres d\u2019origine des plantes cultiv\u00e9es<\/a>&nbsp;\/ Nikola\u00ef Vavilov ; introduction Michel Chauvet, 2015<\/li><li><a href=\"https:\/\/catalogue.bm-lyon.fr\/ark:\/75584\/pf0001877648\">Aux sources de notre nourriture : Nikola\u00ef Vavilov et la d\u00e9couverte de la biodiversit\u00e9<\/a>&nbsp;\/ Gary Paul Nabhan , 2010<\/li><li><a href=\"https:\/\/catalogue.bm-lyon.fr\/ark:\/75584\/pf0001939557\">Fleurs, fruits, l\u00e9gumes : l\u2019\u00e9pop\u00e9e lyonnaise<\/a>&nbsp;\/ St\u00e9phane Crozat, Philippe Marchenay, Laurence B\u00e9rard ; avec le concours de Pierrick Eberhard ; pr\u00e9face d\u2019Andr\u00e9 Micoud, 2010<\/li><li><a href=\"https:\/\/catalogue.bm-lyon.fr\/ark:\/75584\/pf0001426950\">A la recherche des vari\u00e9t\u00e9s locales de plantes cultiv\u00e9es&nbsp; : guide m\u00e9thodologique<\/a>, 1986<\/li><\/ul>\n\n\n\n<h3 class=\"wp-block-heading\" style=\"font-size:18px\"><strong>Bandes-dessin\u00e9es<\/strong><\/h3>\n\n\n\n<p>Sur Lyon, Sandrine Boucher est journaliste ind\u00e9pendante sp\u00e9cialis\u00e9e dans les questions d\u2019environnement et Matthieu Ferrand est illustrateur et dessinateur form\u00e9 \u00e0 Emile Cohl o\u00f9 il est aujourd\u2019hui enseignant ; ils se sont associ\u00e9s pour ces multiples projets \u00e9ditoriaux autour de l\u2019\u00e9cologie qu\u2019ils pr\u00e9sentent sur le&nbsp;<a href=\"https:\/\/lafollehistoiredesplantes.com\/\">site La folle histoire des plantes<\/a><\/p>\n\n\n\n<ul class=\"wp-block-list\"><li><a href=\"https:\/\/catalogue.bm-lyon.fr\/ark:\/75584\/pf0002918696\">Nikola\u00ef Vavilov : \u00e0 la recherche de l\u2019humanit\u00e9<\/a>&nbsp;\/ Sandrine Boucher et Matthieu Ferrand, 2021<\/li><li><a href=\"https:\/\/catalogue.bm-lyon.fr\/ark:\/75584\/pf0002767560\">La folle histoire des plantes. Tome 1 : la BD qui ne raconte pas de salades<\/a>&nbsp;\/ Sandrine Boucher, illustrations de Matthieu Ferrand, 2019<\/li><li><a href=\"https:\/\/catalogue.bm-lyon.fr\/ark:\/75584\/pf0002478743\">Le retour de la Monstrueuse de Lyon : biodiversit\u00e9<\/a>&nbsp;\/ Sandrine Boucher, Matthieu Ferrand, 2016<\/li><\/ul>\n\n\n\n<h3 class=\"wp-block-heading\" style=\"font-size:18px\"><strong>Films<\/strong><\/h3>\n\n\n\n<ul class=\"wp-block-list\"><li><a href=\"https:\/\/catalogue.bm-lyon.fr\/ark:\/75584\/pf0002678971\">Le savant, l\u2019imposteur et Staline: nourrir le peuple<\/a>&nbsp;\/ Gulya Mirzoeva, 2017<\/li><li><a href=\"https:\/\/catalogue.bm-lyon.fr\/ark:\/75584\/pf0002934171.locale=fr\">L\u2019 h\u00e9ritage Vavilov, une chance pour la biodiversit\u00e9<\/a><strong>&nbsp;\/&nbsp;<\/strong>Catherine Ulmer Lopez,&nbsp; 2020<\/li><li><a href=\"https:\/\/catalogue.bm-lyon.fr\/ark:\/75584\/pf0002626591\">Semences du futur<\/a>&nbsp;\/ Honorine Perino, 2017<\/li><li><a href=\"https:\/\/www.linflux.com\/coup-coeur\/semences-buissonnieres-2\/?origine=5633\">Semences buissonni\u00e8res<\/a>&nbsp;\/ Association Longo Ma\u00ef, 2015<\/li><li><a href=\"https:\/\/www.youtube.com\/watch?v=QradhizbuYA\">Projet sc\u00e9nique \u201cStation Vavilov<\/a>\u201c<\/li><\/ul>\n\n\n\n<h3 class=\"wp-block-heading\" style=\"font-size:18px\"><strong>Revues&nbsp;<\/strong><\/h3>\n\n\n\n<ul class=\"wp-block-list\"><li><a href=\"https:\/\/catalogue.bm-lyon.fr\/search\/7d01cc87-1d64-48fe-b37c-38f09bac9aec\">Garden Lab<\/a>&nbsp;\/ La fabrique du Jardin<\/li><\/ul>\n\n\n\n<h3 class=\"wp-block-heading\" style=\"font-size:18px\">Articles<\/h3>\n\n\n\n<ul class=\"wp-block-list\"><li>Lyon enracine l\u2019agriculture dans la m\u00e9tropole \/&nbsp;<a href=\"https:\/\/catalogue.bm-lyon.fr\/ark:\/75584\/pf0002145297\">Le journal des entreprises<\/a>, fev 2022<\/li><li><a href=\"https:\/\/www.facebook.com\/photo.php?fbid=617007292799789&amp;set=pcb.617008012799717&amp;type=3&amp;theater\">Les potagers du futur<\/a>&nbsp;\/ Le Point du 7 octobre 2021<\/li><li><a href=\"https:\/\/reporterre.net\/A-Lyon-des-graines-contre-le-changement-climatique\">\u00c0 Lyon, des graines contre le changement climatique<\/a>&nbsp;\/ Reporterre, septembre 2021<\/li><li>&nbsp;<a href=\"https:\/\/www.lyonplus.com\/actualite\/2021\/09\/19\/des-projets-ambitieux-pour-produire-une-agriculture-nourriciere\">\u00ab Des projets ambitieux pour produire une agriculture nourrici\u00e8re \u00bb<\/a>&nbsp;\/ Lyon Plus, 19 septembre 2021<\/li><li><a href=\"https:\/\/www.brefeco.com\/actualite\/rse\/la-metropole-de-lyon-consacre-10-meu-un-renforcement-de-son-agriculture\">La M\u00e9tropole de Lyon consacre 10&nbsp;M\u20ac \u00e0 un renforcement de son agriculture<\/a>&nbsp;\/ bref eco 3 sept 2021<\/li><li><a href=\"https:\/\/www.grandlyon.com\/fileadmin\/user_upload\/media\/pdf\/espace-presse\/dp\/2021\/20210830_dp_politique-agricole-alimentaire.pdf\">Politique agricole et alimentaire de la M\u00e9tropole de Lyon Accompagner les agriculteurs vers une strat\u00e9gie alimentaire plus durable, inclusive et r\u00e9siliente<\/a>&nbsp;\/ dossier de presse du Grand Lyon la M\u00e9tropole, ao\u00fbt 2021<\/li><li><a href=\"https:\/\/www.leprogres.fr\/environnement\/2021\/07\/03\/chez-seb-on-plante-des-graines-rares-dans-les-jardins-vavilov\">Chez Seb, on plante des graines rares dans les jardins Vavilov<\/a>&nbsp;\/ Le Progr\u00e8s du 3 juillet 2021<\/li><li><a href=\"https:\/\/www.lepoint.fr\/villes\/lyon-biodiversite-les-gardiens-des-graines-oubliees-10-10-2019-2340488_27.php\">Lyon \u2013 Biodiversit\u00e9 : les gardiens des graines oubli\u00e9es<\/a>&nbsp;\/ Le Point 10 octobre 2019<\/li><li><a href=\"http:\/\/foodandsens.com\/made-by-f-and-s\/foodsens-broadcast\/christian-tetedoie-de-la-fourche-a-la-fourchette-le-jardin-de-collonges-au-mont-dor\/\">Christian T\u00eatedoie : de la fourche \u00e0 la fourchette \u2013 partie 1<\/a>&nbsp; \/ ao\u00fbt 2019<\/li><li><a href=\"https:\/\/www.linflux.com\/breve\/tout-pres-de-lyon-des-legumes-rustiques-de-nouveau-cultives-grace-aux-semences-russes\/\">Tout pr\u00e8s de Lyon, des l\u00e9gumes rustiques de nouveau cultiv\u00e9s gr\u00e2ce aux semences russes<\/a>&nbsp;\/ L\u2019Influx, avril 2019<\/li><li><a href=\"https:\/\/www.le-tout-lyon.fr\/un-jardin-conservatoire-vavilov-a-ecully-6945.html\">Un jardin conservatoire Vavilov \u00e0 Ecully<\/a>&nbsp;\/ Tout Lyon Affiches, 4 novembre 2016<\/li><li><a href=\"https:\/\/www.terraeco.net\/Le-sanctuaire-poussiereux-du,59046.html\">Le sanctuaire poussi\u00e9reux du ma\u00eetre des graines<\/a>&nbsp;\/ Terra Eco n\u00b066, avril 2015<\/li><li><a href=\"https:\/\/www.linflux.com\/lyon-et-region\/fleurs-fruits-et-legumes-lepopee-lyonnaise\/\">Fleurs, fruits et l\u00e9gumes : l\u2019\u00e9pop\u00e9e lyonnaise<\/a>&nbsp;\/ L\u2019Influx, mars 2007<\/li><\/ul>\n\n\n\n<p><strong>> Et aussi, Th\u00e9\u00e2tre : <\/strong><\/p>\n\n\n\n<p>Spectacle <em>Graines Connection<\/em> de la Compagnie La Champignonni\u00e8re<\/p>\n","protected":false},"excerpt":{"rendered":"<p>> Le CRBA &#8211; Centre de Ressources de Botanique appliqu\u00e9e, \u00e0 Charly > Projet men\u00e9 par l&rsquo;ADDEAR du Rh\u00f4ne &#8211; R\u00e9seau de l&rsquo;agriculture paysanne, avec un groupe de mara\u00eechers locaux : Dans un objectif commun de d\u00e9veloppement de pratiques agro-\u00e9cologiques, d\u2019autonomie dans leurs syst\u00e8mes de production et de mutualisation de leurs connaissances, un groupe de &hellip; <a href=\"https:\/\/cosmos-culture-ecologie.com\/?page_id=2437\" class=\"more-link\">Continuer la lecture<span class=\"screen-reader-text\"> de &laquo;&nbsp;Ressources autour des semences&nbsp;&raquo;<\/span><\/a><\/p>\n","protected":false},"author":1,"featured_media":0,"parent":0,"menu_order":0,"comment_status":"closed","ping_status":"closed","template":"","meta":{"footnotes":""},"class_list":["post-2437","page","type-page","status-publish","hentry"],"_links":{"self":[{"href":"https:\/\/cosmos-culture-ecologie.com\/index.php?rest_route=\/wp\/v2\/pages\/2437","targetHints":{"allow":["GET"]}}],"collection":[{"href":"https:\/\/cosmos-culture-ecologie.com\/index.php?rest_route=\/wp\/v2\/pages"}],"about":[{"href":"https:\/\/cosmos-culture-ecologie.com\/index.php?rest_route=\/wp\/v2\/types\/page"}],"author":[{"embeddable":true,"href":"https:\/\/cosmos-culture-ecologie.com\/index.php?rest_route=\/wp\/v2\/users\/1"}],"replies":[{"embeddable":true,"href":"https:\/\/cosmos-culture-ecologie.com\/index.php?rest_route=%2Fwp%2Fv2%2Fcomments&post=2437"}],"version-history":[{"count":4,"href":"https:\/\/cosmos-culture-ecologie.com\/index.php?rest_route=\/wp\/v2\/pages\/2437\/revisions"}],"predecessor-version":[{"id":2451,"href":"https:\/\/cosmos-culture-ecologie.com\/index.php?rest_route=\/wp\/v2\/pages\/2437\/revisions\/2451"}],"wp:attachment":[{"href":"https:\/\/cosmos-culture-ecologie.com\/index.php?rest_route=%2Fwp%2Fv2%2Fmedia&parent=2437"}],"curies":[{"name":"wp","href":"https:\/\/api.w.org\/{rel}","templated":true}]}}