{"id":2379,"date":"2023-03-10T15:01:48","date_gmt":"2023-03-10T14:01:48","guid":{"rendered":"https:\/\/cosmos-culture-ecologie.com\/?page_id=2379"},"modified":"2023-04-03T11:45:20","modified_gmt":"2023-04-03T09:45:20","slug":"lheritage-vavilov-biodiversite-et-semences","status":"publish","type":"page","link":"https:\/\/cosmos-culture-ecologie.com\/?page_id=2379","title":{"rendered":"L&rsquo;H\u00e9ritage Vavilov : biodiversit\u00e9, semences et g\u00e9opolitique"},"content":{"rendered":"\n<p class=\"has-text-align-center has-medium-font-size\"><strong>Rendez-vous Cosmos &#8211; Atelier, film et rencontre<\/strong><\/p>\n\n\n\n<p class=\"has-text-align-center has-medium-font-size\"><strong>&nbsp;Biodiversit\u00e9 et semences : G\u00e9opolitique de la graine<\/strong><\/p>\n\n\n\n<p><\/p>\n\n\n\n<p class=\"has-text-align-center\" style=\"font-size:18px\"><strong>Mercredi 26 avril au Cin\u00e9 Mourguet,<\/strong> \u00e0 Ste Foy-l\u00e8s-Lyon<\/p>\n\n\n\n<p class=\"has-text-align-center\" style=\"font-size:18px\">A PARTIR DE 19H15 &#8211; ATELIER-RENCONTRE<\/p>\n\n\n\n<p class=\"has-text-align-center\" style=\"font-size:14px\">Rencontre autour d&rsquo;une table-atelier d\u00e9di\u00e9e aux semences, avec Pauline, cofondatrice de Cosmos : fabrication de sachets, jeu-d\u00e9couverte autour des graines, bons plan(t)s pour r\u00e9ussir vos semis, partage interactif de savoir-faire et de connaissances, troc de graines&#8230; Nous vous encourageons \u00e0 apporter vos graines pour alimenter et participer au troc de graines !\u00a0<\/p>\n\n\n\n<p><\/p>\n\n\n\n<p class=\"has-text-align-center\" style=\"font-size:18px\">A 20H &#8211; FILM ET RENCONTRE <\/p>\n\n\n\n<p class=\"has-text-align-center\" style=\"font-size:18px\"><em style=\"font-weight: bold;\">L&rsquo;H\u00e9ritage Vavilov, une chance pour la biodiversit\u00e9<\/em>&nbsp;<\/p>\n\n\n\n<p class=\"has-text-align-center\" style=\"font-size:18px\">de Catherine Ulmer Lopez <\/p>\n\n\n\n<p class=\"has-text-align-center has-small-font-size\">(Doc, Fr, 2019, 52min, coul)<\/p>\n\n\n\n<p class=\"has-text-align-center\" style=\"font-size:18px\"><strong>En pr\u00e9sence de St\u00e9phane Crozat,<\/strong> ethnobotaniste et directeur du CRBA &#8211; Centre de Ressources de Botanique appliqu\u00e9e, \u00e0 Charly <\/p>\n\n\n\n<p class=\"has-text-align-center\" style=\"font-size:18px\">et de<strong> J\u00e9r\u00e9my Camus, <\/strong>Vice-Pr\u00e9sident de la M\u00e9tropole de Lyon en charge de l\u2019agriculture, alimentation et r\u00e9silience du territoire&nbsp;<\/p>\n\n\n\n<p class=\"has-text-align-center\" style=\"font-size:18px\"><a rel=\"noreferrer noopener\" href=\"https:\/\/www.ticketingcine.fr\/index.php?lang=fr&amp;nc=1051&amp;idMS=6PCVU\" target=\"_blank\"><strong>Billetterie &#8211; Prendre sa place<\/strong><\/a><\/p>\n\n\n\n<p style=\"font-size:18px\"><strong>LE FILM<\/strong><\/p>\n\n\n\n<div class=\"wp-block-media-text alignwide is-stacked-on-mobile\" style=\"grid-template-columns:28% auto\"><figure class=\"wp-block-media-text__media\"><img loading=\"lazy\" decoding=\"async\" width=\"327\" height=\"445\" src=\"https:\/\/cosmos-culture-ecologie.com\/wp-content\/uploads\/2023\/03\/Heritage-vavilov-1.jpg\" alt=\"\" class=\"wp-image-2389 size-full\" srcset=\"https:\/\/cosmos-culture-ecologie.com\/wp-content\/uploads\/2023\/03\/Heritage-vavilov-1.jpg 327w, https:\/\/cosmos-culture-ecologie.com\/wp-content\/uploads\/2023\/03\/Heritage-vavilov-1-220x300.jpg 220w\" sizes=\"auto, (max-width: 327px) 85vw, 327px\" \/><\/figure><div class=\"wp-block-media-text__content\">\n<p style=\"font-size:14px\">Autour de Lyon, comme partout ailleurs en France, des esp\u00e8ces v\u00e9g\u00e9tales autrefois cultiv\u00e9es ont aujourd\u2019hui disparu. St\u00e9phane Crozat, ethnobotaniste lyonnais, a list\u00e9 plusieurs dizaines de plantes pr\u00e9sentes sur le territoire il y a 100 ans, et il a d\u00fb aller jusqu\u2019en Russie pour les retrouver. Car \u00e0 Saint-P\u00e9tersbourg se trouve l\u2019Institut des productions v\u00e9g\u00e9tales Nikola\u00ef Vavilov, o\u00f9 plus de 350.000 plantes sont conserv\u00e9es, cultiv\u00e9es et \u00e9tudi\u00e9es. Au cours de ses 120 ans d\u2019existence, ce grenier unique au monde a permis d\u2019\u00e9viter la famine \u00e0 plusieurs endroits du globe&#8230;<\/p>\n<\/div><\/div>\n\n\n\n<p style=\"font-size:14px\">Nous profiterons de la pr\u00e9sence de ce formidable lieu qu\u2019est le CRBA \u00e0 Charly, en M\u00e9tropole de Lyon pour \u00e9voquer les <strong>semences<\/strong>, sujet fort m\u00e9connu, enjeu n\u00e9anmoins d\u00e9terminant, au carrefour d\u2019enjeux mondiaux : biodiversit\u00e9, sant\u00e9 et alimentation, agriculture, paix et s\u00e9curit\u00e9, changements climatiques&#8230; Un sujet par ailleurs au tr\u00e8s fort potentiel d\u2019\u00e9merveillement ! A l&rsquo;heure de la guerre men\u00e9e par la Russie en Ukraine, ce film et ce sujet r\u00e9v\u00e8lent davantage encore les enjeux g\u00e9opolitiques li\u00e9s aux semences. <\/p>\n\n\n\n<p><\/p>\n\n\n\n<p style=\"font-size:18px\"><strong><a href=\"http:\/\/www.crba.fr\/\">LE CRBA &#8211; Centre de Ressources de Botanique appliqu\u00e9e <\/a><\/strong>: <\/p>\n\n\n\n<p style=\"font-size:14px\">\u00ab\u00a0Le CRBA est un laboratoire d\u2019id\u00e9es et de recherches appliqu\u00e9es. Il coordonne 5 conservatoires participatifs et vivants de la biodiversit\u00e9 domestique. Il propose une expertise et des conseils en conception et en restauration de jardins historiques ou contemporains. Nos activit\u00e9s sont regroup\u00e9es en deux grands th\u00e8mes principaux&nbsp;: la botanique appliqu\u00e9e et l\u2019\u00e9tude des jardins.\u00a0\u00bb (source : site du CRBA)<\/p>\n\n\n\n<p><\/p>\n\n\n\n<p style=\"font-size:18px\"><strong>A propos de Nikola\u00ef Vavilov <\/strong><\/p>\n\n\n\n<p class=\"has-small-font-size\">N\u00e9 dans une famille de commer\u00e7ants fortun\u00e9s de Moscou, il fait ses \u00e9tudes \u00e0 l&rsquo;Institut agronomique de Moscou. Il est nomm\u00e9 directeur de l&rsquo;Institut de botanique appliqu\u00e9e et des nouvelles cultures&nbsp;de&nbsp;Saint-P\u00e9tersbourg&nbsp;, en 1921 \u00e0 l&rsquo;\u00e2ge de trente-trois ans.<\/p>\n\n\n\n<p class=\"has-small-font-size\">Il organise une s\u00e9rie d&rsquo;exp\u00e9ditions botaniques et agronomiques \u00e0 travers le monde afin de fournir des arguments \u00e0 sa th\u00e9orie sur l&rsquo;origine des plantes cultiv\u00e9es, qui d\u00e9termine sept&nbsp;\u00ab&nbsp;berceaux&nbsp;\u00bb&nbsp;de v\u00e9g\u00e9taux dans le monde, et de cr\u00e9er en 1926 la plus grande collection de&nbsp;semences, l&rsquo;Institut pansovi\u00e9tique de culture des plantes. Cette collection fut pr\u00e9serv\u00e9e malgr\u00e9 le&nbsp;si\u00e8ge de L\u00e9ningrad, au cours duquel la famine aurait pu conduire \u00e0 consommer un certain nombre de graines comestibles. En 1926, il publie une \u00e9tude intitul\u00e9e&nbsp;<em>\u00c9tudes sur l&rsquo;origine des plantes cultiv\u00e9es<\/em>.<\/p>\n\n\n\n<p class=\"has-small-font-size\">Nikola\u00ef Vavilov explore soixante-quatre pays en une vingtaine d&rsquo;ann\u00e9e :&nbsp;\u00c9tats-Unis&nbsp;et&nbsp;Canada en 1921&nbsp;; en 1924, l&rsquo;Afghanistan&nbsp;; entre 1926 et 1929, le pourtour m\u00e9diterran\u00e9en&nbsp;; l&rsquo;\u00c9thiopie, le&nbsp;Y\u00e9men&nbsp;et surtout la&nbsp;Chine&nbsp;et le&nbsp;Japon, la&nbsp;Cor\u00e9e&nbsp;et&nbsp;Formose. De 1930 \u00e0 1933, il voyage en&nbsp;Am\u00e9rique, du&nbsp;Manitoba&nbsp;\u00e0 l&rsquo;Uruguay, de 1930 \u00e0 1933. Vavilov explore \u00e9galement syst\u00e9matiquement le territoire de l&rsquo;Union sovi\u00e9tique. La botaniste&nbsp;<a href=\"https:\/\/fr.wikipedia.org\/wiki\/Emilia_Anikina\">Emilia Anikina<\/a>&nbsp;est sa collaboratrice pendant plus de vingt ans.<\/p>\n\n\n\n<p class=\"has-small-font-size\">Vavilov a pu d\u00e9crire des variations qui n&rsquo;avaient jamais \u00e9t\u00e9 observ\u00e9es sur des esp\u00e8ces sauvages, et qui furent, par la suite, mises en \u00e9vidence dans certaines parties recul\u00e9es du globe. <\/p>\n\n\n\n<p class=\"has-small-font-size\">Adversaire de&nbsp;<a href=\"https:\/\/fr.wikipedia.org\/wiki\/Trofim_Denissovitch_Lyssenko\">Lyssenko<\/a>&nbsp;lors du d\u00e9bat sur la&nbsp;g\u00e9n\u00e9tique, il est arr\u00eat\u00e9 le&nbsp;6&nbsp;ao\u00fbt&nbsp;1940&nbsp;et condamn\u00e9 \u00e0 mort le&nbsp;9&nbsp;juillet&nbsp;1941&nbsp;par le&nbsp;Coll\u00e8ge militaire de la Cour supr\u00eame de l&rsquo;URSS&nbsp;pour \u00ab&nbsp;participation \u00e0 une organisation anti-sovi\u00e9tique, sabotage et espionnage&nbsp;\u00bb. Le&nbsp;23&nbsp;juin&nbsp;1942, ce verdict est commu\u00e9 \u00e0 20 ans de prison par une d\u00e9cision du&nbsp;Pr\u00e9sidium du Soviet supr\u00eame. L\u2019Acad\u00e9mie des sciences refusa toutefois de retirer le titre d\u2019acad\u00e9micien \u00e0 N. Vavilov. Il d\u00e9c\u00e8de le&nbsp;26&nbsp;janvier&nbsp;1943&nbsp;\u00e0 la prison de Saratov de&nbsp;dystrophie, cons\u00e9quence de la sous-alimentation. (Source : Wikip\u00e9dia)<\/p>\n\n\n\n<p><\/p>\n\n\n\n<p style=\"font-size:18px\"><strong>Une ann\u00e9e d\u00e9di\u00e9e \u00e0 la biodiversit\u00e9 \u00e0 Cosmos &#8211; culture et \u00e9cologie<\/strong><\/p>\n\n\n\n<p style=\"font-size:14px\">Cette s\u00e9ance fait partie de notre programmation d\u00e9di\u00e9e \u00e0 la biodiversit\u00e9. Pour en savoir plus sur ce sujet d\u00e9terminant et crucial, pass\u00e9 parfois au second plan derri\u00e8re les enjeux climatiques, rendez-vous sur le site de l&rsquo;OFAB, et sur les pages de ressources que nous avions propos\u00e9es pour les <a href=\"https:\/\/cosmos-culture-ecologie.com\/?page_id=2021\">Rendez-vous Cosmos d\u00e9di\u00e9s aux oiseaux<\/a> et <a href=\"https:\/\/cosmos-culture-ecologie.com\/?page_id=1598\">aux chauves-souris. <\/a>Eh oui, les semences font aussi et partie, et \u00f4 combien, de la pr\u00e9cieuse biodiversit\u00e9 !<\/p>\n\n\n\n<div class=\"wp-block-image\"><figure class=\"aligncenter size-large is-resized\"><img loading=\"lazy\" decoding=\"async\" src=\"https:\/\/cosmos-culture-ecologie.com\/wp-content\/uploads\/2023\/03\/He\u0301ritage-Vavilov-Photo-1024x576.jpeg\" alt=\"\" class=\"wp-image-2388\" width=\"426\" height=\"239\" srcset=\"https:\/\/cosmos-culture-ecologie.com\/wp-content\/uploads\/2023\/03\/He\u0301ritage-Vavilov-Photo-1024x576.jpeg 1024w, https:\/\/cosmos-culture-ecologie.com\/wp-content\/uploads\/2023\/03\/He\u0301ritage-Vavilov-Photo-300x169.jpeg 300w, https:\/\/cosmos-culture-ecologie.com\/wp-content\/uploads\/2023\/03\/He\u0301ritage-Vavilov-Photo-768x432.jpeg 768w, https:\/\/cosmos-culture-ecologie.com\/wp-content\/uploads\/2023\/03\/He\u0301ritage-Vavilov-Photo.jpeg 1200w\" sizes=\"auto, (max-width: 426px) 85vw, 426px\" \/><\/figure><\/div>\n\n\n\n<p>Cette s\u00e9ance est rendue possible gr\u00e2ce au soutien de la M\u00e9tropole de Lyon. <\/p>\n\n\n\n<figure class=\"wp-block-image size-full is-resized\"><img loading=\"lazy\" decoding=\"async\" src=\"https:\/\/cosmos-culture-ecologie.com\/wp-content\/uploads\/2022\/09\/Metropole-de-Lyon_Logo-2022_ROUGEBLANC-100.jpg\" alt=\"\" class=\"wp-image-2030\" width=\"225\" height=\"88\" srcset=\"https:\/\/cosmos-culture-ecologie.com\/wp-content\/uploads\/2022\/09\/Metropole-de-Lyon_Logo-2022_ROUGEBLANC-100.jpg 860w, https:\/\/cosmos-culture-ecologie.com\/wp-content\/uploads\/2022\/09\/Metropole-de-Lyon_Logo-2022_ROUGEBLANC-100-300x118.jpg 300w, https:\/\/cosmos-culture-ecologie.com\/wp-content\/uploads\/2022\/09\/Metropole-de-Lyon_Logo-2022_ROUGEBLANC-100-768x302.jpg 768w\" sizes=\"auto, (max-width: 225px) 85vw, 225px\" \/><\/figure>\n\n\n\n<p>Soir\u00e9e en partenariat avec le Cin\u00e9 Mourguet et le CRBA. <\/p>\n\n\n\n<figure class=\"wp-block-image size-full is-resized\"><img loading=\"lazy\" decoding=\"async\" src=\"https:\/\/cosmos-culture-ecologie.com\/wp-content\/uploads\/2023\/03\/logo-noir-1.jpg\" alt=\"\" class=\"wp-image-2425\" width=\"198\" height=\"61\" srcset=\"https:\/\/cosmos-culture-ecologie.com\/wp-content\/uploads\/2023\/03\/logo-noir-1.jpg 971w, https:\/\/cosmos-culture-ecologie.com\/wp-content\/uploads\/2023\/03\/logo-noir-1-300x93.jpg 300w, https:\/\/cosmos-culture-ecologie.com\/wp-content\/uploads\/2023\/03\/logo-noir-1-768x239.jpg 768w\" sizes=\"auto, (max-width: 198px) 85vw, 198px\" \/><\/figure>\n\n\n\n<figure class=\"wp-block-image size-full is-resized\"><img loading=\"lazy\" decoding=\"async\" src=\"https:\/\/cosmos-culture-ecologie.com\/wp-content\/uploads\/2023\/03\/logo-cine-mourguet-1.jpeg\" alt=\"\" class=\"wp-image-2426\" width=\"198\" height=\"69\" srcset=\"https:\/\/cosmos-culture-ecologie.com\/wp-content\/uploads\/2023\/03\/logo-cine-mourguet-1.jpeg 381w, https:\/\/cosmos-culture-ecologie.com\/wp-content\/uploads\/2023\/03\/logo-cine-mourguet-1-300x104.jpeg 300w\" sizes=\"auto, (max-width: 198px) 85vw, 198px\" \/><\/figure>\n\n\n\n<p><\/p>\n\n\n\n<p><strong>Un grand merci \u00e0 tous nos partenaires !<\/strong><\/p>\n","protected":false},"excerpt":{"rendered":"<p>Rendez-vous Cosmos &#8211; Atelier, film et rencontre &nbsp;Biodiversit\u00e9 et semences : G\u00e9opolitique de la graine Mercredi 26 avril au Cin\u00e9 Mourguet, \u00e0 Ste Foy-l\u00e8s-Lyon A PARTIR DE 19H15 &#8211; ATELIER-RENCONTRE Rencontre autour d&rsquo;une table-atelier d\u00e9di\u00e9e aux semences, avec Pauline, cofondatrice de Cosmos : fabrication de sachets, jeu-d\u00e9couverte autour des graines, bons plan(t)s pour r\u00e9ussir vos &hellip; <a href=\"https:\/\/cosmos-culture-ecologie.com\/?page_id=2379\" class=\"more-link\">Continuer la lecture<span class=\"screen-reader-text\"> de &laquo;&nbsp;L&rsquo;H\u00e9ritage Vavilov : biodiversit\u00e9, semences et g\u00e9opolitique&nbsp;&raquo;<\/span><\/a><\/p>\n","protected":false},"author":1,"featured_media":0,"parent":0,"menu_order":0,"comment_status":"closed","ping_status":"closed","template":"","meta":{"footnotes":""},"class_list":["post-2379","page","type-page","status-publish","hentry"],"_links":{"self":[{"href":"https:\/\/cosmos-culture-ecologie.com\/index.php?rest_route=\/wp\/v2\/pages\/2379","targetHints":{"allow":["GET"]}}],"collection":[{"href":"https:\/\/cosmos-culture-ecologie.com\/index.php?rest_route=\/wp\/v2\/pages"}],"about":[{"href":"https:\/\/cosmos-culture-ecologie.com\/index.php?rest_route=\/wp\/v2\/types\/page"}],"author":[{"embeddable":true,"href":"https:\/\/cosmos-culture-ecologie.com\/index.php?rest_route=\/wp\/v2\/users\/1"}],"replies":[{"embeddable":true,"href":"https:\/\/cosmos-culture-ecologie.com\/index.php?rest_route=%2Fwp%2Fv2%2Fcomments&post=2379"}],"version-history":[{"count":15,"href":"https:\/\/cosmos-culture-ecologie.com\/index.php?rest_route=\/wp\/v2\/pages\/2379\/revisions"}],"predecessor-version":[{"id":2430,"href":"https:\/\/cosmos-culture-ecologie.com\/index.php?rest_route=\/wp\/v2\/pages\/2379\/revisions\/2430"}],"wp:attachment":[{"href":"https:\/\/cosmos-culture-ecologie.com\/index.php?rest_route=%2Fwp%2Fv2%2Fmedia&parent=2379"}],"curies":[{"name":"wp","href":"https:\/\/api.w.org\/{rel}","templated":true}]}}