{"id":2133,"date":"2022-12-20T15:00:02","date_gmt":"2022-12-20T14:00:02","guid":{"rendered":"https:\/\/cosmos-culture-ecologie.com\/?page_id=2133"},"modified":"2024-03-11T11:43:16","modified_gmt":"2024-03-11T10:43:16","slug":"le-temps-des-forets","status":"publish","type":"page","link":"https:\/\/cosmos-culture-ecologie.com\/?page_id=2133","title":{"rendered":"Le Temps des for\u00eats &#8211; Film &#038; Rencontre"},"content":{"rendered":"\n<p class=\"has-text-align-center has-medium-font-size\"><strong>Jeudi 26 janvier \u00e0 19h30 au Centre Br\u00e9not, \u00e0 Grigny<\/strong><\/p>\n\n\n\n<p class=\"has-text-align-center\" style=\"font-size:21px\"><em><strong>Le Temps des for\u00eats&nbsp;<\/strong><\/em>de Fran\u00e7ois-Xavier Drouet <\/p>\n\n\n\n<p class=\"has-text-align-center\" style=\"font-size:15px\">(Documentaire, Fr, 2018, 1h43, coul)<\/p>\n\n\n\n<p class=\"has-text-align-center\"><\/p>\n\n\n\n<p class=\"has-text-align-center has-normal-font-size\">La s\u00e9ance sera pr\u00e9sent\u00e9e et suivie d&rsquo;un \u00e9change avec <\/p>\n\n\n\n<p class=\"has-text-align-center has-normal-font-size\"><strong>Cl\u00e9ment Cognet, charg\u00e9 de mission patrimoine naturel au SMIRIL, qui a pour charge notamment de prendre soin de la for\u00eat alluviale locale. <\/strong><\/p>\n\n\n\n<p class=\"has-text-align-center has-medium-font-size\"><strong>Entr\u00e9e libre, <a rel=\"noreferrer noopener\" href=\"https:\/\/www.smiril.fr\/agenda\/cine-debat-le-temps-des-forets\/\" target=\"_blank\">sur inscription \u00e0 ce lien<\/a>.<\/strong><\/p>\n\n\n\n<p class=\"has-text-align-center\"><strong>Cette s\u00e9ance est propos\u00e9e par le SMIRIL, en partenariat avec Cosmos \u2013 culture et \u00e9cologie<\/strong><\/p>\n\n\n\n<p><meta charset=\"utf-8\"><strong>LE FILM <\/strong><\/p>\n\n\n\n<p><em><strong>Le Temps des for\u00eats&nbsp;<\/strong><\/em>de Fran\u00e7ois-Xavier Drouet (doc, Fr, 2018, 1h43, coul)<\/p>\n\n\n\n<p>Symbole aux yeux des urbains d\u2019une nature authentique, la for\u00eat fran\u00e7aise vit une phase d\u2019industrialisation sans pr\u00e9c\u00e9dent. M\u00e9canisation lourde, monocultures, engrais et pesticides, la gestion foresti\u00e8re suit \u00e0 vitesse acc\u00e9l\u00e9r\u00e9e le mod\u00e8le agricole intensif&#8230; Du Limousin aux Landes, du Morvan aux Vosges, <em>Le Temps des for\u00eats <\/em>propose un voyage au c\u0153ur de la sylviculture industrielle et de ses alternatives. For\u00eat vivante ou d\u00e9sert bois\u00e9, les choix d\u2019aujourd\u2019hui dessineront le paysage de demain.<\/p>\n\n\n\n<p><a href=\"https:\/\/www.youtube.com\/watch?v=QT560lu9GXo&amp;embeds_euri=https%3A%2F%2Fwww.kmbofilms.com%2F&amp;embeds_origin=https%3A%2F%2Fwww.kmbofilms.com&amp;feature=emb_imp_woyt\" target=\"_blank\" rel=\"noreferrer noopener\">Bande-annonce \u00e0 d\u00e9couvrir ici<\/a><\/p>\n\n\n\n<p><\/p>\n\n\n\n<p><strong>Adresse<\/strong> : Centre Edouard Brenot, 5 Rue Waldeck Rousseau, 69520 Grigny. Ouverture des portes d\u00e8s 19h. <a href=\"https:\/\/www.google.com\/maps\/place\/Centre+Culturel+%C3%89douard+Brenot\/@45.6066081,4.7871972,15z\/data=!4m2!3m1!1s0x0:0x7f7fe5e06ff12169?sa=X&amp;ved=2ahUKEwiqgMC18Ij8AhWZa6QEHdMpAg0Q_BJ6BAhIEAg\" data-type=\"URL\" data-id=\"https:\/\/www.google.com\/maps\/place\/Centre+Culturel+%C3%89douard+Brenot\/@45.6066081,4.7871972,15z\/data=!4m2!3m1!1s0x0:0x7f7fe5e06ff12169?sa=X&amp;ved=2ahUKEwiqgMC18Ij8AhWZa6QEHdMpAg0Q_BJ6BAhIEAg\" target=\"_blank\" rel=\"noreferrer noopener\">Plan<\/a>.<\/p>\n\n\n\n<p>Retrouvez tout le programme Hiver 2023 du SMIRIL ici : <a href=\"https:\/\/www.smiril.fr\/programme-grand-public-hiver-2023\/\" target=\"_blank\" rel=\"noreferrer noopener\">https:\/\/www.smiril.fr\/programme-grand-public-hiver-2023\/<\/a><\/p>\n\n\n\n<p>Pour mieux conna\u00eetre le SMIRIL, rendez-vous <a rel=\"noreferrer noopener\" href=\"https:\/\/www.smiril.fr\/\" target=\"_blank\">ici<\/a>. <\/p>\n\n\n\n<p><strong>Une s\u00e9ance propos\u00e9e par le SMIRIL &#8211; Syndicat mixte du Rh\u00f4ne, des \u00eeles et des L\u00f4nes<\/strong>, en partenariat avec Cosmos &#8211; culture et \u00e9cologie<\/p>\n\n\n\n<p><a href=\"https:\/\/www.kmbofilms.com\/wp-content\/uploads\/2022\/06\/Le-temps-des-fore%CC%82ts_6.jpg\"><\/a><\/p>\n","protected":false},"excerpt":{"rendered":"<p>Jeudi 26 janvier \u00e0 19h30 au Centre Br\u00e9not, \u00e0 Grigny Le Temps des for\u00eats&nbsp;de Fran\u00e7ois-Xavier Drouet (Documentaire, Fr, 2018, 1h43, coul) La s\u00e9ance sera pr\u00e9sent\u00e9e et suivie d&rsquo;un \u00e9change avec Cl\u00e9ment Cognet, charg\u00e9 de mission patrimoine naturel au SMIRIL, qui a pour charge notamment de prendre soin de la for\u00eat alluviale locale. Entr\u00e9e libre, sur &hellip; <a href=\"https:\/\/cosmos-culture-ecologie.com\/?page_id=2133\" class=\"more-link\">Continuer la lecture<span class=\"screen-reader-text\"> de &laquo;&nbsp;Le Temps des for\u00eats &#8211; Film &#038; Rencontre&nbsp;&raquo;<\/span><\/a><\/p>\n","protected":false},"author":1,"featured_media":0,"parent":0,"menu_order":0,"comment_status":"closed","ping_status":"closed","template":"","meta":{"footnotes":""},"class_list":["post-2133","page","type-page","status-publish","hentry"],"_links":{"self":[{"href":"https:\/\/cosmos-culture-ecologie.com\/index.php?rest_route=\/wp\/v2\/pages\/2133","targetHints":{"allow":["GET"]}}],"collection":[{"href":"https:\/\/cosmos-culture-ecologie.com\/index.php?rest_route=\/wp\/v2\/pages"}],"about":[{"href":"https:\/\/cosmos-culture-ecologie.com\/index.php?rest_route=\/wp\/v2\/types\/page"}],"author":[{"embeddable":true,"href":"https:\/\/cosmos-culture-ecologie.com\/index.php?rest_route=\/wp\/v2\/users\/1"}],"replies":[{"embeddable":true,"href":"https:\/\/cosmos-culture-ecologie.com\/index.php?rest_route=%2Fwp%2Fv2%2Fcomments&post=2133"}],"version-history":[{"count":15,"href":"https:\/\/cosmos-culture-ecologie.com\/index.php?rest_route=\/wp\/v2\/pages\/2133\/revisions"}],"predecessor-version":[{"id":2883,"href":"https:\/\/cosmos-culture-ecologie.com\/index.php?rest_route=\/wp\/v2\/pages\/2133\/revisions\/2883"}],"wp:attachment":[{"href":"https:\/\/cosmos-culture-ecologie.com\/index.php?rest_route=%2Fwp%2Fv2%2Fmedia&parent=2133"}],"curies":[{"name":"wp","href":"https:\/\/api.w.org\/{rel}","templated":true}]}}