{"id":2096,"date":"2022-11-15T10:58:07","date_gmt":"2022-11-15T09:58:07","guid":{"rendered":"https:\/\/cosmos-culture-ecologie.com\/?page_id=2096"},"modified":"2022-11-16T10:04:37","modified_gmt":"2022-11-16T09:04:37","slug":"ressources-sol-agriculture","status":"publish","type":"page","link":"https:\/\/cosmos-culture-ecologie.com\/?page_id=2096","title":{"rendered":"Ressources Sol &#038; agriculture"},"content":{"rendered":"\n<p><strong>Courte bibliographie et quelques ressources autour du sol, de l&rsquo;agriculture durable, en \u00e9cho au Rendez-vous Cosmos &#8211; Film et rencontre : Invitation \u00e0 Lydia et Claude Bourguignon, mercredi 9 novembre 2022<\/strong><\/p>\n\n\n\n<p><strong>Ouvrages de Lydia et Claude Bourguignon<\/strong><\/p>\n\n\n\n<p><em>Manifeste pour une agriculture durable<\/em> de Lydia et Claude Bourguignon (Actes Sud, 2017)<\/p>\n\n\n\n<p><em>Le Sol, la terre et les champs &#8211; Pour retrouver une agriculture saine <\/em>de Claude et Lydia Bourguignon (Sang de la Terre, 2022)<\/p>\n\n\n\n<p><em>Pourquoi ne faisons-nous rien pendant que la maison br\u00fble ? <\/em>de Lydia et Claude Bourguignon (Editions d&rsquo;en bas, 2022)<\/p>\n\n\n\n<p><strong>Deux ouvrages recommand\u00e9s par Lydia et Claude Bourguignon <\/strong>(parmi de nombreux autres, indiqu\u00e9s \u00e0 la fin de <em>Pourquoi ne faisons-nous rien pendant que la maison br\u00fble?)<\/em><\/p>\n\n\n\n<p><em>Printemps silencieux<\/em> de Rachel Carson (Wildproject, 1962, r\u00e9\u00e9dition en 2014)<\/p>\n\n\n\n<p><em>Les Racines du ciel <\/em>de Romain Gary (Folio, 1956, r\u00e9\u00e9dition en 1980)<\/p>\n\n\n\n<p><strong>Pour pratiquer l&rsquo;agriculture durable et d\u00e9couvrir le travail de la Terre et des paysans : <\/strong><\/p>\n\n\n\n<p>Le wwoofing, toutes les possibilities de wwoofing sont \u00e0 retrouver sur : https:\/\/wwoof.fr\/fr\/<\/p>\n\n\n\n<p><strong>C\u00f4t\u00e9 films <\/strong><\/p>\n\n\n\n<p><strong>La Graine, les particules et la lune <\/strong>de Dune Dupuy, autour de la biodynamie<\/p>\n\n\n\n<p>La cha\u00eene <strong>Au nom de la Terre<\/strong>, cr\u00e9\u00e9e par Edouard Bergeon, est d\u00e9di\u00e9e aux films li\u00e9s au monde agricole : https:\/\/aunomdelaterre.tv\/, et dans le m\u00eame esprit, de mani\u00e8re plus g\u00e9n\u00e9raliste : <strong>ImagoTV<\/strong><\/p>\n\n\n\n<p>Il existe de nombreux films passionnants sur le sujet, et nous continuerons \u00e0 vous les faire d\u00e9couvrir !<\/p>\n\n\n\n<p><\/p>\n\n\n\n<p><\/p>\n","protected":false},"excerpt":{"rendered":"<p>Courte bibliographie et quelques ressources autour du sol, de l&rsquo;agriculture durable, en \u00e9cho au Rendez-vous Cosmos &#8211; Film et rencontre : Invitation \u00e0 Lydia et Claude Bourguignon, mercredi 9 novembre 2022 Ouvrages de Lydia et Claude Bourguignon Manifeste pour une agriculture durable de Lydia et Claude Bourguignon (Actes Sud, 2017) Le Sol, la terre et &hellip; <a href=\"https:\/\/cosmos-culture-ecologie.com\/?page_id=2096\" class=\"more-link\">Continuer la lecture<span class=\"screen-reader-text\"> de &laquo;&nbsp;Ressources Sol &#038; agriculture&nbsp;&raquo;<\/span><\/a><\/p>\n","protected":false},"author":1,"featured_media":0,"parent":0,"menu_order":0,"comment_status":"closed","ping_status":"closed","template":"","meta":{"footnotes":""},"class_list":["post-2096","page","type-page","status-publish","hentry"],"_links":{"self":[{"href":"https:\/\/cosmos-culture-ecologie.com\/index.php?rest_route=\/wp\/v2\/pages\/2096","targetHints":{"allow":["GET"]}}],"collection":[{"href":"https:\/\/cosmos-culture-ecologie.com\/index.php?rest_route=\/wp\/v2\/pages"}],"about":[{"href":"https:\/\/cosmos-culture-ecologie.com\/index.php?rest_route=\/wp\/v2\/types\/page"}],"author":[{"embeddable":true,"href":"https:\/\/cosmos-culture-ecologie.com\/index.php?rest_route=\/wp\/v2\/users\/1"}],"replies":[{"embeddable":true,"href":"https:\/\/cosmos-culture-ecologie.com\/index.php?rest_route=%2Fwp%2Fv2%2Fcomments&post=2096"}],"version-history":[{"count":4,"href":"https:\/\/cosmos-culture-ecologie.com\/index.php?rest_route=\/wp\/v2\/pages\/2096\/revisions"}],"predecessor-version":[{"id":2111,"href":"https:\/\/cosmos-culture-ecologie.com\/index.php?rest_route=\/wp\/v2\/pages\/2096\/revisions\/2111"}],"wp:attachment":[{"href":"https:\/\/cosmos-culture-ecologie.com\/index.php?rest_route=%2Fwp%2Fv2%2Fmedia&parent=2096"}],"curies":[{"name":"wp","href":"https:\/\/api.w.org\/{rel}","templated":true}]}}