{"id":2048,"date":"2022-10-17T19:34:54","date_gmt":"2022-10-17T17:34:54","guid":{"rendered":"https:\/\/cosmos-culture-ecologie.com\/?page_id=2048"},"modified":"2023-11-17T15:26:07","modified_gmt":"2023-11-17T14:26:07","slug":"les-glaneurs-et-la-glaneuse","status":"publish","type":"page","link":"https:\/\/cosmos-culture-ecologie.com\/?page_id=2048","title":{"rendered":"Les Glaneurs et la glaneuse"},"content":{"rendered":"\n<p class=\"has-text-align-center\" style=\"font-size:18px\"><strong>S\u00e9ance exceptionnelle de ce documentaire culte !<\/strong><\/p>\n\n\n\n<p class=\"has-text-align-center\" style=\"font-size:18px\"><strong>Rendez-vous Cosmos \u2013 Film &amp; Rencontre&nbsp;<\/strong><\/p>\n\n\n\n<p class=\"has-text-align-center\" style=\"font-size:18px\">Eloge du glanage et de l&rsquo;art de la r\u00e9cup<\/p>\n\n\n\n<p><\/p>\n\n\n\n<p class=\"has-text-align-center\" style=\"font-size:18px\"><strong>Jeudi 1er d\u00e9cembre \u00e0 20h<\/strong><\/p>\n\n\n\n<p class=\"has-text-align-center\" style=\"font-size:18px\"><strong>S\u00e9ance en ligne<\/strong><\/p>\n\n\n\n<p class=\"has-text-align-center\">et diffus\u00e9e en direct \u00e0 la Maison de l\u2019\u00e9cologie \u00e0 Lyon, \u00e0 Evreux Nature Environnement (Evreux), et dans d\u2019autres lieux&nbsp;\u00e0 venir<\/p>\n\n\n\n<p><\/p>\n\n\n\n<p class=\"has-text-align-center\" style=\"font-size:18px\">Pr\u00e9sentation et diffusion de <strong><em><strong><em><strong><em><meta charset=\"utf-8\"><\/em><\/strong><\/em><\/strong><\/em><\/strong><\/p>\n\n\n\n<p class=\"has-text-align-center\" style=\"font-size:22px\"><strong><em><strong><em><strong><em><strong><em>Les Glaneurs et la glaneuse&nbsp;<\/em><\/strong><\/em><\/strong><\/em><\/strong><\/em><strong><strong><strong>d&rsquo;Agn\u00e8s Varda&nbsp;<\/strong><\/strong><\/strong><em><strong><em><strong><em><br><\/em><\/strong><\/em><\/strong><\/em><\/strong><meta charset=\"utf-8\">(doc, Fr, 2000, 1h22, coul)<meta charset=\"utf-8\"><\/p>\n\n\n\n<p class=\"has-text-align-center\" style=\"font-size:18px\">Suivie d&rsquo;une rencontre avec <\/p>\n\n\n\n<p class=\"has-text-align-center\" style=\"font-size:18px\"><strong>Julie Noirot<\/strong>, ma\u00eetresse de conf\u00e9rences en \u00e9tudes photographiques \u00e0 l&rsquo;Universit\u00e9 Lumi\u00e8re Lyon 2, autour de la th\u00e9matique Art et rebuts, <\/p>\n\n\n\n<p class=\"has-text-align-center\" style=\"font-size:18px\">et <strong>Julie Lenormant<\/strong>, autrice de <em>Tous alchimistes : r\u00e9-inventons la boucle aliments-terre <\/em>(\u00e9ditions La Butineuse, 2022, sortie le 5\/12), autour de la th\u00e9matique du gaspillage alimentaire et de la valorisation des d\u00e9chets<\/p>\n\n\n\n<p><\/p>\n\n\n\n<p class=\"has-text-align-center\" style=\"font-size:22px\"><a href=\"https:\/\/www.helloasso.com\/associations\/cosmos-culture-et-ecologie\/evenements\/rendez-vous-cosmos-en-ligne-les-glaneurs-et-la-glaneuse\">&gt;&gt;&nbsp;<strong>Inscriptions \u00e0 prix libre ici <\/strong>&lt;&lt;<\/a><\/p>\n\n\n\n<p class=\"has-text-align-center has-normal-font-size\">Remerciements \u00e0 Cin\u00e9-Tamaris.<\/p>\n\n\n\n<p>&gt;&nbsp;<strong>INSCRIPTIONS<\/strong><\/p>\n\n\n\n<p><strong><a href=\"https:\/\/bit.ly\/la-graine-les-particules\" target=\"_blank\" rel=\"noreferrer noopener\">Inscriptions \u00e0 prix libre \u00e0 ce&nbsp;lien<\/a>,&nbsp;<\/strong>sur une suggestion de 5\u20ac.<br>Nous vous recommandons de prendre vos places \u00e0 l\u2019avance.<br>Un lien d\u2019acc\u00e8s \u00e0 la soir\u00e9e vous sera envoy\u00e9 le jour-m\u00eame. Vous n\u2019aurez qu\u2019\u00e0 cliquer pour assister \u00e0 la s\u00e9ance. En cas de questions, vous pouvez&nbsp;<a rel=\"noreferrer noopener\" href=\"https:\/\/cosmos-culture-ecologie.com\/?page_id=74\" target=\"_blank\">nous&nbsp;contacte<\/a><a href=\"https:\/\/cosmos-culture-ecologie.com\/?page_id=74\">r<\/a>.&nbsp;<\/p>\n\n\n\n<p><strong>&gt; Le film<\/strong> : Eloge du glanage par une glaneuse d&rsquo;images<\/p>\n\n\n\n<p><strong><em><strong><em><strong><em><strong><em>Les Glaneurs et la glaneuse <\/em><\/strong><\/em><\/strong><\/em><\/strong><\/em><\/strong>d&rsquo;Agn\u00e8s Varda <meta charset=\"utf-8\">(doc, Fr, 2000, 1h22, coul)<\/p>\n\n\n\n<p>Un peu partout en France, Agn\u00e8s a rencontr\u00e9 des glaneurs et des glaneuses, r\u00e9cup\u00e9reurs, ramasseurs et trouvailleurs. Par n\u00e9cessit\u00e9, hasard ou choix, ils sont en contact avec les restes des autres. Leur univers est surprenant.&nbsp;On est loin des glaneuses d\u2019autrefois qui ramassaient les \u00e9pis de bl\u00e9 apr\u00e8s la moisson. Patates, pommes et autres nourritures jet\u00e9es, objets sans ma\u00eetre et pendule sans aiguilles, c\u2019est la glanure de notre temps. Mais Agn\u00e8s est aussi la glaneuse du titre et son documentaire est subjectif. La curiosit\u00e9 n\u2019a pas d\u2019\u00e2ge. Le filmage est aussi glanage. <\/p>\n\n\n\n<p>Un \u00e9loge du glanage, de la r\u00e9cup, de la d\u00e9-consommation, de l&rsquo;alter-consommation, de l&rsquo;up-cycling avant l&rsquo;heure, sous forme d&rsquo;un road-movie r\u00e9jouissant et dr\u00f4le, profond, visionnaire et intelligent, malicieux et d&rsquo;une grande humanit\u00e9, par cette cin\u00e9aste magnifique et inventive qu&rsquo;\u00e9tait Agn\u00e8s Varda. \u00ab\u00a0Pur\u00e9e ! Un road-movie aussi intelligent que savoureux ! Enfin l&rsquo;ode \u00e0 la pomme de terre, et \u00e0 tous.tes les oubli\u00e9.e.s des champs, qu&rsquo;on attendait !\u00a0\u00bb (Patate Magazine)<\/p>\n\n\n\n<p>Film accessible d\u00e8s 10 ans.<\/p>\n\n\n\n<p><a href=\"https:\/\/www.youtube.com\/watch?v=JMaBuCE_VRY\">D\u00e9couvrir un extrait du film <\/a><\/p>\n\n\n\n<p><a href=\"https:\/\/www.youtube.com\/watch?v=mBpvjqpijmM\">L&rsquo;artiste JR \u00e0 propos du film et d&rsquo;Agn\u00e8s Varda<\/a><\/p>\n\n\n\n<p><\/p>\n\n\n\n<p><strong>&gt; NOS INVIT\u00c9.E.S&nbsp;<\/strong>: <\/p>\n\n\n\n<p style=\"font-size:14px\"><strong>Julie Lenormant<\/strong>, autrice de <em>Tous alchimistes : r\u00e9-inventons la boucle aliments-terre <\/em>(<a href=\"https:\/\/www.editions-labutineuse.com\/\">\u00e9ditions La Butineuse<\/a>, sortie le 5 d\u00e9cembre), un plaidoyer passionnant pour le compost. Pour l&rsquo;\u00e9crire, elle s\u2019est immerg\u00e9e pendant plus d\u2019un an aupr\u00e8s des <a href=\"https:\/\/alchimistes.co\/\">Alchimistes<\/a>, jeune entreprise en plein essor dont le m\u00e9tier est la collecte de d\u00e9chets alimentaires, la production et la distribution de compost, pour nourrir les sols. Elle interviendra autour de la th\u00e9matique du gaspillage alimentaire et de la valorisation des d\u00e9chets alimentaires.<\/p>\n\n\n\n<p style=\"font-size:14px\"><strong>Julie Noirot<\/strong>, ma\u00eetresse de conf\u00e9rences en \u00e9tudes photographiques \u00e0 l&rsquo;Universit\u00e9 Lumi\u00e8re Lyon 2, est \u00e9galement, entre autres fonctions, coresponsable de l&rsquo;axe \u00ab\u00a0Humanit\u00e9s environnementales\u00a0\u00bb du <a href=\"https:\/\/passagesxx-xxi.univ-lyon2.fr\/\">Laboratoire Passages Arts &amp; Litt\u00e9ratures XX-XXI<\/a>\u00a0aux c\u00f4t\u00e9s de Julie Sermon, et r\u00e9dactrice adjointe de la revue<em>\u00a0<a href=\"https:\/\/journals.openedition.org\/focales\/\">Focales<\/a><\/em>\u00a0(PUSE).\u00a0Elle interviendra autour de la th\u00e9matique Art et rebuts, \u00e9galement pr\u00e9sente dans le documentaire d&rsquo;Agn\u00e8s Varda.<\/p>\n\n\n\n<p style=\"font-size:14px\">> <strong>Pauline De Boever<\/strong>, cofondatrice de Cosmos &#8211; culture et \u00e9cologie, animera la s\u00e9ance et proposera en introduction une \u00e9vocation de l&rsquo;oeuvre de la cin\u00e9aste, avec un focus particulier sur ce documentaire. <\/p>\n\n\n\n<p><strong>&gt; UNE S\u00c9ANCE EN LIGNE, DIFFUS\u00c9E EN DIRECT DANS DES LIEUX<\/strong><\/p>\n\n\n\n<p><strong>La s\u00e9ance aura lieu en ligne et sera diffus\u00e9e en direct dans les lieux suivants :<\/strong><\/p>\n\n\n\n<p><strong><a href=\"https:\/\/www.facebook.com\/maisondelecologielyon\/\">La Maison de l\u2019\u00e9cologie<\/a>,<\/strong>&nbsp;4 rue Bodin, Lyon 1er, entr\u00e9e libre, rendez-vous d\u00e8s 19h30.<\/p>\n\n\n\n<p><strong>Au local de&nbsp;<a href=\"http:\/\/www.evreux-nature-environnement.org\/v2\/\">l\u2019association Evreux Nature Environnement<\/a>&nbsp;<\/strong>: Local UFC Que Choisir Eure \u2013 17 rue des A\u00e9rostiers \u2013 Immeuble Cambresis \u2013 Evreux<\/p>\n\n\n\n<p><\/p>\n\n\n\n<p><strong>&gt; A propos d&rsquo;Agn\u00e8s Varda : <\/strong><\/p>\n\n\n\n<p style=\"font-size:14px\">Nous sommes particuli\u00e8rement heureux de pr\u00e9senter un film de cette cin\u00e9aste dont nous admirons profond\u00e9ment le travail et l&rsquo;oeuvre, pour clore l&rsquo;ann\u00e9e. Agn\u00e8s Varda (30 Mai 1928 &#8211; 29 Mars 2019) a grandi \u00e0 Bruxelles puis \u00e0 S\u00e8te. D&rsquo;abord photographe, ses photos du Festival d&rsquo;Avignon et du TNP (Th\u00e9\u00e2tre National Populaire) \u00e0 leurs d\u00e9buts, sont rest\u00e9es c\u00e9l\u00e8bres. Elle m\u00e8ne de nombreux reportages photos en Chine, \u00e0 Cuba, au Portugal, en Allemagne&#8230;  Pionni\u00e8re, elle cr\u00e9e en 1954 la coop\u00e9rative de production Cin\u00e9-Tamaris (qui a rendu cette projection possible, merci !), pour produire son premier long m\u00e9trage, <em>La Pointe courte, <\/em>avec Philippe Noiret et Silvia Monfort. Et cela, cinq ans avant la naissance officielle de la Nouvelle vague ! Citons quelques titres phares de sa filmographie (36 films, fictions et documentaires) :&nbsp;<em>Cl\u00e9o de 5 \u00e0 7&nbsp;<\/em>(1961),&nbsp;<em>Le Bonheur&nbsp;<\/em>(1964),&nbsp;<em>L&rsquo;une chante, l&rsquo;autre pas <\/em>(1977<em>), Sans toit ni loi&nbsp;<\/em>(1985),&nbsp;<em>Jacquot de Nantes&nbsp;<\/em>(1991) &#8211; sur l&rsquo;enfance de son mari Jacques Demy,&nbsp;<em>Les Glaneurs et la glaneuse&nbsp;<\/em>(2000),&nbsp;<em>Les plages d\u2019Agn\u00e8s&nbsp;<\/em>(2008),&nbsp;<em>Visages Villages<\/em> (2017, co-r\u00e9alis\u00e9 avec l\u2019artiste JR). <\/p>\n\n\n\n<p style=\"font-size:14px\">Artiste engag\u00e9e, figure f\u00e9ministe, \u00e9minemment curieuse de son temps et des \u00e9volutions de la soci\u00e9t\u00e9, elle devient aussi une artiste plasticienne reconnue internationalement, en exposant notamment en 2003, \u00e0 la Biennale d\u2019Art de Venise, puis \u00e0 celle de Lyon, au S.M.A.K. de Gand, \u00e0 la Fondation Cartier&#8230;<\/p>\n\n\n\n<p style=\"font-size:12px\">Plus d&rsquo;informations sur le site de <a href=\"https:\/\/www.cine-tamaris.fr\/lunivers-de-cine-tamaris\/la-bio-dagnes\/\">Cin\u00e9-Tamaris<\/a>, dont s&rsquo;est inspir\u00e9 cette pr\u00e9sentation.<\/p>\n\n\n\n<p><\/p>\n\n\n\n<p><strong>&gt; Les Rendez-vous Cosmos sont soutenus par la M\u00e9tropole de Lyon, dans le cadre du Plan d\u2019accompagnement \u00e0 la Transition et \u00e0 la R\u00e9silience.<\/strong><\/p>\n\n\n\n<p>Avec le soutien de<\/p>\n\n\n\n<figure class=\"wp-block-image is-resized\"><img loading=\"lazy\" decoding=\"async\" src=\"https:\/\/cosmos-culture-ecologie.com\/wp-content\/uploads\/2022\/09\/Metropole-de-Lyon_Logo-2022_ROUGEBLANC-100.jpg\" alt=\"\" class=\"wp-image-2030\" width=\"171\" height=\"67\" srcset=\"https:\/\/cosmos-culture-ecologie.com\/wp-content\/uploads\/2022\/09\/Metropole-de-Lyon_Logo-2022_ROUGEBLANC-100.jpg 860w, https:\/\/cosmos-culture-ecologie.com\/wp-content\/uploads\/2022\/09\/Metropole-de-Lyon_Logo-2022_ROUGEBLANC-100-300x118.jpg 300w, https:\/\/cosmos-culture-ecologie.com\/wp-content\/uploads\/2022\/09\/Metropole-de-Lyon_Logo-2022_ROUGEBLANC-100-768x302.jpg 768w\" sizes=\"auto, (max-width: 171px) 85vw, 171px\" \/><\/figure>\n\n\n\n<p><\/p>\n","protected":false},"excerpt":{"rendered":"<p>S\u00e9ance exceptionnelle de ce documentaire culte ! Rendez-vous Cosmos \u2013 Film &amp; Rencontre&nbsp; Eloge du glanage et de l&rsquo;art de la r\u00e9cup Jeudi 1er d\u00e9cembre \u00e0 20h S\u00e9ance en ligne et diffus\u00e9e en direct \u00e0 la Maison de l\u2019\u00e9cologie \u00e0 Lyon, \u00e0 Evreux Nature Environnement (Evreux), et dans d\u2019autres lieux&nbsp;\u00e0 venir Pr\u00e9sentation et diffusion de &hellip; <a href=\"https:\/\/cosmos-culture-ecologie.com\/?page_id=2048\" class=\"more-link\">Continuer la lecture<span class=\"screen-reader-text\"> de &laquo;&nbsp;Les Glaneurs et la glaneuse&nbsp;&raquo;<\/span><\/a><\/p>\n","protected":false},"author":1,"featured_media":0,"parent":0,"menu_order":0,"comment_status":"closed","ping_status":"closed","template":"","meta":{"footnotes":""},"class_list":["post-2048","page","type-page","status-publish","hentry"],"_links":{"self":[{"href":"https:\/\/cosmos-culture-ecologie.com\/index.php?rest_route=\/wp\/v2\/pages\/2048","targetHints":{"allow":["GET"]}}],"collection":[{"href":"https:\/\/cosmos-culture-ecologie.com\/index.php?rest_route=\/wp\/v2\/pages"}],"about":[{"href":"https:\/\/cosmos-culture-ecologie.com\/index.php?rest_route=\/wp\/v2\/types\/page"}],"author":[{"embeddable":true,"href":"https:\/\/cosmos-culture-ecologie.com\/index.php?rest_route=\/wp\/v2\/users\/1"}],"replies":[{"embeddable":true,"href":"https:\/\/cosmos-culture-ecologie.com\/index.php?rest_route=%2Fwp%2Fv2%2Fcomments&post=2048"}],"version-history":[{"count":14,"href":"https:\/\/cosmos-culture-ecologie.com\/index.php?rest_route=\/wp\/v2\/pages\/2048\/revisions"}],"predecessor-version":[{"id":2655,"href":"https:\/\/cosmos-culture-ecologie.com\/index.php?rest_route=\/wp\/v2\/pages\/2048\/revisions\/2655"}],"wp:attachment":[{"href":"https:\/\/cosmos-culture-ecologie.com\/index.php?rest_route=%2Fwp%2Fv2%2Fmedia&parent=2048"}],"curies":[{"name":"wp","href":"https:\/\/api.w.org\/{rel}","templated":true}]}}