{"id":1920,"date":"2022-07-18T12:29:56","date_gmt":"2022-07-18T10:29:56","guid":{"rendered":"https:\/\/cosmos-culture-ecologie.com\/?page_id=1920"},"modified":"2023-11-17T15:26:44","modified_gmt":"2023-11-17T14:26:44","slug":"la-graines-les-particules-et-la-lune","status":"publish","type":"page","link":"https:\/\/cosmos-culture-ecologie.com\/?page_id=1920","title":{"rendered":"La Graine, les particules et la lune"},"content":{"rendered":"\n<p class=\"has-text-align-center\" style=\"font-size:18px\"><strong>Rendez-vous Cosmos \u2013 Film &amp; Rencontre<\/strong><\/p>\n\n\n\n<p class=\"has-text-align-center\" style=\"font-size:18px\">Invitation \u00e0 Lydia et Claude Bourguignon, <\/p>\n\n\n\n<p class=\"has-text-align-center\" style=\"font-size:18px\">autour du sol et de l&rsquo;agriculture<strong>&nbsp;<\/strong><\/p>\n\n\n\n<p><\/p>\n\n\n\n<p class=\"has-text-align-center has-medium-font-size\"><strong><meta charset=\"utf-8\"><strong>Mercredi 9 novembre \u00e0 20h<\/strong><\/strong><\/p>\n\n\n\n<p class=\"has-text-align-center\" style=\"font-size:18px\"><strong>S\u00e9ance en ligne<\/strong><\/p>\n\n\n\n<p class=\"has-text-align-center has-normal-font-size\">et diffus\u00e9e en direct \u00e0 la Maison de l\u2019\u00e9cologie \u00e0 Lyon, \u00e0 Evreux Nature Environnement (Evreux), \u00e0 l&rsquo;\u00e9colieu MagnyEthique (Cublize, 69), et dans d\u2019autres lieux&nbsp;\u00e0 venir<\/p>\n\n\n\n<p class=\"has-text-align-center\" style=\"font-size:18px\"><strong><em><meta charset=\"utf-8\"><\/em><\/strong><\/p>\n\n\n\n<p class=\"has-text-align-center\" style=\"font-size:18px\">Pr\u00e9sentation et diffusion de <\/p>\n\n\n\n<p class=\"has-text-align-center has-medium-font-size\"><strong><em><em><strong><em><strong><em>La Graine, les particules et la lune<\/em><\/strong>&nbsp;<\/em><\/strong><\/em><\/em><\/strong>de Dune Dupuy (2021, 1h18)&nbsp;<\/p>\n\n\n\n<p><\/p>\n\n\n\n<p class=\"has-text-align-center\" style=\"font-size:18px\">Suivie d&rsquo;une rencontre <\/p>\n\n\n\n<p class=\"has-text-align-center has-medium-font-size\">En pr\u00e9sence de <strong>Claude et Lydia Bourguignon<\/strong>, microbiologistes, sp\u00e9cialistes et m\u00e9decins des sols, de la r\u00e9alisatrice <strong>Dune Dupuy<\/strong><\/p>\n\n\n\n<p class=\"has-text-align-center has-medium-font-size\">&gt;&gt;&nbsp;<strong>Inscriptions \u00e0 prix libre&nbsp;<a href=\"https:\/\/bit.ly\/la-graine-les-particules\" target=\"_blank\" rel=\"noreferrer noopener\">ici<\/a>&nbsp;<\/strong>&lt;&lt;<\/p>\n\n\n\n<p>&gt;&nbsp;<strong>INSCRIPTIONS<\/strong><\/p>\n\n\n\n<p class=\"has-small-font-size\"><strong><a href=\"https:\/\/bit.ly\/la-graine-les-particules\">Inscriptions \u00e0 prix libre \u00e0 ce&nbsp;lien<\/a>,&nbsp;<\/strong>sur une suggestion de 5\u20ac.<br>Nous vous recommandons de prendre vos places \u00e0 l\u2019avance.<br>Un lien d\u2019acc\u00e8s \u00e0 la soir\u00e9e vous sera envoy\u00e9 le jour-m\u00eame. Vous n\u2019aurez qu\u2019\u00e0 cliquer pour assister \u00e0 la s\u00e9ance. En cas de questions, vous pouvez&nbsp;<a rel=\"noreferrer noopener\" href=\"https:\/\/cosmos-culture-ecologie.com\/?page_id=74\" target=\"_blank\">nous&nbsp;contacte<\/a><a href=\"https:\/\/cosmos-culture-ecologie.com\/?page_id=74\">r<\/a>.&nbsp;<\/p>\n\n\n\n<p><strong>&gt; UNE S\u00c9ANCE EN LIGNE, DIFFUS\u00c9E EN DIRECT DANS DES LIEUX <\/strong><\/p>\n\n\n\n<p class=\"has-small-font-size\"><strong>La s\u00e9ance aura lieu en ligne et sera diffus\u00e9e en direct dans les lieux suivants :<\/strong><\/p>\n\n\n\n<p class=\"has-small-font-size\"><strong><a href=\"https:\/\/www.facebook.com\/maisondelecologielyon\/\">La Maison de l\u2019\u00e9cologie<\/a>,<\/strong>&nbsp;4 rue Bodin, Lyon 1er, entr\u00e9e libre, rendez-vous d\u00e8s 19h30.<\/p>\n\n\n\n<p class=\"has-small-font-size\"><strong>Au local de&nbsp;<a href=\"http:\/\/www.evreux-nature-environnement.org\/v2\/\">l\u2019association Evreux Nature Environnement<\/a>&nbsp;<\/strong>: Local UFC Que Choisir Eure \u2013 17 rue des A\u00e9rostiers \u2013 Immeuble Cambresis \u2013 Evreux<\/p>\n\n\n\n<p class=\"has-small-font-size\"><strong>\u00c9colieu Magny\u00c9thique<\/strong> &#8211; 213, chemin du Ch\u00e2teau de Magny &#8211; 69550 Cublize. S\u00e9ance \u00e0 <strong>prix libre<\/strong>. Inscriptions \u00e0 l&rsquo;avance recommand\u00e9es en \u00e9crivant \u00e0 : <a rel=\"noreferrer noopener\" href=\"mailto:cosmos@magnyethique.org\" target=\"_blank\">cosmos@magnyethique.org<\/a>. Accueil d\u00e8s 19h30 et d\u00e9but de s\u00e9ance \u00e0 19h45, avec pr\u00e9sentation du lieu par les habitant.e.s.<\/p>\n\n\n\n<p style=\"font-size:15px\"><strong>LIEUX, COLLECTIFS ET ASSOCIATIONS&nbsp;<\/strong>:&nbsp;<strong>Vous souhaitez diffuser cette s\u00e9ance dans votre lieu culturel, associatif, tiers-lieu, collectif pour votre public, vos adh\u00e9rents ou votre r\u00e9sea<\/strong>u ? <\/p>\n\n\n\n<p class=\"has-small-font-size\">Nous vous proposons d\u2019inclure cette soir\u00e9e cl\u00e9-en-main dans votre programmation \u00e0 destination de votre public. Une connexion internet et un branchement sur un vid\u00e9o-projecteur suffisent pour proposer vous-m\u00eames \u00e0 votre public ce Rendez-vous Cosmos Film &amp; Rencontre. Pour cela, il suffit de nous contacter : cosmos.culture.ecologie (a) gmail.com ou 06.85.83.02.33.<\/p>\n\n\n\n<p><strong>&gt; Le film<\/strong><\/p>\n\n\n\n<p><strong><em><meta charset=\"utf-8\"><strong><em><em><strong><em><strong><em>La Graine, les particules et la lune<\/em><\/strong>&nbsp;<\/em><\/strong><\/em><\/em><\/strong><\/em><\/strong>de Dune Dupuy <meta charset=\"utf-8\">(Fr, 2021, 1h18, coul)&nbsp;<\/p>\n\n\n\n<p class=\"has-small-font-size\">La plan\u00e8te Terre souffre, et Bouba vient de se faire plaquer. C\u2019est alors qu\u2019elle rencontre un groupe d\u2019agriculteurs en biodynamie, prenant en compte l\u2019action de forces invisibles. Une qu\u00eate po\u00e9tique qui entra\u00eene la r\u00e9alisatrice et le spectateur dans des mondes insoup\u00e7onn\u00e9s, \u00e0 la rencontre d\u2019humains proposant d\u2019\u00e9largir notre perception du vivant, et qui ouvre aussi \u00e0 un autre regard sur le sol et l\u2019agriculture : comment pr\u00e9server le sol et quel est son r\u00f4le ? Quels sont ses liens et ceux des plantes, des animaux et des \u00eatres vivants, avec le cosmos ?&nbsp;<\/p>\n\n\n\n<p class=\"has-small-font-size\">Avec le t\u00e9moignage et la participation de Claude et Lydia Bourguignon, et plusieurs mara\u00eechers et agriculteurs en biodynamie.<\/p>\n\n\n\n<p class=\"has-small-font-size\">Le film a \u00e9t\u00e9 programm\u00e9 aux Rencontres du cin\u00e9ma documentaire de Lussas 2021 et au Festival Interf\u00e9rences 2021 \u00e0 Lyon.&nbsp;<\/p>\n\n\n\n<p class=\"has-small-font-size\">Extrait : <a href=\"https:\/\/www.youtube.com\/watch?v=2tzVRof0NbQ\">https:\/\/www.youtube.com\/watch?v=2tzVRof0NbQ<\/a><\/p>\n\n\n\n<p class=\"has-small-font-size\">Film accessible d\u00e8s 10-11 ans.<\/p>\n\n\n\n<p><strong>&gt; Nos invit\u00e9s&nbsp;<\/strong><\/p>\n\n\n\n<p class=\"has-small-font-size\">Nous aurons la joie d&rsquo;accueillir deux invit\u00e9s exceptionnels : <strong>Lydia Bourguignon<\/strong>, Ma\u00eetres es sciences et technicienne en \u0153nologie, et <strong>Claude Bourguignon<\/strong>, ing\u00e9nieur agronome et docteur es sciences en microbiologie du sol, sont tous deux des sp\u00e9cialistes de renomm\u00e9e internationale du sol. Leur engagement a fait d&rsquo;eux des figures de proue de la connaissance et de la pr\u00e9servation du sol, et plus largement de l&rsquo;\u00e9cologie. Ils ont cr\u00e9\u00e9 en 2008 LAMS, un laboratoire d\u2019analyse de sol sp\u00e9cialis\u00e9 dans l\u2019\u00e9tude \u00e9cologique de profil cultural pour restaurer la biodiversit\u00e9 des sols de terroir afin d\u2019am\u00e9liorer la qualit\u00e9 et la typicit\u00e9 des vins et des denr\u00e9es agricoles. Ils ont publi\u00e9 r\u00e9cemment <em>Pourquoi ne faisons-nous rien pendant que notre maison br\u00fble ?<\/em> (Editions D&rsquo;En bas). <\/p>\n\n\n\n<p class=\"has-small-font-size\"><strong>Dune Dupuy<\/strong> a \u00e9tudi\u00e9 le cin\u00e9ma \u00e0 l&rsquo;Ensav \u00e0 Toulouse et vit dans le Lot sur le Causse du Quercy.&nbsp;<em>La Graine, les particules et la lune<\/em> est son premier film, co-produit par deux jeunes soci\u00e9t\u00e9s install\u00e9es dans le Sud Ouest, l&rsquo;Argent et Embrassez-vous.&nbsp;Son travail s&rsquo;inscrit dans une approche transdisciplinaire du r\u00e9el,&nbsp; motiv\u00e9e par la n\u00e9cessit\u00e9 absolue de changer notre lien avec les autres vivants,&nbsp; les non-humains.<\/p>\n\n\n\n<p><\/p>\n\n\n\n<p class=\"has-text-align-center has-small-font-size\"><em>\u00ab\u00a0Pour comprendre et appr\u00e9cier le monde qui nous entoure, nous avons besoin autant de science que de po\u00e9sie. Je pense qu\u2019il est vital de changer notre lien avec les autres vivants, c\u2019est-\u00e0-dire les plantes et les animaux avec lesquels nous devons cohabiter. Pour cela il est important de prendre le temps de les conna\u00eetre. Et je crois que c\u2019est l\u2019\u00e9merveillement qui nous donne envie de prendre soin.\u00a0\u00bb<\/em> <strong>Dune<\/strong> <strong>Dupuy<\/strong> dans <a href=\"https:\/\/www.ladepeche.fr\/2021\/11\/10\/lot-la-realisatrice-dune-dupuy-pour-comprendre-le-monde-nous-avons-besoin-autant-de-science-que-de-poesie-9920265.php\"><em>La D\u00e9p\u00eache<\/em><\/a><\/p>\n\n\n\n<p><strong>&gt; Les Rendez-vous Cosmos sont soutenus par la M\u00e9tropole de Lyon, dans le cadre du Plan d\u2019accompagnement \u00e0 la Transition et \u00e0 la R\u00e9silience.<\/strong><\/p>\n\n\n\n<p>Avec le soutien de<\/p>\n\n\n\n<figure class=\"wp-block-image size-full is-resized\"><img loading=\"lazy\" decoding=\"async\" src=\"https:\/\/cosmos-culture-ecologie.com\/wp-content\/uploads\/2022\/09\/Metropole-de-Lyon_Logo-2022_ROUGEBLANC-100.jpg\" alt=\"\" class=\"wp-image-2030\" width=\"144\" height=\"56\" srcset=\"https:\/\/cosmos-culture-ecologie.com\/wp-content\/uploads\/2022\/09\/Metropole-de-Lyon_Logo-2022_ROUGEBLANC-100.jpg 860w, https:\/\/cosmos-culture-ecologie.com\/wp-content\/uploads\/2022\/09\/Metropole-de-Lyon_Logo-2022_ROUGEBLANC-100-300x118.jpg 300w, https:\/\/cosmos-culture-ecologie.com\/wp-content\/uploads\/2022\/09\/Metropole-de-Lyon_Logo-2022_ROUGEBLANC-100-768x302.jpg 768w\" sizes=\"auto, (max-width: 144px) 85vw, 144px\" \/><\/figure>\n\n\n\n<p><\/p>\n","protected":false},"excerpt":{"rendered":"<p>Rendez-vous Cosmos \u2013 Film &amp; Rencontre Invitation \u00e0 Lydia et Claude Bourguignon, autour du sol et de l&rsquo;agriculture&nbsp; Mercredi 9 novembre \u00e0 20h S\u00e9ance en ligne et diffus\u00e9e en direct \u00e0 la Maison de l\u2019\u00e9cologie \u00e0 Lyon, \u00e0 Evreux Nature Environnement (Evreux), \u00e0 l&rsquo;\u00e9colieu MagnyEthique (Cublize, 69), et dans d\u2019autres lieux&nbsp;\u00e0 venir Pr\u00e9sentation et diffusion &hellip; <a href=\"https:\/\/cosmos-culture-ecologie.com\/?page_id=1920\" class=\"more-link\">Continuer la lecture<span class=\"screen-reader-text\"> de &laquo;&nbsp;La Graine, les particules et la lune&nbsp;&raquo;<\/span><\/a><\/p>\n","protected":false},"author":1,"featured_media":0,"parent":0,"menu_order":0,"comment_status":"closed","ping_status":"closed","template":"","meta":{"footnotes":""},"class_list":["post-1920","page","type-page","status-publish","hentry"],"_links":{"self":[{"href":"https:\/\/cosmos-culture-ecologie.com\/index.php?rest_route=\/wp\/v2\/pages\/1920","targetHints":{"allow":["GET"]}}],"collection":[{"href":"https:\/\/cosmos-culture-ecologie.com\/index.php?rest_route=\/wp\/v2\/pages"}],"about":[{"href":"https:\/\/cosmos-culture-ecologie.com\/index.php?rest_route=\/wp\/v2\/types\/page"}],"author":[{"embeddable":true,"href":"https:\/\/cosmos-culture-ecologie.com\/index.php?rest_route=\/wp\/v2\/users\/1"}],"replies":[{"embeddable":true,"href":"https:\/\/cosmos-culture-ecologie.com\/index.php?rest_route=%2Fwp%2Fv2%2Fcomments&post=1920"}],"version-history":[{"count":16,"href":"https:\/\/cosmos-culture-ecologie.com\/index.php?rest_route=\/wp\/v2\/pages\/1920\/revisions"}],"predecessor-version":[{"id":2656,"href":"https:\/\/cosmos-culture-ecologie.com\/index.php?rest_route=\/wp\/v2\/pages\/1920\/revisions\/2656"}],"wp:attachment":[{"href":"https:\/\/cosmos-culture-ecologie.com\/index.php?rest_route=%2Fwp%2Fv2%2Fmedia&parent=1920"}],"curies":[{"name":"wp","href":"https:\/\/api.w.org\/{rel}","templated":true}]}}