{"id":1861,"date":"2022-05-30T11:16:24","date_gmt":"2022-05-30T09:16:24","guid":{"rendered":"https:\/\/cosmos-culture-ecologie.com\/?page_id=1861"},"modified":"2022-05-30T11:20:36","modified_gmt":"2022-05-30T09:20:36","slug":"prix-ecoprod","status":"publish","type":"page","link":"https:\/\/cosmos-culture-ecologie.com\/?page_id=1861","title":{"rendered":"Prix Ecoprod"},"content":{"rendered":"\n<p><strong>Remise du Prix Ecoprod au Festival de Cannes\u00a0<\/strong><\/p>\n\n\n\n<p><br>Pauline De Boever, fondatrice de <a rel=\"noreferrer noopener\" href=\"https:\/\/cosmos-culture-ecologie.com\/\" target=\"_blank\">Cosmos &#8211; culture et \u00e9cologie<\/a>, a fait partie du jury du <strong>Prix <a rel=\"noreferrer noopener\" href=\"https:\/\/www.ecoprod.com\/fr\/\" target=\"_blank\">Ecoprod<\/a><\/strong> remis au Festival de Cannes, aux c\u00f4t\u00e9s de Magali Payen (<a rel=\"noreferrer noopener\" href=\"https:\/\/www.onestpret.com\/\" target=\"_blank\">On est pr\u00eat<\/a> et <a rel=\"noreferrer noopener\" href=\"https:\/\/www.facebook.com\/newtopiastories\" target=\"_blank\">Newtopia<\/a>), Pascal Signolet (<a rel=\"noreferrer noopener\" href=\"https:\/\/www.atmospheresfestival.com\/\" target=\"_blank\">Festival Atmosph\u00e8res<\/a>) et Benjamin Bonnet (<a rel=\"noreferrer noopener\" href=\"https:\/\/www.moodfilmsproduction.com\/bienvenue\" target=\"_blank\">Mood Films Production<\/a>), qui a distingu\u00e9 deux films \u00e9coproduits-produits de la mani\u00e8re la plus \u00e9co-responsable possible, en pr\u00e9sence du CNC :<\/p>\n\n\n\n<p><br>&#8211; Le prix Ecoprod a \u00e9t\u00e9 attribu\u00e9 \u00e0 l\u2019\u00e9quipe du film <strong><em>La Cour des miracles <\/em>deCarine May et Hakim Zouhani<\/strong>, produit et distribu\u00e9 par <a rel=\"noreferrer noopener\" href=\"https:\/\/www.hautetcourt.com\/films\/la-cour-des-miracles\/\" target=\"_blank\">Haut et Court<\/a>, qui \u00e9tait pr\u00e9sent\u00e9 en S\u00e9lection officielle.<br>&#8211; Le prix du jury Ecoprod a \u00e9t\u00e9 remis \u00e0 l\u2019\u00e9quipe de <strong><em>Sous les figues<\/em> de la r\u00e9alisatrice et productrice franco-tunisienne Erige Sehiri<\/strong>, produit par Henia production et Maneki Films, distribu\u00e9 par <a rel=\"noreferrer noopener\" href=\"https:\/\/jour2fete.com\/film\/sous-les-figues\/\" target=\"_blank\">Jour2f\u00eate<\/a>, qui \u00e9tait pr\u00e9sent\u00e9 \u00e0 la Quinzaine des r\u00e9alisateurs.<\/p>\n\n\n\n<p><br>F\u00e9licitations aux laur\u00e9ats pour leur engagement !\u00a0<br><em>En savoir plus sur l&rsquo;\u00e9coproduction et sur le travail men\u00e9 par\u00a0<a rel=\"noreferrer noopener\" href=\"https:\/\/www.ecoprod.com\/fr\/\" target=\"_blank\">Ecoprod<\/a>.<\/em><\/p>\n\n\n\n<p><\/p>\n\n\n","protected":false},"excerpt":{"rendered":"<p>Remise du Prix Ecoprod au Festival de Cannes\u00a0 Pauline De Boever, fondatrice de Cosmos &#8211; culture et \u00e9cologie, a fait partie du jury du Prix Ecoprod remis au Festival de Cannes, aux c\u00f4t\u00e9s de Magali Payen (On est pr\u00eat et Newtopia), Pascal Signolet (Festival Atmosph\u00e8res) et Benjamin Bonnet (Mood Films Production), qui a distingu\u00e9 deux &hellip; <a href=\"https:\/\/cosmos-culture-ecologie.com\/?page_id=1861\" class=\"more-link\">Continuer la lecture<span class=\"screen-reader-text\"> de &laquo;&nbsp;Prix Ecoprod&nbsp;&raquo;<\/span><\/a><\/p>\n","protected":false},"author":1,"featured_media":0,"parent":0,"menu_order":0,"comment_status":"closed","ping_status":"closed","template":"","meta":{"footnotes":""},"class_list":["post-1861","page","type-page","status-publish","hentry"],"_links":{"self":[{"href":"https:\/\/cosmos-culture-ecologie.com\/index.php?rest_route=\/wp\/v2\/pages\/1861","targetHints":{"allow":["GET"]}}],"collection":[{"href":"https:\/\/cosmos-culture-ecologie.com\/index.php?rest_route=\/wp\/v2\/pages"}],"about":[{"href":"https:\/\/cosmos-culture-ecologie.com\/index.php?rest_route=\/wp\/v2\/types\/page"}],"author":[{"embeddable":true,"href":"https:\/\/cosmos-culture-ecologie.com\/index.php?rest_route=\/wp\/v2\/users\/1"}],"replies":[{"embeddable":true,"href":"https:\/\/cosmos-culture-ecologie.com\/index.php?rest_route=%2Fwp%2Fv2%2Fcomments&post=1861"}],"version-history":[{"count":3,"href":"https:\/\/cosmos-culture-ecologie.com\/index.php?rest_route=\/wp\/v2\/pages\/1861\/revisions"}],"predecessor-version":[{"id":1867,"href":"https:\/\/cosmos-culture-ecologie.com\/index.php?rest_route=\/wp\/v2\/pages\/1861\/revisions\/1867"}],"wp:attachment":[{"href":"https:\/\/cosmos-culture-ecologie.com\/index.php?rest_route=%2Fwp%2Fv2%2Fmedia&parent=1861"}],"curies":[{"name":"wp","href":"https:\/\/api.w.org\/{rel}","templated":true}]}}