{"id":1831,"date":"2022-05-03T16:47:50","date_gmt":"2022-05-03T14:47:50","guid":{"rendered":"https:\/\/cosmos-culture-ecologie.com\/?page_id=1831"},"modified":"2022-05-09T10:19:51","modified_gmt":"2022-05-09T08:19:51","slug":"ressources-autour-des-arbres-et-des-forets","status":"publish","type":"page","link":"https:\/\/cosmos-culture-ecologie.com\/?page_id=1831","title":{"rendered":"Ressources autour des arbres et des for\u00eats"},"content":{"rendered":"\n<p>Nous proposons sur cette page des ressources, informations, actions et initiatives. Elle sera aliment\u00e9e r\u00e9guli\u00e8rement dans les prochaines semaines. Vous souhaitez nous faire part d\u2019informations pour qu\u2019elles apparaissent sur cette page ? Vous pouvez nous \u00e9crire \u00e0 cosmos.culture.ecologie (a) gmail.com<\/p>\n\n\n\n<p class=\"has-medium-font-size\"><strong>Bibliographie<\/strong><\/p>\n\n\n\n<div class=\"wp-block-group\"><div class=\"wp-block-group__inner-container is-layout-flow wp-block-group-is-layout-flow\">\n<ul class=\"wp-block-list\"><li>Jean Giono, <em>L&rsquo;Homme qui plantait des arbres<\/em>, \u00c9ditions Gallimard (1983 pour le texte, 2017 pour les illustrations)<\/li><\/ul>\n\n\n\n<ul class=\"wp-block-list\"><li>Genevi\u00e8ve Michon, <em>Agriculteurs \u00e0 l&rsquo;ombre des for\u00eats du monde<\/em>, Actes Sud (2015)<\/li><li>Fabrice Desjours, <em>Jardins-For\u00eats: Un nouvel art de vivre et de produire<\/em>, \u00c9ditions de Terran (2019). Pr\u00e9face de Genevi\u00e8ve Michon.<\/li><\/ul>\n\n\n\n<ul class=\"wp-block-list\"><li>Ernst Z\u00fcrcher, <em>Les Arbres entre visible et invisible<\/em>, Actes Sud (2016)<\/li><\/ul>\n\n\n\n<ul class=\"wp-block-list\"><li>Philippe Domont &amp; Nikota Zaric, <em>La for\u00eat en 301 questions \/ r\u00e9ponses: Guide des curieux en for\u00eat<\/em>, \u00c9dit\u00e9 par l&rsquo;Association suisse des forestiers (1999)<\/li><\/ul>\n\n\n\n<ul class=\"wp-block-list\"><li>Francis Hall\u00e9, <em>Plaidoyer pour l&rsquo;arbre<\/em>, Actes Sud (2005)<\/li><\/ul>\n\n\n\n<p><\/p>\n\n\n\n<p class=\"has-medium-font-size\"><strong>Associations <\/strong><\/p>\n\n\n\n<p><a href=\"https:\/\/www.foretprimaire-francishalle.org\/\">Association Francis Hall\u00e9 pour la for\u00eat primaire <\/a><\/p>\n\n\n\n<p>Le projet L&rsquo;Arbre t\u00e9moin par <a href=\"https:\/\/grainesurbaines.fr\/2021\/10\/29\/larbre-temoin-un-projet-intergenerationnel\/\">Graines Urbaines Lyon<\/a><\/p>\n\n\n\n<p><a href=\"https:\/\/desenfantsetdesarbres.org\/\">Des enfants et des arbres<\/a><\/p>\n\n\n\n<p><a href=\"https:\/\/foretgourmande.fr\">La For\u00eat gourmande <\/a><\/p>\n\n\n\n<p><a href=\"https:\/\/www.arbres.org\/\" target=\"_blank\" rel=\"noreferrer noopener\">A.R.B.R.E.S.<\/a><\/p>\n\n\n\n<p><a rel=\"noreferrer noopener\" href=\"https:\/\/www.agroforesterie.fr\/index.php\" target=\"_blank\">Association fran\u00e7aise d\u2019agroforesterie<\/a><\/p>\n\n\n\n<p><a rel=\"noreferrer noopener\" href=\"https:\/\/www.canopee-asso.org\/\" target=\"_blank\">Canop\u00e9e<\/a><\/p>\n\n\n\n<p><a rel=\"noreferrer noopener\" href=\"http:\/\/www.foretsanciennes.fr\/\" target=\"_blank\">For\u00eats anciennes \u00e0 haute valeur de conservation<\/a><\/p>\n\n\n\n<p><a href=\"https:\/\/www.foret-naturalite.be\/\" target=\"_blank\" rel=\"noreferrer noopener\">For\u00eat et Naturalit\u00e9<\/a><\/p>\n\n\n\n<p><a rel=\"noreferrer noopener\" href=\"http:\/\/www.forets-sauvages.fr\/\" target=\"_blank\">For\u00eats Sauvages<\/a><\/p>\n\n\n\n<p><a rel=\"noreferrer noopener\" href=\"https:\/\/www.alternativesforestieres.org\/\" target=\"_blank\">Le R\u00e9seau des Alternatives Foresti\u00e8res<\/a><\/p>\n\n\n\n<p><a rel=\"noreferrer noopener\" href=\"http:\/\/refora.online.fr\/FRENE\/Rapport_activites_FRENE_2009-2013.pdf\" target=\"_blank\">R\u00e9seau FRENE (FoR\u00eats en libre \u00c9volution NaturElle)<\/a><\/p>\n\n\n\n<p><a href=\"https:\/\/sosforetfrance.org\/\" target=\"_blank\" rel=\"noreferrer noopener\">SOS For\u00eat<\/a><\/p>\n\n\n\n<p><a href=\"http:\/\/www.vieillesforets.com\/\" target=\"_blank\" rel=\"noreferrer noopener\">Vieilles For\u00eats<\/a><\/p>\n\n\n\n<p><\/p>\n\n\n\n<p class=\"has-medium-font-size\"><strong>Autour de Jean Giono <\/strong><\/p>\n\n\n\n<p><a href=\"https:\/\/centrejeangiono.com\/\">Centre Jean Giono \u00e0 Manosque <\/a><\/p>\n<\/div><\/div>\n\n\n\n<p class=\"has-medium-font-size\"><strong>Autour de Fr\u00e9d\u00e9ric Back <\/strong><\/p>\n\n\n\n<p>Documentaire <a href=\"https:\/\/vimeo.com\/ondemand\/8439\"><em>Fr\u00e9d\u00e9ric Back : Grandeur nature<\/em> de Phil Comeau<\/a><\/p>\n","protected":false},"excerpt":{"rendered":"<p>Nous proposons sur cette page des ressources, informations, actions et initiatives. Elle sera aliment\u00e9e r\u00e9guli\u00e8rement dans les prochaines semaines. Vous souhaitez nous faire part d\u2019informations pour qu\u2019elles apparaissent sur cette page ? Vous pouvez nous \u00e9crire \u00e0 cosmos.culture.ecologie (a) gmail.com Bibliographie Jean Giono, L&rsquo;Homme qui plantait des arbres, \u00c9ditions Gallimard (1983 pour le texte, 2017 &hellip; <a href=\"https:\/\/cosmos-culture-ecologie.com\/?page_id=1831\" class=\"more-link\">Continuer la lecture<span class=\"screen-reader-text\"> de &laquo;&nbsp;Ressources autour des arbres et des for\u00eats&nbsp;&raquo;<\/span><\/a><\/p>\n","protected":false},"author":1,"featured_media":0,"parent":0,"menu_order":0,"comment_status":"closed","ping_status":"closed","template":"","meta":{"footnotes":""},"class_list":["post-1831","page","type-page","status-publish","hentry"],"_links":{"self":[{"href":"https:\/\/cosmos-culture-ecologie.com\/index.php?rest_route=\/wp\/v2\/pages\/1831","targetHints":{"allow":["GET"]}}],"collection":[{"href":"https:\/\/cosmos-culture-ecologie.com\/index.php?rest_route=\/wp\/v2\/pages"}],"about":[{"href":"https:\/\/cosmos-culture-ecologie.com\/index.php?rest_route=\/wp\/v2\/types\/page"}],"author":[{"embeddable":true,"href":"https:\/\/cosmos-culture-ecologie.com\/index.php?rest_route=\/wp\/v2\/users\/1"}],"replies":[{"embeddable":true,"href":"https:\/\/cosmos-culture-ecologie.com\/index.php?rest_route=%2Fwp%2Fv2%2Fcomments&post=1831"}],"version-history":[{"count":5,"href":"https:\/\/cosmos-culture-ecologie.com\/index.php?rest_route=\/wp\/v2\/pages\/1831\/revisions"}],"predecessor-version":[{"id":1852,"href":"https:\/\/cosmos-culture-ecologie.com\/index.php?rest_route=\/wp\/v2\/pages\/1831\/revisions\/1852"}],"wp:attachment":[{"href":"https:\/\/cosmos-culture-ecologie.com\/index.php?rest_route=%2Fwp%2Fv2%2Fmedia&parent=1831"}],"curies":[{"name":"wp","href":"https:\/\/api.w.org\/{rel}","templated":true}]}}