{"id":17,"date":"2020-02-13T23:38:02","date_gmt":"2020-02-13T22:38:02","guid":{"rendered":"http:\/\/cosmos-culture-ecologie.com\/?page_id=17"},"modified":"2025-12-05T14:55:43","modified_gmt":"2025-12-05T13:55:43","slug":"nous-soutenir","status":"publish","type":"page","link":"https:\/\/cosmos-culture-ecologie.com\/?page_id=17","title":{"rendered":"Nous soutenir"},"content":{"rendered":"\n<p class=\"has-text-align-center\" style=\"font-size:17px\"><strong>> Si vous voulez soutenir Cosmos &#8211; culture et \u00e9cologie, vous pouvez le faire <a href=\"https:\/\/www.helloasso.com\/associations\/cosmos-culture-et-ecologie\/formulaires\/4\" target=\"_blank\" rel=\"noreferrer noopener\">\u00e0 ce lien<\/a>, d\u00e8s 1\u20ac. Un grand merci pour votre soutien !<\/strong><\/p>\n\n\n\n<p style=\"font-size:17px\"><strong>&gt; R\u00e9duction d&rsquo;imp\u00f4t<\/strong> :<\/p>\n\n\n\n<p style=\"font-size:15px\"><strong>Cosmos &#8211; culture et \u00e9cologie est reconnue d&rsquo;int\u00e9r\u00eat g\u00e9n\u00e9ral \u00e0 caract\u00e8re culturel. <\/strong>Chaque don ouvre droit \u00e0 une r\u00e9duction d\u2019imp\u00f4t de 66% dans la limite de 20% du revenu imposable : un don de 100\u20ac vous co\u00fbte r\u00e9ellement 34\u20ac ; <meta charset=\"utf-8\">un don de 10\u20ac vous co\u00fbte r\u00e9ellement 3,40\u20ac . Vous recevrez un re\u00e7u fiscal qui vous permettra de&nbsp;b\u00e9n\u00e9ficier d\u2019une r\u00e9duction d\u2019imp\u00f4ts.<\/p>\n\n\n\n<p style=\"font-size:14px\">Nous nous tenons \u00e0 votre enti\u00e8re disposition pour toute pr\u00e9cision compl\u00e9mentaire. Vous pouvez nous joindre \u00e0 cosmos.culture.ecologie@gmail.com.<\/p>\n\n\n\n<p><\/p>\n\n\n\n<p style=\"font-size:17px\">&gt; <strong>Pourquoi soutenir Cosmos &#8211; culture et \u00e9cologie ?<\/strong><\/p>\n\n\n\n<p style=\"font-size:14px\">L&rsquo;association Cosmos &#8211; culture et \u00e9cologie propose une programmation culturelle, artistique, et cin\u00e9matographique, autour de l&rsquo;\u00e9cologie, dans toute sa transversalit\u00e9, et pour tous les publics &#8211; les adultes, les enfants et les familles, les scolaires et les \u00e9tudiants.<\/p>\n\n\n\n<p style=\"font-size:14px\">Soutenir Cosmos &#8211; culture et \u00e9cologie :<\/p>\n\n\n\n<p style=\"font-size:14px\">&#8211; C&rsquo;est permettre le d\u00e9veloppement d&rsquo;une structure ancr\u00e9e dans son temps<\/p>\n\n\n\n<p style=\"font-size:14px\">&#8211; C&rsquo;est contribuer \u00e0 offrir \u00e0 un large public des moments d&rsquo;\u00e9merveillement et d&rsquo;apprentissage autour du vivant, \u00e0 travers des temps pour questionner notre place d&rsquo;\u00eatre humain au sein de la toile du vivant<\/p>\n\n\n\n<p style=\"font-size:14px\">&#8211; C&rsquo;est amener l&rsquo;\u00e9cologie aupr\u00e8s de publics de tous \u00e2ges et de tous horizons&nbsp;<\/p>\n\n\n\n<p style=\"font-size:14px\">&#8211; C&rsquo;est soutenir des projets de cr\u00e9ation, musicale, po\u00e9tique, et th\u00e9\u00e2trale, autour du monde vivant.<\/p>\n\n\n\n<p style=\"font-size:14px\">&#8211; C&rsquo;est soutenir la rencontre avec des personnalit\u00e9s inspirantes<\/p>\n\n\n\n<p style=\"font-size:14px\">&#8211; C&rsquo;est soutenir un collectif compos\u00e9 de personnes comp\u00e9tentes et engag\u00e9es. L&rsquo;association a \u00e9t\u00e9 fond\u00e9e par un collectif de professionnels issus du milieu culturel, \u00e9cologique ou social, et est port\u00e9e par une \u00e9quipe de b\u00e9n\u00e9voles. Les projets sont mis en oeuvre par Pauline De Boever, professionnelle exp\u00e9riment\u00e9e, profond\u00e9ment anim\u00e9e par les sujets li\u00e9s \u00e0 l&rsquo;\u00e9cologie, passionn\u00e9e par le vivant, par les arts et la culture.&nbsp;<\/p>\n\n\n\n<p style=\"font-size:14px\">Chacun de vos dons, m\u00eame symbolique, nous est pr\u00e9cieux, nous soutient et nous encourage.<\/p>\n\n\n\n<p style=\"font-size:14px\">Un grand MERCI de votre soutien !<\/p>\n\n\n\n<p style=\"font-size:14px\"><\/p>\n\n\n\n<p style=\"font-size:18px\"><strong>Et aussi !<\/strong><\/p>\n\n\n\n<p style=\"font-size:15px\">Pour nous soutenir, vous pouvez aussi : <\/p>\n\n\n\n<p style=\"font-size:14px\"><strong>&gt; Partager nos informations <\/strong>dans votre entourage, nous suivre par notre newsletter et sur les r\u00e9seaux, participer aux \u00e9v\u00e9nements, <strong>c&rsquo;est aussi soutenir et s&rsquo;engager<\/strong> dans la dynamique de Cosmos &#8211; culture et \u00e9cologie, merci \u00e0 vous !<\/p>\n\n\n\n<p style=\"font-size:14px\">&gt; Vous abonner \u00e0 notre newsletter ou la faire d\u00e9couvrir \u00e0 votre entourage. Pour la recevoir, rendez-vous <a href=\"https:\/\/d5d1d202.sibforms.com\/serve\/MUIEANRagwtyoz6q92FovNCWMixRZDM06DIEBXiuQtOGDzg0003QhyqPzeHaP2lM5Yrcz-3HrhCX3i5JXB9yQR6cu63Y3Ru1IYTD-P7FyJkjesuMV-uLgtnBnQ2ZyfJOg3_sotaJfjLk5XO-KRefQ_eWF2h8sCUNksPFBTiSl9ihDVL1SFM9m-cF0k8m713InSmaFNtEiORCSJ8E\" data-type=\"URL\" data-id=\"https:\/\/d5d1d202.sibforms.com\/serve\/MUIEANRagwtyoz6q92FovNCWMixRZDM06DIEBXiuQtOGDzg0003QhyqPzeHaP2lM5Yrcz-3HrhCX3i5JXB9yQR6cu63Y3Ru1IYTD-P7FyJkjesuMV-uLgtnBnQ2ZyfJOg3_sotaJfjLk5XO-KRefQ_eWF2h8sCUNksPFBTiSl9ihDVL1SFM9m-cF0k8m713InSmaFNtEiORCSJ8E\" target=\"_blank\" rel=\"noreferrer noopener\">ici<\/a>, ou \u00e9crivez-nous \u00e0 : cosmos.culture.ecologie@gmail.com<\/p>\n\n\n\n<p style=\"font-size:14px\">&gt; Cot\u00e9 r\u00e9seaux sociaux, vous pouvez nous suivre sur la&nbsp;<a href=\"https:\/\/www.facebook.com\/CosmosCultureEcologie\" target=\"_blank\" rel=\"noreferrer noopener\"><strong>page Facebook<\/strong>&nbsp;@CosmosCultureEcologie<\/a>&nbsp;et sur le&nbsp;<a href=\"https:\/\/www.instagram.com\/cosmos.culture.ecologie\/?hl=fr\" target=\"_blank\" rel=\"noreferrer noopener\">compte Instagram Cosmos.culture.ecologie<\/a>, et vous abonner \u00e0 la&nbsp;<strong><a href=\"https:\/\/www.youtube.com\/channel\/UCYywry7KPQJXdeT93H9DLAA\" target=\"_blank\" rel=\"noreferrer noopener\">cha\u00eene YouTube<\/a><\/strong><\/p>\n","protected":false},"excerpt":{"rendered":"<p>> Si vous voulez soutenir Cosmos &#8211; culture et \u00e9cologie, vous pouvez le faire \u00e0 ce lien, d\u00e8s 1\u20ac. Un grand merci pour votre soutien ! &gt; R\u00e9duction d&rsquo;imp\u00f4t : Cosmos &#8211; culture et \u00e9cologie est reconnue d&rsquo;int\u00e9r\u00eat g\u00e9n\u00e9ral \u00e0 caract\u00e8re culturel. Chaque don ouvre droit \u00e0 une r\u00e9duction d\u2019imp\u00f4t de 66% dans la limite &hellip; <a href=\"https:\/\/cosmos-culture-ecologie.com\/?page_id=17\" class=\"more-link\">Continuer la lecture<span class=\"screen-reader-text\"> de &laquo;&nbsp;Nous soutenir&nbsp;&raquo;<\/span><\/a><\/p>\n","protected":false},"author":1,"featured_media":0,"parent":0,"menu_order":0,"comment_status":"closed","ping_status":"closed","template":"","meta":{"footnotes":""},"class_list":["post-17","page","type-page","status-publish","hentry"],"_links":{"self":[{"href":"https:\/\/cosmos-culture-ecologie.com\/index.php?rest_route=\/wp\/v2\/pages\/17","targetHints":{"allow":["GET"]}}],"collection":[{"href":"https:\/\/cosmos-culture-ecologie.com\/index.php?rest_route=\/wp\/v2\/pages"}],"about":[{"href":"https:\/\/cosmos-culture-ecologie.com\/index.php?rest_route=\/wp\/v2\/types\/page"}],"author":[{"embeddable":true,"href":"https:\/\/cosmos-culture-ecologie.com\/index.php?rest_route=\/wp\/v2\/users\/1"}],"replies":[{"embeddable":true,"href":"https:\/\/cosmos-culture-ecologie.com\/index.php?rest_route=%2Fwp%2Fv2%2Fcomments&post=17"}],"version-history":[{"count":21,"href":"https:\/\/cosmos-culture-ecologie.com\/index.php?rest_route=\/wp\/v2\/pages\/17\/revisions"}],"predecessor-version":[{"id":3639,"href":"https:\/\/cosmos-culture-ecologie.com\/index.php?rest_route=\/wp\/v2\/pages\/17\/revisions\/3639"}],"wp:attachment":[{"href":"https:\/\/cosmos-culture-ecologie.com\/index.php?rest_route=%2Fwp%2Fv2%2Fmedia&parent=17"}],"curies":[{"name":"wp","href":"https:\/\/api.w.org\/{rel}","templated":true}]}}