{"id":1570,"date":"2022-01-07T12:35:32","date_gmt":"2022-01-07T11:35:32","guid":{"rendered":"https:\/\/cosmos-culture-ecologie.com\/?page_id=1570"},"modified":"2022-01-31T11:16:18","modified_gmt":"2022-01-31T10:16:18","slug":"chauve-souris-mon-amour","status":"publish","type":"page","link":"https:\/\/cosmos-culture-ecologie.com\/?page_id=1570","title":{"rendered":"Chauve-souris, mon amour"},"content":{"rendered":"\n<p><\/p>\n\n\n\n<h2 class=\"has-text-align-center wp-block-heading\" style=\"font-size:22px\">Rendez-vous Cosmos &#8211; Film &amp; Rencontre<\/h2>\n\n\n\n<h2 class=\"has-text-align-center wp-block-heading\" style=\"font-size:22px\"><strong>Jeudi 3 f\u00e9vrier \u00e0 20h, en ligne<\/strong> <\/h2>\n\n\n\n<p class=\"has-text-align-center\" style=\"font-size:15px\"><strong><em>La soir\u00e9e sera \u00e9galement retransmise en direct \u00e0 la Maison de l&rsquo;\u00e9cologie \u00e0 Lyon (rendez-vous d\u00e8s 19h30, entr\u00e9e libre, 4 rue Bodin, Lyon 1er).<\/em><\/strong>*<\/p>\n\n\n\n<h2 class=\"has-text-align-center wp-block-heading\" style=\"font-size:22px\"><em><strong>Chauve-souris mon amour&nbsp;<\/strong><\/em>de Pauline Horovitz&nbsp;(doc, 2018, 52min)<\/h2>\n\n\n\n<p class=\"has-text-align-center has-normal-font-size\"><strong>En pr\u00e9sence de Pauline Horovitz et de Samy Mezani (<a href=\"https:\/\/shna-ofab.fr\/\">SHNA-OFAB<\/a> &#8211; Soci\u00e9t\u00e9 d&rsquo;Histoire naturelle d&rsquo;Autun &#8211; Observatoire de la faune de Bourgogne)<\/strong><\/p>\n\n\n\n<p class=\"has-normal-font-size\">Seront \u00e9galement avec nous : <strong>Mich\u00e8le Lemaire et Laurent Arthur, protagonistes du film. A la t\u00eate du Museum d&rsquo;Histoire naturelle de Bourges pendant 35 ans<\/strong>, ils sont des figures incontournables de la protection des chauves-souris. Ils s&rsquo;occupent maintenant de la tr\u00e8s active association \u00ab\u00a0<a href=\"https:\/\/www.chauvequipeut.org\/\">Chauve qui peut<\/a>\u00ab\u00a0.<\/p>\n\n\n\n<p class=\"has-normal-font-size\"><strong>Christophe D&rsquo;Adamo<\/strong>, co-coordinateur du Groupe Chiropt\u00e8res du Rh\u00f4ne et salari\u00e9 de la LPO, et <strong>Pierre Athanaze<\/strong>, Vice-Pr\u00e9sident de la M\u00e9tropole de Lyon Environnement, protection animale et pr\u00e9vention des risques, seront \u00e9galement pr\u00e9sents lors de l&rsquo;\u00e9change avec le public.<\/p>\n\n\n\n<ul class=\"wp-block-list\" style=\"font-size:15px\"><li>* <em>La soir\u00e9e sera retransmise<\/em> <em>\u00e0 la <a href=\"https:\/\/www.facebook.com\/maisondelecologielyon\/\">Maison de l&rsquo;\u00e9cologie<\/a>,&nbsp;ainsi que dans tous les lieux culturels, associatifs, tiers-lieux etc. qui le souhaitent, \u00e0 prix libre (voir ci-dessous).&nbsp;<\/em> <\/li><\/ul>\n\n\n\n<figure class=\"wp-block-image size-large\"><img decoding=\"async\" src=\"https:\/\/cosmos-culture-ecologie.com\/wp-content\/uploads\/2022\/01\/Chauve-Souris-mon-amour-3-1024x576.jpg\" alt=\"\" class=\"wp-image-1577\"\/><figcaption>Chauve-souris, mon amour<\/figcaption><\/figure>\n\n\n\n<p><\/p>\n\n\n\n<p style=\"font-size:18px\"><strong>&gt; Comment participer \u00e0 la s\u00e9ance en ligne ? <\/strong><\/p>\n\n\n\n<p class=\"has-normal-font-size\"><strong>Inscriptions et billetterie \u00e0 prix libre sur ce <a href=\"https:\/\/www.helloasso.com\/associations\/cosmos-culture-et-ecologie\/evenements\/rendez-vous-cosmos-chauve-souris-mon-amour-jeudi-3-fevrier-a-20h?_ga=2.199740462.1440096975.1641379079-1257753785.1623597871&amp;_gl=1%2a1rtadup%2a_ga%2aMTI1Nzc1Mzc4NS4xNjIzNTk3ODcx%2a_ga_TKC826G3G2%2aMTY0MTU1MDIwMi40Ny4xLjE2NDE1NTUzODUuMA..\">lien<\/a><\/strong>. Nous vous recommandons vivement de prendre vos places \u00e0 l&rsquo;avance. <\/p>\n\n\n\n<p style=\"font-size:15px\">Un lien d&rsquo;acc\u00e8s \u00e0 la soir\u00e9e vous sera envoy\u00e9 le jour-m\u00eame. Vous n&rsquo;aurez qu&rsquo;\u00e0 cliquer pour assister \u00e0 la s\u00e9ance (vous n&rsquo;aurez aucun logiciel \u00e0 installer ni de compte \u00e0 cr\u00e9er).<\/p>\n\n\n\n<p style=\"font-size:15px\"><strong>Acc\u00e8s \u00e0 PRIX LIBRE<\/strong>. Sur une suggestion de 5\u20ac, nous vous proposons de participer selon vos possibilit\u00e9s, votre envie de soutenir ce projet, le nombre de proches et amis pr\u00e9sents&#8230; <\/p>\n\n\n\n<p style=\"font-size:18px\">&gt; <strong>Vous \u00eates un lieu culturel, associatif, tiers-lieux, ferme agriculturelle ou \u00e9colieu&#8230; et vous souhaitez programmer cette s\u00e9ance pour votre public ou votre collectif : <\/strong><\/p>\n\n\n\n<p style=\"font-size:15px\">Nous vous proposons d&rsquo;inclure cette soir\u00e9e cl\u00e9-en-main dans votre programmation \u00e0 destination de votre public. Une connexion internet et un branchement sur un vid\u00e9o-projecteur suffisent pour proposer \u00e0 votre public ce Rendez-vous Cosmos Film &amp; Rencontre.<\/p>\n\n\n\n<p style=\"font-size:15px\">Pour cela, il suffit de vous inscrire \u00e0 ce <a href=\"https:\/\/www.helloasso.com\/associations\/cosmos-culture-et-ecologie\/evenements\/rendez-vous-cosmos-chauve-souris-mon-amour-jeudi-3-fevrier-a-20h?_gl=1%2adzypco%2a_ga%2aMTI1Nzc1Mzc4NS4xNjIzNTk3ODcx%2a_ga_TKC826G3G2%2aMTY0MzYyMzMyNy44NS4wLjE2NDM2MjMzMjcuMA..&amp;_ga=2.97038175.1125805233.1643564116-1257753785.1623597871\">lien<\/a> (voir le Tarif \u00ab\u00a0Colonie de chauves-souris\u00a0\u00bb), \u00e0 prix libre, en tenant compte de vos possibilit\u00e9s, du nombre de personnes attendues. Nous nous tenons \u00e0 votre disposition pour \u00e9changer si vous le souhaitez.<\/p>\n\n\n\n<p style=\"font-size:15px\"><em>La s\u00e9ance sera ainsi propos\u00e9e et relay\u00e9e au public de la <a href=\"https:\/\/www.facebook.com\/maisondelecologielyon\/\">La Maison de l&rsquo;\u00e9cologie<\/a>, \u00e0 Lyon.<\/em><\/p>\n\n\n\n<p class=\"has-text-align-center\" style=\"font-size:18px\"><strong>Billetterie sur ce <span style=\"text-decoration: underline;\"><a href=\"https:\/\/www.helloasso.com\/associations\/cosmos-culture-et-ecologie\/evenements\/rendez-vous-cosmos-chauve-souris-mon-amour-jeudi-3-fevrier-a-20h?_gl=1%2a1l1owtd%2a_ga%2aMTI1Nzc1Mzc4NS4xNjIzNTk3ODcx%2a_ga_TKC826G3G2%2aMTY0MTY1MzU5MC40OS4xLjE2NDE2NTM1OTMuMA..&amp;_ga=2.195358124.1440096975.1641379079-1257753785.1623597871\">lien<\/a><\/span> !<\/strong><\/p>\n\n\n\n<figure class=\"wp-block-image size-large\"><img decoding=\"async\" src=\"https:\/\/cosmos-culture-ecologie.com\/wp-content\/uploads\/2022\/01\/Chauve-Souris-mon-amour-2-1024x576.jpg\" alt=\"\" class=\"wp-image-1576\"\/><figcaption><em>Chauve-souris, mon amour <\/em>de Pauline Horovitz<\/figcaption><\/figure>\n\n\n\n<p class=\"has-normal-font-size\"><em><strong>Chauve-souris mon amour&nbsp;<\/strong><\/em>de Pauline Horovitz&nbsp;(doc., Fr, 2018, 52min, coul, prod. : Squawk)<\/p>\n\n\n\n<p style=\"font-size:15px\">\u00ab&nbsp;Les sans grades du monde animal sont rarement sous les feux de la rampe, l\u2019objectif de l\u2019appareil photo ou de la cam\u00e9ra pr\u00e9f\u00e8re ce qui est majestueux et spectaculaire. J\u2019ai d\u00e9cid\u00e9 de m\u2019int\u00e9resser \u00e0 ce qu\u2019il y a \u00e0 c\u00f4t\u00e9 et autour de nous, \u00e0 ce qu\u2019on ne voit pas, qu\u2019on n\u2019entend pas et qu\u2019on ne consid\u00e8re pas, \u00e0 l\u2019infra-animal. C\u2019est comme cela que je suis tomb\u00e9e dans l\u2019univers des chauve-souris, et de ceux qui les \u00e9tudient et les prot\u00e8gent.&nbsp;\u00bb Pauline Horovitz<\/p>\n\n\n\n<p style=\"font-size:15px\">Une com\u00e9die documentaire, avec la participation des conservateurs du Mus\u00e9um de Bourges, d\u2019une \u00e9ducatrice sp\u00e9cialiste des soins aux b\u00e9b\u00e9s chauves-souris, d\u2019un bricoleur logeur de chauves-souris et d\u2019un dentiste de Transylvanie\u2026<\/p>\n\n\n\n<p style=\"font-size:15px\"><span><strong style=\"font-style: italic;\">La soir\u00e9e aura lieu en ligne : la s\u00e9ance et le film seront pr\u00e9sent\u00e9s par nos invit\u00e9s, puis le film sera diffus\u00e9 et suivi d\u2019un \u00e9change entre le public et les invit\u00e9s.&nbsp;<\/strong><\/span><\/p>\n\n\n\n<p style=\"font-size:15px\"><em><strong>La s\u00e9ance est ouverte \u00e0 tous. Film accessible d\u00e8s 8 ans.&nbsp;<\/strong><\/em><\/p>\n\n\n\n<p><strong>Extrait du film <a href=\"https:\/\/www.facebook.com\/watch\/?v=796721904171613\">ici<\/a>.<\/strong><\/p>\n\n\n\n<p><\/p>\n\n\n\n<p><strong>&gt; Des outils, ressources et t\u00e9moignages<\/strong><\/p>\n\n\n\n<p style=\"font-size:15px\">Nous donnerons durant la soir\u00e9e des&nbsp;<strong>outils, pistes et ressources<\/strong>&nbsp;pour mieux conna\u00eetre et aimer les chauves-souris, pour favoriser leurs conditions de vie, en milieu urbain comme rural. Vous souhaitez t\u00e9moigner d\u2019initiatives \u00e0 l\u2019\u00e9gard des chauve-souris ? Nous serons heureux de vous entendre lors de l\u2019\u00e9change \u00e0 l\u2019issue du film.&nbsp;Des&nbsp;<strong>ressources (bibliographie, liens\u2026)<\/strong>&nbsp;seront \u00e9galement propos\u00e9es prochainement sur notre site internet.&nbsp;Nous vous invitons enfin \u00e0 nous faire part de vos t\u00e9moignages et exp\u00e9riences, que nous pourrons \u00e9ventuellement relayer sur notre site.&nbsp;<\/p>\n\n\n\n<p><\/p>\n\n\n\n<p><strong>&gt; <a href=\"https:\/\/shna-ofab.fr\/\">SHNA-OFAB<\/a> &#8211; Soci\u00e9t\u00e9 d&rsquo;histoire naturelle d&rsquo;Autun-Observatoire de la faune de Bourgogne.&nbsp;<\/strong><\/p>\n\n\n\n<p style=\"font-size:15px\">La soir\u00e9e est propos\u00e9e en partenariat avec la SHNA-OFAB. Vous pouvez d\u00e9couvrir leurs actions sur leur <a href=\"https:\/\/observatoire.shna-ofab.fr\/fr\/sos-chauves-souris_16.html\">site<\/a>.<\/p>\n\n\n\n<p><\/p>\n\n\n\n<p><strong>&gt; Le projet des Rendez-vous Cosmos en ligne est soutenu par la M\u00e9tropole de Lyon, dans le cadre du Plan d&rsquo;accompagnement \u00e0 la transition et \u00e0 la r\u00e9silience, avec pour fil rouge la th\u00e9matique de l&rsquo;engagement.<\/strong><\/p>\n\n\n\n<p>&gt; Voici le lien vers notre <strong>newsletter<\/strong>, que vous pouvez relayer \u00e0 vos proches et r\u00e9seau, ou \u00e0 un lieu associatif qui souhaiterait le retransmettre ! Nous pouvons \u00e9galement vous y inscrire sur simple demande \u00e0 <meta charset=\"utf-8\">cosmos.culture.ecologie ( arobase ) gmail.com  <\/p>\n\n\n\n<p><a rel=\"noreferrer noopener\" href=\"https:\/\/mailchi.mp\/9c437d429310\/rendez-vous-cosmos-chauve-souris-mon-amour\" target=\"_blank\">https:\/\/mailchi.mp\/9c437d429310\/rendez-vous-cosmos-chauve-souris-mon-amour<\/a><\/p>\n\n\n\n<p>&gt; <strong>Vous avez des questions ?<\/strong> Ecrivez-nous \u00e0 cosmos.culture.ecologie ( arobase ) gmail.com. Nous vous recontacterons tr\u00e8s rapidement.<\/p>\n","protected":false},"excerpt":{"rendered":"<p>Rendez-vous Cosmos &#8211; Film &amp; Rencontre Jeudi 3 f\u00e9vrier \u00e0 20h, en ligne La soir\u00e9e sera \u00e9galement retransmise en direct \u00e0 la Maison de l&rsquo;\u00e9cologie \u00e0 Lyon (rendez-vous d\u00e8s 19h30, entr\u00e9e libre, 4 rue Bodin, Lyon 1er).* Chauve-souris mon amour&nbsp;de Pauline Horovitz&nbsp;(doc, 2018, 52min) En pr\u00e9sence de Pauline Horovitz et de Samy Mezani (SHNA-OFAB &#8211; &hellip; <a href=\"https:\/\/cosmos-culture-ecologie.com\/?page_id=1570\" class=\"more-link\">Continuer la lecture<span class=\"screen-reader-text\"> de &laquo;&nbsp;Chauve-souris, mon amour&nbsp;&raquo;<\/span><\/a><\/p>\n","protected":false},"author":1,"featured_media":0,"parent":0,"menu_order":0,"comment_status":"closed","ping_status":"closed","template":"","meta":{"footnotes":""},"class_list":["post-1570","page","type-page","status-publish","hentry"],"_links":{"self":[{"href":"https:\/\/cosmos-culture-ecologie.com\/index.php?rest_route=\/wp\/v2\/pages\/1570","targetHints":{"allow":["GET"]}}],"collection":[{"href":"https:\/\/cosmos-culture-ecologie.com\/index.php?rest_route=\/wp\/v2\/pages"}],"about":[{"href":"https:\/\/cosmos-culture-ecologie.com\/index.php?rest_route=\/wp\/v2\/types\/page"}],"author":[{"embeddable":true,"href":"https:\/\/cosmos-culture-ecologie.com\/index.php?rest_route=\/wp\/v2\/users\/1"}],"replies":[{"embeddable":true,"href":"https:\/\/cosmos-culture-ecologie.com\/index.php?rest_route=%2Fwp%2Fv2%2Fcomments&post=1570"}],"version-history":[{"count":26,"href":"https:\/\/cosmos-culture-ecologie.com\/index.php?rest_route=\/wp\/v2\/pages\/1570\/revisions"}],"predecessor-version":[{"id":1636,"href":"https:\/\/cosmos-culture-ecologie.com\/index.php?rest_route=\/wp\/v2\/pages\/1570\/revisions\/1636"}],"wp:attachment":[{"href":"https:\/\/cosmos-culture-ecologie.com\/index.php?rest_route=%2Fwp%2Fv2%2Fmedia&parent=1570"}],"curies":[{"name":"wp","href":"https:\/\/api.w.org\/{rel}","templated":true}]}}