{"id":1421,"date":"2021-03-09T10:14:48","date_gmt":"2021-03-09T09:14:48","guid":{"rendered":"http:\/\/cosmos-culture-ecologie.com\/?page_id=1421"},"modified":"2023-11-17T15:37:35","modified_gmt":"2023-11-17T14:37:35","slug":"le-rhone-un-ecrin-de-vie-en-sursis","status":"publish","type":"page","link":"https:\/\/cosmos-culture-ecologie.com\/?page_id=1421","title":{"rendered":"Le Rh\u00f4ne, un \u00e9crin de vie en sursis"},"content":{"rendered":"\n<p class=\"has-text-align-center\" style=\"font-size:18px\"><strong>Le <a href=\"https:\/\/www.festivalfilmfneisere.org\/\">Festival du Film Nature &amp; Environnement Is\u00e8re<\/a> en tourn\u00e9e<\/strong><\/p>\n\n\n\n<p class=\"has-text-align-center\" style=\"font-size:17px\"><strong>Eau, biodiversit\u00e9 et \u00e9nergie : le Rh\u00f4ne, un fleuve vivant \u00e0 pr\u00e9server<\/strong><\/p>\n\n\n\n<p class=\"has-text-align-center\" style=\"font-size:17px\"><strong>Film &amp; Rencontre en ligne<\/strong><\/p>\n\n\n\n<p class=\"has-text-align-center\" style=\"font-size:17px\">Mercredi 31 mars \u00e0 20h&nbsp;<\/p>\n\n\n\n<p class=\"has-text-align-center\"><strong><em>Le Rh\u00f4ne, un \u00e9crin de vie en sursis<\/em> de Pascal Fayolle et Fran\u00e7ois Rousset<\/strong> (52min)<\/p>\n\n\n\n<p class=\"has-text-align-center\">En pr\u00e9sence du r\u00e9alisateur Pascal Fayolle,&nbsp;de Marie-Laure Ponnelle et Carole Gaber (<a href=\"https:\/\/www.fne-aura.org\/rhone\/\">FNE Rh\u00f4ne<\/a>), et de Sylvain Chirat (<a href=\"https:\/\/www.alec-lyon.org\/\">ALEC Lyon<\/a>), anim\u00e9e par Pauline De Boever (Cosmos &#8211; culture et \u00e9cologie)<\/p>\n\n\n\n<p class=\"has-small-font-size\"><strong>Une soir\u00e9e propos\u00e9e par France Nature Environnement Rh\u00f4ne (FNE),&nbsp;l\u2019ALEC Lyon et Cosmos &#8211; culture et \u00e9cologie, en partenariat avec la M\u00e9tropole de Lyon dans le cadre du Plan d\u2019\u00e9ducation au d\u00e9veloppement durable (PEDD) et la Journ\u00e9e mondiale de l&rsquo;eau 2021.&nbsp;<\/strong><\/p>\n\n\n\n<figure class=\"wp-block-image size-large\"><img decoding=\"async\" src=\"https:\/\/cosmos-culture-ecologie.com\/wp-content\/uploads\/2021\/03\/20190911V01_IMG_2820-1024x575.jpg\" alt=\"\" class=\"wp-image-1428\"\/><\/figure>\n\n\n\n<p>Une soir\u00e9e propos\u00e9e en \u00e9cho au Festival du film Nature &amp; Environnement Is\u00e8re et \u00e0 la Journ\u00e9e Mondiale de l&rsquo;eau. <\/p>\n\n\n\n<p><strong>Le Rh\u00f4ne, un \u00e9crin de vie en sursis <\/strong>de Pascal Fayolle et Fran\u00e7ois Rousset&nbsp;(documentaire, France, 2020, 52min, couleur)<\/p>\n\n\n\n<p style=\"font-size:14px\">On le c\u00f4toie parfois chaque jour, mais le connaissons-nous ? Voyage \u00e0 la rencontre du Rh\u00f4ne, le plus puissant des fleuves fran\u00e7ais, depuis sa source en Suisse, jusqu\u2019\u00e0 son embouchure sur la mer M\u00e9diterran\u00e9e, aux c\u00f4t\u00e9s d\u2019hommes et de femmes qui \u0153uvrent \u00e0 sa protection et \u00e0 sa restauration. Avec ses affluents, son r\u00e9seau s\u2019\u00e9tend sur pr\u00e8s d\u2019un quart du territoire fran\u00e7ais, et repr\u00e9sente une zone de forts contrastes climatiques et g\u00e9ologiques. Cette diversit\u00e9 offre au Rh\u00f4ne un patrimoine naturel d\u2019une richesse unique mais qui subit de fortes pressions.<\/p>\n\n\n\n<p style=\"font-size:14px\">Le documentaire part \u00e0 la d\u00e9couverte de paysages superbes, parfois m\u00e9connus, fa\u00e7onn\u00e9s par le Rh\u00f4ne, et \u00e0 la rencontre d\u2019une biodiversit\u00e9 riche et vuln\u00e9rable. Comment pr\u00e9server le fleuve, cet \u00eatre vivant, source consid\u00e9rable de vie et d\u2019\u00e9nergie ? En s\u2019inspirant des m\u00e9canisme naturels, les r\u00e9sultats des exp\u00e9rimentations de renaturation repr\u00e9sentent un espoir consid\u00e9rable pour son avenir.<\/p>\n\n\n\n<p style=\"font-size:12px\"><strong><em>Le film sera pr\u00e9sent\u00e9 et suivi d\u2019une rencontre avec les invit\u00e9s.&nbsp;<\/em><\/strong><\/p>\n\n\n\n<figure class=\"wp-block-image size-large\"><img decoding=\"async\" src=\"https:\/\/cosmos-culture-ecologie.com\/wp-content\/uploads\/2021\/03\/20191112B01_AFE00007-1024x684.jpg\" alt=\"\" class=\"wp-image-1431\"\/><\/figure>\n\n\n\n<p><strong>&gt; Comment participer \u00e0 la soir\u00e9e ?&nbsp;<\/strong><\/p>\n\n\n\n<p style=\"font-size:14px\">La participation \u00e0 cette soir\u00e9e est gratuite, sur inscription \u00e0 cette adresse : https:\/\/www.helloasso.com\/associations\/fne-rhone\/evenements\/eau-biodiversite-et-paysages-le-rhone-un-patrimoine-vivant-a-preserver-film<em>.<\/em><\/p>\n\n\n\n<p style=\"font-size:14px\">Il vous sera ensuite envoy\u00e9 un lien auquel vous pourrez vous connecter mercredi 31 mars \u00e0 20h pour notre soir\u00e9e en ligne. Le film sera pr\u00e9sent\u00e9, diffus\u00e9, et suivi d\u2019une rencontre, sur ce m\u00eame lien.&nbsp;<\/p>\n\n\n\n<p style=\"font-size:14px\">Pour un visionnement du film plus \u00e9conome en \u00e9nergie, il vous sera \u00e9galement propos\u00e9 un lien Vimeo sur lequel vous pourrez visionner le film \u00e0 la m\u00eame heure. Le lien Vimeo permet \u00e9galement un meilleur visionnement en cas de connexion internet al\u00e9atoire.<\/p>\n\n\n\n<p style=\"font-size:14px\">Pour ceux qui n\u2019auraient pas la possibilit\u00e9 de visionner le film le soir-m\u00eame, nous pouvons envoyer un lien de visionnement priv\u00e9, valable l\u2019apr\u00e8s-midi du 31 mars.<\/p>\n\n\n\n<p><strong>&gt; Les invit\u00e9s<\/strong><\/p>\n\n\n\n<p style=\"font-size:14px\"><strong>Pascal Fayolle<\/strong>, cor\u00e9alisateur du film avec Fran\u00e7ois Rousset, a \u00e9t\u00e9 notamment monteur du film <em>Fr\u00e8res des arbres<\/em> de Marc Dozier et Luc Marescot, film multiprim\u00e9, \u00e9galement produit par Lato Sensu.<\/p>\n\n\n\n<p style=\"font-size:14px\"><strong>Marie-Laure Ponnelle<\/strong> est \u00e9ducatrice \u00e0 l&rsquo;environnement \u00e0 FNE Rh\u00f4ne depuis une dizaine d&rsquo;ann\u00e9es. Des animations autour de milieux tels que les mares, les rivi\u00e8res et les fleuves sont r\u00e9guli\u00e8rement propos\u00e9es, avec l&rsquo;utilisation d\u2019outils issus du classeur p\u00e9dagogique \u00ab&nbsp;La Rivi\u00e8re m&rsquo;a Dit&nbsp;\u00bb cr\u00e9\u00e9 par la FRAPNA.<\/p>\n\n\n\n<p style=\"font-size:14px\"><strong>Carole Gaber<\/strong> est charg\u00e9e de mission \u00e0 FNE Rh\u00f4ne sur la th\u00e9matique eau zone humide et Nature en ville.&nbsp;<\/p>\n\n\n\n<p style=\"font-size:14px\"><strong>Sylvain Chirat<\/strong>, \u00e0 l&rsquo;ALEC Lyon depuis sa cr\u00e9ation en 2001, est en charge de l\u2019\u00e9v\u00e8nementiel. Il s\u2019int\u00e9resse particuli\u00e8rement aux th\u00e8mes du changement climatique, de la transition \u00e9cologique et des alternatives. Il mettra en avant diff\u00e9rents moyens de r\u00e9duire sa consommation d&rsquo;eau potable.<\/p>\n\n\n\n<p style=\"font-size:15px\"><strong>&gt; Une soir\u00e9e propos\u00e9e en \u00e9cho au <a href=\"https:\/\/www.festivalfilmfneisere.org\/\">Festival du Film Nature &amp; Environnement Is\u00e8re &#8211; FIFNE<\/a> o\u00f9 le film a \u00e9t\u00e9 s\u00e9lectionn\u00e9 et \u00e0 la journ\u00e9e de l\u2019eau.&nbsp;<\/strong>Retrouvez le programme des animations propos\u00e9es par FNE Rh\u00f4ne dans le cadre de la journ\u00e9e de l\u2019eau sur <a href=\"http:\/\/www.fne-aura.org\/rhone\/\">www.fne-aura.org\/rhone\/<\/a>.&nbsp;<\/p>\n\n\n\n<p style=\"font-size:14px\">> Remerciements \u00e0 <strong><a href=\"https:\/\/www.latosensu.tv\/rhone\/\">Lato Sensu Productions<\/a><\/strong>, maison de production lyonnaise de films documentaires.<\/p>\n\n\n\n<p><strong>Avec le soutien de la M\u00e9tropole de Lyon<\/strong><\/p>\n","protected":false},"excerpt":{"rendered":"<p>Le Festival du Film Nature &amp; Environnement Is\u00e8re en tourn\u00e9e Eau, biodiversit\u00e9 et \u00e9nergie : le Rh\u00f4ne, un fleuve vivant \u00e0 pr\u00e9server Film &amp; Rencontre en ligne Mercredi 31 mars \u00e0 20h&nbsp; Le Rh\u00f4ne, un \u00e9crin de vie en sursis de Pascal Fayolle et Fran\u00e7ois Rousset (52min) En pr\u00e9sence du r\u00e9alisateur Pascal Fayolle,&nbsp;de Marie-Laure Ponnelle &hellip; <a href=\"https:\/\/cosmos-culture-ecologie.com\/?page_id=1421\" class=\"more-link\">Continuer la lecture<span class=\"screen-reader-text\"> de &laquo;&nbsp;Le Rh\u00f4ne, un \u00e9crin de vie en sursis&nbsp;&raquo;<\/span><\/a><\/p>\n","protected":false},"author":1,"featured_media":0,"parent":0,"menu_order":0,"comment_status":"closed","ping_status":"closed","template":"","meta":{"footnotes":""},"class_list":["post-1421","page","type-page","status-publish","hentry"],"_links":{"self":[{"href":"https:\/\/cosmos-culture-ecologie.com\/index.php?rest_route=\/wp\/v2\/pages\/1421","targetHints":{"allow":["GET"]}}],"collection":[{"href":"https:\/\/cosmos-culture-ecologie.com\/index.php?rest_route=\/wp\/v2\/pages"}],"about":[{"href":"https:\/\/cosmos-culture-ecologie.com\/index.php?rest_route=\/wp\/v2\/types\/page"}],"author":[{"embeddable":true,"href":"https:\/\/cosmos-culture-ecologie.com\/index.php?rest_route=\/wp\/v2\/users\/1"}],"replies":[{"embeddable":true,"href":"https:\/\/cosmos-culture-ecologie.com\/index.php?rest_route=%2Fwp%2Fv2%2Fcomments&post=1421"}],"version-history":[{"count":12,"href":"https:\/\/cosmos-culture-ecologie.com\/index.php?rest_route=\/wp\/v2\/pages\/1421\/revisions"}],"predecessor-version":[{"id":2666,"href":"https:\/\/cosmos-culture-ecologie.com\/index.php?rest_route=\/wp\/v2\/pages\/1421\/revisions\/2666"}],"wp:attachment":[{"href":"https:\/\/cosmos-culture-ecologie.com\/index.php?rest_route=%2Fwp%2Fv2%2Fmedia&parent=1421"}],"curies":[{"name":"wp","href":"https:\/\/api.w.org\/{rel}","templated":true}]}}